{"id":10185,"date":"2026-05-08T15:14:42","date_gmt":"2026-05-08T13:14:42","guid":{"rendered":"https:\/\/toppenafdanmark.dk\/?page_id=10185"},"modified":"2026-05-08T15:42:13","modified_gmt":"2026-05-08T13:42:13","slug":"skagen-bamsemuseum","status":"publish","type":"page","link":"https:\/\/toppenafdanmark.dk\/de\/skagen-bamsemuseum\/","title":{"rendered":"Skagen Bamsemuseum"},"content":{"rendered":"<div data-elementor-type=\"wp-page\" data-elementor-id=\"10185\" class=\"elementor elementor-10185\" data-elementor-post-type=\"page\">\n\t\t\t\t<div class=\"elementor-element elementor-element-38eb7670 e-con-full e-flex e-con e-parent\" data-id=\"38eb7670\" data-element_type=\"container\" data-e-type=\"container\" data-settings=\"{&quot;background_background&quot;:&quot;classic&quot;}\">\n\t\t<div class=\"elementor-element elementor-element-5bca2f31 e-con-full elementor-hidden-mobile e-flex e-con e-child\" data-id=\"5bca2f31\" data-element_type=\"container\" data-e-type=\"container\" data-settings=\"{&quot;background_background&quot;:&quot;classic&quot;}\">\n\t\t\t\t<\/div>\n\t\t<div class=\"elementor-element elementor-element-a7eb608 e-con-full e-flex e-con e-child\" data-id=\"a7eb608\" data-element_type=\"container\" data-e-type=\"container\" data-settings=\"{&quot;background_background&quot;:&quot;classic&quot;}\">\n\t\t\t\t<\/div>\n\t\t<div class=\"elementor-element elementor-element-76d8581a e-con-full elementor-hidden-mobile e-flex e-con e-child\" data-id=\"76d8581a\" data-element_type=\"container\" data-e-type=\"container\" data-settings=\"{&quot;background_background&quot;:&quot;classic&quot;}\">\n\t\t\t\t<\/div>\n\t\t\t\t<\/div>\n\t\t\t\t<section class=\"elementor-section elementor-top-section elementor-element elementor-element-202e9a18 elementor-section-boxed elementor-section-height-default elementor-section-height-default\" data-id=\"202e9a18\" data-element_type=\"section\" data-e-type=\"section\">\n\t\t\t\t\t\t<div class=\"elementor-container elementor-column-gap-no\">\n\t\t\t\t\t<div class=\"elementor-column elementor-col-100 elementor-top-column elementor-element elementor-element-544cccae\" data-id=\"544cccae\" data-element_type=\"column\" data-e-type=\"column\">\n\t\t\t<div class=\"elementor-widget-wrap elementor-element-populated\">\n\t\t\t\t\t\t<div class=\"elementor-element elementor-element-150495d elementor-widget elementor-widget-heading\" data-id=\"150495d\" data-element_type=\"widget\" data-e-type=\"widget\" data-widget_type=\"heading.default\">\n\t\t\t\t<div class=\"elementor-widget-container\">\n\t\t\t\t\t<h2 class=\"elementor-heading-title elementor-size-default\">Skagen Bamsemuseum<\/h2>\t\t\t\t<\/div>\n\t\t\t\t<\/div>\n\t\t\t\t<div class=\"elementor-element elementor-element-205f6961 elementor-widget-divider--view-line elementor-widget elementor-widget-divider\" data-id=\"205f6961\" data-element_type=\"widget\" data-e-type=\"widget\" data-widget_type=\"divider.default\">\n\t\t\t\t<div class=\"elementor-widget-container\">\n\t\t\t\t\t\t\t<div class=\"elementor-divider\">\n\t\t\t<span class=\"elementor-divider-separator\">\n\t\t\t\t\t\t<\/span>\n\t\t<\/div>\n\t\t\t\t\t\t<\/div>\n\t\t\t\t<\/div>\n\t\t\t\t<div class=\"elementor-element elementor-element-27185ef6 elementor-widget elementor-widget-text-editor\" data-id=\"27185ef6\" data-element_type=\"widget\" data-e-type=\"widget\" data-widget_type=\"text-editor.default\">\n\t\t\t\t<div class=\"elementor-widget-container\">\n\t\t\t\t\t\t\t\t\t<h4>Et magisk museum for b\u00f8rn og voksne i hjertet af Skagen<\/h4><p>Velkommen til Skagens hyggeligste og mest eventyrlige oplevelse. Hos Skagen Bamsemuseum tr\u00e6der du ind i en fantasifuld verden fyldt med bamser, kreativitet, kunst og varme minder. Midt i den \u00a0charmerende bydel \u00d8sterby finder du et museum, hvor b\u00e5de b\u00f8rn og voksne kan g\u00e5 p\u00e5 opdagelse blandt sjove udstillinger, historiske bamser og finurlige fort\u00e6llinger.<\/p><p>Museet er meget mere end et traditionelt museum. Her m\u00f8der du bamser i alle st\u00f8rrelser og former, sm\u00e5 kunstv\u00e6rker, hyggelige milj\u00f8er og en stemning, der f\u00e5r skuldrene til at s\u00e6nke sig. Skagen Bamsemuseum er en oplevelse for hele familien \u2013 og et sted mange g\u00e6ster vender tilbage til \u00e5r efter \u00e5r.<\/p><h4>En unik oplevelse i Skagen<\/h4><p>N\u00e5r du bes\u00f8ger Bamsemuseet i Skagen, bliver du m\u00f8dt af en verden fuld af detaljer, humor og fantasi. Bamserne lever deres egne sm\u00e5 liv rundt omkring i huset, hvor de blandt andet optr\u00e6der i kreative tableauer inspireret af Skagen, kunst og dansk kulturhistorie.<\/p><p>Museet kombinerer nostalgi, leg og kunst p\u00e5 en m\u00e5de, som g\u00f8r bes\u00f8get til noget helt s\u00e6rligt. Mange voksne genoplever barndomsminder, mens b\u00f8rnene fascineres af de mange sp\u00e6ndende figurer og fort\u00e6llinger.<\/p><h4>Bamser, kunst og hyggelige oplevelser<\/h4><p>Skagen Bamsemuseum er ogs\u00e5 kendt for sine kreative aktiviteter, sm\u00e5 events og kunstneriske udstillinger. Her finder du b\u00e5de gamle antikke bamser og moderne bamsekunst skabt af kunstnere med k\u00e6rlighed til fantasi og fort\u00e6lling.<\/p><p>Den hyggelige atmosf\u00e6re g\u00f8r museet til et oplagt stop p\u00e5 en ferie i Skagen \u2013 uanset om du bes\u00f8ger byen som familie, par eller bedstefor\u00e6ldre med b\u00f8rneb\u00f8rn.<\/p>\t\t\t\t\t\t\t\t<\/div>\n\t\t\t\t<\/div>\n\t\t\t\t<section class=\"elementor-section elementor-inner-section elementor-element elementor-element-79989923 elementor-section-boxed elementor-section-height-default elementor-section-height-default\" data-id=\"79989923\" data-element_type=\"section\" data-e-type=\"section\">\n\t\t\t\t\t\t<div class=\"elementor-container elementor-column-gap-no\">\n\t\t\t\t\t<div class=\"elementor-column elementor-col-50 elementor-inner-column elementor-element elementor-element-e080bdc\" data-id=\"e080bdc\" data-element_type=\"column\" data-e-type=\"column\">\n\t\t\t<div class=\"elementor-widget-wrap elementor-element-populated\">\n\t\t\t\t\t\t<div class=\"elementor-element elementor-element-2648e0cc elementor-widget elementor-widget-image\" data-id=\"2648e0cc\" data-element_type=\"widget\" data-e-type=\"widget\" data-widget_type=\"image.default\">\n\t\t\t\t<div class=\"elementor-widget-container\">\n\t\t\t\t\t\t\t\t\t\t\t\t\t\t\t<img fetchpriority=\"high\" decoding=\"async\" data-attachment-id=\"10187\" data-permalink=\"https:\/\/toppenafdanmark.dk\/de\/skagen-bamsemuseum\/bamsemuseet-2-1024x1024\/\" data-orig-file=\"https:\/\/i0.wp.com\/toppenafdanmark.dk\/wp-content\/uploads\/2026\/05\/Bamsemuseet-2-1024x1024-1.webp?fit=1024%2C1024&amp;ssl=1\" data-orig-size=\"1024,1024\" data-comments-opened=\"0\" data-image-meta=\"{&quot;aperture&quot;:&quot;0&quot;,&quot;credit&quot;:&quot;&quot;,&quot;camera&quot;:&quot;&quot;,&quot;caption&quot;:&quot;&quot;,&quot;created_timestamp&quot;:&quot;0&quot;,&quot;copyright&quot;:&quot;&quot;,&quot;focal_length&quot;:&quot;0&quot;,&quot;iso&quot;:&quot;0&quot;,&quot;shutter_speed&quot;:&quot;0&quot;,&quot;title&quot;:&quot;&quot;,&quot;orientation&quot;:&quot;0&quot;}\" data-image-title=\"Bamsemuseet 2 1024&amp;#215;1024\" data-image-description=\"\" data-image-caption=\"\" data-large-file=\"https:\/\/i0.wp.com\/toppenafdanmark.dk\/wp-content\/uploads\/2026\/05\/Bamsemuseet-2-1024x1024-1.webp?fit=800%2C800&amp;ssl=1\" width=\"800\" height=\"800\" src=\"https:\/\/i0.wp.com\/toppenafdanmark.dk\/wp-content\/uploads\/2026\/05\/Bamsemuseet-2-1024x1024-1.webp?fit=800%2C800&amp;ssl=1\" class=\"attachment-large size-large wp-image-10187\" alt=\"\" srcset=\"https:\/\/i0.wp.com\/toppenafdanmark.dk\/wp-content\/uploads\/2026\/05\/Bamsemuseet-2-1024x1024-1.webp?w=1024&amp;ssl=1 1024w, https:\/\/i0.wp.com\/toppenafdanmark.dk\/wp-content\/uploads\/2026\/05\/Bamsemuseet-2-1024x1024-1.webp?resize=300%2C300&amp;ssl=1 300w, https:\/\/i0.wp.com\/toppenafdanmark.dk\/wp-content\/uploads\/2026\/05\/Bamsemuseet-2-1024x1024-1.webp?resize=150%2C150&amp;ssl=1 150w, https:\/\/i0.wp.com\/toppenafdanmark.dk\/wp-content\/uploads\/2026\/05\/Bamsemuseet-2-1024x1024-1.webp?resize=768%2C768&amp;ssl=1 768w, https:\/\/i0.wp.com\/toppenafdanmark.dk\/wp-content\/uploads\/2026\/05\/Bamsemuseet-2-1024x1024-1.webp?resize=12%2C12&amp;ssl=1 12w\" sizes=\"(max-width: 800px) 100vw, 800px\" \/>\t\t\t\t\t\t\t\t\t\t\t\t\t\t\t<\/div>\n\t\t\t\t<\/div>\n\t\t\t\t\t<\/div>\n\t\t<\/div>\n\t\t\t\t<div class=\"elementor-column elementor-col-50 elementor-inner-column elementor-element elementor-element-79782068\" data-id=\"79782068\" data-element_type=\"column\" data-e-type=\"column\">\n\t\t\t<div class=\"elementor-widget-wrap elementor-element-populated\">\n\t\t\t\t\t\t<div class=\"elementor-element elementor-element-bdde5b7 elementor-widget elementor-widget-image\" data-id=\"bdde5b7\" data-element_type=\"widget\" data-e-type=\"widget\" data-widget_type=\"image.default\">\n\t\t\t\t<div class=\"elementor-widget-container\">\n\t\t\t\t\t\t\t\t\t\t\t\t\t\t\t<img decoding=\"async\" data-attachment-id=\"10189\" data-permalink=\"https:\/\/toppenafdanmark.dk\/de\/skagen-bamsemuseum\/bamsemuseet-4-1024x1024\/\" data-orig-file=\"https:\/\/i0.wp.com\/toppenafdanmark.dk\/wp-content\/uploads\/2026\/05\/Bamsemuseet-4-1024x1024-1.webp?fit=1024%2C1024&amp;ssl=1\" data-orig-size=\"1024,1024\" data-comments-opened=\"0\" data-image-meta=\"{&quot;aperture&quot;:&quot;0&quot;,&quot;credit&quot;:&quot;&quot;,&quot;camera&quot;:&quot;&quot;,&quot;caption&quot;:&quot;&quot;,&quot;created_timestamp&quot;:&quot;0&quot;,&quot;copyright&quot;:&quot;&quot;,&quot;focal_length&quot;:&quot;0&quot;,&quot;iso&quot;:&quot;0&quot;,&quot;shutter_speed&quot;:&quot;0&quot;,&quot;title&quot;:&quot;&quot;,&quot;orientation&quot;:&quot;0&quot;}\" data-image-title=\"Bamsemuseet 4 1024&amp;#215;1024\" data-image-description=\"\" data-image-caption=\"\" data-large-file=\"https:\/\/i0.wp.com\/toppenafdanmark.dk\/wp-content\/uploads\/2026\/05\/Bamsemuseet-4-1024x1024-1.webp?fit=800%2C800&amp;ssl=1\" width=\"800\" height=\"800\" src=\"https:\/\/i0.wp.com\/toppenafdanmark.dk\/wp-content\/uploads\/2026\/05\/Bamsemuseet-4-1024x1024-1.webp?fit=800%2C800&amp;ssl=1\" class=\"attachment-large size-large wp-image-10189\" alt=\"\" srcset=\"https:\/\/i0.wp.com\/toppenafdanmark.dk\/wp-content\/uploads\/2026\/05\/Bamsemuseet-4-1024x1024-1.webp?w=1024&amp;ssl=1 1024w, https:\/\/i0.wp.com\/toppenafdanmark.dk\/wp-content\/uploads\/2026\/05\/Bamsemuseet-4-1024x1024-1.webp?resize=300%2C300&amp;ssl=1 300w, https:\/\/i0.wp.com\/toppenafdanmark.dk\/wp-content\/uploads\/2026\/05\/Bamsemuseet-4-1024x1024-1.webp?resize=150%2C150&amp;ssl=1 150w, https:\/\/i0.wp.com\/toppenafdanmark.dk\/wp-content\/uploads\/2026\/05\/Bamsemuseet-4-1024x1024-1.webp?resize=768%2C768&amp;ssl=1 768w, https:\/\/i0.wp.com\/toppenafdanmark.dk\/wp-content\/uploads\/2026\/05\/Bamsemuseet-4-1024x1024-1.webp?resize=12%2C12&amp;ssl=1 12w\" sizes=\"(max-width: 800px) 100vw, 800px\" \/>\t\t\t\t\t\t\t\t\t\t\t\t\t\t\t<\/div>\n\t\t\t\t<\/div>\n\t\t\t\t\t<\/div>\n\t\t<\/div>\n\t\t\t\t\t<\/div>\n\t\t<\/section>\n\t\t\t\t<div class=\"elementor-element elementor-element-364683fa elementor-widget elementor-widget-text-editor\" data-id=\"364683fa\" data-element_type=\"widget\" data-e-type=\"widget\" data-widget_type=\"text-editor.default\">\n\t\t\t\t<div class=\"elementor-widget-container\">\n\t\t\t\t\t\t\t\t\t<h4>Bes\u00f8g Iscaf\u00e9en ved Bamsemuseet<\/h4><p>Lige ved siden af museet finder du den popul\u00e6re Iscaf\u00e9en i Skagen. Efter en tur blandt bamserne kan du nyde en pause i caf\u00e9ens hyggelige g\u00e5rdhave med kaffe, l\u00e6kkert sm\u00f8rrebr\u00f8d, hjemmebagte kager, italiensk is, softice og lette frokostretter.<\/p><p>Iscaf\u00e9en er blevet et popul\u00e6rt samlingssted for b\u00e5de lokale og turister, som \u00f8nsker \u00e6gte Skagen-stemning i rolige omgivelser. Her kan du slappe af under roserne i g\u00e5rdhaven og nyde sommerstemningen t\u00e6t p\u00e5 Mindest\u00f8tten og Skagens mange sev\u00e6rdigheder.<\/p>\t\t\t\t\t\t\t\t<\/div>\n\t\t\t\t<\/div>\n\t\t\t\t<div class=\"elementor-element elementor-element-56705ae6 elementor-widget-divider--view-line elementor-widget elementor-widget-divider\" data-id=\"56705ae6\" data-element_type=\"widget\" data-e-type=\"widget\" data-widget_type=\"divider.default\">\n\t\t\t\t<div class=\"elementor-widget-container\">\n\t\t\t\t\t\t\t<div class=\"elementor-divider\">\n\t\t\t<span class=\"elementor-divider-separator\">\n\t\t\t\t\t\t<\/span>\n\t\t<\/div>\n\t\t\t\t\t\t<\/div>\n\t\t\t\t<\/div>\n\t\t\t\t<div class=\"elementor-element elementor-element-61d0efb3 elementor-widget elementor-widget-text-editor\" data-id=\"61d0efb3\" data-element_type=\"widget\" data-e-type=\"widget\" data-widget_type=\"text-editor.default\">\n\t\t\t\t<div class=\"elementor-widget-container\">\n\t\t\t\t\t\t\t\t\t<p>Skagen Bamsemuseum | <a href=\"https:\/\/www.facebook.com\/IscafeenSkagen\" target=\"_blank\" rel=\"noopener\">Iscaf\u00e9en<\/a> | Oddevej 2A | 9990 Skagen | +45 98 44 21 08 | <a href=\"https:\/\/skagensbamsemuseum.dk\/\" target=\"_blank\" rel=\"noopener\">skagensbamsemuseum.dk<\/a><\/p>\t\t\t\t\t\t\t\t<\/div>\n\t\t\t\t<\/div>\n\t\t\t\t\t<\/div>\n\t\t<\/div>\n\t\t\t\t\t<\/div>\n\t\t<\/section>\n\t\t<div class=\"elementor-element elementor-element-bb94843 e-flex e-con-boxed e-con e-parent\" data-id=\"bb94843\" data-element_type=\"container\" data-e-type=\"container\">\n\t\t\t\t\t<div class=\"e-con-inner\">\n\t\t\t\t<div class=\"elementor-element elementor-element-6b9dd56e elementor-widget elementor-widget-gallery\" data-id=\"6b9dd56e\" data-element_type=\"widget\" data-e-type=\"widget\" data-settings=\"{&quot;gallery_layout&quot;:&quot;masonry&quot;,&quot;lazyload&quot;:&quot;yes&quot;,&quot;columns&quot;:4,&quot;columns_tablet&quot;:2,&quot;columns_mobile&quot;:1,&quot;gap&quot;:{&quot;unit&quot;:&quot;px&quot;,&quot;size&quot;:10,&quot;sizes&quot;:[]},&quot;gap_tablet&quot;:{&quot;unit&quot;:&quot;px&quot;,&quot;size&quot;:10,&quot;sizes&quot;:[]},&quot;gap_mobile&quot;:{&quot;unit&quot;:&quot;px&quot;,&quot;size&quot;:10,&quot;sizes&quot;:[]},&quot;link_to&quot;:&quot;file&quot;,&quot;overlay_background&quot;:&quot;yes&quot;,&quot;content_hover_animation&quot;:&quot;fade-in&quot;}\" data-widget_type=\"gallery.default\">\n\t\t\t\t<div class=\"elementor-widget-container\">\n\t\t\t\t\t\t\t<div class=\"elementor-gallery__container\">\n\t\t\t\t\t\t\t<a class=\"e-gallery-item elementor-gallery-item elementor-animated-content\" href=\"https:\/\/i0.wp.com\/toppenafdanmark.dk\/wp-content\/uploads\/2026\/05\/Bamsemuseet-13-300x300-1.webp?fit=300%2C300&#038;ssl=1\" data-elementor-open-lightbox=\"yes\" data-elementor-lightbox-slideshow=\"6b9dd56e\" data-elementor-lightbox-title=\"Bamsemuseet 13 300x300\" data-e-action-hash=\"#elementor-action%3Aaction%3Dlightbox%26settings%3DeyJpZCI6MTAxOTgsInVybCI6Imh0dHBzOlwvXC90b3BwZW5hZmRhbm1hcmsuZGtcL3dwLWNvbnRlbnRcL3VwbG9hZHNcLzIwMjZcLzA1XC9CYW1zZW11c2VldC0xMy0zMDB4MzAwLTEud2VicCIsInNsaWRlc2hvdyI6IjZiOWRkNTZlIn0%3D\">\n\t\t\t\t\t<div class=\"e-gallery-image elementor-gallery-item__image\" data-thumbnail=\"https:\/\/i0.wp.com\/toppenafdanmark.dk\/wp-content\/uploads\/2026\/05\/Bamsemuseet-13-300x300-1.webp?fit=300%2C300&amp;ssl=1\" data-width=\"300\" data-height=\"300\" aria-label=\"\" role=\"img\" ><\/div>\n\t\t\t\t\t\t\t\t\t\t\t<div class=\"elementor-gallery-item__overlay\"><\/div>\n\t\t\t\t\t\t\t\t\t\t\t\t\t\t<\/a>\n\t\t\t\t\t\t\t<a class=\"e-gallery-item elementor-gallery-item elementor-animated-content\" href=\"https:\/\/i0.wp.com\/toppenafdanmark.dk\/wp-content\/uploads\/2026\/05\/Bamsemuseet-12-300x300-1.webp?fit=300%2C299&#038;ssl=1\" data-elementor-open-lightbox=\"yes\" data-elementor-lightbox-slideshow=\"6b9dd56e\" data-elementor-lightbox-title=\"Bamsemuseet 12 300x300\" data-e-action-hash=\"#elementor-action%3Aaction%3Dlightbox%26settings%3DeyJpZCI6MTAxOTcsInVybCI6Imh0dHBzOlwvXC90b3BwZW5hZmRhbm1hcmsuZGtcL3dwLWNvbnRlbnRcL3VwbG9hZHNcLzIwMjZcLzA1XC9CYW1zZW11c2VldC0xMi0zMDB4MzAwLTEud2VicCIsInNsaWRlc2hvdyI6IjZiOWRkNTZlIn0%3D\">\n\t\t\t\t\t<div class=\"e-gallery-image elementor-gallery-item__image\" data-thumbnail=\"https:\/\/i0.wp.com\/toppenafdanmark.dk\/wp-content\/uploads\/2026\/05\/Bamsemuseet-12-300x300-1.webp?fit=300%2C299&amp;ssl=1\" data-width=\"300\" data-height=\"299\" aria-label=\"\" role=\"img\" ><\/div>\n\t\t\t\t\t\t\t\t\t\t\t<div class=\"elementor-gallery-item__overlay\"><\/div>\n\t\t\t\t\t\t\t\t\t\t\t\t\t\t<\/a>\n\t\t\t\t\t\t\t<a class=\"e-gallery-item elementor-gallery-item elementor-animated-content\" href=\"https:\/\/i0.wp.com\/toppenafdanmark.dk\/wp-content\/uploads\/2026\/05\/Bamsemuseet-11-300x300-1.webp?fit=300%2C300&#038;ssl=1\" data-elementor-open-lightbox=\"yes\" data-elementor-lightbox-slideshow=\"6b9dd56e\" data-elementor-lightbox-title=\"Bamsemuseet 11 300x300\" data-e-action-hash=\"#elementor-action%3Aaction%3Dlightbox%26settings%3DeyJpZCI6MTAxOTYsInVybCI6Imh0dHBzOlwvXC90b3BwZW5hZmRhbm1hcmsuZGtcL3dwLWNvbnRlbnRcL3VwbG9hZHNcLzIwMjZcLzA1XC9CYW1zZW11c2VldC0xMS0zMDB4MzAwLTEud2VicCIsInNsaWRlc2hvdyI6IjZiOWRkNTZlIn0%3D\">\n\t\t\t\t\t<div class=\"e-gallery-image elementor-gallery-item__image\" data-thumbnail=\"https:\/\/i0.wp.com\/toppenafdanmark.dk\/wp-content\/uploads\/2026\/05\/Bamsemuseet-11-300x300-1.webp?fit=300%2C300&amp;ssl=1\" data-width=\"300\" data-height=\"300\" aria-label=\"\" role=\"img\" ><\/div>\n\t\t\t\t\t\t\t\t\t\t\t<div class=\"elementor-gallery-item__overlay\"><\/div>\n\t\t\t\t\t\t\t\t\t\t\t\t\t\t<\/a>\n\t\t\t\t\t\t\t<a class=\"e-gallery-item elementor-gallery-item elementor-animated-content\" href=\"https:\/\/i0.wp.com\/toppenafdanmark.dk\/wp-content\/uploads\/2026\/05\/Bamsemuseet-10-300x300-1.webp?fit=300%2C300&#038;ssl=1\" data-elementor-open-lightbox=\"yes\" data-elementor-lightbox-slideshow=\"6b9dd56e\" data-elementor-lightbox-title=\"Bamsemuseet 10 300x300\" data-e-action-hash=\"#elementor-action%3Aaction%3Dlightbox%26settings%3DeyJpZCI6MTAxOTUsInVybCI6Imh0dHBzOlwvXC90b3BwZW5hZmRhbm1hcmsuZGtcL3dwLWNvbnRlbnRcL3VwbG9hZHNcLzIwMjZcLzA1XC9CYW1zZW11c2VldC0xMC0zMDB4MzAwLTEud2VicCIsInNsaWRlc2hvdyI6IjZiOWRkNTZlIn0%3D\">\n\t\t\t\t\t<div class=\"e-gallery-image elementor-gallery-item__image\" data-thumbnail=\"https:\/\/i0.wp.com\/toppenafdanmark.dk\/wp-content\/uploads\/2026\/05\/Bamsemuseet-10-300x300-1.webp?fit=300%2C300&amp;ssl=1\" data-width=\"300\" data-height=\"300\" aria-label=\"\" role=\"img\" ><\/div>\n\t\t\t\t\t\t\t\t\t\t\t<div class=\"elementor-gallery-item__overlay\"><\/div>\n\t\t\t\t\t\t\t\t\t\t\t\t\t\t<\/a>\n\t\t\t\t\t\t\t<a class=\"e-gallery-item elementor-gallery-item elementor-animated-content\" href=\"https:\/\/i0.wp.com\/toppenafdanmark.dk\/wp-content\/uploads\/2026\/05\/Bamsemuseet-9-300x300-1.webp?fit=300%2C300&#038;ssl=1\" data-elementor-open-lightbox=\"yes\" data-elementor-lightbox-slideshow=\"6b9dd56e\" data-elementor-lightbox-title=\"Bamsemuseet 9 300x300\" data-e-action-hash=\"#elementor-action%3Aaction%3Dlightbox%26settings%3DeyJpZCI6MTAxOTQsInVybCI6Imh0dHBzOlwvXC90b3BwZW5hZmRhbm1hcmsuZGtcL3dwLWNvbnRlbnRcL3VwbG9hZHNcLzIwMjZcLzA1XC9CYW1zZW11c2VldC05LTMwMHgzMDAtMS53ZWJwIiwic2xpZGVzaG93IjoiNmI5ZGQ1NmUifQ%3D%3D\">\n\t\t\t\t\t<div class=\"e-gallery-image elementor-gallery-item__image\" data-thumbnail=\"https:\/\/i0.wp.com\/toppenafdanmark.dk\/wp-content\/uploads\/2026\/05\/Bamsemuseet-9-300x300-1.webp?fit=300%2C300&amp;ssl=1\" data-width=\"300\" data-height=\"300\" aria-label=\"\" role=\"img\" ><\/div>\n\t\t\t\t\t\t\t\t\t\t\t<div class=\"elementor-gallery-item__overlay\"><\/div>\n\t\t\t\t\t\t\t\t\t\t\t\t\t\t<\/a>\n\t\t\t\t\t\t\t<a class=\"e-gallery-item elementor-gallery-item elementor-animated-content\" href=\"https:\/\/i0.wp.com\/toppenafdanmark.dk\/wp-content\/uploads\/2026\/05\/Bamsemuseet-8-300x300-1.webp?fit=300%2C300&#038;ssl=1\" data-elementor-open-lightbox=\"yes\" data-elementor-lightbox-slideshow=\"6b9dd56e\" data-elementor-lightbox-title=\"Bamsemuseet 8 300x300\" data-e-action-hash=\"#elementor-action%3Aaction%3Dlightbox%26settings%3DeyJpZCI6MTAxOTMsInVybCI6Imh0dHBzOlwvXC90b3BwZW5hZmRhbm1hcmsuZGtcL3dwLWNvbnRlbnRcL3VwbG9hZHNcLzIwMjZcLzA1XC9CYW1zZW11c2VldC04LTMwMHgzMDAtMS53ZWJwIiwic2xpZGVzaG93IjoiNmI5ZGQ1NmUifQ%3D%3D\">\n\t\t\t\t\t<div class=\"e-gallery-image elementor-gallery-item__image\" data-thumbnail=\"https:\/\/i0.wp.com\/toppenafdanmark.dk\/wp-content\/uploads\/2026\/05\/Bamsemuseet-8-300x300-1.webp?fit=300%2C300&amp;ssl=1\" data-width=\"300\" data-height=\"300\" aria-label=\"\" role=\"img\" ><\/div>\n\t\t\t\t\t\t\t\t\t\t\t<div class=\"elementor-gallery-item__overlay\"><\/div>\n\t\t\t\t\t\t\t\t\t\t\t\t\t\t<\/a>\n\t\t\t\t\t\t\t<a class=\"e-gallery-item elementor-gallery-item elementor-animated-content\" href=\"https:\/\/i0.wp.com\/toppenafdanmark.dk\/wp-content\/uploads\/2026\/05\/Bamsemuseet-7-300x300-1.webp?fit=300%2C300&#038;ssl=1\" data-elementor-open-lightbox=\"yes\" data-elementor-lightbox-slideshow=\"6b9dd56e\" data-elementor-lightbox-title=\"Bamsemuseet 7 300x300\" data-e-action-hash=\"#elementor-action%3Aaction%3Dlightbox%26settings%3DeyJpZCI6MTAxOTIsInVybCI6Imh0dHBzOlwvXC90b3BwZW5hZmRhbm1hcmsuZGtcL3dwLWNvbnRlbnRcL3VwbG9hZHNcLzIwMjZcLzA1XC9CYW1zZW11c2VldC03LTMwMHgzMDAtMS53ZWJwIiwic2xpZGVzaG93IjoiNmI5ZGQ1NmUifQ%3D%3D\">\n\t\t\t\t\t<div class=\"e-gallery-image elementor-gallery-item__image\" data-thumbnail=\"https:\/\/i0.wp.com\/toppenafdanmark.dk\/wp-content\/uploads\/2026\/05\/Bamsemuseet-7-300x300-1.webp?fit=300%2C300&amp;ssl=1\" data-width=\"300\" data-height=\"300\" aria-label=\"\" role=\"img\" ><\/div>\n\t\t\t\t\t\t\t\t\t\t\t<div class=\"elementor-gallery-item__overlay\"><\/div>\n\t\t\t\t\t\t\t\t\t\t\t\t\t\t<\/a>\n\t\t\t\t\t\t\t<a class=\"e-gallery-item elementor-gallery-item elementor-animated-content\" href=\"https:\/\/i0.wp.com\/toppenafdanmark.dk\/wp-content\/uploads\/2026\/05\/Bamsemuseet-6-300x300-1.webp?fit=300%2C300&#038;ssl=1\" data-elementor-open-lightbox=\"yes\" data-elementor-lightbox-slideshow=\"6b9dd56e\" data-elementor-lightbox-title=\"Bamsemuseet 6 300x300\" data-e-action-hash=\"#elementor-action%3Aaction%3Dlightbox%26settings%3DeyJpZCI6MTAxOTEsInVybCI6Imh0dHBzOlwvXC90b3BwZW5hZmRhbm1hcmsuZGtcL3dwLWNvbnRlbnRcL3VwbG9hZHNcLzIwMjZcLzA1XC9CYW1zZW11c2VldC02LTMwMHgzMDAtMS53ZWJwIiwic2xpZGVzaG93IjoiNmI5ZGQ1NmUifQ%3D%3D\">\n\t\t\t\t\t<div class=\"e-gallery-image elementor-gallery-item__image\" data-thumbnail=\"https:\/\/i0.wp.com\/toppenafdanmark.dk\/wp-content\/uploads\/2026\/05\/Bamsemuseet-6-300x300-1.webp?fit=300%2C300&amp;ssl=1\" data-width=\"300\" data-height=\"300\" aria-label=\"\" role=\"img\" ><\/div>\n\t\t\t\t\t\t\t\t\t\t\t<div class=\"elementor-gallery-item__overlay\"><\/div>\n\t\t\t\t\t\t\t\t\t\t\t\t\t\t<\/a>\n\t\t\t\t\t<\/div>\n\t\t\t\t\t<\/div>\n\t\t\t\t<\/div>\n\t\t\t\t\t<\/div>\n\t\t\t\t<\/div>\n\t\t\t\t<\/div>","protected":false},"excerpt":{"rendered":"<p>Skagen Bamsemuseum Et magisk museum for b\u00f8rn og voksne i hjertet af Skagen Velkommen til Skagens hyggeligste og mest eventyrlige oplevelse. Hos Skagen Bamsemuseum tr\u00e6der du ind i en fantasifuld [&hellip;]<\/p>\n","protected":false},"author":266444216,"featured_media":10190,"parent":0,"menu_order":0,"comment_status":"closed","ping_status":"closed","template":"","meta":{"_crdt_document":"","footnotes":""},"folder":[1390],"class_list":["post-10185","page","type-page","status-publish","has-post-thumbnail","hentry"],"jetpack_sharing_enabled":true,"jetpack_shortlink":"https:\/\/wp.me\/PgDlef-2Eh","_links":{"self":[{"href":"https:\/\/toppenafdanmark.dk\/de\/wp-json\/wp\/v2\/pages\/10185","targetHints":{"allow":["GET"]}}],"collection":[{"href":"https:\/\/toppenafdanmark.dk\/de\/wp-json\/wp\/v2\/pages"}],"about":[{"href":"https:\/\/toppenafdanmark.dk\/de\/wp-json\/wp\/v2\/types\/page"}],"author":[{"embeddable":true,"href":"https:\/\/toppenafdanmark.dk\/de\/wp-json\/wp\/v2\/users\/266444216"}],"replies":[{"embeddable":true,"href":"https:\/\/toppenafdanmark.dk\/de\/wp-json\/wp\/v2\/comments?post=10185"}],"version-history":[{"count":14,"href":"https:\/\/toppenafdanmark.dk\/de\/wp-json\/wp\/v2\/pages\/10185\/revisions"}],"predecessor-version":[{"id":10215,"href":"https:\/\/toppenafdanmark.dk\/de\/wp-json\/wp\/v2\/pages\/10185\/revisions\/10215"}],"wp:featuredmedia":[{"embeddable":true,"href":"https:\/\/toppenafdanmark.dk\/de\/wp-json\/wp\/v2\/media\/10190"}],"wp:attachment":[{"href":"https:\/\/toppenafdanmark.dk\/de\/wp-json\/wp\/v2\/media?parent=10185"}],"wp:term":[{"taxonomy":"folder","embeddable":true,"href":"https:\/\/toppenafdanmark.dk\/de\/wp-json\/wp\/v2\/folder?post=10185"}],"curies":[{"name":"wp","href":"https:\/\/api.w.org\/{rel}","templated":true}]}}