{"id":1078,"date":"2025-06-29T12:52:02","date_gmt":"2025-06-29T10:52:02","guid":{"rendered":"https:\/\/toppenafdanmark.dk\/?page_id=1078"},"modified":"2026-02-13T13:44:34","modified_gmt":"2026-02-13T12:44:34","slug":"saeby","status":"publish","type":"page","link":"https:\/\/toppenafdanmark.dk\/de\/saeby\/","title":{"rendered":"S\u00e6by"},"content":{"rendered":"<div data-elementor-type=\"wp-page\" data-elementor-id=\"1078\" class=\"elementor elementor-1078\" data-elementor-post-type=\"page\">\n\t\t\t\t<div class=\"elementor-element elementor-element-6c273f89 e-flex e-con-boxed e-con e-parent\" data-id=\"6c273f89\" data-element_type=\"container\" data-e-type=\"container\" data-settings=\"{&quot;background_background&quot;:&quot;classic&quot;,&quot;shape_divider_bottom&quot;:&quot;wave-brush&quot;}\">\n\t\t\t\t\t<div class=\"e-con-inner\">\n\t\t\t\t<div class=\"elementor-shape elementor-shape-bottom\" aria-hidden=\"true\" data-negative=\"false\">\n\t\t\t<svg xmlns=\"http:\/\/www.w3.org\/2000\/svg\" viewbox=\"0 0 283.5 27.8\" preserveaspectratio=\"none\">\n\t<path class=\"elementor-shape-fill\" d=\"M283.5,9.7c0,0-7.3,4.3-14,4.6c-6.8,0.3-12.6,0-20.9-1.5c-11.3-2-33.1-10.1-44.7-5.7\ts-12.1,4.6-18,7.4c-6.6,3.2-20,9.6-36.6,9.3C131.6,23.5,99.5,7.2,86.3,8c-1.4,0.1-6.6,0.8-10.5,2c-3.8,1.2-9.4,3.8-17,4.7\tc-3.2,0.4-8.3,1.1-14.2,0.9c-1.5-0.1-6.3-0.4-12-1.6c-5.7-1.2-11-3.1-15.8-3.7C6.5,9.2,0,10.8,0,10.8V0h283.5V9.7z M260.8,11.3\tc-0.7-1-2-0.4-4.3-0.4c-2.3,0-6.1-1.2-5.8-1.1c0.3,0.1,3.1,1.5,6,1.9C259.7,12.2,261.4,12.3,260.8,11.3z M242.4,8.6\tc0,0-2.4-0.2-5.6-0.9c-3.2-0.8-10.3-2.8-15.1-3.5c-8.2-1.1-15.8,0-15.1,0.1c0.8,0.1,9.6-0.6,17.6,1.1c3.3,0.7,9.3,2.2,12.4,2.7\tC239.9,8.7,242.4,8.6,242.4,8.6z M185.2,8.5c1.7-0.7-13.3,4.7-18.5,6.1c-2.1,0.6-6.2,1.6-10,2c-3.9,0.4-8.9,0.4-8.8,0.5\tc0,0.2,5.8,0.8,11.2,0c5.4-0.8,5.2-1.1,7.6-1.6C170.5,14.7,183.5,9.2,185.2,8.5z M199.1,6.9c0.2,0-0.8-0.4-4.8,1.1\tc-4,1.5-6.7,3.5-6.9,3.7c-0.2,0.1,3.5-1.8,6.6-3C197,7.5,199,6.9,199.1,6.9z M283,6c-0.1,0.1-1.9,1.1-4.8,2.5s-6.9,2.8-6.7,2.7\tc0.2,0,3.5-0.6,7.4-2.5C282.8,6.8,283.1,5.9,283,6z M31.3,11.6c0.1-0.2-1.9-0.2-4.5-1.2s-5.4-1.6-7.8-2C15,7.6,7.3,8.5,7.7,8.6\tC8,8.7,15.9,8.3,20.2,9.3c2.2,0.5,2.4,0.5,5.7,1.6S31.2,11.9,31.3,11.6z M73,9.2c0.4-0.1,3.5-1.6,8.4-2.6c4.9-1.1,8.9-0.5,8.9-0.8\tc0-0.3-1-0.9-6.2-0.3S72.6,9.3,73,9.2z M71.6,6.7C71.8,6.8,75,5.4,77.3,5c2.3-0.3,1.9-0.5,1.9-0.6c0-0.1-1.1-0.2-2.7,0.2\tC74.8,5.1,71.4,6.6,71.6,6.7z M93.6,4.4c0.1,0.2,3.5,0.8,5.6,1.8c2.1,1,1.8,0.6,1.9,0.5c0.1-0.1-0.8-0.8-2.4-1.3\tC97.1,4.8,93.5,4.2,93.6,4.4z M65.4,11.1c-0.1,0.3,0.3,0.5,1.9-0.2s2.6-1.3,2.2-1.2s-0.9,0.4-2.5,0.8C65.3,10.9,65.5,10.8,65.4,11.1\tz M34.5,12.4c-0.2,0,2.1,0.8,3.3,0.9c1.2,0.1,2,0.1,2-0.2c0-0.3-0.1-0.5-1.6-0.4C36.6,12.8,34.7,12.4,34.5,12.4z M152.2,21.1\tc-0.1,0.1-2.4-0.3-7.5-0.3c-5,0-13.6-2.4-17.2-3.5c-3.6-1.1,10,3.9,16.5,4.1C150.5,21.6,152.3,21,152.2,21.1z\"\/>\n\t<path class=\"elementor-shape-fill\" d=\"M269.6,18c-0.1-0.1-4.6,0.3-7.2,0c-7.3-0.7-17-3.2-16.6-2.9c0.4,0.3,13.7,3.1,17,3.3\tC267.7,18.8,269.7,18,269.6,18z\"\/>\n\t<path class=\"elementor-shape-fill\" d=\"M227.4,9.8c-0.2-0.1-4.5-1-9.5-1.2c-5-0.2-12.7,0.6-12.3,0.5c0.3-0.1,5.9-1.8,13.3-1.2\tS227.6,9.9,227.4,9.8z\"\/>\n\t<path class=\"elementor-shape-fill\" d=\"M204.5,13.4c-0.1-0.1,2-1,3.2-1.1c1.2-0.1,2,0,2,0.3c0,0.3-0.1,0.5-1.6,0.4\tC206.4,12.9,204.6,13.5,204.5,13.4z\"\/>\n\t<path class=\"elementor-shape-fill\" d=\"M201,10.6c0-0.1-4.4,1.2-6.3,2.2c-1.9,0.9-6.2,3.1-6.1,3.1c0.1,0.1,4.2-1.6,6.3-2.6\tS201,10.7,201,10.6z\"\/>\n\t<path class=\"elementor-shape-fill\" d=\"M154.5,26.7c-0.1-0.1-4.6,0.3-7.2,0c-7.3-0.7-17-3.2-16.6-2.9c0.4,0.3,13.7,3.1,17,3.3\tC152.6,27.5,154.6,26.8,154.5,26.7z\"\/>\n\t<path class=\"elementor-shape-fill\" d=\"M41.9,19.3c0,0,1.2-0.3,2.9-0.1c1.7,0.2,5.8,0.9,8.2,0.7c4.2-0.4,7.4-2.7,7-2.6\tc-0.4,0-4.3,2.2-8.6,1.9c-1.8-0.1-5.1-0.5-6.7-0.4S41.9,19.3,41.9,19.3z\"\/>\n\t<path class=\"elementor-shape-fill\" d=\"M75.5,12.6c0.2,0.1,2-0.8,4.3-1.1c2.3-0.2,2.1-0.3,2.1-0.5c0-0.1-1.8-0.4-3.4,0\tC76.9,11.5,75.3,12.5,75.5,12.6z\"\/>\n\t<path class=\"elementor-shape-fill\" d=\"M15.6,13.2c0-0.1,4.3,0,6.7,0.5c2.4,0.5,5,1.9,5,2c0,0.1-2.7-0.8-5.1-1.4\tC19.9,13.7,15.7,13.3,15.6,13.2z\"\/>\n<\/svg>\t\t<\/div>\n\t\t\t\t<div class=\"elementor-element elementor-element-3aafd38f elementor-widget elementor-widget-heading\" data-id=\"3aafd38f\" data-element_type=\"widget\" data-e-type=\"widget\" data-widget_type=\"heading.default\">\n\t\t\t\t<div class=\"elementor-widget-container\">\n\t\t\t\t\t<h1 class=\"elementor-heading-title elementor-size-default\">Erleben Sie S\u00e6by in<br>\nDer Gipfel von D\u00e4nemark<\/h1>\t\t\t\t<\/div>\n\t\t\t\t<\/div>\n\t\t\t\t<div class=\"elementor-element elementor-element-25930be2 elementor-widget elementor-widget-text-editor\" data-id=\"25930be2\" data-element_type=\"widget\" data-e-type=\"widget\" data-widget_type=\"text-editor.default\">\n\t\t\t\t<div class=\"elementor-widget-container\">\n\t\t\t\t\t\t\t\t\t<p>Gem\u00fctliche Stra\u00dfen, historischer Hafen und Natur in der N\u00e4he - entdecken Sie das charmante S\u00e6by an der Kattegatk\u00fcste<\/p>\t\t\t\t\t\t\t\t<\/div>\n\t\t\t\t<\/div>\n\t\t\t\t\t<\/div>\n\t\t\t\t<\/div>\n\t\t\t\t<section class=\"elementor-section elementor-top-section elementor-element elementor-element-37f8459f elementor-section-boxed elementor-section-height-default elementor-section-height-default\" data-id=\"37f8459f\" data-element_type=\"section\" data-e-type=\"section\" data-settings=\"{&quot;background_background&quot;:&quot;classic&quot;}\">\n\t\t\t\t\t\t<div class=\"elementor-container elementor-column-gap-no\">\n\t\t\t\t\t<div class=\"elementor-column elementor-col-50 elementor-top-column elementor-element elementor-element-2338f411\" data-id=\"2338f411\" data-element_type=\"column\" data-e-type=\"column\">\n\t\t\t<div class=\"elementor-widget-wrap elementor-element-populated\">\n\t\t\t\t\t\t<div class=\"elementor-element elementor-element-2ac1ae8b elementor-widget elementor-widget-heading\" data-id=\"2ac1ae8b\" data-element_type=\"widget\" data-e-type=\"widget\" data-widget_type=\"heading.default\">\n\t\t\t\t<div class=\"elementor-widget-container\">\n\t\t\t\t\t<h2 class=\"elementor-heading-title elementor-size-default\">S\u00e6by ist ein attraktives Urlaubsziel f\u00fcr alle Altersgruppen<\/h2>\t\t\t\t<\/div>\n\t\t\t\t<\/div>\n\t\t\t\t<div class=\"elementor-element elementor-element-6fb3df9d elementor-widget elementor-widget-text-editor\" data-id=\"6fb3df9d\" data-element_type=\"widget\" data-e-type=\"widget\" data-widget_type=\"text-editor.default\">\n\t\t\t\t<div class=\"elementor-widget-container\">\n\t\t\t\t\t\t\t\t\t<p>Die charmante Marktstadt S\u00e6by liegt direkt an der Kattegatk\u00fcste, in der N\u00e4he eines gro\u00dfen, sch\u00f6nen Waldgebiets und eines kinderfreundlichen Strandes sowie einer gem\u00fctlichen Atmosph\u00e4re im Stadtzentrum.<\/p><p>S\u00e6by ist der perfekte Ort f\u00fcr einen Urlaub zu zweit, einen Familienurlaub mit Kindern und ein beliebtes Ziel f\u00fcr mehrere Generationen.<\/p>\t\t\t\t\t\t\t\t<\/div>\n\t\t\t\t<\/div>\n\t\t\t\t\t<\/div>\n\t\t<\/div>\n\t\t\t\t<div class=\"elementor-column elementor-col-50 elementor-top-column elementor-element elementor-element-40f3587a\" data-id=\"40f3587a\" data-element_type=\"column\" data-e-type=\"column\" data-settings=\"{&quot;background_background&quot;:&quot;classic&quot;}\">\n\t\t\t<div class=\"elementor-widget-wrap elementor-element-populated\">\n\t\t\t\t\t<div class=\"elementor-background-overlay\"><\/div>\n\t\t\t\t\t\t<div class=\"elementor-element elementor-element-3887ff4f elementor-widget elementor-widget-spacer\" data-id=\"3887ff4f\" data-element_type=\"widget\" data-e-type=\"widget\" data-widget_type=\"spacer.default\">\n\t\t\t\t<div class=\"elementor-widget-container\">\n\t\t\t\t\t\t\t<div class=\"elementor-spacer\">\n\t\t\t<div class=\"elementor-spacer-inner\"><\/div>\n\t\t<\/div>\n\t\t\t\t\t\t<\/div>\n\t\t\t\t<\/div>\n\t\t\t\t\t<\/div>\n\t\t<\/div>\n\t\t\t\t\t<\/div>\n\t\t<\/section>\n\t\t\t\t<section class=\"elementor-section elementor-top-section elementor-element elementor-element-7e91023 elementor-section-content-middle elementor-section-boxed elementor-section-height-default elementor-section-height-default\" data-id=\"7e91023\" data-element_type=\"section\" data-e-type=\"section\">\n\t\t\t\t\t\t<div class=\"elementor-container elementor-column-gap-no\">\n\t\t\t\t\t<div class=\"elementor-column elementor-col-100 elementor-top-column elementor-element elementor-element-ee2fff2\" data-id=\"ee2fff2\" data-element_type=\"column\" data-e-type=\"column\">\n\t\t\t<div class=\"elementor-widget-wrap elementor-element-populated\">\n\t\t\t\t\t\t<section class=\"elementor-section elementor-inner-section elementor-element elementor-element-655e81e elementor-section-content-middle elementor-section-boxed elementor-section-height-default elementor-section-height-default\" data-id=\"655e81e\" data-element_type=\"section\" data-e-type=\"section\">\n\t\t\t\t\t\t<div class=\"elementor-container elementor-column-gap-no\">\n\t\t\t\t\t<div class=\"elementor-column elementor-col-50 elementor-inner-column elementor-element elementor-element-e6c844d\" data-id=\"e6c844d\" data-element_type=\"column\" data-e-type=\"column\">\n\t\t\t<div class=\"elementor-widget-wrap elementor-element-populated\">\n\t\t\t\t\t\t<div class=\"elementor-element elementor-element-72ec37e elementor-widget elementor-widget-heading\" data-id=\"72ec37e\" data-element_type=\"widget\" data-e-type=\"widget\" data-widget_type=\"heading.default\">\n\t\t\t\t<div class=\"elementor-widget-container\">\n\t\t\t\t\t<h2 class=\"elementor-heading-title elementor-size-default\">S\u00e6by ist das perfekte Urlaubsziel f\u00fcr alle Altersgruppen<\/h2>\t\t\t\t<\/div>\n\t\t\t\t<\/div>\n\t\t\t\t\t<\/div>\n\t\t<\/div>\n\t\t\t\t<div class=\"elementor-column elementor-col-50 elementor-inner-column elementor-element elementor-element-df333e9\" data-id=\"df333e9\" data-element_type=\"column\" data-e-type=\"column\">\n\t\t\t<div class=\"elementor-widget-wrap elementor-element-populated\">\n\t\t\t\t\t\t<div class=\"elementor-element elementor-element-453367d elementor-widget elementor-widget-text-editor\" data-id=\"453367d\" data-element_type=\"widget\" data-e-type=\"widget\" data-widget_type=\"text-editor.default\">\n\t\t\t\t<div class=\"elementor-widget-container\">\n\t\t\t\t\t\t\t\t\t<div id=\"answer2\"><p>Die Natur in S\u00e6by ist etwas ganz Besonderes, denn hier haben Sie sowohl ein gro\u00dfes Waldgebiet als auch kinderfreundliche Sandstr\u00e4nde in der N\u00e4he. Das gro\u00dfe Waldgebiet hei\u00dft\u00a0<strong>S\u00e6byg\u00e5rd-Wald<\/strong>\u00a0und befindet sich in der N\u00e4he des Schlosses S\u00e6byg\u00e5rd, nach dem der Wald benannt ist. In der Sommersaison gibt es in S\u00e6byg\u00e5rd ein gem\u00fctliches Caf\u00e9 mit Kaffee und Kuchen. Der S\u00e6byg\u00e5rd-Wald hat einen gem\u00fctlichen Bach und ist mit Buchen und steilen H\u00fcgeln geschm\u00fcckt, die eine ganz besondere Atmosph\u00e4re schaffen.<\/p><\/div><p>Im Wald finden Sie sch\u00f6ne und anspruchsvolle Wander-, Lauf- und Mountainbikestrecken, die Sie zum Schwitzen bringen, w\u00e4hrend Sie die sch\u00f6ne Natur genie\u00dfen. In S\u00e6by gibt es au\u00dferdem vier Kleepfade, die sowohl durch die Stadt als auch durch den Wald f\u00fchren.\u00a0<strong>Kleepfade<\/strong>\u00a0Die Streckenl\u00e4ngen reichen von 2,5 km bis 21,1 km, so dass es f\u00fcr jedes Niveau eine passende Route gibt.<\/p>\t\t\t\t\t\t\t\t<\/div>\n\t\t\t\t<\/div>\n\t\t\t\t\t<\/div>\n\t\t<\/div>\n\t\t\t\t\t<\/div>\n\t\t<\/section>\n\t\t\t\t<div class=\"elementor-element elementor-element-f46352d elementor-widget elementor-widget-text-editor\" data-id=\"f46352d\" data-element_type=\"widget\" data-e-type=\"widget\" data-widget_type=\"text-editor.default\">\n\t\t\t\t<div class=\"elementor-widget-container\">\n\t\t\t\t\t\t\t\t\t<p>Wenn Sie Zeit in der Natur verbringen m\u00f6chten, aber in einem langsameren Tempo, k\u00f6nnen Sie am Abend einen Ausflug machen\u00a0<strong>Fledermaus-Safari<\/strong>\u00a0nur 100 Meter vom Platz entfernt. Hier wurde ein neues Informationszentrum eingerichtet, in dem man viele der geheimnisvollen Flederm\u00e4use sehen kann. Das Informationszentrum befindet sich hier, weil es einer der besten Orte in Vendsyssel ist, um Flederm\u00e4use zu sehen.<\/p><p>Wenn Sie in S\u00e6by spazieren gehen, werden Sie schnell feststellen, dass S\u00e6by viele idyllische Orte hat. Ein Spaziergang vorbei\u00a0<strong>Algade<\/strong>\u00a0in S\u00e6by ist ein Muss, denn hier finden Sie gem\u00fctliche alte Geb\u00e4ude, die Sie in eine andere Zeit versetzen. Bei Ihrem Spaziergang durch Algade kommen Sie vorbei an\u00a0<strong>Sct. Mari\u00e6 Kirche<\/strong>Die Kirche von S\u00e6by ist ein Muss, denn sie ist mit Fresken geschm\u00fcckt.<\/p><p>Nur einen kurzen Spaziergang von Algade entfernt finden Sie\u00a0<strong>Die alte Wasserm\u00fchle<\/strong>\u00a0in S\u00e6by, die sowohl als Getreidem\u00fchle als auch zur Stromerzeugung diente. Heute dient das historische Geb\u00e4ude als Privathaus und kann nur von au\u00dfen besichtigt werden. Eine 20-min\u00fctige Fahrt bringt Sie zu einem weiteren historischen Ort, n\u00e4mlich\u00a0<strong>Schloss Voergaard<\/strong>die M\u00e4rchen und spannende Geistergeschichten bietet. Das ganze Jahr \u00fcber finden auf Schloss Voergaard zahlreiche Veranstaltungen statt, darunter Mittelaltertage und ein gem\u00fctlicher Weihnachtsmarkt.<\/p><p>S\u00e6by bietet auch f\u00fcr die \u00e4lteren Kinder, die in den Ferien sind, spannende Dinge. I\u00a0<strong>Schwimmbad S\u00e6by\u00a0<\/strong>gibt es eine gro\u00dfe Wasserrutsche und gro\u00dfe Wasserspielzeuge, die f\u00fcr stundenlangen Spa\u00df sorgen k\u00f6nnen. Wenn Sie sich lieber drau\u00dfen aufhalten m\u00f6chten, finden Sie die kinderfreundlichen Str\u00e4nde nicht weit vom Stadtzentrum von S\u00e6by entfernt. Wenn Sie etwas anderes ausprobieren m\u00f6chten, k\u00f6nnen Sie Fu\u00dfballgolf spielen und herausfinden, wer von Ihnen besser mit einem Fu\u00dfball umgehen kann. S\u00e6by bietet auch eine Bernsteintour f\u00fcr Kinder an, bei der ein F\u00fchrer euch zeigt, wo und wie man Bernstein findet, und euch an der K\u00fcste entlangf\u00fchrt, damit ihr es selbst versuchen k\u00f6nnt - und vielleicht habt ihr ja Gl\u00fcck.<\/p><p>In S\u00e6by finden Sie viele kulturelle Dinge und es gibt viele\u00a0<strong>K\u00fcnstler und Handwerker<\/strong>befindet sich in S\u00e6by. In den kleinen gem\u00fctlichen Gassen finden Sie Galerien mit allem, was das Herz begehrt, von Glaskunst bis Keramik. In S\u00e6by gibt es auch eine charmante Fu\u00dfg\u00e4ngerzone mit bekannten und kleinen Gesch\u00e4ften.<\/p>\t\t\t\t\t\t\t\t<\/div>\n\t\t\t\t<\/div>\n\t\t\t\t\t<\/div>\n\t\t<\/div>\n\t\t\t\t\t<\/div>\n\t\t<\/section>\n\t\t<div class=\"elementor-element elementor-element-0e801f2 e-flex e-con-boxed e-con e-parent\" data-id=\"0e801f2\" data-element_type=\"container\" data-e-type=\"container\">\n\t\t\t\t\t<div class=\"e-con-inner\">\n\t\t<div class=\"elementor-element elementor-element-df35dbd e-con-full e-flex e-con e-child\" data-id=\"df35dbd\" data-element_type=\"container\" data-e-type=\"container\">\n\t\t\t\t<div class=\"elementor-element elementor-element-0a54653 elementor-widget elementor-widget-image\" data-id=\"0a54653\" data-element_type=\"widget\" data-e-type=\"widget\" data-widget_type=\"image.default\">\n\t\t\t\t<div class=\"elementor-widget-container\">\n\t\t\t\t\t\t\t\t\t\t\t\t\t\t\t\t<a href=\"https:\/\/www.yumpu.com\/da\/document\/view\/70927169\/saeby-guiden-2026\" target=\"_blank\" rel=\"noopener\">\n\t\t\t\t\t\t\t<img fetchpriority=\"high\" decoding=\"async\" data-attachment-id=\"9037\" data-permalink=\"https:\/\/toppenafdanmark.dk\/de\/saeby\/saeby-forside-alene\/\" data-orig-file=\"https:\/\/i0.wp.com\/toppenafdanmark.dk\/wp-content\/uploads\/2026\/02\/Saeby-forside-alene.jpg?fit=1400%2C2000&amp;ssl=1\" data-orig-size=\"1400,2000\" data-comments-opened=\"0\" data-image-meta=\"{&quot;aperture&quot;:&quot;0&quot;,&quot;credit&quot;:&quot;&quot;,&quot;camera&quot;:&quot;&quot;,&quot;caption&quot;:&quot;&quot;,&quot;created_timestamp&quot;:&quot;0&quot;,&quot;copyright&quot;:&quot;&quot;,&quot;focal_length&quot;:&quot;0&quot;,&quot;iso&quot;:&quot;0&quot;,&quot;shutter_speed&quot;:&quot;0&quot;,&quot;title&quot;:&quot;&quot;,&quot;orientation&quot;:&quot;1&quot;}\" data-image-title=\"S\u00e6by forside alene\" data-image-description=\"\" data-image-caption=\"\" data-large-file=\"https:\/\/i0.wp.com\/toppenafdanmark.dk\/wp-content\/uploads\/2026\/02\/Saeby-forside-alene.jpg?fit=717%2C1024&amp;ssl=1\" width=\"717\" height=\"1024\" src=\"https:\/\/i0.wp.com\/toppenafdanmark.dk\/wp-content\/uploads\/2026\/02\/Saeby-forside-alene.jpg?fit=717%2C1024&amp;ssl=1\" class=\"attachment-large size-large wp-image-9037\" alt=\"\" srcset=\"https:\/\/i0.wp.com\/toppenafdanmark.dk\/wp-content\/uploads\/2026\/02\/Saeby-forside-alene.jpg?w=1400&amp;ssl=1 1400w, https:\/\/i0.wp.com\/toppenafdanmark.dk\/wp-content\/uploads\/2026\/02\/Saeby-forside-alene.jpg?resize=210%2C300&amp;ssl=1 210w, https:\/\/i0.wp.com\/toppenafdanmark.dk\/wp-content\/uploads\/2026\/02\/Saeby-forside-alene.jpg?resize=717%2C1024&amp;ssl=1 717w, https:\/\/i0.wp.com\/toppenafdanmark.dk\/wp-content\/uploads\/2026\/02\/Saeby-forside-alene.jpg?resize=768%2C1097&amp;ssl=1 768w, https:\/\/i0.wp.com\/toppenafdanmark.dk\/wp-content\/uploads\/2026\/02\/Saeby-forside-alene.jpg?resize=1075%2C1536&amp;ssl=1 1075w, https:\/\/i0.wp.com\/toppenafdanmark.dk\/wp-content\/uploads\/2026\/02\/Saeby-forside-alene.jpg?resize=8%2C12&amp;ssl=1 8w\" sizes=\"(max-width: 717px) 100vw, 717px\" \/>\t\t\t\t\t\t\t\t<\/a>\n\t\t\t\t\t\t\t\t\t\t\t\t\t\t\t<\/div>\n\t\t\t\t<\/div>\n\t\t\t\t<\/div>\n\t\t<div class=\"elementor-element elementor-element-cb28960 e-con-full e-flex e-con e-child\" data-id=\"cb28960\" data-element_type=\"container\" data-e-type=\"container\">\n\t\t\t\t<div class=\"elementor-element elementor-element-5035ac8 elementor-widget elementor-widget-heading\" data-id=\"5035ac8\" data-element_type=\"widget\" data-e-type=\"widget\" data-widget_type=\"heading.default\">\n\t\t\t\t<div class=\"elementor-widget-container\">\n\t\t\t\t\t<h2 class=\"elementor-heading-title elementor-size-default\">Har du f\u00e5et lyst til at bes\u00f8ge S\u00e6by?<\/h2>\t\t\t\t<\/div>\n\t\t\t\t<\/div>\n\t\t\t\t<div class=\"elementor-element elementor-element-cc29ffc elementor-widget elementor-widget-text-editor\" data-id=\"cc29ffc\" data-element_type=\"widget\" data-e-type=\"widget\" data-widget_type=\"text-editor.default\">\n\t\t\t\t<div class=\"elementor-widget-container\">\n\t\t\t\t\t\t\t\t\t<p>S\u00e5 anbefaler vi, at du l\u00e6ser lidt i \u00e5rets nye guide. Her finder du god information om nogle at byens mest bes\u00f8gte attraktioner, du kan l\u00e6se om den flotte havn, den smukke natur &#8211; og i guiden finder du ogs\u00e5 et bykort, der g\u00f8r det let at\u00a0 finde vej til byens mange gode og hyggelige oplevelser.<\/p><p>Gl\u00e6d dig til at opleve den charmerende k\u00f8bstad.<\/p>\t\t\t\t\t\t\t\t<\/div>\n\t\t\t\t<\/div>\n\t\t\t\t<div class=\"elementor-element elementor-element-927bc72 elementor-widget elementor-widget-button\" data-id=\"927bc72\" data-element_type=\"widget\" data-e-type=\"widget\" data-widget_type=\"button.default\">\n\t\t\t\t<div class=\"elementor-widget-container\">\n\t\t\t\t\t\t\t\t\t<div class=\"elementor-button-wrapper\">\n\t\t\t\t\t<a class=\"elementor-button elementor-button-link elementor-size-sm\" href=\"https:\/\/www.yumpu.com\/da\/document\/view\/70927169\/saeby-guiden-2026\" target=\"_blank\" rel=\"noopener\">\n\t\t\t\t\t\t<span class=\"elementor-button-content-wrapper\">\n\t\t\t\t\t\t\t\t\t<span class=\"elementor-button-text\">L\u00e6s S\u00e6by Guiden 2026 her &gt;&gt;<\/span>\n\t\t\t\t\t<\/span>\n\t\t\t\t\t<\/a>\n\t\t\t\t<\/div>\n\t\t\t\t\t\t\t\t<\/div>\n\t\t\t\t<\/div>\n\t\t\t\t<\/div>\n\t\t\t\t\t<\/div>\n\t\t\t\t<\/div>\n\t\t\t\t<\/div>","protected":false},"excerpt":{"rendered":"<p>Oplev S\u00e6by i Toppen af Danmark Hyggelige gader, historisk havn og natur t\u00e6t p\u00e5 \u2013 oplev charmerende S\u00e6by ved Kattegats kyst S\u00e6by er en attraktiv feriedestination for alle aldre Den [&hellip;]<\/p>\n","protected":false},"author":266444214,"featured_media":0,"parent":0,"menu_order":0,"comment_status":"closed","ping_status":"closed","template":"","meta":{"_crdt_document":"","footnotes":""},"folder":[1368],"class_list":["post-1078","page","type-page","status-publish","hentry"],"jetpack_sharing_enabled":true,"jetpack_shortlink":"https:\/\/wp.me\/PgDlef-ho","_links":{"self":[{"href":"https:\/\/toppenafdanmark.dk\/de\/wp-json\/wp\/v2\/pages\/1078","targetHints":{"allow":["GET"]}}],"collection":[{"href":"https:\/\/toppenafdanmark.dk\/de\/wp-json\/wp\/v2\/pages"}],"about":[{"href":"https:\/\/toppenafdanmark.dk\/de\/wp-json\/wp\/v2\/types\/page"}],"author":[{"embeddable":true,"href":"https:\/\/toppenafdanmark.dk\/de\/wp-json\/wp\/v2\/users\/266444214"}],"replies":[{"embeddable":true,"href":"https:\/\/toppenafdanmark.dk\/de\/wp-json\/wp\/v2\/comments?post=1078"}],"version-history":[{"count":14,"href":"https:\/\/toppenafdanmark.dk\/de\/wp-json\/wp\/v2\/pages\/1078\/revisions"}],"predecessor-version":[{"id":9043,"href":"https:\/\/toppenafdanmark.dk\/de\/wp-json\/wp\/v2\/pages\/1078\/revisions\/9043"}],"wp:attachment":[{"href":"https:\/\/toppenafdanmark.dk\/de\/wp-json\/wp\/v2\/media?parent=1078"}],"wp:term":[{"taxonomy":"folder","embeddable":true,"href":"https:\/\/toppenafdanmark.dk\/de\/wp-json\/wp\/v2\/folder?post=1078"}],"curies":[{"name":"wp","href":"https:\/\/api.w.org\/{rel}","templated":true}]}}