{"id":2369,"date":"2025-08-01T11:04:11","date_gmt":"2025-08-01T09:04:11","guid":{"rendered":"https:\/\/toppenafdanmark.dk\/?page_id=2369"},"modified":"2026-01-28T13:44:46","modified_gmt":"2026-01-28T12:44:46","slug":"brinck-isenkram-skagen","status":"publish","type":"page","link":"https:\/\/toppenafdanmark.dk\/de\/brinck-isenkram-skagen\/","title":{"rendered":"Brinck Eisenwaren"},"content":{"rendered":"<div data-elementor-type=\"wp-page\" data-elementor-id=\"2369\" class=\"elementor elementor-2369\" data-elementor-post-type=\"page\">\n\t\t\t\t<div class=\"elementor-element elementor-element-7a4b622d e-con-full e-flex e-con e-parent\" data-id=\"7a4b622d\" data-element_type=\"container\" data-e-type=\"container\" data-settings=\"{&quot;background_background&quot;:&quot;classic&quot;}\">\n\t\t<div class=\"elementor-element elementor-element-623ce421 e-con-full elementor-hidden-mobile e-flex e-con e-child\" data-id=\"623ce421\" data-element_type=\"container\" data-e-type=\"container\" data-settings=\"{&quot;background_background&quot;:&quot;classic&quot;}\">\n\t\t\t\t<\/div>\n\t\t<div class=\"elementor-element elementor-element-24ff9b1c e-con-full e-flex e-con e-child\" data-id=\"24ff9b1c\" data-element_type=\"container\" data-e-type=\"container\" data-settings=\"{&quot;background_background&quot;:&quot;classic&quot;}\">\n\t\t\t\t<\/div>\n\t\t<div class=\"elementor-element elementor-element-ae37e83 e-con-full elementor-hidden-mobile e-flex e-con e-child\" data-id=\"ae37e83\" data-element_type=\"container\" data-e-type=\"container\" data-settings=\"{&quot;background_background&quot;:&quot;classic&quot;}\">\n\t\t\t\t<\/div>\n\t\t\t\t<\/div>\n\t\t\t\t<section class=\"elementor-section elementor-top-section elementor-element elementor-element-7025bff7 elementor-section-boxed elementor-section-height-default elementor-section-height-default\" data-id=\"7025bff7\" data-element_type=\"section\" data-e-type=\"section\">\n\t\t\t\t\t\t<div class=\"elementor-container elementor-column-gap-no\">\n\t\t\t\t\t<div class=\"elementor-column elementor-col-100 elementor-top-column elementor-element elementor-element-6498f93f\" data-id=\"6498f93f\" data-element_type=\"column\" data-e-type=\"column\">\n\t\t\t<div class=\"elementor-widget-wrap elementor-element-populated\">\n\t\t\t\t\t\t<div class=\"elementor-element elementor-element-7e18dc1e elementor-widget elementor-widget-heading\" data-id=\"7e18dc1e\" data-element_type=\"widget\" data-e-type=\"widget\" data-widget_type=\"heading.default\">\n\t\t\t\t<div class=\"elementor-widget-container\">\n\t\t\t\t\t<h2 class=\"elementor-heading-title elementor-size-default\">Brinck Isenkram Skagen<\/h2>\t\t\t\t<\/div>\n\t\t\t\t<\/div>\n\t\t\t\t<div class=\"elementor-element elementor-element-a462e0c elementor-widget-divider--view-line elementor-widget elementor-widget-divider\" data-id=\"a462e0c\" data-element_type=\"widget\" data-e-type=\"widget\" data-widget_type=\"divider.default\">\n\t\t\t\t<div class=\"elementor-widget-container\">\n\t\t\t\t\t\t\t<div class=\"elementor-divider\">\n\t\t\t<span class=\"elementor-divider-separator\">\n\t\t\t\t\t\t<\/span>\n\t\t<\/div>\n\t\t\t\t\t\t<\/div>\n\t\t\t\t<\/div>\n\t\t\t\t<div class=\"elementor-element elementor-element-2d43ec7 elementor-widget elementor-widget-text-editor\" data-id=\"2d43ec7\" data-element_type=\"widget\" data-e-type=\"widget\" data-widget_type=\"text-editor.default\">\n\t\t\t\t<div class=\"elementor-widget-container\">\n\t\t\t\t\t\t\t\t\t<h4>Alles in Hardware - Brinck Isenkram Skagen<\/h4><p>Brinck Isenkram Skagen ist Ihr lokaler Baumarkt im Herzen von Skagen, in dem wir seit vielen Jahren sowohl Einheimische als auch Urlauber mit allem f\u00fcr K\u00fcche, Haushalt und Geschenke versorgen. Wir bieten eine gro\u00dfe Auswahl an Qualit\u00e4tsprodukten und legen Wert auf pers\u00f6nlichen Service, gute Beratung und eine gem\u00fctliche Atmosph\u00e4re, die Ihren Einkauf zu einem Erlebnis macht.<\/p>\t\t\t\t\t\t\t\t<\/div>\n\t\t\t\t<\/div>\n\t\t\t\t<section class=\"elementor-section elementor-inner-section elementor-element elementor-element-bce0023 elementor-section-boxed elementor-section-height-default elementor-section-height-default\" data-id=\"bce0023\" data-element_type=\"section\" data-e-type=\"section\">\n\t\t\t\t\t\t<div class=\"elementor-container elementor-column-gap-no\">\n\t\t\t\t\t<div class=\"elementor-column elementor-col-50 elementor-inner-column elementor-element elementor-element-8fb7284\" data-id=\"8fb7284\" data-element_type=\"column\" data-e-type=\"column\">\n\t\t\t<div class=\"elementor-widget-wrap elementor-element-populated\">\n\t\t\t\t\t\t<div class=\"elementor-element elementor-element-103e04b elementor-widget elementor-widget-image\" data-id=\"103e04b\" data-element_type=\"widget\" data-e-type=\"widget\" data-widget_type=\"image.default\">\n\t\t\t\t<div class=\"elementor-widget-container\">\n\t\t\t\t\t\t\t\t\t\t\t\t\t\t\t<img fetchpriority=\"high\" decoding=\"async\" data-attachment-id=\"3788\" data-permalink=\"https:\/\/toppenafdanmark.dk\/de\/brinck-isenkram-skagen\/1024-x-1024-brinck-isenkram-6\/\" data-orig-file=\"https:\/\/i0.wp.com\/toppenafdanmark.dk\/wp-content\/uploads\/2025\/08\/1024-x-1024-Brinck-Isenkram-6.jpg?fit=1024%2C1024&amp;ssl=1\" data-orig-size=\"1024,1024\" data-comments-opened=\"0\" data-image-meta=\"{&quot;aperture&quot;:&quot;0&quot;,&quot;credit&quot;:&quot;&quot;,&quot;camera&quot;:&quot;&quot;,&quot;caption&quot;:&quot;&quot;,&quot;created_timestamp&quot;:&quot;0&quot;,&quot;copyright&quot;:&quot;&quot;,&quot;focal_length&quot;:&quot;0&quot;,&quot;iso&quot;:&quot;0&quot;,&quot;shutter_speed&quot;:&quot;0&quot;,&quot;title&quot;:&quot;&quot;,&quot;orientation&quot;:&quot;1&quot;}\" data-image-title=\"1024 x 1024 Brinck Isenkram 6\" data-image-description=\"\" data-image-caption=\"\" data-large-file=\"https:\/\/i0.wp.com\/toppenafdanmark.dk\/wp-content\/uploads\/2025\/08\/1024-x-1024-Brinck-Isenkram-6.jpg?fit=800%2C800&amp;ssl=1\" width=\"800\" height=\"800\" src=\"https:\/\/i0.wp.com\/toppenafdanmark.dk\/wp-content\/uploads\/2025\/08\/1024-x-1024-Brinck-Isenkram-6.jpg?fit=800%2C800&amp;ssl=1\" class=\"attachment-large size-large wp-image-3788\" alt=\"K\u00f8kkenudstyr og boligtilbeh\u00f8r hos Brinck Isenkram Skagen\" srcset=\"https:\/\/i0.wp.com\/toppenafdanmark.dk\/wp-content\/uploads\/2025\/08\/1024-x-1024-Brinck-Isenkram-6.jpg?w=1024&amp;ssl=1 1024w, https:\/\/i0.wp.com\/toppenafdanmark.dk\/wp-content\/uploads\/2025\/08\/1024-x-1024-Brinck-Isenkram-6.jpg?resize=300%2C300&amp;ssl=1 300w, https:\/\/i0.wp.com\/toppenafdanmark.dk\/wp-content\/uploads\/2025\/08\/1024-x-1024-Brinck-Isenkram-6.jpg?resize=150%2C150&amp;ssl=1 150w, https:\/\/i0.wp.com\/toppenafdanmark.dk\/wp-content\/uploads\/2025\/08\/1024-x-1024-Brinck-Isenkram-6.jpg?resize=768%2C768&amp;ssl=1 768w, https:\/\/i0.wp.com\/toppenafdanmark.dk\/wp-content\/uploads\/2025\/08\/1024-x-1024-Brinck-Isenkram-6.jpg?resize=12%2C12&amp;ssl=1 12w\" sizes=\"(max-width: 800px) 100vw, 800px\" \/>\t\t\t\t\t\t\t\t\t\t\t\t\t\t\t<\/div>\n\t\t\t\t<\/div>\n\t\t\t\t\t<\/div>\n\t\t<\/div>\n\t\t\t\t<div class=\"elementor-column elementor-col-50 elementor-inner-column elementor-element elementor-element-65f547c6\" data-id=\"65f547c6\" data-element_type=\"column\" data-e-type=\"column\">\n\t\t\t<div class=\"elementor-widget-wrap elementor-element-populated\">\n\t\t\t\t\t\t<div class=\"elementor-element elementor-element-29d007f0 elementor-widget elementor-widget-image\" data-id=\"29d007f0\" data-element_type=\"widget\" data-e-type=\"widget\" data-widget_type=\"image.default\">\n\t\t\t\t<div class=\"elementor-widget-container\">\n\t\t\t\t\t\t\t\t\t\t\t\t\t\t\t<img decoding=\"async\" data-attachment-id=\"3787\" data-permalink=\"https:\/\/toppenafdanmark.dk\/de\/brinck-isenkram-skagen\/1024-x-1024-brinck-isenkram-5\/\" data-orig-file=\"https:\/\/i0.wp.com\/toppenafdanmark.dk\/wp-content\/uploads\/2025\/08\/1024-x-1024-Brinck-Isenkram-5.jpg?fit=1024%2C1024&amp;ssl=1\" data-orig-size=\"1024,1024\" data-comments-opened=\"0\" data-image-meta=\"{&quot;aperture&quot;:&quot;0&quot;,&quot;credit&quot;:&quot;&quot;,&quot;camera&quot;:&quot;&quot;,&quot;caption&quot;:&quot;&quot;,&quot;created_timestamp&quot;:&quot;0&quot;,&quot;copyright&quot;:&quot;&quot;,&quot;focal_length&quot;:&quot;0&quot;,&quot;iso&quot;:&quot;0&quot;,&quot;shutter_speed&quot;:&quot;0&quot;,&quot;title&quot;:&quot;&quot;,&quot;orientation&quot;:&quot;1&quot;}\" data-image-title=\"1024 x 1024 Brinck Isenkram 5\" data-image-description=\"\" data-image-caption=\"\" data-large-file=\"https:\/\/i0.wp.com\/toppenafdanmark.dk\/wp-content\/uploads\/2025\/08\/1024-x-1024-Brinck-Isenkram-5.jpg?fit=800%2C800&amp;ssl=1\" width=\"800\" height=\"800\" src=\"https:\/\/i0.wp.com\/toppenafdanmark.dk\/wp-content\/uploads\/2025\/08\/1024-x-1024-Brinck-Isenkram-5.jpg?fit=800%2C800&amp;ssl=1\" class=\"attachment-large size-large wp-image-3787\" alt=\"Hos Brinch Isenkram Skagen finder du et stort udvalg af gaveid\u00e9er\" srcset=\"https:\/\/i0.wp.com\/toppenafdanmark.dk\/wp-content\/uploads\/2025\/08\/1024-x-1024-Brinck-Isenkram-5.jpg?w=1024&amp;ssl=1 1024w, https:\/\/i0.wp.com\/toppenafdanmark.dk\/wp-content\/uploads\/2025\/08\/1024-x-1024-Brinck-Isenkram-5.jpg?resize=300%2C300&amp;ssl=1 300w, https:\/\/i0.wp.com\/toppenafdanmark.dk\/wp-content\/uploads\/2025\/08\/1024-x-1024-Brinck-Isenkram-5.jpg?resize=150%2C150&amp;ssl=1 150w, https:\/\/i0.wp.com\/toppenafdanmark.dk\/wp-content\/uploads\/2025\/08\/1024-x-1024-Brinck-Isenkram-5.jpg?resize=768%2C768&amp;ssl=1 768w, https:\/\/i0.wp.com\/toppenafdanmark.dk\/wp-content\/uploads\/2025\/08\/1024-x-1024-Brinck-Isenkram-5.jpg?resize=12%2C12&amp;ssl=1 12w\" sizes=\"(max-width: 800px) 100vw, 800px\" \/>\t\t\t\t\t\t\t\t\t\t\t\t\t\t\t<\/div>\n\t\t\t\t<\/div>\n\t\t\t\t\t<\/div>\n\t\t<\/div>\n\t\t\t\t\t<\/div>\n\t\t<\/section>\n\t\t\t\t<div class=\"elementor-element elementor-element-7cf7729 elementor-widget elementor-widget-text-editor\" data-id=\"7cf7729\" data-element_type=\"widget\" data-e-type=\"widget\" data-widget_type=\"text-editor.default\">\n\t\t\t\t<div class=\"elementor-widget-container\">\n\t\t\t\t\t\t\t\t\t<h4 data-start=\"1603\" data-end=\"1639\">Ein toller Halt f\u00fcr Urlauber<\/h4><p data-start=\"1640\" data-end=\"2057\">Wenn Sie in Skagen Urlaub machen, ist unser Gesch\u00e4ft ein guter Ort f\u00fcr einen Besuch. Hier finden Sie praktische Dinge f\u00fcr das Ferienhaus, ein Geschenk f\u00fcr die Familie zu Hause oder einfach etwas, das Sie in der K\u00fcche brauchen. Viele G\u00e4ste nehmen nach einem Besuch bei Brinck Isenkram Skagen auch ein kleines Souvenir aus Skagen mit nach Hause.<br data-start=\"1940\" data-end=\"1943\" \/>Der Laden liegt zentral im Stadtzentrum, so dass man ihn leicht aufsuchen kann, wenn man die gem\u00fctlichen Fu\u00dfg\u00e4ngerzonen von Skagen erkundet.<\/p><h4 data-start=\"2059\" data-end=\"2093\">Ber\u00fchmte Marken und tolle Angebote<\/h4><p data-start=\"2094\" data-end=\"2449\">Wir halten uns \u00fcber die neuesten Produkte und Trends in K\u00fcche und Haushalt auf dem Laufenden. Deshalb finden Sie bei uns sowohl Klassiker als auch spannende neue Produkte. Wir arbeiten mit anerkannten Marken zusammen, die f\u00fcr Qualit\u00e4t und Design bekannt sind.<br data-start=\"2320\" data-end=\"2323\" \/>Gleichzeitig bem\u00fchen wir uns um g\u00fcnstige Preise und laufende Werbeaktionen, damit Sie bei uns ein gutes Gesch\u00e4ft machen k\u00f6nnen.<\/p><h4 data-start=\"2451\" data-end=\"2483\">Geschenke f\u00fcr jede Gelegenheit<\/h4><p data-start=\"2484\" data-end=\"2765\">Sie brauchen ein Geschenk? Wir helfen Ihnen gerne mit Inspiration und tollen Ideen. Egal, ob Sie ein Geschenk f\u00fcr einen Geburtstag, eine Hochzeit oder nur ein kleines Gastgeschenk brauchen, hier finden Sie etwas Besonderes. Nat\u00fcrlich sorgen wir daf\u00fcr, dass das Geschenk sch\u00f6n verpackt und bereit zum Verschenken ist.<\/p><h4 data-start=\"2767\" data-end=\"2795\">Mehr als nur ein Gesch\u00e4ft<\/h4><p data-start=\"2796\" data-end=\"3066\">Bei Brinck Isenkram Skagen geht es um mehr als nur um den Verkauf von Produkten. Wir m\u00f6chten ein gro\u00dfartiges Erlebnis schaffen, bei dem Sie sich willkommen, inspiriert und sicher mit Ihrem Kauf f\u00fchlen. Unser Ziel ist es, dass alle unsere Kunden mit dem richtigen Produkt und einem L\u00e4cheln im Gesicht nach Hause gehen.<\/p><p data-start=\"3068\" data-end=\"3282\">Wir freuen uns darauf, Sie in unserem Gesch\u00e4ft begr\u00fc\u00dfen zu d\u00fcrfen - egal, ob Sie in Skagen wohnen oder zu Besuch sind. Treten Sie ein, entdecken Sie unsere vielen Produkte und erleben Sie den pers\u00f6nlichen Service, der uns auszeichnet.<\/p>\t\t\t\t\t\t\t\t<\/div>\n\t\t\t\t<\/div>\n\t\t\t\t<div class=\"elementor-element elementor-element-6e620956 elementor-widget-divider--view-line elementor-widget elementor-widget-divider\" data-id=\"6e620956\" data-element_type=\"widget\" data-e-type=\"widget\" data-widget_type=\"divider.default\">\n\t\t\t\t<div class=\"elementor-widget-container\">\n\t\t\t\t\t\t\t<div class=\"elementor-divider\">\n\t\t\t<span class=\"elementor-divider-separator\">\n\t\t\t\t\t\t<\/span>\n\t\t<\/div>\n\t\t\t\t\t\t<\/div>\n\t\t\t\t<\/div>\n\t\t\t\t<div class=\"elementor-element elementor-element-2bea3c86 elementor-widget elementor-widget-text-editor\" data-id=\"2bea3c86\" data-element_type=\"widget\" data-e-type=\"widget\" data-widget_type=\"text-editor.default\">\n\t\t\t\t<div class=\"elementor-widget-container\">\n\t\t\t\t\t\t\t\t\t<p>Brinck Isenkram | Sct. Laurentii Vej 81 | 9990 Skagen | +45 51 22 84 44 | <a title=\"Skagen Lachs\" href=\"https:\/\/www.skagensalmon.com\/\" target=\"_blank\" rel=\"noopener\">www.brinckisenkram.dk<\/a><\/p>\t\t\t\t\t\t\t\t<\/div>\n\t\t\t\t<\/div>\n\t\t\t\t\t<\/div>\n\t\t<\/div>\n\t\t\t\t\t<\/div>\n\t\t<\/section>\n\t\t<div class=\"elementor-element elementor-element-e9e4d66 e-flex e-con-boxed e-con e-parent\" data-id=\"e9e4d66\" data-element_type=\"container\" data-e-type=\"container\">\n\t\t\t\t\t<div class=\"e-con-inner\">\n\t\t\t\t<div class=\"elementor-element elementor-element-7958bdfc elementor-widget elementor-widget-gallery\" data-id=\"7958bdfc\" data-element_type=\"widget\" data-e-type=\"widget\" data-settings=\"{&quot;gallery_layout&quot;:&quot;masonry&quot;,&quot;lazyload&quot;:&quot;yes&quot;,&quot;columns&quot;:4,&quot;columns_tablet&quot;:2,&quot;columns_mobile&quot;:1,&quot;gap&quot;:{&quot;unit&quot;:&quot;px&quot;,&quot;size&quot;:10,&quot;sizes&quot;:[]},&quot;gap_tablet&quot;:{&quot;unit&quot;:&quot;px&quot;,&quot;size&quot;:10,&quot;sizes&quot;:[]},&quot;gap_mobile&quot;:{&quot;unit&quot;:&quot;px&quot;,&quot;size&quot;:10,&quot;sizes&quot;:[]},&quot;link_to&quot;:&quot;file&quot;,&quot;overlay_background&quot;:&quot;yes&quot;,&quot;content_hover_animation&quot;:&quot;fade-in&quot;}\" data-widget_type=\"gallery.default\">\n\t\t\t\t<div class=\"elementor-widget-container\">\n\t\t\t\t\t\t\t<div class=\"elementor-gallery__container\">\n\t\t\t\t\t\t\t<a class=\"e-gallery-item elementor-gallery-item elementor-animated-content\" href=\"https:\/\/i0.wp.com\/toppenafdanmark.dk\/wp-content\/uploads\/2025\/08\/300-x-300-Brinck-Isenkram-18.jpg?fit=300%2C300&#038;ssl=1\" data-elementor-open-lightbox=\"yes\" data-elementor-lightbox-slideshow=\"7958bdfc\" data-elementor-lightbox-title=\"300 x 300 Brinck Isenkram 18\" data-e-action-hash=\"#elementor-action%3Aaction%3Dlightbox%26settings%3DeyJpZCI6MzgwOCwidXJsIjoiaHR0cHM6XC9cL3RvcHBlbmFmZGFubWFyay5ka1wvd3AtY29udGVudFwvdXBsb2Fkc1wvMjAyNVwvMDhcLzMwMC14LTMwMC1CcmluY2stSXNlbmtyYW0tMTguanBnIiwic2xpZGVzaG93IjoiNzk1OGJkZmMifQ%3D%3D\">\n\t\t\t\t\t<div class=\"e-gallery-image elementor-gallery-item__image\" data-thumbnail=\"https:\/\/i0.wp.com\/toppenafdanmark.dk\/wp-content\/uploads\/2025\/08\/300-x-300-Brinck-Isenkram-18.jpg?fit=300%2C300&amp;ssl=1\" data-width=\"300\" data-height=\"300\" aria-label=\"\" role=\"img\" ><\/div>\n\t\t\t\t\t\t\t\t\t\t\t<div class=\"elementor-gallery-item__overlay\"><\/div>\n\t\t\t\t\t\t\t\t\t\t\t\t\t\t<\/a>\n\t\t\t\t\t\t\t<a class=\"e-gallery-item elementor-gallery-item elementor-animated-content\" href=\"https:\/\/i0.wp.com\/toppenafdanmark.dk\/wp-content\/uploads\/2025\/08\/300-x-300-Brinck-Isenkram-11.jpg?fit=300%2C300&#038;ssl=1\" data-elementor-open-lightbox=\"yes\" data-elementor-lightbox-slideshow=\"7958bdfc\" data-elementor-lightbox-title=\"300 x 300 Brinck Isenkram 11\" data-e-action-hash=\"#elementor-action%3Aaction%3Dlightbox%26settings%3DeyJpZCI6MzgwNSwidXJsIjoiaHR0cHM6XC9cL3RvcHBlbmFmZGFubWFyay5ka1wvd3AtY29udGVudFwvdXBsb2Fkc1wvMjAyNVwvMDhcLzMwMC14LTMwMC1CcmluY2stSXNlbmtyYW0tMTEuanBnIiwic2xpZGVzaG93IjoiNzk1OGJkZmMifQ%3D%3D\">\n\t\t\t\t\t<div class=\"e-gallery-image elementor-gallery-item__image\" data-thumbnail=\"https:\/\/i0.wp.com\/toppenafdanmark.dk\/wp-content\/uploads\/2025\/08\/300-x-300-Brinck-Isenkram-11.jpg?fit=300%2C300&amp;ssl=1\" data-width=\"300\" data-height=\"300\" aria-label=\"\" role=\"img\" ><\/div>\n\t\t\t\t\t\t\t\t\t\t\t<div class=\"elementor-gallery-item__overlay\"><\/div>\n\t\t\t\t\t\t\t\t\t\t\t\t\t\t<\/a>\n\t\t\t\t\t\t\t<a class=\"e-gallery-item elementor-gallery-item elementor-animated-content\" href=\"https:\/\/i0.wp.com\/toppenafdanmark.dk\/wp-content\/uploads\/2026\/01\/300-x-300-Brinck-Isenkram-19.jpg?fit=300%2C300&#038;ssl=1\" data-elementor-open-lightbox=\"yes\" data-elementor-lightbox-slideshow=\"7958bdfc\" data-elementor-lightbox-title=\"300 x 300 Brinck Isenkram 19\" data-e-action-hash=\"#elementor-action%3Aaction%3Dlightbox%26settings%3DeyJpZCI6ODU2NSwidXJsIjoiaHR0cHM6XC9cL3RvcHBlbmFmZGFubWFyay5ka1wvd3AtY29udGVudFwvdXBsb2Fkc1wvMjAyNlwvMDFcLzMwMC14LTMwMC1CcmluY2stSXNlbmtyYW0tMTkuanBnIiwic2xpZGVzaG93IjoiNzk1OGJkZmMifQ%3D%3D\">\n\t\t\t\t\t<div class=\"e-gallery-image elementor-gallery-item__image\" data-thumbnail=\"https:\/\/i0.wp.com\/toppenafdanmark.dk\/wp-content\/uploads\/2026\/01\/300-x-300-Brinck-Isenkram-19.jpg?fit=300%2C300&amp;ssl=1\" data-width=\"300\" data-height=\"300\" aria-label=\"\" role=\"img\" ><\/div>\n\t\t\t\t\t\t\t\t\t\t\t<div class=\"elementor-gallery-item__overlay\"><\/div>\n\t\t\t\t\t\t\t\t\t\t\t\t\t\t<\/a>\n\t\t\t\t\t\t\t<a class=\"e-gallery-item elementor-gallery-item elementor-animated-content\" href=\"https:\/\/i0.wp.com\/toppenafdanmark.dk\/wp-content\/uploads\/2026\/01\/300-x-300-Brinch-Isenkram-20.jpg?fit=1080%2C1112&#038;ssl=1\" data-elementor-open-lightbox=\"yes\" data-elementor-lightbox-slideshow=\"7958bdfc\" data-elementor-lightbox-title=\"300 x 300 Brinch Isenkram 20\" data-e-action-hash=\"#elementor-action%3Aaction%3Dlightbox%26settings%3DeyJpZCI6ODU2MSwidXJsIjoiaHR0cHM6XC9cL3RvcHBlbmFmZGFubWFyay5ka1wvd3AtY29udGVudFwvdXBsb2Fkc1wvMjAyNlwvMDFcLzMwMC14LTMwMC1CcmluY2gtSXNlbmtyYW0tMjAuanBnIiwic2xpZGVzaG93IjoiNzk1OGJkZmMifQ%3D%3D\">\n\t\t\t\t\t<div class=\"e-gallery-image elementor-gallery-item__image\" data-thumbnail=\"https:\/\/i0.wp.com\/toppenafdanmark.dk\/wp-content\/uploads\/2026\/01\/300-x-300-Brinch-Isenkram-20.jpg?fit=291%2C300&amp;ssl=1\" data-width=\"291\" data-height=\"300\" aria-label=\"\" role=\"img\" ><\/div>\n\t\t\t\t\t\t\t\t\t\t\t<div class=\"elementor-gallery-item__overlay\"><\/div>\n\t\t\t\t\t\t\t\t\t\t\t\t\t\t<\/a>\n\t\t\t\t\t\t\t<a class=\"e-gallery-item elementor-gallery-item elementor-animated-content\" href=\"https:\/\/i0.wp.com\/toppenafdanmark.dk\/wp-content\/uploads\/2026\/01\/300-x-300-Brinck-Isenkram-12.jpg?fit=300%2C300&#038;ssl=1\" data-elementor-open-lightbox=\"yes\" data-elementor-lightbox-slideshow=\"7958bdfc\" data-elementor-lightbox-title=\"300 x 300 Brinck Isenkram 12\" data-e-action-hash=\"#elementor-action%3Aaction%3Dlightbox%26settings%3DeyJpZCI6ODU2MiwidXJsIjoiaHR0cHM6XC9cL3RvcHBlbmFmZGFubWFyay5ka1wvd3AtY29udGVudFwvdXBsb2Fkc1wvMjAyNlwvMDFcLzMwMC14LTMwMC1CcmluY2stSXNlbmtyYW0tMTIuanBnIiwic2xpZGVzaG93IjoiNzk1OGJkZmMifQ%3D%3D\">\n\t\t\t\t\t<div class=\"e-gallery-image elementor-gallery-item__image\" data-thumbnail=\"https:\/\/i0.wp.com\/toppenafdanmark.dk\/wp-content\/uploads\/2026\/01\/300-x-300-Brinck-Isenkram-12.jpg?fit=300%2C300&amp;ssl=1\" data-width=\"300\" data-height=\"300\" aria-label=\"\" role=\"img\" ><\/div>\n\t\t\t\t\t\t\t\t\t\t\t<div class=\"elementor-gallery-item__overlay\"><\/div>\n\t\t\t\t\t\t\t\t\t\t\t\t\t\t<\/a>\n\t\t\t\t\t\t\t<a class=\"e-gallery-item elementor-gallery-item elementor-animated-content\" href=\"https:\/\/i0.wp.com\/toppenafdanmark.dk\/wp-content\/uploads\/2026\/01\/300-x-300-Brinck-Isenkram-17.jpg?fit=300%2C300&#038;ssl=1\" data-elementor-open-lightbox=\"yes\" data-elementor-lightbox-slideshow=\"7958bdfc\" data-elementor-lightbox-title=\"300 x 300 Brinck Isenkram 17\" data-e-action-hash=\"#elementor-action%3Aaction%3Dlightbox%26settings%3DeyJpZCI6ODU2MywidXJsIjoiaHR0cHM6XC9cL3RvcHBlbmFmZGFubWFyay5ka1wvd3AtY29udGVudFwvdXBsb2Fkc1wvMjAyNlwvMDFcLzMwMC14LTMwMC1CcmluY2stSXNlbmtyYW0tMTcuanBnIiwic2xpZGVzaG93IjoiNzk1OGJkZmMifQ%3D%3D\">\n\t\t\t\t\t<div class=\"e-gallery-image elementor-gallery-item__image\" data-thumbnail=\"https:\/\/i0.wp.com\/toppenafdanmark.dk\/wp-content\/uploads\/2026\/01\/300-x-300-Brinck-Isenkram-17.jpg?fit=300%2C300&amp;ssl=1\" data-width=\"300\" data-height=\"300\" aria-label=\"\" role=\"img\" ><\/div>\n\t\t\t\t\t\t\t\t\t\t\t<div class=\"elementor-gallery-item__overlay\"><\/div>\n\t\t\t\t\t\t\t\t\t\t\t\t\t\t<\/a>\n\t\t\t\t\t\t\t<a class=\"e-gallery-item elementor-gallery-item elementor-animated-content\" href=\"https:\/\/i0.wp.com\/toppenafdanmark.dk\/wp-content\/uploads\/2025\/08\/300-x-300-Brinck-Isenkram-9.jpg?fit=300%2C300&#038;ssl=1\" data-elementor-open-lightbox=\"yes\" data-elementor-lightbox-slideshow=\"7958bdfc\" data-elementor-lightbox-title=\"300 x 300 Brinck Isenkram 9\" data-e-action-hash=\"#elementor-action%3Aaction%3Dlightbox%26settings%3DeyJpZCI6MzgwNCwidXJsIjoiaHR0cHM6XC9cL3RvcHBlbmFmZGFubWFyay5ka1wvd3AtY29udGVudFwvdXBsb2Fkc1wvMjAyNVwvMDhcLzMwMC14LTMwMC1CcmluY2stSXNlbmtyYW0tOS5qcGciLCJzbGlkZXNob3ciOiI3OTU4YmRmYyJ9\">\n\t\t\t\t\t<div class=\"e-gallery-image elementor-gallery-item__image\" data-thumbnail=\"https:\/\/i0.wp.com\/toppenafdanmark.dk\/wp-content\/uploads\/2025\/08\/300-x-300-Brinck-Isenkram-9.jpg?fit=300%2C300&amp;ssl=1\" data-width=\"300\" data-height=\"300\" aria-label=\"\" role=\"img\" ><\/div>\n\t\t\t\t\t\t\t\t\t\t\t<div class=\"elementor-gallery-item__overlay\"><\/div>\n\t\t\t\t\t\t\t\t\t\t\t\t\t\t<\/a>\n\t\t\t\t\t\t\t<a class=\"e-gallery-item elementor-gallery-item elementor-animated-content\" href=\"https:\/\/i0.wp.com\/toppenafdanmark.dk\/wp-content\/uploads\/2026\/01\/300-x-300-Brinck-Isenkram-Skagen.jpg?fit=300%2C300&#038;ssl=1\" data-elementor-open-lightbox=\"yes\" data-elementor-lightbox-slideshow=\"7958bdfc\" data-elementor-lightbox-title=\"300 x 300 Brinck Isenkram Skagen\" data-e-action-hash=\"#elementor-action%3Aaction%3Dlightbox%26settings%3DeyJpZCI6ODU2NywidXJsIjoiaHR0cHM6XC9cL3RvcHBlbmFmZGFubWFyay5ka1wvd3AtY29udGVudFwvdXBsb2Fkc1wvMjAyNlwvMDFcLzMwMC14LTMwMC1CcmluY2stSXNlbmtyYW0tU2thZ2VuLmpwZyIsInNsaWRlc2hvdyI6Ijc5NThiZGZjIn0%3D\">\n\t\t\t\t\t<div class=\"e-gallery-image elementor-gallery-item__image\" data-thumbnail=\"https:\/\/i0.wp.com\/toppenafdanmark.dk\/wp-content\/uploads\/2026\/01\/300-x-300-Brinck-Isenkram-Skagen.jpg?fit=300%2C300&amp;ssl=1\" data-width=\"300\" data-height=\"300\" aria-label=\"\" role=\"img\" ><\/div>\n\t\t\t\t\t\t\t\t\t\t\t<div class=\"elementor-gallery-item__overlay\"><\/div>\n\t\t\t\t\t\t\t\t\t\t\t\t\t\t<\/a>\n\t\t\t\t\t<\/div>\n\t\t\t\t\t<\/div>\n\t\t\t\t<\/div>\n\t\t\t\t\t<\/div>\n\t\t\t\t<\/div>\n\t\t<div class=\"elementor-element elementor-element-bd7de2a e-flex e-con-boxed e-con e-parent\" data-id=\"bd7de2a\" data-element_type=\"container\" data-e-type=\"container\">\n\t\t\t\t\t<div class=\"e-con-inner\">\n\t\t\t\t\t<\/div>\n\t\t\t\t<\/div>\n\t\t\t\t<\/div>","protected":false},"excerpt":{"rendered":"<p>Brinck Isenkram Skagen Alt inden for isenkram \u2013 Brinck Isenkram Skagen Brinck Isenkram Skagen er din lokale isenkr\u00e6mmer i hjertet af Skagen, hvor vi i mange \u00e5r har serviceret b\u00e5de [&hellip;]<\/p>\n","protected":false},"author":266444217,"featured_media":2376,"parent":0,"menu_order":0,"comment_status":"closed","ping_status":"closed","template":"","meta":{"_crdt_document":"","footnotes":""},"folder":[1385],"class_list":["post-2369","page","type-page","status-publish","has-post-thumbnail","hentry"],"jetpack_sharing_enabled":true,"jetpack_shortlink":"https:\/\/wp.me\/PgDlef-Cd","_links":{"self":[{"href":"https:\/\/toppenafdanmark.dk\/de\/wp-json\/wp\/v2\/pages\/2369","targetHints":{"allow":["GET"]}}],"collection":[{"href":"https:\/\/toppenafdanmark.dk\/de\/wp-json\/wp\/v2\/pages"}],"about":[{"href":"https:\/\/toppenafdanmark.dk\/de\/wp-json\/wp\/v2\/types\/page"}],"author":[{"embeddable":true,"href":"https:\/\/toppenafdanmark.dk\/de\/wp-json\/wp\/v2\/users\/266444217"}],"replies":[{"embeddable":true,"href":"https:\/\/toppenafdanmark.dk\/de\/wp-json\/wp\/v2\/comments?post=2369"}],"version-history":[{"count":49,"href":"https:\/\/toppenafdanmark.dk\/de\/wp-json\/wp\/v2\/pages\/2369\/revisions"}],"predecessor-version":[{"id":8570,"href":"https:\/\/toppenafdanmark.dk\/de\/wp-json\/wp\/v2\/pages\/2369\/revisions\/8570"}],"wp:featuredmedia":[{"embeddable":true,"href":"https:\/\/toppenafdanmark.dk\/de\/wp-json\/wp\/v2\/media\/2376"}],"wp:attachment":[{"href":"https:\/\/toppenafdanmark.dk\/de\/wp-json\/wp\/v2\/media?parent=2369"}],"wp:term":[{"taxonomy":"folder","embeddable":true,"href":"https:\/\/toppenafdanmark.dk\/de\/wp-json\/wp\/v2\/folder?post=2369"}],"curies":[{"name":"wp","href":"https:\/\/api.w.org\/{rel}","templated":true}]}}