{"id":2383,"date":"2025-07-03T14:51:05","date_gmt":"2025-07-03T12:51:05","guid":{"rendered":"https:\/\/toppenafdanmark.dk\/?page_id=2383"},"modified":"2026-01-18T11:46:59","modified_gmt":"2026-01-18T10:46:59","slug":"cookiepolitik","status":"publish","type":"page","link":"https:\/\/toppenafdanmark.dk\/de\/cookiepolitik\/","title":{"rendered":"Cookie-Politik"},"content":{"rendered":"<div data-elementor-type=\"wp-page\" data-elementor-id=\"2383\" class=\"elementor elementor-2383\" data-elementor-post-type=\"page\">\n\t\t\t\t\t\t<section class=\"elementor-section elementor-top-section elementor-element elementor-element-7d3b2612 elementor-section-boxed elementor-section-height-default elementor-section-height-default\" data-id=\"7d3b2612\" data-element_type=\"section\" data-e-type=\"section\">\n\t\t\t\t\t\t<div class=\"elementor-container elementor-column-gap-no\">\n\t\t\t\t\t<div class=\"elementor-column elementor-col-100 elementor-top-column elementor-element elementor-element-5dcf7a36\" data-id=\"5dcf7a36\" data-element_type=\"column\" data-e-type=\"column\">\n\t\t\t<div class=\"elementor-widget-wrap elementor-element-populated\">\n\t\t\t\t\t\t<div class=\"elementor-element elementor-element-6d5eac7b elementor-widget elementor-widget-heading\" data-id=\"6d5eac7b\" data-element_type=\"widget\" data-e-type=\"widget\" data-widget_type=\"heading.default\">\n\t\t\t\t<div class=\"elementor-widget-container\">\n\t\t\t\t\t<h2 class=\"elementor-heading-title elementor-size-default\">Cookie-Politik<\/h2>\t\t\t\t<\/div>\n\t\t\t\t<\/div>\n\t\t\t\t<div class=\"elementor-element elementor-element-2253d022 elementor-widget-divider--view-line elementor-widget elementor-widget-divider\" data-id=\"2253d022\" data-element_type=\"widget\" data-e-type=\"widget\" data-widget_type=\"divider.default\">\n\t\t\t\t<div class=\"elementor-widget-container\">\n\t\t\t\t\t\t\t<div class=\"elementor-divider\">\n\t\t\t<span class=\"elementor-divider-separator\">\n\t\t\t\t\t\t<\/span>\n\t\t<\/div>\n\t\t\t\t\t\t<\/div>\n\t\t\t\t<\/div>\n\t\t\t\t<div class=\"elementor-element elementor-element-269c9749 elementor-widget elementor-widget-text-editor\" data-id=\"269c9749\" data-element_type=\"widget\" data-e-type=\"widget\" data-widget_type=\"text-editor.default\">\n\t\t\t\t<div class=\"elementor-widget-container\">\n\t\t\t\t\t\t\t\t\t<p>F\u00fcr Toppen af Danmark ist es wichtig, dass Sie sich bei der Nutzung unserer Plattformen und Angebote wohlf\u00fchlen. Deshalb k\u00f6nnen Sie auf dieser Seite mehr dar\u00fcber lesen, welche Dienste wir nutzen, um Ihnen die bestm\u00f6gliche Erfahrung zu bieten.<\/p><p>Um Ihre Daten zu verwalten, verwenden wir Cookie-Informationen, ein Tool eines Drittanbieters, das dazu dient, Ihre Einwilligungen zu verfolgen. Hier k\u00f6nnen Sie auch Ihre Einwilligungen anpassen.\u00a0<\/p><p>Wenn Sie die Websites von Toppen af Danmarks besuchen, werden Informationen \u00fcber Sie gesammelt, die zur Analyse und Verbesserung des Inhalts und zur Verbesserung unseres Marketings verwendet werden. Wenn Sie nicht m\u00f6chten, dass Informationen gesammelt werden, sollten Sie Ihre Cookies l\u00f6schen und von der weiteren Nutzung unserer Websites absehen. Nachstehend erfahren Sie, welche Informationen gesammelt werden, zu welchem Zweck sie verwendet werden und welche Dritten Zugang zu ihnen haben. Sie k\u00f6nnen auch sehen, f\u00fcr welche unserer Websites Sie Ihr Einverst\u00e4ndnis geben.<\/p><p>Die Websites von Toppen af Danmarks verwenden \"Cookies\", d. h. Textdateien, die auf Ihrem Computer, Mobiltelefon o. \u00c4. gespeichert werden, um ihn wiederzuerkennen, sich an Einstellungen zu erinnern, Statistiken zu erstellen und Werbung gezielt zu platzieren. Cookies erm\u00f6glichen es Ihrem Browser beispielsweise, sich Ihre Passw\u00f6rter zu merken, so dass Sie sie nur einmal eingeben m\u00fcssen, und ein Webshop kann sich merken, welche Artikel Sie in Ihren Warenkorb gelegt haben. Cookies k\u00f6nnen keinen b\u00f6sartigen Code wie z. B. Viren enthalten.<\/p><p>Es ist m\u00f6glich, Cookies zu l\u00f6schen oder zu blockieren. Wenn Sie Cookies l\u00f6schen oder blockieren, sind wir nicht in der Lage, Ihnen relevante Informationen oder Angebote auf der Grundlage Ihres Besuchs auf unserer Website zu senden. Sie riskieren auch, dass die Website nicht optimal funktioniert.<\/p><p>Die Website enth\u00e4lt Cookies von Drittanbietern, die in unterschiedlichem Umfang enthalten k\u00f6nnen:<\/p><h3>Erforderliche Cookies<\/h3><p>Die erforderlichen Cookies sind notwendig, damit die Websites von Toppen af Danmarks die von Ihnen gew\u00fcnschten Dienste anbieten k\u00f6nnen. Diese Cookies werden von der Website gesetzt und dienen beispielsweise dazu, Sie zu erkennen, wenn Sie sich auf der Website bewegen, und sich daran zu erinnern, ob Sie eingeloggt sind. Diese Art von Cookies wird automatisch gel\u00f6scht, wenn Sie Ihren Browser schlie\u00dfen.<\/p><h3>Pr\u00e4ferenz-Cookies<\/h3><p>Pr\u00e4ferenz-Cookies werden verwendet, um Ihre Pr\u00e4ferenzen auf Websites zu speichern, z. B. die Sprache oder Auswahlm\u00f6glichkeiten, die die Navigation erleichtern. Diese Cookies werden von der Website gesetzt und dienen dazu, die Benutzerfreundlichkeit zu verbessern. Pr\u00e4ferenz-Cookies werden auf Ihrem Computer gespeichert und laufen nach einem bestimmten Datum\/Zeitintervall ab.<\/p><h3>Cookies analysieren<\/h3><p>Toppen af Danmark verwendet Google Analytics-Cookies, um Besucherstatistiken zu sammeln. Diese Cookies sammeln Informationen \u00fcber Ihre Nutzung der Website, einschlie\u00dflich Ihrer IP-Adresse. Sie k\u00f6nnen Cookies von Google Analytics mit diesem Tool deaktivieren.<\/p><p>Wir verwenden auch Schaltfl\u00e4chen, die es erm\u00f6glichen, Inhalte auf sozialen Medien zu teilen. Diese Schaltfl\u00e4chen k\u00f6nnen auch anonyme Statistiken \u00fcber die Nutzung unserer Websites sammeln.<\/p><h3>Marketing-Cookies<\/h3><ul><li><strong>Facebook:<\/strong>\u00a0Toppen af Danmark verwendet ein Facebook-Pixel, um Besucher, die ein Facebook-Konto haben, besser mit relevanten Informationen zu versorgen. Auf diese Weise k\u00f6nnen wir gezielt relevante Informationen und Angebote f\u00fcr Facebook-Nutzer bereitstellen, die Interesse an einem Thema auf unseren Websites gezeigt haben<\/li><li><strong>Mailchimp<\/strong>\u00a0(Newsletter): Unsere Newsletter enthalten einen Cookie-Typ, der nachverfolgt, ob Sie unsere E-Mails \u00f6ffnen und ob Sie auf darin enthaltene Links klicken. Die Cookies, die in unseren E-Mails verwendet werden, um diese Verhaltensweisen zu \u00fcberwachen, sind f\u00fcr jede E-Mail einzigartig und werden nicht auf Ihrem Computer oder Mobilger\u00e4t gespeichert<\/li><li><strong>DoubleClick:<\/strong>\u00a0DoubleClick ist eines der Google-Tools, die wir f\u00fcr unser Marketing nutzen. Wenn Sie Cookies von Toppen af Danmarks-Websites akzeptieren, k\u00f6nnen Sie auf anderen Websites Anzeigen von uns sehen, \u00e4hnlich wie bei Facebook. Wir tun dies, um Ihnen relevante Informationen und Angebote auf anderen Plattformen zur Verf\u00fcgung zu stellen.<\/li><\/ul><p>Wir haben keinen Zugriff auf die Cookies Dritter oder die darin enthaltenen Informationen. Dritte verwalten alle Informationen, die sie durch von ihnen ausgegebene Cookies sammeln, in \u00dcbereinstimmung mit ihren Datenschutzrichtlinien.<\/p><p>Sie k\u00f6nnen sich gegen die Verwendung von Cookies f\u00fcr personalisierte Werbung durch Dritte entscheiden. Um mehr zu erfahren oder die Verwendung solcher personalisierter Werbe-Cookies von Dritten in der EU zu unterbinden, besuchen Sie bitte youronlinechoices.com.<\/p><p>Ihr Einverst\u00e4ndnis, Opt-in und Opt-out, gilt f\u00fcr die folgenden Domains, die Eigentum von Toppen af Danmark sind:<\/p><ul><li>toppenafdanmark.dk<\/li><li>topofdanmark.com<\/li><li>topofdanmark.co.uk<\/li><li>visitfrederikshavn.dk<\/li><li>visitaeby.dk\u00a0<\/li><li>visitkagen.dk<\/li><li>skagen.dk<\/li><li>skagen-tourist.dk<\/li><\/ul><h2>Datenschutzbestimmungen<\/h2><p>Personenbezogene Daten sind alle Informationen, die Ihnen in irgendeiner Form zugeordnet werden k\u00f6nnen. Wenn Sie die Webseiten von Toppen af Danmarks nutzen, sammeln und verarbeiten wir eine Reihe solcher Informationen in Verbindung mit Statistiken und Newslettern.\u00a0<\/p><p><a title=\"Datenschutzbestimmungen\" href=\"https:\/\/toppenafdanmark.dk\/de\/privatlivspolitik\/\" data-entity-substitution=\"canonical\" data-entity-type=\"node\" data-entity-uuid=\"a92048c8-d9f9-49e4-9b58-3ec77a2e6224\">Lesen Sie mehr \u00fcber unsere Datenschutzpolitik<\/a><\/p>\t\t\t\t\t\t\t\t<\/div>\n\t\t\t\t<\/div>\n\t\t\t\t<div class=\"elementor-element elementor-element-2973474d elementor-widget-divider--view-line elementor-widget elementor-widget-divider\" data-id=\"2973474d\" data-element_type=\"widget\" data-e-type=\"widget\" data-widget_type=\"divider.default\">\n\t\t\t\t<div class=\"elementor-widget-container\">\n\t\t\t\t\t\t\t<div class=\"elementor-divider\">\n\t\t\t<span class=\"elementor-divider-separator\">\n\t\t\t\t\t\t<\/span>\n\t\t<\/div>\n\t\t\t\t\t\t<\/div>\n\t\t\t\t<\/div>\n\t\t\t\t\t<\/div>\n\t\t<\/div>\n\t\t\t\t\t<\/div>\n\t\t<\/section>\n\t\t\t\t<\/div>","protected":false},"excerpt":{"rendered":"<p>Cookiepolitik Det er afg\u00f8rende for Toppen af Danmark, at du f\u00f8ler dig tryg ved at benytte vores platforme og tilbud. Derfor kan du p\u00e5 denne side l\u00e6se mere om, hvilke [&hellip;]<\/p>\n","protected":false},"author":266444213,"featured_media":0,"parent":0,"menu_order":0,"comment_status":"closed","ping_status":"closed","template":"","meta":{"_crdt_document":"","footnotes":""},"folder":[1380],"class_list":["post-2383","page","type-page","status-publish","hentry"],"jetpack_sharing_enabled":true,"jetpack_shortlink":"https:\/\/wp.me\/PgDlef-Cr","_links":{"self":[{"href":"https:\/\/toppenafdanmark.dk\/de\/wp-json\/wp\/v2\/pages\/2383","targetHints":{"allow":["GET"]}}],"collection":[{"href":"https:\/\/toppenafdanmark.dk\/de\/wp-json\/wp\/v2\/pages"}],"about":[{"href":"https:\/\/toppenafdanmark.dk\/de\/wp-json\/wp\/v2\/types\/page"}],"author":[{"embeddable":true,"href":"https:\/\/toppenafdanmark.dk\/de\/wp-json\/wp\/v2\/users\/266444213"}],"replies":[{"embeddable":true,"href":"https:\/\/toppenafdanmark.dk\/de\/wp-json\/wp\/v2\/comments?post=2383"}],"version-history":[{"count":18,"href":"https:\/\/toppenafdanmark.dk\/de\/wp-json\/wp\/v2\/pages\/2383\/revisions"}],"predecessor-version":[{"id":8335,"href":"https:\/\/toppenafdanmark.dk\/de\/wp-json\/wp\/v2\/pages\/2383\/revisions\/8335"}],"wp:attachment":[{"href":"https:\/\/toppenafdanmark.dk\/de\/wp-json\/wp\/v2\/media?parent=2383"}],"wp:term":[{"taxonomy":"folder","embeddable":true,"href":"https:\/\/toppenafdanmark.dk\/de\/wp-json\/wp\/v2\/folder?post=2383"}],"curies":[{"name":"wp","href":"https:\/\/api.w.org\/{rel}","templated":true}]}}