{"id":3288,"date":"2025-07-17T11:30:55","date_gmt":"2025-07-17T09:30:55","guid":{"rendered":"https:\/\/toppenafdanmark.dk\/?page_id=3288"},"modified":"2026-03-13T09:32:03","modified_gmt":"2026-03-13T08:32:03","slug":"color-hotel-skagen","status":"publish","type":"page","link":"https:\/\/toppenafdanmark.dk\/de\/color-hotel-skagen\/","title":{"rendered":"Farbenhotel Skagen"},"content":{"rendered":"<div data-elementor-type=\"wp-page\" data-elementor-id=\"3288\" class=\"elementor elementor-3288\" data-elementor-post-type=\"page\">\n\t\t\t\t<div class=\"elementor-element elementor-element-38fe9f4e e-con-full e-flex e-con e-parent\" data-id=\"38fe9f4e\" data-element_type=\"container\" data-e-type=\"container\" data-settings=\"{&quot;background_background&quot;:&quot;classic&quot;}\">\n\t\t<div class=\"elementor-element elementor-element-4e932762 e-con-full elementor-hidden-mobile e-flex e-con e-child\" data-id=\"4e932762\" data-element_type=\"container\" data-e-type=\"container\" data-settings=\"{&quot;background_background&quot;:&quot;classic&quot;}\">\n\t\t\t\t<\/div>\n\t\t<div class=\"elementor-element elementor-element-5e366cb e-con-full e-flex e-con e-child\" data-id=\"5e366cb\" data-element_type=\"container\" data-e-type=\"container\" data-settings=\"{&quot;background_background&quot;:&quot;classic&quot;}\">\n\t\t\t\t<\/div>\n\t\t<div class=\"elementor-element elementor-element-21a6610d e-con-full elementor-hidden-mobile e-flex e-con e-child\" data-id=\"21a6610d\" data-element_type=\"container\" data-e-type=\"container\" data-settings=\"{&quot;background_background&quot;:&quot;classic&quot;}\">\n\t\t\t\t<\/div>\n\t\t\t\t<\/div>\n\t\t\t\t<section class=\"elementor-section elementor-top-section elementor-element elementor-element-6309cf15 elementor-section-boxed elementor-section-height-default elementor-section-height-default\" data-id=\"6309cf15\" data-element_type=\"section\" data-e-type=\"section\">\n\t\t\t\t\t\t<div class=\"elementor-container elementor-column-gap-no\">\n\t\t\t\t\t<div class=\"elementor-column elementor-col-100 elementor-top-column elementor-element elementor-element-7f510d8e\" data-id=\"7f510d8e\" data-element_type=\"column\" data-e-type=\"column\">\n\t\t\t<div class=\"elementor-widget-wrap elementor-element-populated\">\n\t\t\t\t\t\t<div class=\"elementor-element elementor-element-922475b elementor-widget elementor-widget-heading\" data-id=\"922475b\" data-element_type=\"widget\" data-e-type=\"widget\" data-widget_type=\"heading.default\">\n\t\t\t\t<div class=\"elementor-widget-container\">\n\t\t\t\t\t<h2 class=\"elementor-heading-title elementor-size-default\">Farbenhotel Skagen<\/h2>\t\t\t\t<\/div>\n\t\t\t\t<\/div>\n\t\t\t\t<div class=\"elementor-element elementor-element-249a2c57 elementor-widget-divider--view-line elementor-widget elementor-widget-divider\" data-id=\"249a2c57\" data-element_type=\"widget\" data-e-type=\"widget\" data-widget_type=\"divider.default\">\n\t\t\t\t<div class=\"elementor-widget-container\">\n\t\t\t\t\t\t\t<div class=\"elementor-divider\">\n\t\t\t<span class=\"elementor-divider-separator\">\n\t\t\t\t\t\t<\/span>\n\t\t<\/div>\n\t\t\t\t\t\t<\/div>\n\t\t\t\t<\/div>\n\t\t\t\t<div class=\"elementor-element elementor-element-1a02567f elementor-widget elementor-widget-text-editor\" data-id=\"1a02567f\" data-element_type=\"widget\" data-e-type=\"widget\" data-widget_type=\"text-editor.default\">\n\t\t\t\t<div class=\"elementor-widget-container\">\n\t\t\t\t\t\t\t\t\t<h4>Das 4-Sterne-Hotel, in dem N\u00e4he, Qualit\u00e4t und Nachhaltigkeit im Mittelpunkt stehen<\/h4><p>Willkommen im Color Hotel Skagen, wo das Erlebnis im Mittelpunkt steht. Mit \u00fcber 50 Jahren Erfahrung in der Hotelbranche hei\u00dfen wir sowohl Urlauber als auch Gesch\u00e4ftsreisende willkommen, die einen Aufenthalt in einer einzigartigen Umgebung inmitten der atemberaubenden Natur von Skagen w\u00fcnschen.<\/p><h4>Auf Ihre Bed\u00fcrfnisse zugeschnittene Erlebnisse<\/h4><p>Im Color Hotel Skagen wissen wir, dass kein Gast wie der andere ist. Deshalb haben wir ein Hotel geschaffen, das alle Facetten des Lebens einbezieht - ob Sie nun eintauchen, feiern, Zeit mit der Familie verbringen oder einen professionellen Rahmen f\u00fcr Ihr Gesch\u00e4ft suchen. Unser Ziel ist es, den perfekten Rahmen f\u00fcr Ihre Erinnerungen und gro\u00dfen Momente zu schaffen. Mit pers\u00f6nlichem Service und einem hohen Ma\u00df an Professionalit\u00e4t bieten wir Ihnen einen Aufenthalt, bei dem Sie ganz Sie selbst sein k\u00f6nnen und N\u00e4he genie\u00dfen - zur Natur, zu Erlebnissen und zu den Menschen, mit denen Sie zusammen sind.<\/p><h4>Exklusive Einrichtungen und Gourmet-Erlebnisse<\/h4><p>Unsere Einrichtungen sind auf Komfort und Wohlbefinden ausgerichtet: Genie\u00dfen Sie unseren beheizten Pool, entspannen Sie in modernen Zimmern mit Qualit\u00e4tsbetten, erleben Sie Spitzengastronomie in unserem Gourmetrestaurant und erkunden Sie unseren Weinkeller mit einer beeindruckenden Auswahl. Die Lage des Hotels bietet Ihnen au\u00dferdem direkten Zugang zu Skagens einzigartiger Natur und Kultur - von D\u00fcnen und Str\u00e4nden bis hin zu Kunst und lokaler Geschichte.<\/p><h4>Skagen als Reiseziel - und Ihr Startpunkt<\/h4><p>Das Color Hotel Skagen ist nicht nur ein Ort zum \u00dcbernachten, sondern auch Ihr Ausgangspunkt, um alles zu erleben, was Skagen zu bieten hat. Wir geben gerne unsere Ortskenntnisse und Empfehlungen weiter, damit Sie das Beste aus Ihrem Aufenthalt machen k\u00f6nnen - ob Sie nun von romantischen Sonnenunterg\u00e4ngen, herrlichen Naturerlebnissen oder gem\u00fctlichen Momenten in der Stadt tr\u00e4umen. Bei uns ist Platz f\u00fcr Ruhe und Leben gleicherma\u00dfen.<\/p>\t\t\t\t\t\t\t\t<\/div>\n\t\t\t\t<\/div>\n\t\t\t\t<section class=\"elementor-section elementor-inner-section elementor-element elementor-element-48e23ab0 elementor-section-boxed elementor-section-height-default elementor-section-height-default\" data-id=\"48e23ab0\" data-element_type=\"section\" data-e-type=\"section\">\n\t\t\t\t\t\t<div class=\"elementor-container elementor-column-gap-no\">\n\t\t\t\t\t<div class=\"elementor-column elementor-col-50 elementor-inner-column elementor-element elementor-element-6ab78b21\" data-id=\"6ab78b21\" data-element_type=\"column\" data-e-type=\"column\">\n\t\t\t<div class=\"elementor-widget-wrap elementor-element-populated\">\n\t\t\t\t\t\t<div class=\"elementor-element elementor-element-3bda00e2 elementor-widget elementor-widget-image\" data-id=\"3bda00e2\" data-element_type=\"widget\" data-e-type=\"widget\" data-widget_type=\"image.default\">\n\t\t\t\t<div class=\"elementor-widget-container\">\n\t\t\t\t\t\t\t\t\t\t\t\t\t\t\t<img fetchpriority=\"high\" decoding=\"async\" data-attachment-id=\"3300\" data-permalink=\"https:\/\/toppenafdanmark.dk\/de\/color-hotel-skagen\/1024x1024-color-hotel-skagen-poolen\/\" data-orig-file=\"https:\/\/i0.wp.com\/toppenafdanmark.dk\/wp-content\/uploads\/2025\/07\/1024x1024-Color-Hotel-Skagen-poolen.jpg?fit=1024%2C1024&amp;ssl=1\" data-orig-size=\"1024,1024\" data-comments-opened=\"0\" data-image-meta=\"{&quot;aperture&quot;:&quot;1.8&quot;,&quot;credit&quot;:&quot;Csaba Labancz&quot;,&quot;camera&quot;:&quot;Canon EOS 5D Mark IV&quot;,&quot;caption&quot;:&quot;&quot;,&quot;created_timestamp&quot;:&quot;1527089285&quot;,&quot;copyright&quot;:&quot;&quot;,&quot;focal_length&quot;:&quot;85&quot;,&quot;iso&quot;:&quot;100&quot;,&quot;shutter_speed&quot;:&quot;0.0002&quot;,&quot;title&quot;:&quot;&quot;,&quot;orientation&quot;:&quot;1&quot;}\" data-image-title=\"1024&amp;#215;1024 Color Hotel Skagen poolen\" data-image-description=\"\" data-image-caption=\"\" data-large-file=\"https:\/\/i0.wp.com\/toppenafdanmark.dk\/wp-content\/uploads\/2025\/07\/1024x1024-Color-Hotel-Skagen-poolen.jpg?fit=800%2C800&amp;ssl=1\" width=\"800\" height=\"800\" src=\"https:\/\/i0.wp.com\/toppenafdanmark.dk\/wp-content\/uploads\/2025\/07\/1024x1024-Color-Hotel-Skagen-poolen.jpg?fit=800%2C800&amp;ssl=1\" class=\"attachment-large size-large wp-image-3300\" alt=\"\" srcset=\"https:\/\/i0.wp.com\/toppenafdanmark.dk\/wp-content\/uploads\/2025\/07\/1024x1024-Color-Hotel-Skagen-poolen.jpg?w=1024&amp;ssl=1 1024w, https:\/\/i0.wp.com\/toppenafdanmark.dk\/wp-content\/uploads\/2025\/07\/1024x1024-Color-Hotel-Skagen-poolen.jpg?resize=300%2C300&amp;ssl=1 300w, https:\/\/i0.wp.com\/toppenafdanmark.dk\/wp-content\/uploads\/2025\/07\/1024x1024-Color-Hotel-Skagen-poolen.jpg?resize=150%2C150&amp;ssl=1 150w, https:\/\/i0.wp.com\/toppenafdanmark.dk\/wp-content\/uploads\/2025\/07\/1024x1024-Color-Hotel-Skagen-poolen.jpg?resize=768%2C768&amp;ssl=1 768w, https:\/\/i0.wp.com\/toppenafdanmark.dk\/wp-content\/uploads\/2025\/07\/1024x1024-Color-Hotel-Skagen-poolen.jpg?resize=12%2C12&amp;ssl=1 12w\" sizes=\"(max-width: 800px) 100vw, 800px\" \/>\t\t\t\t\t\t\t\t\t\t\t\t\t\t\t<\/div>\n\t\t\t\t<\/div>\n\t\t\t\t\t<\/div>\n\t\t<\/div>\n\t\t\t\t<div class=\"elementor-column elementor-col-50 elementor-inner-column elementor-element elementor-element-7505c94\" data-id=\"7505c94\" data-element_type=\"column\" data-e-type=\"column\">\n\t\t\t<div class=\"elementor-widget-wrap elementor-element-populated\">\n\t\t\t\t\t\t<div class=\"elementor-element elementor-element-7ec2017c elementor-widget elementor-widget-image\" data-id=\"7ec2017c\" data-element_type=\"widget\" data-e-type=\"widget\" data-widget_type=\"image.default\">\n\t\t\t\t<div class=\"elementor-widget-container\">\n\t\t\t\t\t\t\t\t\t\t\t\t\t\t\t<img decoding=\"async\" data-attachment-id=\"3293\" data-permalink=\"https:\/\/toppenafdanmark.dk\/de\/color-hotel-skagen\/1024x1024-color-hotel-skagen-restaurant-tapas-i-marehalm\/\" data-orig-file=\"https:\/\/i0.wp.com\/toppenafdanmark.dk\/wp-content\/uploads\/2025\/07\/1024x1024-color-hotel-Skagen-restaurant-tapas-i-marehalm.webp?fit=1024%2C1024&amp;ssl=1\" data-orig-size=\"1024,1024\" data-comments-opened=\"0\" data-image-meta=\"{&quot;aperture&quot;:&quot;0&quot;,&quot;credit&quot;:&quot;&quot;,&quot;camera&quot;:&quot;&quot;,&quot;caption&quot;:&quot;&quot;,&quot;created_timestamp&quot;:&quot;0&quot;,&quot;copyright&quot;:&quot;&quot;,&quot;focal_length&quot;:&quot;0&quot;,&quot;iso&quot;:&quot;0&quot;,&quot;shutter_speed&quot;:&quot;0&quot;,&quot;title&quot;:&quot;&quot;,&quot;orientation&quot;:&quot;0&quot;}\" data-image-title=\"1024&amp;#215;1024 color hotel Skagen restaurant tapas i marehalm\" data-image-description=\"\" data-image-caption=\"\" data-large-file=\"https:\/\/i0.wp.com\/toppenafdanmark.dk\/wp-content\/uploads\/2025\/07\/1024x1024-color-hotel-Skagen-restaurant-tapas-i-marehalm.webp?fit=800%2C800&amp;ssl=1\" width=\"800\" height=\"800\" src=\"https:\/\/i0.wp.com\/toppenafdanmark.dk\/wp-content\/uploads\/2025\/07\/1024x1024-color-hotel-Skagen-restaurant-tapas-i-marehalm.webp?fit=800%2C800&amp;ssl=1\" class=\"attachment-large size-large wp-image-3293\" alt=\"L\u00e6kker mad p\u00e5 Color Hotel Skagen\" srcset=\"https:\/\/i0.wp.com\/toppenafdanmark.dk\/wp-content\/uploads\/2025\/07\/1024x1024-color-hotel-Skagen-restaurant-tapas-i-marehalm.webp?w=1024&amp;ssl=1 1024w, https:\/\/i0.wp.com\/toppenafdanmark.dk\/wp-content\/uploads\/2025\/07\/1024x1024-color-hotel-Skagen-restaurant-tapas-i-marehalm.webp?resize=300%2C300&amp;ssl=1 300w, https:\/\/i0.wp.com\/toppenafdanmark.dk\/wp-content\/uploads\/2025\/07\/1024x1024-color-hotel-Skagen-restaurant-tapas-i-marehalm.webp?resize=150%2C150&amp;ssl=1 150w, https:\/\/i0.wp.com\/toppenafdanmark.dk\/wp-content\/uploads\/2025\/07\/1024x1024-color-hotel-Skagen-restaurant-tapas-i-marehalm.webp?resize=768%2C768&amp;ssl=1 768w, https:\/\/i0.wp.com\/toppenafdanmark.dk\/wp-content\/uploads\/2025\/07\/1024x1024-color-hotel-Skagen-restaurant-tapas-i-marehalm.webp?resize=12%2C12&amp;ssl=1 12w\" sizes=\"(max-width: 800px) 100vw, 800px\" \/>\t\t\t\t\t\t\t\t\t\t\t\t\t\t\t<\/div>\n\t\t\t\t<\/div>\n\t\t\t\t\t<\/div>\n\t\t<\/div>\n\t\t\t\t\t<\/div>\n\t\t<\/section>\n\t\t\t\t<div class=\"elementor-element elementor-element-5b143912 elementor-widget elementor-widget-text-editor\" data-id=\"5b143912\" data-element_type=\"widget\" data-e-type=\"widget\" data-widget_type=\"text-editor.default\">\n\t\t\t\t<div class=\"elementor-widget-container\">\n\t\t\t\t\t\t\t\t\t<h4>Nachhaltigkeit und Verantwortung - ein selbstverst\u00e4ndlicher Teil des t\u00e4glichen Lebens<\/h4><p>Wir \u00fcbernehmen Verantwortung f\u00fcr unseren Fu\u00dfabdruck - sowohl f\u00fcr die Umwelt als auch f\u00fcr die Menschen. Als eines der ersten Hotels n\u00f6rdlich des Limfjords sind wir seit 2019 Green Key zertifiziert. Wir arbeiten t\u00e4glich mit nachhaltigen L\u00f6sungen, einschlie\u00dflich Energieeinsparungen, M\u00fclltrennung, Abfallreduzierung und Zusammenarbeit mit umweltbewussten Lieferanten. Unsere Nachhaltigkeitsstrategie ist inspiriert von den UN-Zielen f\u00fcr nachhaltige Entwicklung und unserem eigenen Anspruch, mehr zu geben als zu nehmen.<\/p><h4>Was uns einzigartig macht<\/h4><p>* 4-Sterne-Hotel mit moderner Ausstattung<\/p><p>* Gourmet-Restaurant und gro\u00dfer Weinkeller<\/p><p>* Beheizter Pool und Wellness-Atmosph\u00e4re<\/p><p>* Lage in der N\u00e4he von Skagens sch\u00f6ner Natur<\/p><p>* Gezielte Nachhaltigkeit und Green Key Zertifizierung<\/p><p>* Hosts mit Pers\u00f6nlichkeit und \u00fcber 50 Jahren Erfahrung<\/p><h4>Ein Hotel, das sein Herz am rechten Fleck hat<\/h4><p>Im Color Hotel Skagen geht es nicht nur um Ziegelsteine und Sterne - es geht um Menschen und Erinnerungen. Wir begegnen Ihnen als die, die wir sind, und wir tun unser Bestes, um Ihnen einen unvergesslichen Aufenthalt zu bereiten. Hier ist Platz f\u00fcr das Leben, das Sie leben m\u00f6chten - und wir freuen uns darauf, Sie an dem Ort zu begr\u00fc\u00dfen, an dem sich N\u00e4he und Qualit\u00e4t im Herzen von Skagen treffen.<\/p>\t\t\t\t\t\t\t\t<\/div>\n\t\t\t\t<\/div>\n\t\t\t\t<div class=\"elementor-element elementor-element-5f332b6b elementor-widget-divider--view-line elementor-widget elementor-widget-divider\" data-id=\"5f332b6b\" data-element_type=\"widget\" data-e-type=\"widget\" data-widget_type=\"divider.default\">\n\t\t\t\t<div class=\"elementor-widget-container\">\n\t\t\t\t\t\t\t<div class=\"elementor-divider\">\n\t\t\t<span class=\"elementor-divider-separator\">\n\t\t\t\t\t\t<\/span>\n\t\t<\/div>\n\t\t\t\t\t\t<\/div>\n\t\t\t\t<\/div>\n\t\t\t\t<div class=\"elementor-element elementor-element-42b6fb9a elementor-widget elementor-widget-text-editor\" data-id=\"42b6fb9a\" data-element_type=\"widget\" data-e-type=\"widget\" data-widget_type=\"text-editor.default\">\n\t\t\t\t<div class=\"elementor-widget-container\">\n\t\t\t\t\t\t\t\t\t<p>Color Hotel Skagen | Gl. Landevej 39 | 9990 Skagen | +45 98 44 22 33 | <a href=\"https:\/\/www.skagenhotel.dk\/\" target=\"_blank\" rel=\"noopener\">www.skagenhotel.dk<\/a><\/p>\t\t\t\t\t\t\t\t<\/div>\n\t\t\t\t<\/div>\n\t\t\t\t\t<\/div>\n\t\t<\/div>\n\t\t\t\t\t<\/div>\n\t\t<\/section>\n\t\t<div class=\"elementor-element elementor-element-765c186a e-flex e-con-boxed e-con e-parent\" data-id=\"765c186a\" data-element_type=\"container\" data-e-type=\"container\">\n\t\t\t\t\t<div class=\"e-con-inner\">\n\t\t\t\t<div class=\"elementor-element elementor-element-422f71e7 elementor-widget elementor-widget-gallery\" data-id=\"422f71e7\" data-element_type=\"widget\" data-e-type=\"widget\" data-settings=\"{&quot;gallery_layout&quot;:&quot;masonry&quot;,&quot;lazyload&quot;:&quot;yes&quot;,&quot;columns&quot;:4,&quot;columns_tablet&quot;:2,&quot;columns_mobile&quot;:1,&quot;gap&quot;:{&quot;unit&quot;:&quot;px&quot;,&quot;size&quot;:10,&quot;sizes&quot;:[]},&quot;gap_tablet&quot;:{&quot;unit&quot;:&quot;px&quot;,&quot;size&quot;:10,&quot;sizes&quot;:[]},&quot;gap_mobile&quot;:{&quot;unit&quot;:&quot;px&quot;,&quot;size&quot;:10,&quot;sizes&quot;:[]},&quot;link_to&quot;:&quot;file&quot;,&quot;overlay_background&quot;:&quot;yes&quot;,&quot;content_hover_animation&quot;:&quot;fade-in&quot;}\" data-widget_type=\"gallery.default\">\n\t\t\t\t<div class=\"elementor-widget-container\">\n\t\t\t\t\t\t\t<div class=\"elementor-gallery__container\">\n\t\t\t\t\t\t\t<a class=\"e-gallery-item elementor-gallery-item elementor-animated-content\" href=\"https:\/\/i0.wp.com\/toppenafdanmark.dk\/wp-content\/uploads\/2025\/07\/300x300-Color-Hotel-Skagen-restaurant-Holger.webp?fit=300%2C300&#038;ssl=1\" data-elementor-open-lightbox=\"yes\" data-elementor-lightbox-slideshow=\"422f71e7\" data-elementor-lightbox-title=\"300x300 Color Hotel Skagen restaurant Holger\" data-e-action-hash=\"#elementor-action%3Aaction%3Dlightbox%26settings%3DeyJpZCI6MzMwNCwidXJsIjoiaHR0cHM6XC9cL3RvcHBlbmFmZGFubWFyay5ka1wvd3AtY29udGVudFwvdXBsb2Fkc1wvMjAyNVwvMDdcLzMwMHgzMDAtQ29sb3ItSG90ZWwtU2thZ2VuLXJlc3RhdXJhbnQtSG9sZ2VyLndlYnAiLCJzbGlkZXNob3ciOiI0MjJmNzFlNyJ9\">\n\t\t\t\t\t<div class=\"e-gallery-image elementor-gallery-item__image\" data-thumbnail=\"https:\/\/i0.wp.com\/toppenafdanmark.dk\/wp-content\/uploads\/2025\/07\/300x300-Color-Hotel-Skagen-restaurant-Holger.webp?fit=300%2C300&amp;ssl=1\" data-width=\"300\" data-height=\"300\" aria-label=\"\" role=\"img\" ><\/div>\n\t\t\t\t\t\t\t\t\t\t\t<div class=\"elementor-gallery-item__overlay\"><\/div>\n\t\t\t\t\t\t\t\t\t\t\t\t\t\t<\/a>\n\t\t\t\t\t\t\t<a class=\"e-gallery-item elementor-gallery-item elementor-animated-content\" href=\"https:\/\/i0.wp.com\/toppenafdanmark.dk\/wp-content\/uploads\/2025\/07\/300x300-color-hotel-Skagen-restaurant-sildetallerken.webp?fit=300%2C300&#038;ssl=1\" data-elementor-open-lightbox=\"yes\" data-elementor-lightbox-slideshow=\"422f71e7\" data-elementor-lightbox-title=\"300x300 color hotel Skagen restaurant sildetallerken\" data-e-action-hash=\"#elementor-action%3Aaction%3Dlightbox%26settings%3DeyJpZCI6MzMwNSwidXJsIjoiaHR0cHM6XC9cL3RvcHBlbmFmZGFubWFyay5ka1wvd3AtY29udGVudFwvdXBsb2Fkc1wvMjAyNVwvMDdcLzMwMHgzMDAtY29sb3ItaG90ZWwtU2thZ2VuLXJlc3RhdXJhbnQtc2lsZGV0YWxsZXJrZW4ud2VicCIsInNsaWRlc2hvdyI6IjQyMmY3MWU3In0%3D\">\n\t\t\t\t\t<div class=\"e-gallery-image elementor-gallery-item__image\" data-thumbnail=\"https:\/\/i0.wp.com\/toppenafdanmark.dk\/wp-content\/uploads\/2025\/07\/300x300-color-hotel-Skagen-restaurant-sildetallerken.webp?fit=300%2C300&amp;ssl=1\" data-width=\"300\" data-height=\"300\" aria-label=\"\" role=\"img\" ><\/div>\n\t\t\t\t\t\t\t\t\t\t\t<div class=\"elementor-gallery-item__overlay\"><\/div>\n\t\t\t\t\t\t\t\t\t\t\t\t\t\t<\/a>\n\t\t\t\t\t\t\t<a class=\"e-gallery-item elementor-gallery-item elementor-animated-content\" href=\"https:\/\/i0.wp.com\/toppenafdanmark.dk\/wp-content\/uploads\/2025\/07\/300x300-color-hotel-Skagen-sauna.webp?fit=300%2C300&#038;ssl=1\" data-elementor-open-lightbox=\"yes\" data-elementor-lightbox-slideshow=\"422f71e7\" data-elementor-lightbox-title=\"300x300 color hotel Skagen sauna\" data-e-action-hash=\"#elementor-action%3Aaction%3Dlightbox%26settings%3DeyJpZCI6MzMwNiwidXJsIjoiaHR0cHM6XC9cL3RvcHBlbmFmZGFubWFyay5ka1wvd3AtY29udGVudFwvdXBsb2Fkc1wvMjAyNVwvMDdcLzMwMHgzMDAtY29sb3ItaG90ZWwtU2thZ2VuLXNhdW5hLndlYnAiLCJzbGlkZXNob3ciOiI0MjJmNzFlNyJ9\">\n\t\t\t\t\t<div class=\"e-gallery-image elementor-gallery-item__image\" data-thumbnail=\"https:\/\/i0.wp.com\/toppenafdanmark.dk\/wp-content\/uploads\/2025\/07\/300x300-color-hotel-Skagen-sauna.webp?fit=300%2C300&amp;ssl=1\" data-width=\"300\" data-height=\"300\" aria-label=\"\" role=\"img\" ><\/div>\n\t\t\t\t\t\t\t\t\t\t\t<div class=\"elementor-gallery-item__overlay\"><\/div>\n\t\t\t\t\t\t\t\t\t\t\t\t\t\t<\/a>\n\t\t\t\t\t\t\t<a class=\"e-gallery-item elementor-gallery-item elementor-animated-content\" href=\"https:\/\/i0.wp.com\/toppenafdanmark.dk\/wp-content\/uploads\/2025\/07\/300x300-Color-Hotel-Skagen-terrasse-musik.webp?fit=300%2C300&#038;ssl=1\" data-elementor-open-lightbox=\"yes\" data-elementor-lightbox-slideshow=\"422f71e7\" data-elementor-lightbox-title=\"300x300 Color Hotel Skagen terrasse musik\" data-e-action-hash=\"#elementor-action%3Aaction%3Dlightbox%26settings%3DeyJpZCI6MzMwNywidXJsIjoiaHR0cHM6XC9cL3RvcHBlbmFmZGFubWFyay5ka1wvd3AtY29udGVudFwvdXBsb2Fkc1wvMjAyNVwvMDdcLzMwMHgzMDAtQ29sb3ItSG90ZWwtU2thZ2VuLXRlcnJhc3NlLW11c2lrLndlYnAiLCJzbGlkZXNob3ciOiI0MjJmNzFlNyJ9\">\n\t\t\t\t\t<div class=\"e-gallery-image elementor-gallery-item__image\" data-thumbnail=\"https:\/\/i0.wp.com\/toppenafdanmark.dk\/wp-content\/uploads\/2025\/07\/300x300-Color-Hotel-Skagen-terrasse-musik.webp?fit=300%2C300&amp;ssl=1\" data-width=\"300\" data-height=\"300\" aria-label=\"\" role=\"img\" ><\/div>\n\t\t\t\t\t\t\t\t\t\t\t<div class=\"elementor-gallery-item__overlay\"><\/div>\n\t\t\t\t\t\t\t\t\t\t\t\t\t\t<\/a>\n\t\t\t\t\t\t\t<a class=\"e-gallery-item elementor-gallery-item elementor-animated-content\" href=\"https:\/\/i0.wp.com\/toppenafdanmark.dk\/wp-content\/uploads\/2025\/07\/300x300-color-hotel-skagen-udendoers-lounge-omraade-terrassen.webp?fit=300%2C300&#038;ssl=1\" data-elementor-open-lightbox=\"yes\" data-elementor-lightbox-slideshow=\"422f71e7\" data-elementor-lightbox-title=\"300x300 color hotel skagen udend\u00f8rs lounge omr\u00e5de terrassen\" data-e-action-hash=\"#elementor-action%3Aaction%3Dlightbox%26settings%3DeyJpZCI6MzMwOCwidXJsIjoiaHR0cHM6XC9cL3RvcHBlbmFmZGFubWFyay5ka1wvd3AtY29udGVudFwvdXBsb2Fkc1wvMjAyNVwvMDdcLzMwMHgzMDAtY29sb3ItaG90ZWwtc2thZ2VuLXVkZW5kb2Vycy1sb3VuZ2Utb21yYWFkZS10ZXJyYXNzZW4ud2VicCIsInNsaWRlc2hvdyI6IjQyMmY3MWU3In0%3D\">\n\t\t\t\t\t<div class=\"e-gallery-image elementor-gallery-item__image\" data-thumbnail=\"https:\/\/i0.wp.com\/toppenafdanmark.dk\/wp-content\/uploads\/2025\/07\/300x300-color-hotel-skagen-udendoers-lounge-omraade-terrassen.webp?fit=300%2C300&amp;ssl=1\" data-width=\"300\" data-height=\"300\" aria-label=\"\" role=\"img\" ><\/div>\n\t\t\t\t\t\t\t\t\t\t\t<div class=\"elementor-gallery-item__overlay\"><\/div>\n\t\t\t\t\t\t\t\t\t\t\t\t\t\t<\/a>\n\t\t\t\t\t\t\t<a class=\"e-gallery-item elementor-gallery-item elementor-animated-content\" href=\"https:\/\/i0.wp.com\/toppenafdanmark.dk\/wp-content\/uploads\/2025\/07\/300x300-color-hotel-skagen-udendoers-pool-med-kvinde.webp?fit=300%2C300&#038;ssl=1\" data-elementor-open-lightbox=\"yes\" data-elementor-lightbox-slideshow=\"422f71e7\" data-elementor-lightbox-title=\"300x300 color hotel skagen udend\u00f8rs pool med kvinde\" data-e-action-hash=\"#elementor-action%3Aaction%3Dlightbox%26settings%3DeyJpZCI6MzMwOSwidXJsIjoiaHR0cHM6XC9cL3RvcHBlbmFmZGFubWFyay5ka1wvd3AtY29udGVudFwvdXBsb2Fkc1wvMjAyNVwvMDdcLzMwMHgzMDAtY29sb3ItaG90ZWwtc2thZ2VuLXVkZW5kb2Vycy1wb29sLW1lZC1rdmluZGUud2VicCIsInNsaWRlc2hvdyI6IjQyMmY3MWU3In0%3D\">\n\t\t\t\t\t<div class=\"e-gallery-image elementor-gallery-item__image\" data-thumbnail=\"https:\/\/i0.wp.com\/toppenafdanmark.dk\/wp-content\/uploads\/2025\/07\/300x300-color-hotel-skagen-udendoers-pool-med-kvinde.webp?fit=300%2C300&amp;ssl=1\" data-width=\"300\" data-height=\"300\" aria-label=\"\" role=\"img\" ><\/div>\n\t\t\t\t\t\t\t\t\t\t\t<div class=\"elementor-gallery-item__overlay\"><\/div>\n\t\t\t\t\t\t\t\t\t\t\t\t\t\t<\/a>\n\t\t\t\t\t\t\t<a class=\"e-gallery-item elementor-gallery-item elementor-animated-content\" href=\"https:\/\/i0.wp.com\/toppenafdanmark.dk\/wp-content\/uploads\/2025\/07\/300x300-color-hotel-Skagen-udendoers-spa.webp?fit=300%2C300&#038;ssl=1\" data-elementor-open-lightbox=\"yes\" data-elementor-lightbox-slideshow=\"422f71e7\" data-elementor-lightbox-title=\"300x300 color hotel Skagen udend\u00f8rs spa\" data-e-action-hash=\"#elementor-action%3Aaction%3Dlightbox%26settings%3DeyJpZCI6MzMxMCwidXJsIjoiaHR0cHM6XC9cL3RvcHBlbmFmZGFubWFyay5ka1wvd3AtY29udGVudFwvdXBsb2Fkc1wvMjAyNVwvMDdcLzMwMHgzMDAtY29sb3ItaG90ZWwtU2thZ2VuLXVkZW5kb2Vycy1zcGEud2VicCIsInNsaWRlc2hvdyI6IjQyMmY3MWU3In0%3D\">\n\t\t\t\t\t<div class=\"e-gallery-image elementor-gallery-item__image\" data-thumbnail=\"https:\/\/i0.wp.com\/toppenafdanmark.dk\/wp-content\/uploads\/2025\/07\/300x300-color-hotel-Skagen-udendoers-spa.webp?fit=300%2C300&amp;ssl=1\" data-width=\"300\" data-height=\"300\" aria-label=\"\" role=\"img\" ><\/div>\n\t\t\t\t\t\t\t\t\t\t\t<div class=\"elementor-gallery-item__overlay\"><\/div>\n\t\t\t\t\t\t\t\t\t\t\t\t\t\t<\/a>\n\t\t\t\t\t\t\t<a class=\"e-gallery-item elementor-gallery-item elementor-animated-content\" href=\"https:\/\/i0.wp.com\/toppenafdanmark.dk\/wp-content\/uploads\/2025\/07\/300x300-color-hotel-Skagen-vaerelse-senge.webp?fit=300%2C300&#038;ssl=1\" data-elementor-open-lightbox=\"yes\" data-elementor-lightbox-slideshow=\"422f71e7\" data-elementor-lightbox-title=\"300x300 color hotel Skagen v\u00e6relse senge\" data-e-action-hash=\"#elementor-action%3Aaction%3Dlightbox%26settings%3DeyJpZCI6MzMxMSwidXJsIjoiaHR0cHM6XC9cL3RvcHBlbmFmZGFubWFyay5ka1wvd3AtY29udGVudFwvdXBsb2Fkc1wvMjAyNVwvMDdcLzMwMHgzMDAtY29sb3ItaG90ZWwtU2thZ2VuLXZhZXJlbHNlLXNlbmdlLndlYnAiLCJzbGlkZXNob3ciOiI0MjJmNzFlNyJ9\">\n\t\t\t\t\t<div class=\"e-gallery-image elementor-gallery-item__image\" data-thumbnail=\"https:\/\/i0.wp.com\/toppenafdanmark.dk\/wp-content\/uploads\/2025\/07\/300x300-color-hotel-Skagen-vaerelse-senge.webp?fit=300%2C300&amp;ssl=1\" data-width=\"300\" data-height=\"300\" aria-label=\"\" role=\"img\" ><\/div>\n\t\t\t\t\t\t\t\t\t\t\t<div class=\"elementor-gallery-item__overlay\"><\/div>\n\t\t\t\t\t\t\t\t\t\t\t\t\t\t<\/a>\n\t\t\t\t\t<\/div>\n\t\t\t\t\t<\/div>\n\t\t\t\t<\/div>\n\t\t\t\t\t<\/div>\n\t\t\t\t<\/div>\n\t\t\t\t<\/div>","protected":false},"excerpt":{"rendered":"<p>Color Hotel Skagen Det 4-stjernede hotel med n\u00e6rhed, kvalitet og b\u00e6redygtighed i centrum Velkommen til Color Hotel Skagen hvor oplevelser er i fokus. Med over 50 \u00e5rs erfaring i hotelbranchen [&hellip;]<\/p>\n","protected":false},"author":266444216,"featured_media":3294,"parent":0,"menu_order":0,"comment_status":"closed","ping_status":"closed","template":"","meta":{"_crdt_document":"","footnotes":""},"folder":[1386],"class_list":["post-3288","page","type-page","status-publish","has-post-thumbnail","hentry"],"jetpack_sharing_enabled":true,"jetpack_shortlink":"https:\/\/wp.me\/PgDlef-R2","_links":{"self":[{"href":"https:\/\/toppenafdanmark.dk\/de\/wp-json\/wp\/v2\/pages\/3288","targetHints":{"allow":["GET"]}}],"collection":[{"href":"https:\/\/toppenafdanmark.dk\/de\/wp-json\/wp\/v2\/pages"}],"about":[{"href":"https:\/\/toppenafdanmark.dk\/de\/wp-json\/wp\/v2\/types\/page"}],"author":[{"embeddable":true,"href":"https:\/\/toppenafdanmark.dk\/de\/wp-json\/wp\/v2\/users\/266444216"}],"replies":[{"embeddable":true,"href":"https:\/\/toppenafdanmark.dk\/de\/wp-json\/wp\/v2\/comments?post=3288"}],"version-history":[{"count":17,"href":"https:\/\/toppenafdanmark.dk\/de\/wp-json\/wp\/v2\/pages\/3288\/revisions"}],"predecessor-version":[{"id":9501,"href":"https:\/\/toppenafdanmark.dk\/de\/wp-json\/wp\/v2\/pages\/3288\/revisions\/9501"}],"wp:featuredmedia":[{"embeddable":true,"href":"https:\/\/toppenafdanmark.dk\/de\/wp-json\/wp\/v2\/media\/3294"}],"wp:attachment":[{"href":"https:\/\/toppenafdanmark.dk\/de\/wp-json\/wp\/v2\/media?parent=3288"}],"wp:term":[{"taxonomy":"folder","embeddable":true,"href":"https:\/\/toppenafdanmark.dk\/de\/wp-json\/wp\/v2\/folder?post=3288"}],"curies":[{"name":"wp","href":"https:\/\/api.w.org\/{rel}","templated":true}]}}