{"id":3370,"date":"2025-07-17T16:25:58","date_gmt":"2025-07-17T14:25:58","guid":{"rendered":"https:\/\/toppenafdanmark.dk\/?page_id=3370"},"modified":"2025-11-10T06:17:11","modified_gmt":"2025-11-10T05:17:11","slug":"foldens-hotel","status":"publish","type":"page","link":"https:\/\/toppenafdanmark.dk\/de\/foldens-hotel\/","title":{"rendered":"Foldens Hotel"},"content":{"rendered":"<div data-elementor-type=\"wp-page\" data-elementor-id=\"3370\" class=\"elementor elementor-3370\" data-elementor-post-type=\"page\">\n\t\t\t\t<div class=\"elementor-element elementor-element-1c6ae4fd e-con-full e-flex e-con e-parent\" data-id=\"1c6ae4fd\" data-element_type=\"container\" data-e-type=\"container\" data-settings=\"{&quot;background_background&quot;:&quot;classic&quot;}\">\n\t\t<div class=\"elementor-element elementor-element-4dc1464b e-con-full elementor-hidden-mobile e-flex e-con e-child\" data-id=\"4dc1464b\" data-element_type=\"container\" data-e-type=\"container\" data-settings=\"{&quot;background_background&quot;:&quot;classic&quot;}\">\n\t\t\t\t<\/div>\n\t\t<div class=\"elementor-element elementor-element-78d7cd33 e-con-full e-flex e-con e-child\" data-id=\"78d7cd33\" data-element_type=\"container\" data-e-type=\"container\" data-settings=\"{&quot;background_background&quot;:&quot;classic&quot;}\">\n\t\t\t\t<\/div>\n\t\t<div class=\"elementor-element elementor-element-3ec052a e-con-full elementor-hidden-mobile e-flex e-con e-child\" data-id=\"3ec052a\" data-element_type=\"container\" data-e-type=\"container\" data-settings=\"{&quot;background_background&quot;:&quot;classic&quot;}\">\n\t\t\t\t<\/div>\n\t\t\t\t<\/div>\n\t\t\t\t<section class=\"elementor-section elementor-top-section elementor-element elementor-element-4553795f elementor-section-boxed elementor-section-height-default elementor-section-height-default\" data-id=\"4553795f\" data-element_type=\"section\" data-e-type=\"section\">\n\t\t\t\t\t\t<div class=\"elementor-container elementor-column-gap-no\">\n\t\t\t\t\t<div class=\"elementor-column elementor-col-100 elementor-top-column elementor-element elementor-element-36e52b88\" data-id=\"36e52b88\" data-element_type=\"column\" data-e-type=\"column\">\n\t\t\t<div class=\"elementor-widget-wrap elementor-element-populated\">\n\t\t\t\t\t\t<div class=\"elementor-element elementor-element-6f68f3d9 elementor-widget elementor-widget-heading\" data-id=\"6f68f3d9\" data-element_type=\"widget\" data-e-type=\"widget\" data-widget_type=\"heading.default\">\n\t\t\t\t<div class=\"elementor-widget-container\">\n\t\t\t\t\t<h2 class=\"elementor-heading-title elementor-size-default\">Foldens Hotel<\/h2>\t\t\t\t<\/div>\n\t\t\t\t<\/div>\n\t\t\t\t<div class=\"elementor-element elementor-element-432a746d elementor-widget-divider--view-line elementor-widget elementor-widget-divider\" data-id=\"432a746d\" data-element_type=\"widget\" data-e-type=\"widget\" data-widget_type=\"divider.default\">\n\t\t\t\t<div class=\"elementor-widget-container\">\n\t\t\t\t\t\t\t<div class=\"elementor-divider\">\n\t\t\t<span class=\"elementor-divider-separator\">\n\t\t\t\t\t\t<\/span>\n\t\t<\/div>\n\t\t\t\t\t\t<\/div>\n\t\t\t\t<\/div>\n\t\t\t\t<div class=\"elementor-element elementor-element-511f696f elementor-widget elementor-widget-text-editor\" data-id=\"511f696f\" data-element_type=\"widget\" data-e-type=\"widget\" data-widget_type=\"text-editor.default\">\n\t\t\t\t<div class=\"elementor-widget-container\">\n\t\t\t\t\t\t\t\t\t<h4><strong>Authentische Hotelunterkunft im Herzen von Skagen<\/strong><\/h4><p>Das Foldens Hotel ist eines der zentralsten und historischsten Hotels in Skagen. Mit seiner einzigartigen Lage direkt im Zentrum und in der N\u00e4he von allem, was Skagen zu bieten hat - von Str\u00e4nden und Sehensw\u00fcrdigkeiten bis hin zu Einkaufsm\u00f6glichkeiten und Restaurants - ist das Hotel die ideale Wahl f\u00fcr Paare, Familien und Gruppen. Das Foldens Hotel verbindet Charme, Authentizit\u00e4t und modernen Komfort in einer Atmosph\u00e4re, die von echtem Skagener Flair gepr\u00e4gt ist.<\/p><p><strong>Familiengef\u00fchrtes Hotel mit Geschichte und Herz<\/strong><\/p><p>Das Foldens Hotel geht auf das Jahr 1881 zur\u00fcck und wird heute mit Leidenschaft und Pers\u00f6nlichkeit gef\u00fchrt. Die famili\u00e4re Atmosph\u00e4re ist sofort erkennbar - am freundlichen Service, der warmen Einrichtung und dem beliebten Caf\u00e9 und Restaurant des Hotels.<\/p><p><strong>Hotel im Zentrum von Skagen - in der N\u00e4he von allem<\/strong><\/p><p>Mit seiner Lage direkt an der Fu\u00dfg\u00e4ngerzone und nur 15 Gehminuten von Skagens ber\u00fchmten Str\u00e4nden entfernt ist das Foldens Hotel der perfekte Ausgangspunkt f\u00fcr Urlaub und Aufenthalt in Skagen. Attraktionen wie Grenen, das Skagens Museum und der Hafen liegen ganz in der N\u00e4he - und mit kostenlosen Parkpl\u00e4tzen und einer Ladestation f\u00fcr Elektroautos ist die An- und Abreise ganz einfach.<\/p>\t\t\t\t\t\t\t\t<\/div>\n\t\t\t\t<\/div>\n\t\t\t\t<section class=\"elementor-section elementor-inner-section elementor-element elementor-element-71a3f202 elementor-section-boxed elementor-section-height-default elementor-section-height-default\" data-id=\"71a3f202\" data-element_type=\"section\" data-e-type=\"section\">\n\t\t\t\t\t\t<div class=\"elementor-container elementor-column-gap-no\">\n\t\t\t\t\t<div class=\"elementor-column elementor-col-50 elementor-inner-column elementor-element elementor-element-77294eb8\" data-id=\"77294eb8\" data-element_type=\"column\" data-e-type=\"column\">\n\t\t\t<div class=\"elementor-widget-wrap elementor-element-populated\">\n\t\t\t\t\t\t<div class=\"elementor-element elementor-element-6f5aec53 elementor-widget elementor-widget-image\" data-id=\"6f5aec53\" data-element_type=\"widget\" data-e-type=\"widget\" data-widget_type=\"image.default\">\n\t\t\t\t<div class=\"elementor-widget-container\">\n\t\t\t\t\t\t\t\t\t\t\t\t\t\t\t<img fetchpriority=\"high\" decoding=\"async\" data-attachment-id=\"3373\" data-permalink=\"https:\/\/toppenafdanmark.dk\/de\/foldens-hotel\/1024x1024-foldens-hotel-restaurant-opdaekning\/\" data-orig-file=\"https:\/\/i0.wp.com\/toppenafdanmark.dk\/wp-content\/uploads\/2025\/07\/1024x1024-Foldens-hotel-restaurant-opdaekning.webp?fit=1024%2C1024&amp;ssl=1\" data-orig-size=\"1024,1024\" data-comments-opened=\"0\" data-image-meta=\"{&quot;aperture&quot;:&quot;0&quot;,&quot;credit&quot;:&quot;&quot;,&quot;camera&quot;:&quot;&quot;,&quot;caption&quot;:&quot;&quot;,&quot;created_timestamp&quot;:&quot;0&quot;,&quot;copyright&quot;:&quot;&quot;,&quot;focal_length&quot;:&quot;0&quot;,&quot;iso&quot;:&quot;0&quot;,&quot;shutter_speed&quot;:&quot;0&quot;,&quot;title&quot;:&quot;&quot;,&quot;orientation&quot;:&quot;0&quot;}\" data-image-title=\"1024&amp;#215;1024 Foldens hotel restaurant opd\u00e6kning\" data-image-description=\"\" data-image-caption=\"\" data-large-file=\"https:\/\/i0.wp.com\/toppenafdanmark.dk\/wp-content\/uploads\/2025\/07\/1024x1024-Foldens-hotel-restaurant-opdaekning.webp?fit=800%2C800&amp;ssl=1\" width=\"800\" height=\"800\" src=\"https:\/\/i0.wp.com\/toppenafdanmark.dk\/wp-content\/uploads\/2025\/07\/1024x1024-Foldens-hotel-restaurant-opdaekning.webp?fit=800%2C800&amp;ssl=1\" class=\"attachment-large size-large wp-image-3373\" alt=\"S\u00e5 er bordet d\u00e6kket p\u00e5 Foldens Hotel\" srcset=\"https:\/\/i0.wp.com\/toppenafdanmark.dk\/wp-content\/uploads\/2025\/07\/1024x1024-Foldens-hotel-restaurant-opdaekning.webp?w=1024&amp;ssl=1 1024w, https:\/\/i0.wp.com\/toppenafdanmark.dk\/wp-content\/uploads\/2025\/07\/1024x1024-Foldens-hotel-restaurant-opdaekning.webp?resize=300%2C300&amp;ssl=1 300w, https:\/\/i0.wp.com\/toppenafdanmark.dk\/wp-content\/uploads\/2025\/07\/1024x1024-Foldens-hotel-restaurant-opdaekning.webp?resize=150%2C150&amp;ssl=1 150w, https:\/\/i0.wp.com\/toppenafdanmark.dk\/wp-content\/uploads\/2025\/07\/1024x1024-Foldens-hotel-restaurant-opdaekning.webp?resize=768%2C768&amp;ssl=1 768w, https:\/\/i0.wp.com\/toppenafdanmark.dk\/wp-content\/uploads\/2025\/07\/1024x1024-Foldens-hotel-restaurant-opdaekning.webp?resize=12%2C12&amp;ssl=1 12w\" sizes=\"(max-width: 800px) 100vw, 800px\" \/>\t\t\t\t\t\t\t\t\t\t\t\t\t\t\t<\/div>\n\t\t\t\t<\/div>\n\t\t\t\t\t<\/div>\n\t\t<\/div>\n\t\t\t\t<div class=\"elementor-column elementor-col-50 elementor-inner-column elementor-element elementor-element-5533a5a6\" data-id=\"5533a5a6\" data-element_type=\"column\" data-e-type=\"column\">\n\t\t\t<div class=\"elementor-widget-wrap elementor-element-populated\">\n\t\t\t\t\t\t<div class=\"elementor-element elementor-element-72d8201b elementor-widget elementor-widget-image\" data-id=\"72d8201b\" data-element_type=\"widget\" data-e-type=\"widget\" data-widget_type=\"image.default\">\n\t\t\t\t<div class=\"elementor-widget-container\">\n\t\t\t\t\t\t\t\t\t\t\t\t\t\t\t<img decoding=\"async\" data-attachment-id=\"3378\" data-permalink=\"https:\/\/toppenafdanmark.dk\/de\/foldens-hotel\/foldens-hotel-1024x1024\/\" data-orig-file=\"https:\/\/i0.wp.com\/toppenafdanmark.dk\/wp-content\/uploads\/2025\/07\/Foldens-Hotel-1024x1024-1.jpg?fit=1024%2C1024&amp;ssl=1\" data-orig-size=\"1024,1024\" data-comments-opened=\"0\" data-image-meta=\"{&quot;aperture&quot;:&quot;0&quot;,&quot;credit&quot;:&quot;&quot;,&quot;camera&quot;:&quot;&quot;,&quot;caption&quot;:&quot;&quot;,&quot;created_timestamp&quot;:&quot;0&quot;,&quot;copyright&quot;:&quot;&quot;,&quot;focal_length&quot;:&quot;0&quot;,&quot;iso&quot;:&quot;0&quot;,&quot;shutter_speed&quot;:&quot;0&quot;,&quot;title&quot;:&quot;&quot;,&quot;orientation&quot;:&quot;1&quot;}\" data-image-title=\"Foldens Hotel 1024&amp;#215;1024\" data-image-description=\"\" data-image-caption=\"\" data-large-file=\"https:\/\/i0.wp.com\/toppenafdanmark.dk\/wp-content\/uploads\/2025\/07\/Foldens-Hotel-1024x1024-1.jpg?fit=800%2C800&amp;ssl=1\" width=\"800\" height=\"800\" src=\"https:\/\/i0.wp.com\/toppenafdanmark.dk\/wp-content\/uploads\/2025\/07\/Foldens-Hotel-1024x1024-1.jpg?fit=800%2C800&amp;ssl=1\" class=\"attachment-large size-large wp-image-3378\" alt=\"\" srcset=\"https:\/\/i0.wp.com\/toppenafdanmark.dk\/wp-content\/uploads\/2025\/07\/Foldens-Hotel-1024x1024-1.jpg?w=1024&amp;ssl=1 1024w, https:\/\/i0.wp.com\/toppenafdanmark.dk\/wp-content\/uploads\/2025\/07\/Foldens-Hotel-1024x1024-1.jpg?resize=300%2C300&amp;ssl=1 300w, https:\/\/i0.wp.com\/toppenafdanmark.dk\/wp-content\/uploads\/2025\/07\/Foldens-Hotel-1024x1024-1.jpg?resize=150%2C150&amp;ssl=1 150w, https:\/\/i0.wp.com\/toppenafdanmark.dk\/wp-content\/uploads\/2025\/07\/Foldens-Hotel-1024x1024-1.jpg?resize=768%2C768&amp;ssl=1 768w, https:\/\/i0.wp.com\/toppenafdanmark.dk\/wp-content\/uploads\/2025\/07\/Foldens-Hotel-1024x1024-1.jpg?resize=12%2C12&amp;ssl=1 12w\" sizes=\"(max-width: 800px) 100vw, 800px\" \/>\t\t\t\t\t\t\t\t\t\t\t\t\t\t\t<\/div>\n\t\t\t\t<\/div>\n\t\t\t\t\t<\/div>\n\t\t<\/div>\n\t\t\t\t\t<\/div>\n\t\t<\/section>\n\t\t\t\t<div class=\"elementor-element elementor-element-5d29fc70 elementor-widget elementor-widget-text-editor\" data-id=\"5d29fc70\" data-element_type=\"widget\" data-e-type=\"widget\" data-widget_type=\"text-editor.default\">\n\t\t\t\t<div class=\"elementor-widget-container\">\n\t\t\t\t\t\t\t\t\t<h4><strong>Flexible Unterk\u00fcnfte f\u00fcr alle Bed\u00fcrfnisse<\/strong><\/h4><p>Foldens Hotel bietet Unterk\u00fcnfte f\u00fcr jeden Geschmack - egal ob Sie ein romantisches Wochenende, einen Familienurlaub oder eine Reise in gr\u00f6\u00dferen Gruppen planen. Das Hotel verf\u00fcgt \u00fcber 128 Zimmer im Hauptgeb\u00e4ude, Foldens Anneks und Skr\u00e5vej B&amp;B. Hier finden Sie alles, von gem\u00fctlichen Doppelzimmern bis hin zu gr\u00f6\u00dferen Ferienwohnungen und behindertengerechten Zimmern. Einige Zimmer sind neu renoviert und bieten zus\u00e4tzlichen Komfort wie Himmelbetten.<\/p><p><strong>Essen und geselliges Beisammensein im Hotel<\/strong><\/p><p>Das hoteleigene Restaurant und Caf\u00e9 serviert schmackhafte Gerichte in gem\u00fctlicher Umgebung mit Blick auf die Fu\u00dfg\u00e4ngerzone, wo Sie Fr\u00fchst\u00fcck, Mittag- und Abendessen genie\u00dfen k\u00f6nnen. Wenn Sie auf der Suche nach Leben und Musik sind, bietet das Visev\u00e6rtshuset, das sich im selben Geb\u00e4ude befindet, an Wochenenden und w\u00e4hrend der Sommersaison t\u00e4glich Live-Musik. Hier kommen Einheimische und Touristen gleicherma\u00dfen zusammen, um eine tolle Atmosph\u00e4re und Unterhaltung zu erleben.<\/p><p><strong>Einrichtungen und Angebote:<\/strong><\/p><ul><li>Skagens beste Lage - direkt im Zentrum<\/li><li>Restaurant und g\u00fcnstiges Caf\u00e9<\/li><li>Die Kneipe mit Live-Musik<\/li><li>Kostenlose Parkpl\u00e4tze und Ladestationen f\u00fcr Elektroautos<\/li><li>Behindertengerechte Zimmer<\/li><li>Ferienwohnungen und -h\u00e4user in Skagen zu vermieten<\/li><li>Veranstaltungsr\u00e4ume und Konferenztechnik<\/li><li>Kostenloses Wi-Fi und Fahrradverleih<\/li><\/ul><p><strong><br \/>Foldens Hotel - Ihr Zuhause in Skagen<\/strong><\/p><p>Ob Sie einen erholsamen Wochenendtrip, einen Familienurlaub am Meer oder einfach das authentische Skagen im Herzen der Stadt erleben m\u00f6chten, Foldens Hotel ist die richtige Wahl. Hier finden Sie pers\u00f6nlichen Service, historischen Charme und eine erstklassige Lage<\/p>\t\t\t\t\t\t\t\t<\/div>\n\t\t\t\t<\/div>\n\t\t\t\t<div class=\"elementor-element elementor-element-5ec8510a elementor-widget-divider--view-line elementor-widget elementor-widget-divider\" data-id=\"5ec8510a\" data-element_type=\"widget\" data-e-type=\"widget\" data-widget_type=\"divider.default\">\n\t\t\t\t<div class=\"elementor-widget-container\">\n\t\t\t\t\t\t\t<div class=\"elementor-divider\">\n\t\t\t<span class=\"elementor-divider-separator\">\n\t\t\t\t\t\t<\/span>\n\t\t<\/div>\n\t\t\t\t\t\t<\/div>\n\t\t\t\t<\/div>\n\t\t\t\t<div class=\"elementor-element elementor-element-6ef0a9c5 elementor-widget elementor-widget-text-editor\" data-id=\"6ef0a9c5\" data-element_type=\"widget\" data-e-type=\"widget\" data-widget_type=\"text-editor.default\">\n\t\t\t\t<div class=\"elementor-widget-container\">\n\t\t\t\t\t\t\t\t\t<p>Foldens Hotel | Sct. Laurentii Vej 41 | 9990 Skagen | +45 <span aria-label=\"Rufen Sie die Rufnummer 98 44 11 66 an.\">98 44 11 66 |<\/span> <a href=\"https:\/\/www.foldens-hotel.dk\/\" target=\"_blank\" rel=\"noopener\">www.foldenshotel.dk<\/a><\/p>\t\t\t\t\t\t\t\t<\/div>\n\t\t\t\t<\/div>\n\t\t\t\t\t<\/div>\n\t\t<\/div>\n\t\t\t\t\t<\/div>\n\t\t<\/section>\n\t\t<div class=\"elementor-element elementor-element-500db3ba e-flex e-con-boxed e-con e-parent\" data-id=\"500db3ba\" data-element_type=\"container\" data-e-type=\"container\">\n\t\t\t\t\t<div class=\"e-con-inner\">\n\t\t\t\t<div class=\"elementor-element elementor-element-4138824 elementor-widget elementor-widget-gallery\" data-id=\"4138824\" data-element_type=\"widget\" data-e-type=\"widget\" data-settings=\"{&quot;gallery_layout&quot;:&quot;masonry&quot;,&quot;lazyload&quot;:&quot;yes&quot;,&quot;columns&quot;:4,&quot;columns_tablet&quot;:2,&quot;columns_mobile&quot;:1,&quot;gap&quot;:{&quot;unit&quot;:&quot;px&quot;,&quot;size&quot;:10,&quot;sizes&quot;:[]},&quot;gap_tablet&quot;:{&quot;unit&quot;:&quot;px&quot;,&quot;size&quot;:10,&quot;sizes&quot;:[]},&quot;gap_mobile&quot;:{&quot;unit&quot;:&quot;px&quot;,&quot;size&quot;:10,&quot;sizes&quot;:[]},&quot;link_to&quot;:&quot;file&quot;,&quot;overlay_background&quot;:&quot;yes&quot;,&quot;content_hover_animation&quot;:&quot;fade-in&quot;}\" data-widget_type=\"gallery.default\">\n\t\t\t\t<div class=\"elementor-widget-container\">\n\t\t\t\t\t\t\t<div class=\"elementor-gallery__container\">\n\t\t\t\t\t\t\t<a class=\"e-gallery-item elementor-gallery-item elementor-animated-content\" href=\"https:\/\/i0.wp.com\/toppenafdanmark.dk\/wp-content\/uploads\/2025\/07\/250x250-Foldens-Hotel-facaden.webp?fit=250%2C250&#038;ssl=1\" data-elementor-open-lightbox=\"yes\" data-elementor-lightbox-slideshow=\"4138824\" data-elementor-lightbox-title=\"250x250 Foldens Hotel facaden\" data-e-action-hash=\"#elementor-action%3Aaction%3Dlightbox%26settings%3DeyJpZCI6MzM4MCwidXJsIjoiaHR0cHM6XC9cL3RvcHBlbmFmZGFubWFyay5ka1wvd3AtY29udGVudFwvdXBsb2Fkc1wvMjAyNVwvMDdcLzI1MHgyNTAtRm9sZGVucy1Ib3RlbC1mYWNhZGVuLndlYnAiLCJzbGlkZXNob3ciOiI0MTM4ODI0In0%3D\">\n\t\t\t\t\t<div class=\"e-gallery-image elementor-gallery-item__image\" data-thumbnail=\"https:\/\/i0.wp.com\/toppenafdanmark.dk\/wp-content\/uploads\/2025\/07\/250x250-Foldens-Hotel-facaden.webp?fit=250%2C250&amp;ssl=1\" data-width=\"250\" data-height=\"250\" aria-label=\"\" role=\"img\" ><\/div>\n\t\t\t\t\t\t\t\t\t\t\t<div class=\"elementor-gallery-item__overlay\"><\/div>\n\t\t\t\t\t\t\t\t\t\t\t\t\t\t<\/a>\n\t\t\t\t\t\t\t<a class=\"e-gallery-item elementor-gallery-item elementor-animated-content\" href=\"https:\/\/i0.wp.com\/toppenafdanmark.dk\/wp-content\/uploads\/2025\/07\/250x250-Foldens-Hotel-restaurant-opdaekning.webp?fit=250%2C250&#038;ssl=1\" data-elementor-open-lightbox=\"yes\" data-elementor-lightbox-slideshow=\"4138824\" data-elementor-lightbox-title=\"250x250 Foldens Hotel restaurant opd\u00e6kning\" data-e-action-hash=\"#elementor-action%3Aaction%3Dlightbox%26settings%3DeyJpZCI6MzM4MSwidXJsIjoiaHR0cHM6XC9cL3RvcHBlbmFmZGFubWFyay5ka1wvd3AtY29udGVudFwvdXBsb2Fkc1wvMjAyNVwvMDdcLzI1MHgyNTAtRm9sZGVucy1Ib3RlbC1yZXN0YXVyYW50LW9wZGFla25pbmcud2VicCIsInNsaWRlc2hvdyI6IjQxMzg4MjQifQ%3D%3D\">\n\t\t\t\t\t<div class=\"e-gallery-image elementor-gallery-item__image\" data-thumbnail=\"https:\/\/i0.wp.com\/toppenafdanmark.dk\/wp-content\/uploads\/2025\/07\/250x250-Foldens-Hotel-restaurant-opdaekning.webp?fit=250%2C250&amp;ssl=1\" data-width=\"250\" data-height=\"250\" aria-label=\"\" role=\"img\" ><\/div>\n\t\t\t\t\t\t\t\t\t\t\t<div class=\"elementor-gallery-item__overlay\"><\/div>\n\t\t\t\t\t\t\t\t\t\t\t\t\t\t<\/a>\n\t\t\t\t\t\t\t<a class=\"e-gallery-item elementor-gallery-item elementor-animated-content\" href=\"https:\/\/i0.wp.com\/toppenafdanmark.dk\/wp-content\/uploads\/2025\/07\/250x250-foldens-Hotel-udsigt.webp?fit=250%2C250&#038;ssl=1\" data-elementor-open-lightbox=\"yes\" data-elementor-lightbox-slideshow=\"4138824\" data-elementor-lightbox-title=\"250x250 foldens Hotel udsigt\" data-e-action-hash=\"#elementor-action%3Aaction%3Dlightbox%26settings%3DeyJpZCI6MzM4MiwidXJsIjoiaHR0cHM6XC9cL3RvcHBlbmFmZGFubWFyay5ka1wvd3AtY29udGVudFwvdXBsb2Fkc1wvMjAyNVwvMDdcLzI1MHgyNTAtZm9sZGVucy1Ib3RlbC11ZHNpZ3Qud2VicCIsInNsaWRlc2hvdyI6IjQxMzg4MjQifQ%3D%3D\">\n\t\t\t\t\t<div class=\"e-gallery-image elementor-gallery-item__image\" data-thumbnail=\"https:\/\/i0.wp.com\/toppenafdanmark.dk\/wp-content\/uploads\/2025\/07\/250x250-foldens-Hotel-udsigt.webp?fit=250%2C250&amp;ssl=1\" data-width=\"250\" data-height=\"250\" aria-label=\"\" role=\"img\" ><\/div>\n\t\t\t\t\t\t\t\t\t\t\t<div class=\"elementor-gallery-item__overlay\"><\/div>\n\t\t\t\t\t\t\t\t\t\t\t\t\t\t<\/a>\n\t\t\t\t\t\t\t<a class=\"e-gallery-item elementor-gallery-item elementor-animated-content\" href=\"https:\/\/i0.wp.com\/toppenafdanmark.dk\/wp-content\/uploads\/2025\/07\/250x250-Foldens-Hotel-vaerelse-m-himmelseng.webp?fit=250%2C250&#038;ssl=1\" data-elementor-open-lightbox=\"yes\" data-elementor-lightbox-slideshow=\"4138824\" data-elementor-lightbox-title=\"250x250 Foldens Hotel v\u00e6relse m himmelseng\" data-e-action-hash=\"#elementor-action%3Aaction%3Dlightbox%26settings%3DeyJpZCI6MzM4NCwidXJsIjoiaHR0cHM6XC9cL3RvcHBlbmFmZGFubWFyay5ka1wvd3AtY29udGVudFwvdXBsb2Fkc1wvMjAyNVwvMDdcLzI1MHgyNTAtRm9sZGVucy1Ib3RlbC12YWVyZWxzZS1tLWhpbW1lbHNlbmcud2VicCIsInNsaWRlc2hvdyI6IjQxMzg4MjQifQ%3D%3D\">\n\t\t\t\t\t<div class=\"e-gallery-image elementor-gallery-item__image\" data-thumbnail=\"https:\/\/i0.wp.com\/toppenafdanmark.dk\/wp-content\/uploads\/2025\/07\/250x250-Foldens-Hotel-vaerelse-m-himmelseng.webp?fit=250%2C250&amp;ssl=1\" data-width=\"250\" data-height=\"250\" aria-label=\"\" role=\"img\" ><\/div>\n\t\t\t\t\t\t\t\t\t\t\t<div class=\"elementor-gallery-item__overlay\"><\/div>\n\t\t\t\t\t\t\t\t\t\t\t\t\t\t<\/a>\n\t\t\t\t\t\t\t<a class=\"e-gallery-item elementor-gallery-item elementor-animated-content\" href=\"https:\/\/i0.wp.com\/toppenafdanmark.dk\/wp-content\/uploads\/2025\/07\/Foldens-Hotel-250x250-buffet.gif?fit=250%2C250&#038;ssl=1\" data-elementor-open-lightbox=\"yes\" data-elementor-lightbox-slideshow=\"4138824\" data-elementor-lightbox-title=\"Foldens Hotel 250x250 buffet\" data-e-action-hash=\"#elementor-action%3Aaction%3Dlightbox%26settings%3DeyJpZCI6MzM4OCwidXJsIjoiaHR0cHM6XC9cL3RvcHBlbmFmZGFubWFyay5ka1wvd3AtY29udGVudFwvdXBsb2Fkc1wvMjAyNVwvMDdcL0ZvbGRlbnMtSG90ZWwtMjUweDI1MC1idWZmZXQuZ2lmIiwic2xpZGVzaG93IjoiNDEzODgyNCJ9\">\n\t\t\t\t\t<div class=\"e-gallery-image elementor-gallery-item__image\" data-thumbnail=\"https:\/\/i0.wp.com\/toppenafdanmark.dk\/wp-content\/uploads\/2025\/07\/Foldens-Hotel-250x250-buffet.gif?fit=250%2C250&amp;ssl=1\" data-width=\"250\" data-height=\"250\" aria-label=\"\" role=\"img\" ><\/div>\n\t\t\t\t\t\t\t\t\t\t\t<div class=\"elementor-gallery-item__overlay\"><\/div>\n\t\t\t\t\t\t\t\t\t\t\t\t\t\t<\/a>\n\t\t\t\t\t\t\t<a class=\"e-gallery-item elementor-gallery-item elementor-animated-content\" href=\"https:\/\/i0.wp.com\/toppenafdanmark.dk\/wp-content\/uploads\/2025\/07\/Foldens-Hotel-250x250-dobbeltvaerelse.jpg?fit=250%2C250&#038;ssl=1\" data-elementor-open-lightbox=\"yes\" data-elementor-lightbox-slideshow=\"4138824\" data-elementor-lightbox-title=\"Foldens Hotel 250x250 dobbeltv\u00e6relse\" data-e-action-hash=\"#elementor-action%3Aaction%3Dlightbox%26settings%3DeyJpZCI6MzM4OSwidXJsIjoiaHR0cHM6XC9cL3RvcHBlbmFmZGFubWFyay5ka1wvd3AtY29udGVudFwvdXBsb2Fkc1wvMjAyNVwvMDdcL0ZvbGRlbnMtSG90ZWwtMjUweDI1MC1kb2JiZWx0dmFlcmVsc2UuanBnIiwic2xpZGVzaG93IjoiNDEzODgyNCJ9\">\n\t\t\t\t\t<div class=\"e-gallery-image elementor-gallery-item__image\" data-thumbnail=\"https:\/\/i0.wp.com\/toppenafdanmark.dk\/wp-content\/uploads\/2025\/07\/Foldens-Hotel-250x250-dobbeltvaerelse.jpg?fit=250%2C250&amp;ssl=1\" data-width=\"250\" data-height=\"250\" aria-label=\"\" role=\"img\" ><\/div>\n\t\t\t\t\t\t\t\t\t\t\t<div class=\"elementor-gallery-item__overlay\"><\/div>\n\t\t\t\t\t\t\t\t\t\t\t\t\t\t<\/a>\n\t\t\t\t\t\t\t<a class=\"e-gallery-item elementor-gallery-item elementor-animated-content\" href=\"https:\/\/i0.wp.com\/toppenafdanmark.dk\/wp-content\/uploads\/2025\/07\/Foldens-Hotel-250x250-facade.jpg?fit=250%2C250&#038;ssl=1\" data-elementor-open-lightbox=\"yes\" data-elementor-lightbox-slideshow=\"4138824\" data-elementor-lightbox-title=\"Foldens Hotel 250x250 facade\" data-e-action-hash=\"#elementor-action%3Aaction%3Dlightbox%26settings%3DeyJpZCI6MzM5MCwidXJsIjoiaHR0cHM6XC9cL3RvcHBlbmFmZGFubWFyay5ka1wvd3AtY29udGVudFwvdXBsb2Fkc1wvMjAyNVwvMDdcL0ZvbGRlbnMtSG90ZWwtMjUweDI1MC1mYWNhZGUuanBnIiwic2xpZGVzaG93IjoiNDEzODgyNCJ9\">\n\t\t\t\t\t<div class=\"e-gallery-image elementor-gallery-item__image\" data-thumbnail=\"https:\/\/i0.wp.com\/toppenafdanmark.dk\/wp-content\/uploads\/2025\/07\/Foldens-Hotel-250x250-facade.jpg?fit=250%2C250&amp;ssl=1\" data-width=\"250\" data-height=\"250\" aria-label=\"\" role=\"img\" ><\/div>\n\t\t\t\t\t\t\t\t\t\t\t<div class=\"elementor-gallery-item__overlay\"><\/div>\n\t\t\t\t\t\t\t\t\t\t\t\t\t\t<\/a>\n\t\t\t\t\t\t\t<a class=\"e-gallery-item elementor-gallery-item elementor-animated-content\" href=\"https:\/\/i0.wp.com\/toppenafdanmark.dk\/wp-content\/uploads\/2025\/07\/Foldens-Hotel-250x250-laenestole.jpg?fit=250%2C250&#038;ssl=1\" data-elementor-open-lightbox=\"yes\" data-elementor-lightbox-slideshow=\"4138824\" data-elementor-lightbox-title=\"Foldens Hotel 250x250 l\u00e6nestole\" data-e-action-hash=\"#elementor-action%3Aaction%3Dlightbox%26settings%3DeyJpZCI6MzM5MSwidXJsIjoiaHR0cHM6XC9cL3RvcHBlbmFmZGFubWFyay5ka1wvd3AtY29udGVudFwvdXBsb2Fkc1wvMjAyNVwvMDdcL0ZvbGRlbnMtSG90ZWwtMjUweDI1MC1sYWVuZXN0b2xlLmpwZyIsInNsaWRlc2hvdyI6IjQxMzg4MjQifQ%3D%3D\">\n\t\t\t\t\t<div class=\"e-gallery-image elementor-gallery-item__image\" data-thumbnail=\"https:\/\/i0.wp.com\/toppenafdanmark.dk\/wp-content\/uploads\/2025\/07\/Foldens-Hotel-250x250-laenestole.jpg?fit=250%2C250&amp;ssl=1\" data-width=\"250\" data-height=\"250\" aria-label=\"\" role=\"img\" ><\/div>\n\t\t\t\t\t\t\t\t\t\t\t<div class=\"elementor-gallery-item__overlay\"><\/div>\n\t\t\t\t\t\t\t\t\t\t\t\t\t\t<\/a>\n\t\t\t\t\t<\/div>\n\t\t\t\t\t<\/div>\n\t\t\t\t<\/div>\n\t\t\t\t\t<\/div>\n\t\t\t\t<\/div>\n\t\t\t\t<\/div>","protected":false},"excerpt":{"rendered":"<p>Foldens Hotel Autentisk hotelophold i hjertet af Skagen Foldens Hotel er et af Skagens mest centrale og historiske hoteller. Med en unik beliggenhed midt i centrum og t\u00e6t p\u00e5 alt, [&hellip;]<\/p>\n","protected":false},"author":266444216,"featured_media":3374,"parent":0,"menu_order":0,"comment_status":"closed","ping_status":"closed","template":"","meta":{"_crdt_document":"","footnotes":""},"folder":[1386],"class_list":["post-3370","page","type-page","status-publish","has-post-thumbnail","hentry"],"jetpack_sharing_enabled":true,"jetpack_shortlink":"https:\/\/wp.me\/PgDlef-Sm","_links":{"self":[{"href":"https:\/\/toppenafdanmark.dk\/de\/wp-json\/wp\/v2\/pages\/3370","targetHints":{"allow":["GET"]}}],"collection":[{"href":"https:\/\/toppenafdanmark.dk\/de\/wp-json\/wp\/v2\/pages"}],"about":[{"href":"https:\/\/toppenafdanmark.dk\/de\/wp-json\/wp\/v2\/types\/page"}],"author":[{"embeddable":true,"href":"https:\/\/toppenafdanmark.dk\/de\/wp-json\/wp\/v2\/users\/266444216"}],"replies":[{"embeddable":true,"href":"https:\/\/toppenafdanmark.dk\/de\/wp-json\/wp\/v2\/comments?post=3370"}],"version-history":[{"count":18,"href":"https:\/\/toppenafdanmark.dk\/de\/wp-json\/wp\/v2\/pages\/3370\/revisions"}],"predecessor-version":[{"id":6572,"href":"https:\/\/toppenafdanmark.dk\/de\/wp-json\/wp\/v2\/pages\/3370\/revisions\/6572"}],"wp:featuredmedia":[{"embeddable":true,"href":"https:\/\/toppenafdanmark.dk\/de\/wp-json\/wp\/v2\/media\/3374"}],"wp:attachment":[{"href":"https:\/\/toppenafdanmark.dk\/de\/wp-json\/wp\/v2\/media?parent=3370"}],"wp:term":[{"taxonomy":"folder","embeddable":true,"href":"https:\/\/toppenafdanmark.dk\/de\/wp-json\/wp\/v2\/folder?post=3370"}],"curies":[{"name":"wp","href":"https:\/\/api.w.org\/{rel}","templated":true}]}}