{"id":3861,"date":"2025-08-05T11:05:48","date_gmt":"2025-08-05T09:05:48","guid":{"rendered":"https:\/\/toppenafdanmark.dk\/?page_id=3861"},"modified":"2026-01-28T13:30:55","modified_gmt":"2026-01-28T12:30:55","slug":"nordsoen-oceanarium","status":"publish","type":"page","link":"https:\/\/toppenafdanmark.dk\/de\/nordsoen-oceanarium\/","title":{"rendered":"Nordsee-Ozeanarium"},"content":{"rendered":"<div data-elementor-type=\"wp-page\" data-elementor-id=\"3861\" class=\"elementor elementor-3861\" data-elementor-post-type=\"page\">\n\t\t\t\t<div class=\"elementor-element elementor-element-3a8d20f8 e-con-full e-flex e-con e-parent\" data-id=\"3a8d20f8\" data-element_type=\"container\" data-e-type=\"container\" data-settings=\"{&quot;background_background&quot;:&quot;classic&quot;}\">\n\t\t<div class=\"elementor-element elementor-element-29637e92 e-con-full elementor-hidden-mobile e-flex e-con e-child\" data-id=\"29637e92\" data-element_type=\"container\" data-e-type=\"container\" data-settings=\"{&quot;background_background&quot;:&quot;classic&quot;}\">\n\t\t\t\t<\/div>\n\t\t<div class=\"elementor-element elementor-element-2d505af5 e-con-full e-flex e-con e-child\" data-id=\"2d505af5\" data-element_type=\"container\" data-e-type=\"container\" data-settings=\"{&quot;background_background&quot;:&quot;classic&quot;}\">\n\t\t\t\t<\/div>\n\t\t<div class=\"elementor-element elementor-element-6608a5ef e-con-full elementor-hidden-mobile e-flex e-con e-child\" data-id=\"6608a5ef\" data-element_type=\"container\" data-e-type=\"container\" data-settings=\"{&quot;background_background&quot;:&quot;classic&quot;}\">\n\t\t\t\t<\/div>\n\t\t\t\t<\/div>\n\t\t\t\t<section class=\"elementor-section elementor-top-section elementor-element elementor-element-73e9f8a7 elementor-section-boxed elementor-section-height-default elementor-section-height-default\" data-id=\"73e9f8a7\" data-element_type=\"section\" data-e-type=\"section\">\n\t\t\t\t\t\t<div class=\"elementor-container elementor-column-gap-no\">\n\t\t\t\t\t<div class=\"elementor-column elementor-col-100 elementor-top-column elementor-element elementor-element-5c468845\" data-id=\"5c468845\" data-element_type=\"column\" data-e-type=\"column\">\n\t\t\t<div class=\"elementor-widget-wrap elementor-element-populated\">\n\t\t\t\t\t\t<div class=\"elementor-element elementor-element-67f0f635 elementor-widget elementor-widget-heading\" data-id=\"67f0f635\" data-element_type=\"widget\" data-e-type=\"widget\" data-widget_type=\"heading.default\">\n\t\t\t\t<div class=\"elementor-widget-container\">\n\t\t\t\t\t<h2 class=\"elementor-heading-title elementor-size-default\">Nordsee-Ozeanarium<\/h2>\t\t\t\t<\/div>\n\t\t\t\t<\/div>\n\t\t\t\t<div class=\"elementor-element elementor-element-43e6bb2d elementor-widget-divider--view-line elementor-widget elementor-widget-divider\" data-id=\"43e6bb2d\" data-element_type=\"widget\" data-e-type=\"widget\" data-widget_type=\"divider.default\">\n\t\t\t\t<div class=\"elementor-widget-container\">\n\t\t\t\t\t\t\t<div class=\"elementor-divider\">\n\t\t\t<span class=\"elementor-divider-separator\">\n\t\t\t\t\t\t<\/span>\n\t\t<\/div>\n\t\t\t\t\t\t<\/div>\n\t\t\t\t<\/div>\n\t\t\t\t<div class=\"elementor-element elementor-element-a731170 elementor-widget elementor-widget-text-editor\" data-id=\"a731170\" data-element_type=\"widget\" data-e-type=\"widget\" data-widget_type=\"text-editor.default\">\n\t\t\t\t<div class=\"elementor-widget-container\">\n\t\t\t\t\t\t\t\t\t<h4 data-start=\"107\" data-end=\"147\">Erleben Sie Nordeuropas gr\u00f6\u00dftes Aquarium<\/h4><p data-start=\"148\" data-end=\"389\">Das Nordsee Ozeanarium in Hirtshals bietet spannende und lehrreiche Erlebnisse f\u00fcr die ganze Familie - das ganze Jahr \u00fcber und bei jedem Wetter. Hier k\u00f6nnen Sie auf 10.000 Quadratmetern im Innen- und 6.000 Quadratmetern im Au\u00dfenbereich das Leben unter dem Meeresspiegel erkunden.<\/p><h4 data-start=\"391\" data-end=\"418\">Mehr als 7.000 Meerestiere<\/h4><p data-start=\"419\" data-end=\"710\">In \u00fcber 75 Aquarien und mit mehr als 7.000 Fischen und Meerestieren k\u00f6nnen Sie alles erleben, von neugierigen Robben und eleganten Rochen bis hin zu Schwarmfischen, Haien und - manchmal - den beeindruckenden Sonnenbarschen. Das gro\u00dfe Ozeanarium fasst stolze 4,5 Millionen Liter Meerwasser und vermittelt Ihnen ein fantastisches Gef\u00fchl f\u00fcr die Tiefen des Ozeans.<\/p><h4 data-start=\"712\" data-end=\"747\">Unterhaltsame und lehrreiche Aktivit\u00e4ten<\/h4><p data-start=\"748\" data-end=\"1015\">Besuchen Sie den Ber\u00fchrungspool, wo Sie einen Seestern oder eine Krabbe anfassen k\u00f6nnen, und kommen Sie den gro\u00dfen Meeresbewohnern \u00fcber den interaktiven Bildschirm Big Ocean Window ganz nahe. In der Whale Explorer Cabin k\u00f6nnen Kinder und Erwachsene etwas \u00fcber das Leben der Wale lernen und die t\u00e4glichen Robbenf\u00fctterungen sind ein Hit f\u00fcr Jung und Alt.<\/p>\t\t\t\t\t\t\t\t<\/div>\n\t\t\t\t<\/div>\n\t\t\t\t<section class=\"elementor-section elementor-inner-section elementor-element elementor-element-5a35bfde elementor-section-boxed elementor-section-height-default elementor-section-height-default\" data-id=\"5a35bfde\" data-element_type=\"section\" data-e-type=\"section\">\n\t\t\t\t\t\t<div class=\"elementor-container elementor-column-gap-no\">\n\t\t\t\t\t<div class=\"elementor-column elementor-col-50 elementor-inner-column elementor-element elementor-element-659682fe\" data-id=\"659682fe\" data-element_type=\"column\" data-e-type=\"column\">\n\t\t\t<div class=\"elementor-widget-wrap elementor-element-populated\">\n\t\t\t\t\t\t<div class=\"elementor-element elementor-element-62c13ce elementor-widget elementor-widget-image\" data-id=\"62c13ce\" data-element_type=\"widget\" data-e-type=\"widget\" data-widget_type=\"image.default\">\n\t\t\t\t<div class=\"elementor-widget-container\">\n\t\t\t\t\t\t\t\t\t\t\t\t\t\t\t<img fetchpriority=\"high\" decoding=\"async\" data-attachment-id=\"3866\" data-permalink=\"https:\/\/toppenafdanmark.dk\/de\/nordsoen-oceanarium\/1024-x-1024-oceanarium-06\/\" data-orig-file=\"https:\/\/i0.wp.com\/toppenafdanmark.dk\/wp-content\/uploads\/2025\/08\/1024-x-1024-Oceanarium-06.webp?fit=1024%2C1024&amp;ssl=1\" data-orig-size=\"1024,1024\" data-comments-opened=\"0\" data-image-meta=\"{&quot;aperture&quot;:&quot;0&quot;,&quot;credit&quot;:&quot;&quot;,&quot;camera&quot;:&quot;&quot;,&quot;caption&quot;:&quot;&quot;,&quot;created_timestamp&quot;:&quot;0&quot;,&quot;copyright&quot;:&quot;&quot;,&quot;focal_length&quot;:&quot;0&quot;,&quot;iso&quot;:&quot;0&quot;,&quot;shutter_speed&quot;:&quot;0&quot;,&quot;title&quot;:&quot;&quot;,&quot;orientation&quot;:&quot;0&quot;}\" data-image-title=\"1024 x 1024 Oceanarium 06\" data-image-description=\"\" data-image-caption=\"\" data-large-file=\"https:\/\/i0.wp.com\/toppenafdanmark.dk\/wp-content\/uploads\/2025\/08\/1024-x-1024-Oceanarium-06.webp?fit=800%2C800&amp;ssl=1\" width=\"800\" height=\"800\" src=\"https:\/\/i0.wp.com\/toppenafdanmark.dk\/wp-content\/uploads\/2025\/08\/1024-x-1024-Oceanarium-06.webp?fit=800%2C800&amp;ssl=1\" class=\"attachment-large size-large wp-image-3866\" alt=\"En dyretr\u00e6ner aer en s\u00e6l blidt under en tr\u00e6ningssession i Nords\u00f8en Oceanarium, mens s\u00e6len kigger op med tillid og ro i blikket\" srcset=\"https:\/\/i0.wp.com\/toppenafdanmark.dk\/wp-content\/uploads\/2025\/08\/1024-x-1024-Oceanarium-06.webp?w=1024&amp;ssl=1 1024w, https:\/\/i0.wp.com\/toppenafdanmark.dk\/wp-content\/uploads\/2025\/08\/1024-x-1024-Oceanarium-06.webp?resize=300%2C300&amp;ssl=1 300w, https:\/\/i0.wp.com\/toppenafdanmark.dk\/wp-content\/uploads\/2025\/08\/1024-x-1024-Oceanarium-06.webp?resize=150%2C150&amp;ssl=1 150w, https:\/\/i0.wp.com\/toppenafdanmark.dk\/wp-content\/uploads\/2025\/08\/1024-x-1024-Oceanarium-06.webp?resize=768%2C768&amp;ssl=1 768w, https:\/\/i0.wp.com\/toppenafdanmark.dk\/wp-content\/uploads\/2025\/08\/1024-x-1024-Oceanarium-06.webp?resize=12%2C12&amp;ssl=1 12w\" sizes=\"(max-width: 800px) 100vw, 800px\" \/>\t\t\t\t\t\t\t\t\t\t\t\t\t\t\t<\/div>\n\t\t\t\t<\/div>\n\t\t\t\t\t<\/div>\n\t\t<\/div>\n\t\t\t\t<div class=\"elementor-column elementor-col-50 elementor-inner-column elementor-element elementor-element-2dbaf2d0\" data-id=\"2dbaf2d0\" data-element_type=\"column\" data-e-type=\"column\">\n\t\t\t<div class=\"elementor-widget-wrap elementor-element-populated\">\n\t\t\t\t\t\t<div class=\"elementor-element elementor-element-2ac4b8d2 elementor-widget elementor-widget-image\" data-id=\"2ac4b8d2\" data-element_type=\"widget\" data-e-type=\"widget\" data-widget_type=\"image.default\">\n\t\t\t\t<div class=\"elementor-widget-container\">\n\t\t\t\t\t\t\t\t\t\t\t\t\t\t\t<img decoding=\"async\" data-attachment-id=\"3865\" data-permalink=\"https:\/\/toppenafdanmark.dk\/de\/nordsoen-oceanarium\/1024-x-1024-oceanarium-05\/\" data-orig-file=\"https:\/\/i0.wp.com\/toppenafdanmark.dk\/wp-content\/uploads\/2025\/08\/1024-x-1024-Oceanarium-05.webp?fit=1024%2C1024&amp;ssl=1\" data-orig-size=\"1024,1024\" data-comments-opened=\"0\" data-image-meta=\"{&quot;aperture&quot;:&quot;0&quot;,&quot;credit&quot;:&quot;&quot;,&quot;camera&quot;:&quot;&quot;,&quot;caption&quot;:&quot;&quot;,&quot;created_timestamp&quot;:&quot;0&quot;,&quot;copyright&quot;:&quot;&quot;,&quot;focal_length&quot;:&quot;0&quot;,&quot;iso&quot;:&quot;0&quot;,&quot;shutter_speed&quot;:&quot;0&quot;,&quot;title&quot;:&quot;&quot;,&quot;orientation&quot;:&quot;0&quot;}\" data-image-title=\"1024 x 1024 Oceanarium 05\" data-image-description=\"\" data-image-caption=\"\" data-large-file=\"https:\/\/i0.wp.com\/toppenafdanmark.dk\/wp-content\/uploads\/2025\/08\/1024-x-1024-Oceanarium-05.webp?fit=800%2C800&amp;ssl=1\" width=\"800\" height=\"800\" src=\"https:\/\/i0.wp.com\/toppenafdanmark.dk\/wp-content\/uploads\/2025\/08\/1024-x-1024-Oceanarium-05.webp?fit=800%2C800&amp;ssl=1\" class=\"attachment-large size-large wp-image-3865\" alt=\"En lille krabbe sidder forsigtigt i en \u00e5ben h\u00e5ndflade ved r\u00f8rebassinet i Nords\u00f8en Oceanarium, klar til at blive studeret af nysgerrige b\u00f8rn\" srcset=\"https:\/\/i0.wp.com\/toppenafdanmark.dk\/wp-content\/uploads\/2025\/08\/1024-x-1024-Oceanarium-05.webp?w=1024&amp;ssl=1 1024w, https:\/\/i0.wp.com\/toppenafdanmark.dk\/wp-content\/uploads\/2025\/08\/1024-x-1024-Oceanarium-05.webp?resize=300%2C300&amp;ssl=1 300w, https:\/\/i0.wp.com\/toppenafdanmark.dk\/wp-content\/uploads\/2025\/08\/1024-x-1024-Oceanarium-05.webp?resize=150%2C150&amp;ssl=1 150w, https:\/\/i0.wp.com\/toppenafdanmark.dk\/wp-content\/uploads\/2025\/08\/1024-x-1024-Oceanarium-05.webp?resize=768%2C768&amp;ssl=1 768w, https:\/\/i0.wp.com\/toppenafdanmark.dk\/wp-content\/uploads\/2025\/08\/1024-x-1024-Oceanarium-05.webp?resize=12%2C12&amp;ssl=1 12w\" sizes=\"(max-width: 800px) 100vw, 800px\" \/>\t\t\t\t\t\t\t\t\t\t\t\t\t\t\t<\/div>\n\t\t\t\t<\/div>\n\t\t\t\t\t<\/div>\n\t\t<\/div>\n\t\t\t\t\t<\/div>\n\t\t<\/section>\n\t\t\t\t<div class=\"elementor-element elementor-element-3d150ac8 elementor-widget elementor-widget-text-editor\" data-id=\"3d150ac8\" data-element_type=\"widget\" data-e-type=\"widget\" data-widget_type=\"text-editor.default\">\n\t\t\t\t<div class=\"elementor-widget-container\">\n\t\t\t\t\t\t\t\t\t<h4 data-start=\"1017\" data-end=\"1049\">Viel Spiel und Bewegung<\/h4><p data-start=\"1050\" data-end=\"1254\">Drau\u00dfen erwarten Sie gro\u00dfe Spielpl\u00e4tze und lustige Aktivit\u00e4ten - fangen Sie Krabben, klettern Sie auf einen Pottwal und erkunden Sie das Leben als Meerestier. Das Nordsee Ozeanarium ist ein Ort, an dem Spielen, Lernen und Erleben Hand in Hand gehen.<\/p><h4 data-start=\"1256\" data-end=\"1294\">Gut essen und Erinnerungen mit nach Hause nehmen<\/h4><p data-start=\"1295\" data-end=\"1550\">Die Restaurants servieren fangfrischen Fisch und einfache, gesunde Gerichte mit lokalen Zutaten. Sie k\u00f6nnen auch Ihr eigenes Lunchpaket in gem\u00fctlicher Umgebung genie\u00dfen. Im Laden \"Pakhuset\" finden Sie alles von B\u00fcchern \u00fcber Geschenke bis hin zu Souvenirs, damit Sie ein St\u00fcck des Erlebnisses mit nach Hause nehmen k\u00f6nnen.<\/p>\t\t\t\t\t\t\t\t<\/div>\n\t\t\t\t<\/div>\n\t\t\t\t<div class=\"elementor-element elementor-element-272b88f elementor-widget-divider--view-line elementor-widget elementor-widget-divider\" data-id=\"272b88f\" data-element_type=\"widget\" data-e-type=\"widget\" data-widget_type=\"divider.default\">\n\t\t\t\t<div class=\"elementor-widget-container\">\n\t\t\t\t\t\t\t<div class=\"elementor-divider\">\n\t\t\t<span class=\"elementor-divider-separator\">\n\t\t\t\t\t\t<\/span>\n\t\t<\/div>\n\t\t\t\t\t\t<\/div>\n\t\t\t\t<\/div>\n\t\t\t\t<div class=\"elementor-element elementor-element-13258db0 elementor-widget elementor-widget-text-editor\" data-id=\"13258db0\" data-element_type=\"widget\" data-e-type=\"widget\" data-widget_type=\"text-editor.default\">\n\t\t\t\t<div class=\"elementor-widget-container\">\n\t\t\t\t\t\t\t\t\t<p>Nords\u00f8en Ozeanarium | Willemoesvej 2 | 9850 Hirtshals | +45 98 94 44 44 44 | <a title=\"Nordsee-Ozeanarium\" href=\"http:\/\/www.nordsoenoceanarium.dk\" target=\"_blank\" rel=\"noopener\">www.nordsoenoceanarium.dk<\/a><\/p>\t\t\t\t\t\t\t\t<\/div>\n\t\t\t\t<\/div>\n\t\t\t\t\t<\/div>\n\t\t<\/div>\n\t\t\t\t\t<\/div>\n\t\t<\/section>\n\t\t<div class=\"elementor-element elementor-element-244b2d2d e-flex e-con-boxed e-con e-parent\" data-id=\"244b2d2d\" data-element_type=\"container\" data-e-type=\"container\">\n\t\t\t\t\t<div class=\"e-con-inner\">\n\t\t\t\t<div class=\"elementor-element elementor-element-317509ec elementor-widget elementor-widget-gallery\" data-id=\"317509ec\" data-element_type=\"widget\" data-e-type=\"widget\" data-settings=\"{&quot;gallery_layout&quot;:&quot;masonry&quot;,&quot;lazyload&quot;:&quot;yes&quot;,&quot;columns&quot;:4,&quot;columns_tablet&quot;:2,&quot;columns_mobile&quot;:1,&quot;gap&quot;:{&quot;unit&quot;:&quot;px&quot;,&quot;size&quot;:10,&quot;sizes&quot;:[]},&quot;gap_tablet&quot;:{&quot;unit&quot;:&quot;px&quot;,&quot;size&quot;:10,&quot;sizes&quot;:[]},&quot;gap_mobile&quot;:{&quot;unit&quot;:&quot;px&quot;,&quot;size&quot;:10,&quot;sizes&quot;:[]},&quot;link_to&quot;:&quot;file&quot;,&quot;overlay_background&quot;:&quot;yes&quot;,&quot;content_hover_animation&quot;:&quot;fade-in&quot;}\" data-widget_type=\"gallery.default\">\n\t\t\t\t<div class=\"elementor-widget-container\">\n\t\t\t\t\t\t\t<div class=\"elementor-gallery__container\">\n\t\t\t\t\t<\/div>\n\t\t\t\t\t<\/div>\n\t\t\t\t<\/div>\n\t\t\t\t\t<\/div>\n\t\t\t\t<\/div>\n\t\t\t\t<\/div>","protected":false},"excerpt":{"rendered":"<p>Nords\u00f8en Oceanarium Oplev Nordeuropas st\u00f8rste akvarium Nords\u00f8en Oceanarium i Hirtshals byder p\u00e5 sp\u00e6ndende og l\u00e6rerige oplevelser for hele familien \u2013 \u00e5ret rundt og i al slags vejr. Her kan I [&hellip;]<\/p>\n","protected":false},"author":266444217,"featured_media":2658,"parent":0,"menu_order":0,"comment_status":"closed","ping_status":"closed","template":"","meta":{"_crdt_document":"","footnotes":""},"folder":[1390],"class_list":["post-3861","page","type-page","status-publish","has-post-thumbnail","hentry"],"jetpack_sharing_enabled":true,"jetpack_shortlink":"https:\/\/wp.me\/PgDlef-10h","_links":{"self":[{"href":"https:\/\/toppenafdanmark.dk\/de\/wp-json\/wp\/v2\/pages\/3861","targetHints":{"allow":["GET"]}}],"collection":[{"href":"https:\/\/toppenafdanmark.dk\/de\/wp-json\/wp\/v2\/pages"}],"about":[{"href":"https:\/\/toppenafdanmark.dk\/de\/wp-json\/wp\/v2\/types\/page"}],"author":[{"embeddable":true,"href":"https:\/\/toppenafdanmark.dk\/de\/wp-json\/wp\/v2\/users\/266444217"}],"replies":[{"embeddable":true,"href":"https:\/\/toppenafdanmark.dk\/de\/wp-json\/wp\/v2\/comments?post=3861"}],"version-history":[{"count":26,"href":"https:\/\/toppenafdanmark.dk\/de\/wp-json\/wp\/v2\/pages\/3861\/revisions"}],"predecessor-version":[{"id":8557,"href":"https:\/\/toppenafdanmark.dk\/de\/wp-json\/wp\/v2\/pages\/3861\/revisions\/8557"}],"wp:featuredmedia":[{"embeddable":true,"href":"https:\/\/toppenafdanmark.dk\/de\/wp-json\/wp\/v2\/media\/2658"}],"wp:attachment":[{"href":"https:\/\/toppenafdanmark.dk\/de\/wp-json\/wp\/v2\/media?parent=3861"}],"wp:term":[{"taxonomy":"folder","embeddable":true,"href":"https:\/\/toppenafdanmark.dk\/de\/wp-json\/wp\/v2\/folder?post=3861"}],"curies":[{"name":"wp","href":"https:\/\/api.w.org\/{rel}","templated":true}]}}