{"id":4014,"date":"2025-08-06T09:13:56","date_gmt":"2025-08-06T07:13:56","guid":{"rendered":"https:\/\/toppenafdanmark.dk\/?page_id=4014"},"modified":"2026-03-11T16:19:25","modified_gmt":"2026-03-11T15:19:25","slug":"jakobs-cafe-bar","status":"publish","type":"page","link":"https:\/\/toppenafdanmark.dk\/de\/jakobs-cafe-bar\/","title":{"rendered":"Jakobs Caf\u00e9 &amp; Bar"},"content":{"rendered":"<div data-elementor-type=\"wp-page\" data-elementor-id=\"4014\" class=\"elementor elementor-4014\" data-elementor-post-type=\"page\">\n\t\t\t\t<div class=\"elementor-element elementor-element-228e1eab e-con-full e-flex e-con e-parent\" data-id=\"228e1eab\" data-element_type=\"container\" data-e-type=\"container\" data-settings=\"{&quot;background_background&quot;:&quot;classic&quot;}\">\n\t\t<div class=\"elementor-element elementor-element-fa5303e e-con-full e-flex e-con e-child\" data-id=\"fa5303e\" data-element_type=\"container\" data-e-type=\"container\" data-settings=\"{&quot;background_background&quot;:&quot;classic&quot;}\">\n\t\t\t\t<\/div>\n\t\t<div class=\"elementor-element elementor-element-20c3a69a e-con-full elementor-hidden-mobile e-flex e-con e-child\" data-id=\"20c3a69a\" data-element_type=\"container\" data-e-type=\"container\" data-settings=\"{&quot;background_background&quot;:&quot;classic&quot;}\">\n\t\t\t\t<\/div>\n\t\t<div class=\"elementor-element elementor-element-75264783 e-con-full elementor-hidden-mobile e-flex e-con e-child\" data-id=\"75264783\" data-element_type=\"container\" data-e-type=\"container\" data-settings=\"{&quot;background_background&quot;:&quot;classic&quot;}\">\n\t\t\t\t<\/div>\n\t\t\t\t<\/div>\n\t\t\t\t<section class=\"elementor-section elementor-top-section elementor-element elementor-element-3af9c388 elementor-section-boxed elementor-section-height-default elementor-section-height-default\" data-id=\"3af9c388\" data-element_type=\"section\" data-e-type=\"section\">\n\t\t\t\t\t\t<div class=\"elementor-container elementor-column-gap-no\">\n\t\t\t\t\t<div class=\"elementor-column elementor-col-100 elementor-top-column elementor-element elementor-element-28f7dc26\" data-id=\"28f7dc26\" data-element_type=\"column\" data-e-type=\"column\">\n\t\t\t<div class=\"elementor-widget-wrap elementor-element-populated\">\n\t\t\t\t\t\t<div class=\"elementor-element elementor-element-5c86b93f elementor-widget elementor-widget-heading\" data-id=\"5c86b93f\" data-element_type=\"widget\" data-e-type=\"widget\" data-widget_type=\"heading.default\">\n\t\t\t\t<div class=\"elementor-widget-container\">\n\t\t\t\t\t<h2 class=\"elementor-heading-title elementor-size-default\">Jakobs Caf\u00e9 &amp; Bar<\/h2>\t\t\t\t<\/div>\n\t\t\t\t<\/div>\n\t\t\t\t<div class=\"elementor-element elementor-element-3a40a9a0 elementor-widget-divider--view-line elementor-widget elementor-widget-divider\" data-id=\"3a40a9a0\" data-element_type=\"widget\" data-e-type=\"widget\" data-widget_type=\"divider.default\">\n\t\t\t\t<div class=\"elementor-widget-container\">\n\t\t\t\t\t\t\t<div class=\"elementor-divider\">\n\t\t\t<span class=\"elementor-divider-separator\">\n\t\t\t\t\t\t<\/span>\n\t\t<\/div>\n\t\t\t\t\t\t<\/div>\n\t\t\t\t<\/div>\n\t\t\t\t<div class=\"elementor-element elementor-element-4fe48f33 elementor-widget elementor-widget-text-editor\" data-id=\"4fe48f33\" data-element_type=\"widget\" data-e-type=\"widget\" data-widget_type=\"text-editor.default\">\n\t\t\t\t<div class=\"elementor-widget-container\">\n\t\t\t\t\t\t\t\t\t<h4 data-start=\"153\" data-end=\"191\">Gem\u00fctliches Essenserlebnis im Herzen von Skagen<\/h4><p data-start=\"193\" data-end=\"445\">Jakob's Caf\u00e9 &amp; Bar befindet sich mitten in Skagen Torv, wo gutes Essen, gem\u00fctliche Atmosph\u00e4re und freundlicher Service zusammenkommen. Das Caf\u00e9 ist sowohl f\u00fcr Einheimische als auch f\u00fcr Besucher, die ein ungezwungenes und schmackhaftes Essenserlebnis im Herzen der Stadt suchen, eine gute Anlaufstelle.<\/p><h4>Gro\u00dfe Auswahl an Gerichten f\u00fcr jeden Geschmack<\/h4><p data-start=\"490\" data-end=\"728\">Von frischem Fisch und saftigen Steaks bis hin zu klassischen Burgern, Nudelgerichten und leichten Salaten bietet die Speisekarte eine gro\u00dfe Auswahl. Sowohl zum Mittag- als auch zum Abendessen gibt es etwas f\u00fcr die ganze Familie. Die Qualit\u00e4t ist erstklassig und die Zutaten werden sorgf\u00e4ltig ausgew\u00e4hlt.<\/p>\t\t\t\t\t\t\t\t<\/div>\n\t\t\t\t<\/div>\n\t\t\t\t<section class=\"elementor-section elementor-inner-section elementor-element elementor-element-18337b4a elementor-section-boxed elementor-section-height-default elementor-section-height-default\" data-id=\"18337b4a\" data-element_type=\"section\" data-e-type=\"section\">\n\t\t\t\t\t\t<div class=\"elementor-container elementor-column-gap-no\">\n\t\t\t\t\t<div class=\"elementor-column elementor-col-50 elementor-inner-column elementor-element elementor-element-355d2fd8\" data-id=\"355d2fd8\" data-element_type=\"column\" data-e-type=\"column\">\n\t\t\t<div class=\"elementor-widget-wrap elementor-element-populated\">\n\t\t\t\t\t\t<div class=\"elementor-element elementor-element-24a3a7e2 elementor-widget elementor-widget-image\" data-id=\"24a3a7e2\" data-element_type=\"widget\" data-e-type=\"widget\" data-widget_type=\"image.default\">\n\t\t\t\t<div class=\"elementor-widget-container\">\n\t\t\t\t\t\t\t\t\t\t\t\t\t\t\t<img fetchpriority=\"high\" decoding=\"async\" data-attachment-id=\"4049\" data-permalink=\"https:\/\/toppenafdanmark.dk\/de\/jakobs-cafe-bar\/1024x1024-jakobs-cafe-og-bar-brunch\/\" data-orig-file=\"https:\/\/i0.wp.com\/toppenafdanmark.dk\/wp-content\/uploads\/2025\/08\/1024x1024-Jakobs-Cafe-og-Bar-brunch.webp?fit=1024%2C1024&amp;ssl=1\" data-orig-size=\"1024,1024\" data-comments-opened=\"0\" data-image-meta=\"{&quot;aperture&quot;:&quot;0&quot;,&quot;credit&quot;:&quot;&quot;,&quot;camera&quot;:&quot;&quot;,&quot;caption&quot;:&quot;&quot;,&quot;created_timestamp&quot;:&quot;0&quot;,&quot;copyright&quot;:&quot;&quot;,&quot;focal_length&quot;:&quot;0&quot;,&quot;iso&quot;:&quot;0&quot;,&quot;shutter_speed&quot;:&quot;0&quot;,&quot;title&quot;:&quot;&quot;,&quot;orientation&quot;:&quot;0&quot;}\" data-image-title=\"1024&amp;#215;1024 Jakobs Cafe og Bar brunch\" data-image-description=\"\" data-image-caption=\"\" data-large-file=\"https:\/\/i0.wp.com\/toppenafdanmark.dk\/wp-content\/uploads\/2025\/08\/1024x1024-Jakobs-Cafe-og-Bar-brunch.webp?fit=800%2C800&amp;ssl=1\" width=\"800\" height=\"800\" src=\"https:\/\/i0.wp.com\/toppenafdanmark.dk\/wp-content\/uploads\/2025\/08\/1024x1024-Jakobs-Cafe-og-Bar-brunch.webp?fit=800%2C800&amp;ssl=1\" class=\"attachment-large size-large wp-image-4049\" alt=\"Indbydende morgenmad med friskbagt br\u00f8d, \u00e6g, p\u00e5l\u00e6g og kaffe serveret p\u00e5 Jakob\u2019s Caf\u00e9 &amp; Bar i Skagen \u2013 perfekt start p\u00e5 dagen\" srcset=\"https:\/\/i0.wp.com\/toppenafdanmark.dk\/wp-content\/uploads\/2025\/08\/1024x1024-Jakobs-Cafe-og-Bar-brunch.webp?w=1024&amp;ssl=1 1024w, https:\/\/i0.wp.com\/toppenafdanmark.dk\/wp-content\/uploads\/2025\/08\/1024x1024-Jakobs-Cafe-og-Bar-brunch.webp?resize=300%2C300&amp;ssl=1 300w, https:\/\/i0.wp.com\/toppenafdanmark.dk\/wp-content\/uploads\/2025\/08\/1024x1024-Jakobs-Cafe-og-Bar-brunch.webp?resize=150%2C150&amp;ssl=1 150w, https:\/\/i0.wp.com\/toppenafdanmark.dk\/wp-content\/uploads\/2025\/08\/1024x1024-Jakobs-Cafe-og-Bar-brunch.webp?resize=768%2C768&amp;ssl=1 768w, https:\/\/i0.wp.com\/toppenafdanmark.dk\/wp-content\/uploads\/2025\/08\/1024x1024-Jakobs-Cafe-og-Bar-brunch.webp?resize=12%2C12&amp;ssl=1 12w\" sizes=\"(max-width: 800px) 100vw, 800px\" \/>\t\t\t\t\t\t\t\t\t\t\t\t\t\t\t<\/div>\n\t\t\t\t<\/div>\n\t\t\t\t\t<\/div>\n\t\t<\/div>\n\t\t\t\t<div class=\"elementor-column elementor-col-50 elementor-inner-column elementor-element elementor-element-5572b8f7\" data-id=\"5572b8f7\" data-element_type=\"column\" data-e-type=\"column\">\n\t\t\t<div class=\"elementor-widget-wrap elementor-element-populated\">\n\t\t\t\t\t\t<div class=\"elementor-element elementor-element-0e2f822 elementor-widget elementor-widget-image\" data-id=\"0e2f822\" data-element_type=\"widget\" data-e-type=\"widget\" data-widget_type=\"image.default\">\n\t\t\t\t<div class=\"elementor-widget-container\">\n\t\t\t\t\t\t\t\t\t\t\t\t\t\t\t<img decoding=\"async\" data-attachment-id=\"4096\" data-permalink=\"https:\/\/toppenafdanmark.dk\/de\/jakobs-cafe-bar\/1024-x-1024-jakobs-cafe-20\/\" data-orig-file=\"https:\/\/i0.wp.com\/toppenafdanmark.dk\/wp-content\/uploads\/2025\/08\/1024-x-1024-Jakobs-Cafe-20.webp?fit=1024%2C1024&amp;ssl=1\" data-orig-size=\"1024,1024\" data-comments-opened=\"0\" data-image-meta=\"{&quot;aperture&quot;:&quot;0&quot;,&quot;credit&quot;:&quot;&quot;,&quot;camera&quot;:&quot;&quot;,&quot;caption&quot;:&quot;&quot;,&quot;created_timestamp&quot;:&quot;0&quot;,&quot;copyright&quot;:&quot;&quot;,&quot;focal_length&quot;:&quot;0&quot;,&quot;iso&quot;:&quot;0&quot;,&quot;shutter_speed&quot;:&quot;0&quot;,&quot;title&quot;:&quot;&quot;,&quot;orientation&quot;:&quot;0&quot;}\" data-image-title=\"1024 x 1024 Jakobs Cafe 20\" data-image-description=\"\" data-image-caption=\"\" data-large-file=\"https:\/\/i0.wp.com\/toppenafdanmark.dk\/wp-content\/uploads\/2025\/08\/1024-x-1024-Jakobs-Cafe-20.webp?fit=800%2C800&amp;ssl=1\" width=\"800\" height=\"800\" src=\"https:\/\/i0.wp.com\/toppenafdanmark.dk\/wp-content\/uploads\/2025\/08\/1024-x-1024-Jakobs-Cafe-20.webp?fit=800%2C800&amp;ssl=1\" class=\"attachment-large size-large wp-image-4096\" alt=\"Delikat mad p\u00e5 Jakobs Caf\u00e9 og bar\" srcset=\"https:\/\/i0.wp.com\/toppenafdanmark.dk\/wp-content\/uploads\/2025\/08\/1024-x-1024-Jakobs-Cafe-20.webp?w=1024&amp;ssl=1 1024w, https:\/\/i0.wp.com\/toppenafdanmark.dk\/wp-content\/uploads\/2025\/08\/1024-x-1024-Jakobs-Cafe-20.webp?resize=300%2C300&amp;ssl=1 300w, https:\/\/i0.wp.com\/toppenafdanmark.dk\/wp-content\/uploads\/2025\/08\/1024-x-1024-Jakobs-Cafe-20.webp?resize=150%2C150&amp;ssl=1 150w, https:\/\/i0.wp.com\/toppenafdanmark.dk\/wp-content\/uploads\/2025\/08\/1024-x-1024-Jakobs-Cafe-20.webp?resize=768%2C768&amp;ssl=1 768w, https:\/\/i0.wp.com\/toppenafdanmark.dk\/wp-content\/uploads\/2025\/08\/1024-x-1024-Jakobs-Cafe-20.webp?resize=12%2C12&amp;ssl=1 12w\" sizes=\"(max-width: 800px) 100vw, 800px\" \/>\t\t\t\t\t\t\t\t\t\t\t\t\t\t\t<\/div>\n\t\t\t\t<\/div>\n\t\t\t\t\t<\/div>\n\t\t<\/div>\n\t\t\t\t\t<\/div>\n\t\t<\/section>\n\t\t\t\t<div class=\"elementor-element elementor-element-311873af elementor-widget elementor-widget-text-editor\" data-id=\"311873af\" data-element_type=\"widget\" data-e-type=\"widget\" data-widget_type=\"text-editor.default\">\n\t\t\t\t<div class=\"elementor-widget-container\">\n\t\t\t\t\t\t\t\t\t<h4 data-start=\"730\" data-end=\"766\">Essen im Freien und Bar-Atmosph\u00e4re<\/h4><p data-start=\"768\" data-end=\"1013\">Im Sommer k\u00f6nnen Sie auf der gro\u00dfen Sonnenterrasse mit Blick auf den Platz das Essen und den Puls der Stadt genie\u00dfen, w\u00e4hrend die kalten Monate W\u00e4rme und Gem\u00fctlichkeit im Inneren bieten. Die Bar hat auch eine gute Auswahl an Cocktails, Wein und Bier - perfekt f\u00fcr einen entspannten Abend.<\/p><h4 data-start=\"1015\" data-end=\"1042\">Eine sichere Wahl in Skagen<\/h4><p data-start=\"1044\" data-end=\"1289\">Ob Sie nun ein gutes Mittagessen, ein sch\u00f6nes Abendessen oder einfach nur einen Drink in gem\u00fctlicher Umgebung suchen, Jakobs Caf\u00e9 &amp; Bar ist einen Besuch wert. Das Caf\u00e9 ist Teil des pulsierenden Stadtlebens in Skagen und ein Ort, an den man immer wieder gerne zur\u00fcckkehrt.<\/p>\t\t\t\t\t\t\t\t<\/div>\n\t\t\t\t<\/div>\n\t\t\t\t<div class=\"elementor-element elementor-element-58a3735 elementor-widget-divider--view-line elementor-widget elementor-widget-divider\" data-id=\"58a3735\" data-element_type=\"widget\" data-e-type=\"widget\" data-widget_type=\"divider.default\">\n\t\t\t\t<div class=\"elementor-widget-container\">\n\t\t\t\t\t\t\t<div class=\"elementor-divider\">\n\t\t\t<span class=\"elementor-divider-separator\">\n\t\t\t\t\t\t<\/span>\n\t\t<\/div>\n\t\t\t\t\t\t<\/div>\n\t\t\t\t<\/div>\n\t\t\t\t<div class=\"elementor-element elementor-element-698efa6 elementor-widget elementor-widget-text-editor\" data-id=\"698efa6\" data-element_type=\"widget\" data-e-type=\"widget\" data-widget_type=\"text-editor.default\">\n\t\t\t\t<div class=\"elementor-widget-container\">\n\t\t\t\t\t\t\t\t\t<p>Jakobs Caf\u00e9 &amp; Bar | Havnevej 4A | 9990 Skagen | +45 44 16 90 | <a title=\"Jacob&#039;s Cafe &amp; Bar\" href=\"https:\/\/www.jakobscafe.dk\/\" target=\"_blank\" rel=\"noopener\">www.jakobscafe.dk\/<\/a><\/p>\t\t\t\t\t\t\t\t<\/div>\n\t\t\t\t<\/div>\n\t\t\t\t\t<\/div>\n\t\t<\/div>\n\t\t\t\t\t<\/div>\n\t\t<\/section>\n\t\t<div class=\"elementor-element elementor-element-3b517b59 e-flex e-con-boxed e-con e-parent\" data-id=\"3b517b59\" data-element_type=\"container\" data-e-type=\"container\">\n\t\t\t\t\t<div class=\"e-con-inner\">\n\t\t\t\t<div class=\"elementor-element elementor-element-50af3006 elementor-widget elementor-widget-gallery\" data-id=\"50af3006\" data-element_type=\"widget\" data-e-type=\"widget\" data-settings=\"{&quot;gallery_layout&quot;:&quot;masonry&quot;,&quot;lazyload&quot;:&quot;yes&quot;,&quot;columns&quot;:4,&quot;columns_tablet&quot;:2,&quot;columns_mobile&quot;:1,&quot;gap&quot;:{&quot;unit&quot;:&quot;px&quot;,&quot;size&quot;:10,&quot;sizes&quot;:[]},&quot;gap_tablet&quot;:{&quot;unit&quot;:&quot;px&quot;,&quot;size&quot;:10,&quot;sizes&quot;:[]},&quot;gap_mobile&quot;:{&quot;unit&quot;:&quot;px&quot;,&quot;size&quot;:10,&quot;sizes&quot;:[]},&quot;link_to&quot;:&quot;file&quot;,&quot;overlay_background&quot;:&quot;yes&quot;,&quot;content_hover_animation&quot;:&quot;fade-in&quot;}\" data-widget_type=\"gallery.default\">\n\t\t\t\t<div class=\"elementor-widget-container\">\n\t\t\t\t\t\t\t<div class=\"elementor-gallery__container\">\n\t\t\t\t\t<\/div>\n\t\t\t\t\t<\/div>\n\t\t\t\t<\/div>\n\t\t\t\t\t<\/div>\n\t\t\t\t<\/div>\n\t\t<div class=\"elementor-element elementor-element-e95fd8c e-flex e-con-boxed e-con e-parent\" data-id=\"e95fd8c\" data-element_type=\"container\" data-e-type=\"container\">\n\t\t\t\t\t<div class=\"e-con-inner\">\n\t\t<div class=\"elementor-element elementor-element-b56359a e-con-full e-flex e-con e-child\" data-id=\"b56359a\" data-element_type=\"container\" data-e-type=\"container\">\n\t\t\t\t<div class=\"elementor-element elementor-element-1e56f29 elementor-widget elementor-widget-gallery\" data-id=\"1e56f29\" data-element_type=\"widget\" data-e-type=\"widget\" data-settings=\"{&quot;gallery_layout&quot;:&quot;masonry&quot;,&quot;lazyload&quot;:&quot;yes&quot;,&quot;columns&quot;:4,&quot;columns_tablet&quot;:2,&quot;columns_mobile&quot;:1,&quot;gap&quot;:{&quot;unit&quot;:&quot;px&quot;,&quot;size&quot;:10,&quot;sizes&quot;:[]},&quot;gap_tablet&quot;:{&quot;unit&quot;:&quot;px&quot;,&quot;size&quot;:10,&quot;sizes&quot;:[]},&quot;gap_mobile&quot;:{&quot;unit&quot;:&quot;px&quot;,&quot;size&quot;:10,&quot;sizes&quot;:[]},&quot;link_to&quot;:&quot;file&quot;,&quot;overlay_background&quot;:&quot;yes&quot;,&quot;content_hover_animation&quot;:&quot;fade-in&quot;}\" data-widget_type=\"gallery.default\">\n\t\t\t\t<div class=\"elementor-widget-container\">\n\t\t\t\t\t\t\t<div class=\"elementor-gallery__container\">\n\t\t\t\t\t\t\t<a class=\"e-gallery-item elementor-gallery-item elementor-animated-content\" href=\"https:\/\/i0.wp.com\/toppenafdanmark.dk\/wp-content\/uploads\/2026\/03\/300x300-Jakobs-Cafe-og-Bar-aftenstemnning.webp?fit=300%2C300&#038;ssl=1\" data-elementor-open-lightbox=\"yes\" data-elementor-lightbox-slideshow=\"1e56f29\" data-elementor-lightbox-title=\"300x300 Jakobs Cafe og Bar aftenstemnning\" data-e-action-hash=\"#elementor-action%3Aaction%3Dlightbox%26settings%3DeyJpZCI6OTM5NCwidXJsIjoiaHR0cHM6XC9cL3RvcHBlbmFmZGFubWFyay5ka1wvd3AtY29udGVudFwvdXBsb2Fkc1wvMjAyNlwvMDNcLzMwMHgzMDAtSmFrb2JzLUNhZmUtb2ctQmFyLWFmdGVuc3RlbW5uaW5nLndlYnAiLCJzbGlkZXNob3ciOiIxZTU2ZjI5In0%3D\">\n\t\t\t\t\t<div class=\"e-gallery-image elementor-gallery-item__image\" data-thumbnail=\"https:\/\/i0.wp.com\/toppenafdanmark.dk\/wp-content\/uploads\/2026\/03\/300x300-Jakobs-Cafe-og-Bar-aftenstemnning.webp?fit=300%2C300&amp;ssl=1\" data-width=\"300\" data-height=\"300\" aria-label=\"\" role=\"img\" ><\/div>\n\t\t\t\t\t\t\t\t\t\t\t<div class=\"elementor-gallery-item__overlay\"><\/div>\n\t\t\t\t\t\t\t\t\t\t\t\t\t\t<\/a>\n\t\t\t\t\t\t\t<a class=\"e-gallery-item elementor-gallery-item elementor-animated-content\" href=\"https:\/\/i0.wp.com\/toppenafdanmark.dk\/wp-content\/uploads\/2026\/03\/300x300-Jakobs-Cafe-og-Bar-borddaekning.webp?fit=300%2C300&#038;ssl=1\" data-elementor-open-lightbox=\"yes\" data-elementor-lightbox-slideshow=\"1e56f29\" data-elementor-lightbox-title=\"300x300 Jakobs Cafe og Bar bordd\u00e6kning\" data-e-action-hash=\"#elementor-action%3Aaction%3Dlightbox%26settings%3DeyJpZCI6OTM5NSwidXJsIjoiaHR0cHM6XC9cL3RvcHBlbmFmZGFubWFyay5ka1wvd3AtY29udGVudFwvdXBsb2Fkc1wvMjAyNlwvMDNcLzMwMHgzMDAtSmFrb2JzLUNhZmUtb2ctQmFyLWJvcmRkYWVrbmluZy53ZWJwIiwic2xpZGVzaG93IjoiMWU1NmYyOSJ9\">\n\t\t\t\t\t<div class=\"e-gallery-image elementor-gallery-item__image\" data-thumbnail=\"https:\/\/i0.wp.com\/toppenafdanmark.dk\/wp-content\/uploads\/2026\/03\/300x300-Jakobs-Cafe-og-Bar-borddaekning.webp?fit=300%2C300&amp;ssl=1\" data-width=\"300\" data-height=\"300\" aria-label=\"\" role=\"img\" ><\/div>\n\t\t\t\t\t\t\t\t\t\t\t<div class=\"elementor-gallery-item__overlay\"><\/div>\n\t\t\t\t\t\t\t\t\t\t\t\t\t\t<\/a>\n\t\t\t\t\t\t\t<a class=\"e-gallery-item elementor-gallery-item elementor-animated-content\" href=\"https:\/\/i0.wp.com\/toppenafdanmark.dk\/wp-content\/uploads\/2026\/03\/300x300-Jakobs-Cafe-og-Bar-brunch.webp?fit=300%2C300&#038;ssl=1\" data-elementor-open-lightbox=\"yes\" data-elementor-lightbox-slideshow=\"1e56f29\" data-elementor-lightbox-title=\"300x300 Jakobs Cafe og Bar brunch\" data-e-action-hash=\"#elementor-action%3Aaction%3Dlightbox%26settings%3DeyJpZCI6OTM5NiwidXJsIjoiaHR0cHM6XC9cL3RvcHBlbmFmZGFubWFyay5ka1wvd3AtY29udGVudFwvdXBsb2Fkc1wvMjAyNlwvMDNcLzMwMHgzMDAtSmFrb2JzLUNhZmUtb2ctQmFyLWJydW5jaC53ZWJwIiwic2xpZGVzaG93IjoiMWU1NmYyOSJ9\">\n\t\t\t\t\t<div class=\"e-gallery-image elementor-gallery-item__image\" data-thumbnail=\"https:\/\/i0.wp.com\/toppenafdanmark.dk\/wp-content\/uploads\/2026\/03\/300x300-Jakobs-Cafe-og-Bar-brunch.webp?fit=300%2C300&amp;ssl=1\" data-width=\"300\" data-height=\"300\" aria-label=\"\" role=\"img\" ><\/div>\n\t\t\t\t\t\t\t\t\t\t\t<div class=\"elementor-gallery-item__overlay\"><\/div>\n\t\t\t\t\t\t\t\t\t\t\t\t\t\t<\/a>\n\t\t\t\t\t\t\t<a class=\"e-gallery-item elementor-gallery-item elementor-animated-content\" href=\"https:\/\/i0.wp.com\/toppenafdanmark.dk\/wp-content\/uploads\/2026\/03\/300x300-Jakobs-Cafe-og-Bar-burger.webp?fit=300%2C300&#038;ssl=1\" data-elementor-open-lightbox=\"yes\" data-elementor-lightbox-slideshow=\"1e56f29\" data-elementor-lightbox-title=\"300x300 Jakobs Cafe og Bar burger\" data-e-action-hash=\"#elementor-action%3Aaction%3Dlightbox%26settings%3DeyJpZCI6OTM5NywidXJsIjoiaHR0cHM6XC9cL3RvcHBlbmFmZGFubWFyay5ka1wvd3AtY29udGVudFwvdXBsb2Fkc1wvMjAyNlwvMDNcLzMwMHgzMDAtSmFrb2JzLUNhZmUtb2ctQmFyLWJ1cmdlci53ZWJwIiwic2xpZGVzaG93IjoiMWU1NmYyOSJ9\">\n\t\t\t\t\t<div class=\"e-gallery-image elementor-gallery-item__image\" data-thumbnail=\"https:\/\/i0.wp.com\/toppenafdanmark.dk\/wp-content\/uploads\/2026\/03\/300x300-Jakobs-Cafe-og-Bar-burger.webp?fit=300%2C300&amp;ssl=1\" data-width=\"300\" data-height=\"300\" aria-label=\"\" role=\"img\" ><\/div>\n\t\t\t\t\t\t\t\t\t\t\t<div class=\"elementor-gallery-item__overlay\"><\/div>\n\t\t\t\t\t\t\t\t\t\t\t\t\t\t<\/a>\n\t\t\t\t\t\t\t<a class=\"e-gallery-item elementor-gallery-item elementor-animated-content\" href=\"https:\/\/i0.wp.com\/toppenafdanmark.dk\/wp-content\/uploads\/2026\/03\/300x300-Jakobs-Cafe-og-Bar-drink.webp?fit=300%2C300&#038;ssl=1\" data-elementor-open-lightbox=\"yes\" data-elementor-lightbox-slideshow=\"1e56f29\" data-elementor-lightbox-title=\"300x300 Jakobs Cafe og Bar drink\" data-e-action-hash=\"#elementor-action%3Aaction%3Dlightbox%26settings%3DeyJpZCI6OTM5OCwidXJsIjoiaHR0cHM6XC9cL3RvcHBlbmFmZGFubWFyay5ka1wvd3AtY29udGVudFwvdXBsb2Fkc1wvMjAyNlwvMDNcLzMwMHgzMDAtSmFrb2JzLUNhZmUtb2ctQmFyLWRyaW5rLndlYnAiLCJzbGlkZXNob3ciOiIxZTU2ZjI5In0%3D\">\n\t\t\t\t\t<div class=\"e-gallery-image elementor-gallery-item__image\" data-thumbnail=\"https:\/\/i0.wp.com\/toppenafdanmark.dk\/wp-content\/uploads\/2026\/03\/300x300-Jakobs-Cafe-og-Bar-drink.webp?fit=300%2C300&amp;ssl=1\" data-width=\"300\" data-height=\"300\" aria-label=\"\" role=\"img\" ><\/div>\n\t\t\t\t\t\t\t\t\t\t\t<div class=\"elementor-gallery-item__overlay\"><\/div>\n\t\t\t\t\t\t\t\t\t\t\t\t\t\t<\/a>\n\t\t\t\t\t\t\t<a class=\"e-gallery-item elementor-gallery-item elementor-animated-content\" href=\"https:\/\/i0.wp.com\/toppenafdanmark.dk\/wp-content\/uploads\/2026\/03\/300x300-Jakobs-Cafe-og-Bar-fisk.webp?fit=300%2C300&#038;ssl=1\" data-elementor-open-lightbox=\"yes\" data-elementor-lightbox-slideshow=\"1e56f29\" data-elementor-lightbox-title=\"300x300 Jakobs Cafe og Bar fisk\" data-e-action-hash=\"#elementor-action%3Aaction%3Dlightbox%26settings%3DeyJpZCI6OTQwMCwidXJsIjoiaHR0cHM6XC9cL3RvcHBlbmFmZGFubWFyay5ka1wvd3AtY29udGVudFwvdXBsb2Fkc1wvMjAyNlwvMDNcLzMwMHgzMDAtSmFrb2JzLUNhZmUtb2ctQmFyLWZpc2sud2VicCIsInNsaWRlc2hvdyI6IjFlNTZmMjkifQ%3D%3D\">\n\t\t\t\t\t<div class=\"e-gallery-image elementor-gallery-item__image\" data-thumbnail=\"https:\/\/i0.wp.com\/toppenafdanmark.dk\/wp-content\/uploads\/2026\/03\/300x300-Jakobs-Cafe-og-Bar-fisk.webp?fit=300%2C300&amp;ssl=1\" data-width=\"300\" data-height=\"300\" aria-label=\"\" role=\"img\" ><\/div>\n\t\t\t\t\t\t\t\t\t\t\t<div class=\"elementor-gallery-item__overlay\"><\/div>\n\t\t\t\t\t\t\t\t\t\t\t\t\t\t<\/a>\n\t\t\t\t\t\t\t<a class=\"e-gallery-item elementor-gallery-item elementor-animated-content\" href=\"https:\/\/i0.wp.com\/toppenafdanmark.dk\/wp-content\/uploads\/2026\/03\/300x300-Jakobs-Cafe-og-Bar-frokost.webp?fit=300%2C300&#038;ssl=1\" data-elementor-open-lightbox=\"yes\" data-elementor-lightbox-slideshow=\"1e56f29\" data-elementor-lightbox-title=\"300x300 Jakobs Cafe og Bar frokost\" data-e-action-hash=\"#elementor-action%3Aaction%3Dlightbox%26settings%3DeyJpZCI6OTQwMSwidXJsIjoiaHR0cHM6XC9cL3RvcHBlbmFmZGFubWFyay5ka1wvd3AtY29udGVudFwvdXBsb2Fkc1wvMjAyNlwvMDNcLzMwMHgzMDAtSmFrb2JzLUNhZmUtb2ctQmFyLWZyb2tvc3Qud2VicCIsInNsaWRlc2hvdyI6IjFlNTZmMjkifQ%3D%3D\">\n\t\t\t\t\t<div class=\"e-gallery-image elementor-gallery-item__image\" data-thumbnail=\"https:\/\/i0.wp.com\/toppenafdanmark.dk\/wp-content\/uploads\/2026\/03\/300x300-Jakobs-Cafe-og-Bar-frokost.webp?fit=300%2C300&amp;ssl=1\" data-width=\"300\" data-height=\"300\" aria-label=\"\" role=\"img\" ><\/div>\n\t\t\t\t\t\t\t\t\t\t\t<div class=\"elementor-gallery-item__overlay\"><\/div>\n\t\t\t\t\t\t\t\t\t\t\t\t\t\t<\/a>\n\t\t\t\t\t\t\t<a class=\"e-gallery-item elementor-gallery-item elementor-animated-content\" href=\"https:\/\/i0.wp.com\/toppenafdanmark.dk\/wp-content\/uploads\/2026\/03\/300x300-Jakobs-Cafe-og-Bar-facade-i-blaat.webp?fit=300%2C300&#038;ssl=1\" data-elementor-open-lightbox=\"yes\" data-elementor-lightbox-slideshow=\"1e56f29\" data-elementor-lightbox-title=\"300x300 Jakobs Cafe og Bar facade i bl\u00e5t\" data-e-action-hash=\"#elementor-action%3Aaction%3Dlightbox%26settings%3DeyJpZCI6OTM5OSwidXJsIjoiaHR0cHM6XC9cL3RvcHBlbmFmZGFubWFyay5ka1wvd3AtY29udGVudFwvdXBsb2Fkc1wvMjAyNlwvMDNcLzMwMHgzMDAtSmFrb2JzLUNhZmUtb2ctQmFyLWZhY2FkZS1pLWJsYWF0LndlYnAiLCJzbGlkZXNob3ciOiIxZTU2ZjI5In0%3D\">\n\t\t\t\t\t<div class=\"e-gallery-image elementor-gallery-item__image\" data-thumbnail=\"https:\/\/i0.wp.com\/toppenafdanmark.dk\/wp-content\/uploads\/2026\/03\/300x300-Jakobs-Cafe-og-Bar-facade-i-blaat.webp?fit=300%2C300&amp;ssl=1\" data-width=\"300\" data-height=\"300\" aria-label=\"\" role=\"img\" ><\/div>\n\t\t\t\t\t\t\t\t\t\t\t<div class=\"elementor-gallery-item__overlay\"><\/div>\n\t\t\t\t\t\t\t\t\t\t\t\t\t\t<\/a>\n\t\t\t\t\t<\/div>\n\t\t\t\t\t<\/div>\n\t\t\t\t<\/div>\n\t\t\t\t<\/div>\n\t\t\t\t\t<\/div>\n\t\t\t\t<\/div>\n\t\t\t\t<\/div>","protected":false},"excerpt":{"rendered":"<p>Jakobs Caf\u00e9 &amp; Bar Hyggelig madoplevelse midt i Skagen Midt p\u00e5 Skagen Torv ligger Jakob\u2019s Caf\u00e9 &amp; Bar, hvor god mad, hyggelig stemning og venlig betjening g\u00e5r op i en [&hellip;]<\/p>\n","protected":false},"author":266444217,"featured_media":4048,"parent":0,"menu_order":0,"comment_status":"closed","ping_status":"closed","template":"","meta":{"_crdt_document":"","footnotes":""},"folder":[1387],"class_list":["post-4014","page","type-page","status-publish","has-post-thumbnail","hentry"],"jetpack_sharing_enabled":true,"jetpack_shortlink":"https:\/\/wp.me\/PgDlef-12K","_links":{"self":[{"href":"https:\/\/toppenafdanmark.dk\/de\/wp-json\/wp\/v2\/pages\/4014","targetHints":{"allow":["GET"]}}],"collection":[{"href":"https:\/\/toppenafdanmark.dk\/de\/wp-json\/wp\/v2\/pages"}],"about":[{"href":"https:\/\/toppenafdanmark.dk\/de\/wp-json\/wp\/v2\/types\/page"}],"author":[{"embeddable":true,"href":"https:\/\/toppenafdanmark.dk\/de\/wp-json\/wp\/v2\/users\/266444217"}],"replies":[{"embeddable":true,"href":"https:\/\/toppenafdanmark.dk\/de\/wp-json\/wp\/v2\/comments?post=4014"}],"version-history":[{"count":33,"href":"https:\/\/toppenafdanmark.dk\/de\/wp-json\/wp\/v2\/pages\/4014\/revisions"}],"predecessor-version":[{"id":9407,"href":"https:\/\/toppenafdanmark.dk\/de\/wp-json\/wp\/v2\/pages\/4014\/revisions\/9407"}],"wp:featuredmedia":[{"embeddable":true,"href":"https:\/\/toppenafdanmark.dk\/de\/wp-json\/wp\/v2\/media\/4048"}],"wp:attachment":[{"href":"https:\/\/toppenafdanmark.dk\/de\/wp-json\/wp\/v2\/media?parent=4014"}],"wp:term":[{"taxonomy":"folder","embeddable":true,"href":"https:\/\/toppenafdanmark.dk\/de\/wp-json\/wp\/v2\/folder?post=4014"}],"curies":[{"name":"wp","href":"https:\/\/api.w.org\/{rel}","templated":true}]}}