{"id":4352,"date":"2025-08-11T13:55:48","date_gmt":"2025-08-11T11:55:48","guid":{"rendered":"https:\/\/toppenafdanmark.dk\/?page_id=4352"},"modified":"2026-02-26T11:22:37","modified_gmt":"2026-02-26T10:22:37","slug":"ruths-hotel","status":"publish","type":"page","link":"https:\/\/toppenafdanmark.dk\/de\/ruths-hotel\/","title":{"rendered":"Ruths Hotel"},"content":{"rendered":"<div data-elementor-type=\"wp-page\" data-elementor-id=\"4352\" class=\"elementor elementor-4352\" data-elementor-post-type=\"page\">\n\t\t\t\t<div class=\"elementor-element elementor-element-72d2ac4a e-con-full e-flex e-con e-parent\" data-id=\"72d2ac4a\" data-element_type=\"container\" data-e-type=\"container\" data-settings=\"{&quot;background_background&quot;:&quot;classic&quot;}\">\n\t\t<div class=\"elementor-element elementor-element-285ce2df e-con-full elementor-hidden-mobile e-flex e-con e-child\" data-id=\"285ce2df\" data-element_type=\"container\" data-e-type=\"container\" data-settings=\"{&quot;background_background&quot;:&quot;classic&quot;}\">\n\t\t\t\t<\/div>\n\t\t<div class=\"elementor-element elementor-element-1e330f2b e-con-full e-flex e-con e-child\" data-id=\"1e330f2b\" data-element_type=\"container\" data-e-type=\"container\" data-settings=\"{&quot;background_background&quot;:&quot;classic&quot;}\">\n\t\t\t\t<\/div>\n\t\t<div class=\"elementor-element elementor-element-63274273 e-con-full elementor-hidden-mobile e-flex e-con e-child\" data-id=\"63274273\" data-element_type=\"container\" data-e-type=\"container\" data-settings=\"{&quot;background_background&quot;:&quot;classic&quot;}\">\n\t\t\t\t<\/div>\n\t\t\t\t<\/div>\n\t\t\t\t<section class=\"elementor-section elementor-top-section elementor-element elementor-element-5c440cd9 elementor-section-boxed elementor-section-height-default elementor-section-height-default\" data-id=\"5c440cd9\" data-element_type=\"section\" data-e-type=\"section\">\n\t\t\t\t\t\t<div class=\"elementor-container elementor-column-gap-no\">\n\t\t\t\t\t<div class=\"elementor-column elementor-col-100 elementor-top-column elementor-element elementor-element-3550936d\" data-id=\"3550936d\" data-element_type=\"column\" data-e-type=\"column\">\n\t\t\t<div class=\"elementor-widget-wrap elementor-element-populated\">\n\t\t\t\t\t\t<div class=\"elementor-element elementor-element-43185e31 elementor-widget elementor-widget-heading\" data-id=\"43185e31\" data-element_type=\"widget\" data-e-type=\"widget\" data-widget_type=\"heading.default\">\n\t\t\t\t<div class=\"elementor-widget-container\">\n\t\t\t\t\t<h2 class=\"elementor-heading-title elementor-size-default\">Ruths Hotel<\/h2>\t\t\t\t<\/div>\n\t\t\t\t<\/div>\n\t\t\t\t<div class=\"elementor-element elementor-element-27d08a3c elementor-widget-divider--view-line elementor-widget elementor-widget-divider\" data-id=\"27d08a3c\" data-element_type=\"widget\" data-e-type=\"widget\" data-widget_type=\"divider.default\">\n\t\t\t\t<div class=\"elementor-widget-container\">\n\t\t\t\t\t\t\t<div class=\"elementor-divider\">\n\t\t\t<span class=\"elementor-divider-separator\">\n\t\t\t\t\t\t<\/span>\n\t\t<\/div>\n\t\t\t\t\t\t<\/div>\n\t\t\t\t<\/div>\n\t\t\t\t<div class=\"elementor-element elementor-element-3f10beac elementor-widget elementor-widget-text-editor\" data-id=\"3f10beac\" data-element_type=\"widget\" data-e-type=\"widget\" data-widget_type=\"text-editor.default\">\n\t\t\t\t<div class=\"elementor-widget-container\">\n\t\t\t\t\t\t\t\t\t<h4 data-start=\"111\" data-end=\"149\">Historisches Hotel an der K\u00fcste in Gl. Skagen<\/h4><p data-start=\"150\" data-end=\"444\">Das 1904 gegr\u00fcndete Ruths Hotel ist eine echte Ikone in Gammel Skagen, beliebt f\u00fcr seine klassische Hotelatmosph\u00e4re am Meer, den pers\u00f6nlichen Service und die hohen Standards. Mit seiner einzigartigen Lage, nur wenige Schritte von der Nordsee entfernt, bietet das Hotel eine perfekte Kombination aus historischem Charme und modernem Komfort.<\/p><p data-start=\"150\" data-end=\"444\">Hier werden die G\u00e4ste von einer Atmosph\u00e4re empfangen, die das besondere Licht Skagens, die frische Meeresbrise und die Ruhe der malerischen D\u00fcnenlandschaft vereint. Ob Sie einen romantischen Ausflug, einen luxuri\u00f6sen Urlaub oder einfach nur ein paar Tage Entspannung suchen, Ruths Hotel ist der ideale Ort daf\u00fcr.<\/p>\t\t\t\t\t\t\t\t<\/div>\n\t\t\t\t<\/div>\n\t\t\t\t<section class=\"elementor-section elementor-inner-section elementor-element elementor-element-7ff62732 elementor-section-boxed elementor-section-height-default elementor-section-height-default\" data-id=\"7ff62732\" data-element_type=\"section\" data-e-type=\"section\">\n\t\t\t\t\t\t<div class=\"elementor-container elementor-column-gap-no\">\n\t\t\t\t\t<div class=\"elementor-column elementor-col-50 elementor-inner-column elementor-element elementor-element-46efef8f\" data-id=\"46efef8f\" data-element_type=\"column\" data-e-type=\"column\">\n\t\t\t<div class=\"elementor-widget-wrap elementor-element-populated\">\n\t\t\t\t\t\t<div class=\"elementor-element elementor-element-83fed30 elementor-widget elementor-widget-image\" data-id=\"83fed30\" data-element_type=\"widget\" data-e-type=\"widget\" data-widget_type=\"image.default\">\n\t\t\t\t<div class=\"elementor-widget-container\">\n\t\t\t\t\t\t\t\t\t\t\t\t\t\t\t<img fetchpriority=\"high\" decoding=\"async\" data-attachment-id=\"9199\" data-permalink=\"https:\/\/toppenafdanmark.dk\/de\/ruths-hotel\/ruths-hotel-fra-oven-1024x1024\/\" data-orig-file=\"https:\/\/i0.wp.com\/toppenafdanmark.dk\/wp-content\/uploads\/2026\/02\/Ruths-Hotel-fra-oven-1024x1024-1.jpg?fit=1024%2C1024&amp;ssl=1\" data-orig-size=\"1024,1024\" data-comments-opened=\"0\" data-image-meta=\"{&quot;aperture&quot;:&quot;0&quot;,&quot;credit&quot;:&quot;&quot;,&quot;camera&quot;:&quot;&quot;,&quot;caption&quot;:&quot;&quot;,&quot;created_timestamp&quot;:&quot;0&quot;,&quot;copyright&quot;:&quot;&quot;,&quot;focal_length&quot;:&quot;0&quot;,&quot;iso&quot;:&quot;0&quot;,&quot;shutter_speed&quot;:&quot;0&quot;,&quot;title&quot;:&quot;&quot;,&quot;orientation&quot;:&quot;0&quot;}\" data-image-title=\"Ruths Hotel fra oven 1024&amp;#215;1024\" data-image-description=\"\" data-image-caption=\"\" data-medium-file=\"https:\/\/i0.wp.com\/toppenafdanmark.dk\/wp-content\/uploads\/2026\/02\/Ruths-Hotel-fra-oven-1024x1024-1.jpg?fit=300%2C300&amp;ssl=1\" data-large-file=\"https:\/\/i0.wp.com\/toppenafdanmark.dk\/wp-content\/uploads\/2026\/02\/Ruths-Hotel-fra-oven-1024x1024-1.jpg?fit=800%2C800&amp;ssl=1\" width=\"800\" height=\"800\" src=\"https:\/\/i0.wp.com\/toppenafdanmark.dk\/wp-content\/uploads\/2026\/02\/Ruths-Hotel-fra-oven-1024x1024-1.jpg?fit=800%2C800&amp;ssl=1\" class=\"attachment-large size-large wp-image-9199\" alt=\"\" srcset=\"https:\/\/i0.wp.com\/toppenafdanmark.dk\/wp-content\/uploads\/2026\/02\/Ruths-Hotel-fra-oven-1024x1024-1.jpg?w=1024&amp;ssl=1 1024w, https:\/\/i0.wp.com\/toppenafdanmark.dk\/wp-content\/uploads\/2026\/02\/Ruths-Hotel-fra-oven-1024x1024-1.jpg?resize=300%2C300&amp;ssl=1 300w, https:\/\/i0.wp.com\/toppenafdanmark.dk\/wp-content\/uploads\/2026\/02\/Ruths-Hotel-fra-oven-1024x1024-1.jpg?resize=150%2C150&amp;ssl=1 150w, https:\/\/i0.wp.com\/toppenafdanmark.dk\/wp-content\/uploads\/2026\/02\/Ruths-Hotel-fra-oven-1024x1024-1.jpg?resize=768%2C768&amp;ssl=1 768w, https:\/\/i0.wp.com\/toppenafdanmark.dk\/wp-content\/uploads\/2026\/02\/Ruths-Hotel-fra-oven-1024x1024-1.jpg?resize=12%2C12&amp;ssl=1 12w\" sizes=\"(max-width: 800px) 100vw, 800px\" \/>\t\t\t\t\t\t\t\t\t\t\t\t\t\t\t<\/div>\n\t\t\t\t<\/div>\n\t\t\t\t\t<\/div>\n\t\t<\/div>\n\t\t\t\t<div class=\"elementor-column elementor-col-50 elementor-inner-column elementor-element elementor-element-104e2c35\" data-id=\"104e2c35\" data-element_type=\"column\" data-e-type=\"column\">\n\t\t\t<div class=\"elementor-widget-wrap elementor-element-populated\">\n\t\t\t\t\t\t<div class=\"elementor-element elementor-element-7f61e2d0 elementor-widget elementor-widget-image\" data-id=\"7f61e2d0\" data-element_type=\"widget\" data-e-type=\"widget\" data-widget_type=\"image.default\">\n\t\t\t\t<div class=\"elementor-widget-container\">\n\t\t\t\t\t\t\t\t\t\t\t\t\t\t\t<img decoding=\"async\" data-attachment-id=\"9201\" data-permalink=\"https:\/\/toppenafdanmark.dk\/de\/ruths-hotel\/ruths-hotel-noegle-1024x1024\/\" data-orig-file=\"https:\/\/i0.wp.com\/toppenafdanmark.dk\/wp-content\/uploads\/2026\/02\/Ruths-Hotel-noegle-1024x1024-1.jpg?fit=1024%2C1024&amp;ssl=1\" data-orig-size=\"1024,1024\" data-comments-opened=\"0\" data-image-meta=\"{&quot;aperture&quot;:&quot;0&quot;,&quot;credit&quot;:&quot;&quot;,&quot;camera&quot;:&quot;&quot;,&quot;caption&quot;:&quot;&quot;,&quot;created_timestamp&quot;:&quot;0&quot;,&quot;copyright&quot;:&quot;&quot;,&quot;focal_length&quot;:&quot;0&quot;,&quot;iso&quot;:&quot;0&quot;,&quot;shutter_speed&quot;:&quot;0&quot;,&quot;title&quot;:&quot;&quot;,&quot;orientation&quot;:&quot;0&quot;}\" data-image-title=\"Ruths Hotel n\u00f8gle 1024&amp;#215;1024\" data-image-description=\"\" data-image-caption=\"\" data-medium-file=\"https:\/\/i0.wp.com\/toppenafdanmark.dk\/wp-content\/uploads\/2026\/02\/Ruths-Hotel-noegle-1024x1024-1.jpg?fit=300%2C300&amp;ssl=1\" data-large-file=\"https:\/\/i0.wp.com\/toppenafdanmark.dk\/wp-content\/uploads\/2026\/02\/Ruths-Hotel-noegle-1024x1024-1.jpg?fit=800%2C800&amp;ssl=1\" width=\"800\" height=\"800\" src=\"https:\/\/i0.wp.com\/toppenafdanmark.dk\/wp-content\/uploads\/2026\/02\/Ruths-Hotel-noegle-1024x1024-1.jpg?fit=800%2C800&amp;ssl=1\" class=\"attachment-large size-large wp-image-9201\" alt=\"\" srcset=\"https:\/\/i0.wp.com\/toppenafdanmark.dk\/wp-content\/uploads\/2026\/02\/Ruths-Hotel-noegle-1024x1024-1.jpg?w=1024&amp;ssl=1 1024w, https:\/\/i0.wp.com\/toppenafdanmark.dk\/wp-content\/uploads\/2026\/02\/Ruths-Hotel-noegle-1024x1024-1.jpg?resize=300%2C300&amp;ssl=1 300w, https:\/\/i0.wp.com\/toppenafdanmark.dk\/wp-content\/uploads\/2026\/02\/Ruths-Hotel-noegle-1024x1024-1.jpg?resize=150%2C150&amp;ssl=1 150w, https:\/\/i0.wp.com\/toppenafdanmark.dk\/wp-content\/uploads\/2026\/02\/Ruths-Hotel-noegle-1024x1024-1.jpg?resize=768%2C768&amp;ssl=1 768w, https:\/\/i0.wp.com\/toppenafdanmark.dk\/wp-content\/uploads\/2026\/02\/Ruths-Hotel-noegle-1024x1024-1.jpg?resize=12%2C12&amp;ssl=1 12w\" sizes=\"(max-width: 800px) 100vw, 800px\" \/>\t\t\t\t\t\t\t\t\t\t\t\t\t\t\t<\/div>\n\t\t\t\t<\/div>\n\t\t\t\t\t<\/div>\n\t\t<\/div>\n\t\t\t\t\t<\/div>\n\t\t<\/section>\n\t\t\t\t<div class=\"elementor-element elementor-element-273d149d elementor-widget elementor-widget-text-editor\" data-id=\"273d149d\" data-element_type=\"widget\" data-e-type=\"widget\" data-widget_type=\"text-editor.default\">\n\t\t\t\t<div class=\"elementor-widget-container\">\n\t\t\t\t\t\t\t\t\t<h4 data-start=\"446\" data-end=\"485\">Gastronomie und Wellness an der K\u00fcste<\/h4><p data-start=\"486\" data-end=\"760\" data-is-last-node=\"\" data-is-only-node=\"\">Das Hotel beherbergt zwei renommierte Restaurants, Ruths Brasserie und das Restaurant Ok\u00ea, in denen die franz\u00f6sisch-nordische Gastronomie auf die besten lokalen Zutaten aus Meer und Land trifft. Jedes Gericht wird mit Sorgfalt zubereitet, wobei der Schwerpunkt auf Aromen liegt, die die wechselnden Jahreszeiten widerspiegeln.<\/p><p data-start=\"486\" data-end=\"760\" data-is-last-node=\"\" data-is-only-node=\"\">Zur Entspannung steht den G\u00e4sten der exklusive Wellnessbereich des Hotels mit Spa, Sauna, Therapiebecken und Fitnesseinrichtungen zur Verf\u00fcgung. Hier k\u00f6nnen Sie Ihren K\u00f6rper auftanken und Ihren Geist in einer wundersch\u00f6nen Umgebung beruhigen, die das Erlebnis von Luxus an der K\u00fcste noch verst\u00e4rkt.<\/p>\t\t\t\t\t\t\t\t<\/div>\n\t\t\t\t<\/div>\n\t\t\t\t<div class=\"elementor-element elementor-element-6e06d59a elementor-widget-divider--view-line elementor-widget elementor-widget-divider\" data-id=\"6e06d59a\" data-element_type=\"widget\" data-e-type=\"widget\" data-widget_type=\"divider.default\">\n\t\t\t\t<div class=\"elementor-widget-container\">\n\t\t\t\t\t\t\t<div class=\"elementor-divider\">\n\t\t\t<span class=\"elementor-divider-separator\">\n\t\t\t\t\t\t<\/span>\n\t\t<\/div>\n\t\t\t\t\t\t<\/div>\n\t\t\t\t<\/div>\n\t\t\t\t<div class=\"elementor-element elementor-element-1d76c596 elementor-widget elementor-widget-text-editor\" data-id=\"1d76c596\" data-element_type=\"widget\" data-e-type=\"widget\" data-widget_type=\"text-editor.default\">\n\t\t\t\t<div class=\"elementor-widget-container\">\n\t\t\t\t\t\t\t\t\t<p>Ruths Hotel | Hans Ruths Vej 1 | 9990 Skagen | +45 98 44 11 24 | <a title=\"Ruths Hotel\" href=\"https:\/\/www.ruths-hotel.dk\" target=\"_blank\" rel=\"noopener\">www.ruths-hotel.dk<\/a><\/p>\t\t\t\t\t\t\t\t<\/div>\n\t\t\t\t<\/div>\n\t\t\t\t\t<\/div>\n\t\t<\/div>\n\t\t\t\t\t<\/div>\n\t\t<\/section>\n\t\t<div class=\"elementor-element elementor-element-1e259955 e-flex e-con-boxed e-con e-parent\" data-id=\"1e259955\" data-element_type=\"container\" data-e-type=\"container\">\n\t\t\t\t\t<div class=\"e-con-inner\">\n\t\t\t\t<div class=\"elementor-element elementor-element-7211c3f0 elementor-widget elementor-widget-gallery\" data-id=\"7211c3f0\" data-element_type=\"widget\" data-e-type=\"widget\" data-settings=\"{&quot;gallery_layout&quot;:&quot;masonry&quot;,&quot;lazyload&quot;:&quot;yes&quot;,&quot;columns&quot;:4,&quot;columns_tablet&quot;:2,&quot;columns_mobile&quot;:1,&quot;gap&quot;:{&quot;unit&quot;:&quot;px&quot;,&quot;size&quot;:10,&quot;sizes&quot;:[]},&quot;gap_tablet&quot;:{&quot;unit&quot;:&quot;px&quot;,&quot;size&quot;:10,&quot;sizes&quot;:[]},&quot;gap_mobile&quot;:{&quot;unit&quot;:&quot;px&quot;,&quot;size&quot;:10,&quot;sizes&quot;:[]},&quot;link_to&quot;:&quot;file&quot;,&quot;overlay_background&quot;:&quot;yes&quot;,&quot;content_hover_animation&quot;:&quot;fade-in&quot;}\" data-widget_type=\"gallery.default\">\n\t\t\t\t<div class=\"elementor-widget-container\">\n\t\t\t\t\t\t\t<div class=\"elementor-gallery__container\">\n\t\t\t\t\t\t\t<a class=\"e-gallery-item elementor-gallery-item elementor-animated-content\" href=\"https:\/\/i0.wp.com\/toppenafdanmark.dk\/wp-content\/uploads\/2026\/02\/RuthsHotel-drink-300x300-1.jpg?fit=300%2C300&#038;ssl=1\" data-elementor-open-lightbox=\"yes\" data-elementor-lightbox-slideshow=\"7211c3f0\" data-elementor-lightbox-title=\"RuthsHotel drink 300x300\" data-e-action-hash=\"#elementor-action%3Aaction%3Dlightbox%26settings%3DeyJpZCI6OTIxMSwidXJsIjoiaHR0cHM6XC9cL3RvcHBlbmFmZGFubWFyay5ka1wvd3AtY29udGVudFwvdXBsb2Fkc1wvMjAyNlwvMDJcL1J1dGhzSG90ZWwtZHJpbmstMzAweDMwMC0xLmpwZyIsInNsaWRlc2hvdyI6IjcyMTFjM2YwIn0%3D\">\n\t\t\t\t\t<div class=\"e-gallery-image elementor-gallery-item__image\" data-thumbnail=\"https:\/\/i0.wp.com\/toppenafdanmark.dk\/wp-content\/uploads\/2026\/02\/RuthsHotel-drink-300x300-1.jpg?fit=300%2C300&amp;ssl=1\" data-width=\"300\" data-height=\"300\" aria-label=\"\" role=\"img\" ><\/div>\n\t\t\t\t\t\t\t\t\t\t\t<div class=\"elementor-gallery-item__overlay\"><\/div>\n\t\t\t\t\t\t\t\t\t\t\t\t\t\t<\/a>\n\t\t\t\t\t\t\t<a class=\"e-gallery-item elementor-gallery-item elementor-animated-content\" href=\"https:\/\/i0.wp.com\/toppenafdanmark.dk\/wp-content\/uploads\/2026\/02\/RuthsHotel-der-er-ild-i-pejsen-300x300-1.jpg?fit=300%2C300&#038;ssl=1\" data-elementor-open-lightbox=\"yes\" data-elementor-lightbox-slideshow=\"7211c3f0\" data-elementor-lightbox-title=\"RuthsHotel der er ild i pejsen 300x300\" data-e-action-hash=\"#elementor-action%3Aaction%3Dlightbox%26settings%3DeyJpZCI6OTIxMCwidXJsIjoiaHR0cHM6XC9cL3RvcHBlbmFmZGFubWFyay5ka1wvd3AtY29udGVudFwvdXBsb2Fkc1wvMjAyNlwvMDJcL1J1dGhzSG90ZWwtZGVyLWVyLWlsZC1pLXBlanNlbi0zMDB4MzAwLTEuanBnIiwic2xpZGVzaG93IjoiNzIxMWMzZjAifQ%3D%3D\">\n\t\t\t\t\t<div class=\"e-gallery-image elementor-gallery-item__image\" data-thumbnail=\"https:\/\/i0.wp.com\/toppenafdanmark.dk\/wp-content\/uploads\/2026\/02\/RuthsHotel-der-er-ild-i-pejsen-300x300-1.jpg?fit=300%2C300&amp;ssl=1\" data-width=\"300\" data-height=\"300\" aria-label=\"\" role=\"img\" ><\/div>\n\t\t\t\t\t\t\t\t\t\t\t<div class=\"elementor-gallery-item__overlay\"><\/div>\n\t\t\t\t\t\t\t\t\t\t\t\t\t\t<\/a>\n\t\t\t\t\t\t\t<a class=\"e-gallery-item elementor-gallery-item elementor-animated-content\" href=\"https:\/\/i0.wp.com\/toppenafdanmark.dk\/wp-content\/uploads\/2026\/02\/Ruths-Hotel-wellness-300x300-1.jpg?fit=300%2C300&#038;ssl=1\" data-elementor-open-lightbox=\"yes\" data-elementor-lightbox-slideshow=\"7211c3f0\" data-elementor-lightbox-title=\"Ruths Hotel wellness 300x300\" data-e-action-hash=\"#elementor-action%3Aaction%3Dlightbox%26settings%3DeyJpZCI6OTIwOCwidXJsIjoiaHR0cHM6XC9cL3RvcHBlbmFmZGFubWFyay5ka1wvd3AtY29udGVudFwvdXBsb2Fkc1wvMjAyNlwvMDJcL1J1dGhzLUhvdGVsLXdlbGxuZXNzLTMwMHgzMDAtMS5qcGciLCJzbGlkZXNob3ciOiI3MjExYzNmMCJ9\">\n\t\t\t\t\t<div class=\"e-gallery-image elementor-gallery-item__image\" data-thumbnail=\"https:\/\/i0.wp.com\/toppenafdanmark.dk\/wp-content\/uploads\/2026\/02\/Ruths-Hotel-wellness-300x300-1.jpg?fit=300%2C300&amp;ssl=1\" data-width=\"300\" data-height=\"300\" aria-label=\"\" role=\"img\" ><\/div>\n\t\t\t\t\t\t\t\t\t\t\t<div class=\"elementor-gallery-item__overlay\"><\/div>\n\t\t\t\t\t\t\t\t\t\t\t\t\t\t<\/a>\n\t\t\t\t\t\t\t<a class=\"e-gallery-item elementor-gallery-item elementor-animated-content\" href=\"https:\/\/i0.wp.com\/toppenafdanmark.dk\/wp-content\/uploads\/2026\/02\/Ruths-Hotel-skaldyrsbuffet-300x300-1.jpg?fit=300%2C300&#038;ssl=1\" data-elementor-open-lightbox=\"yes\" data-elementor-lightbox-slideshow=\"7211c3f0\" data-elementor-lightbox-title=\"Ruths Hotel skaldyrsbuffet 300x300\" data-e-action-hash=\"#elementor-action%3Aaction%3Dlightbox%26settings%3DeyJpZCI6OTIwNSwidXJsIjoiaHR0cHM6XC9cL3RvcHBlbmFmZGFubWFyay5ka1wvd3AtY29udGVudFwvdXBsb2Fkc1wvMjAyNlwvMDJcL1J1dGhzLUhvdGVsLXNrYWxkeXJzYnVmZmV0LTMwMHgzMDAtMS5qcGciLCJzbGlkZXNob3ciOiI3MjExYzNmMCJ9\">\n\t\t\t\t\t<div class=\"e-gallery-image elementor-gallery-item__image\" data-thumbnail=\"https:\/\/i0.wp.com\/toppenafdanmark.dk\/wp-content\/uploads\/2026\/02\/Ruths-Hotel-skaldyrsbuffet-300x300-1.jpg?fit=300%2C300&amp;ssl=1\" data-width=\"300\" data-height=\"300\" aria-label=\"\" role=\"img\" ><\/div>\n\t\t\t\t\t\t\t\t\t\t\t<div class=\"elementor-gallery-item__overlay\"><\/div>\n\t\t\t\t\t\t\t\t\t\t\t\t\t\t<\/a>\n\t\t\t\t\t\t\t<a class=\"e-gallery-item elementor-gallery-item elementor-animated-content\" href=\"https:\/\/i0.wp.com\/toppenafdanmark.dk\/wp-content\/uploads\/2026\/02\/Ruths-Hotel-restaurant-300x300-1.jpg?fit=300%2C300&#038;ssl=1\" data-elementor-open-lightbox=\"yes\" data-elementor-lightbox-slideshow=\"7211c3f0\" data-elementor-lightbox-title=\"Ruths Hotel restaurant 300x300\" data-e-action-hash=\"#elementor-action%3Aaction%3Dlightbox%26settings%3DeyJpZCI6OTIwMywidXJsIjoiaHR0cHM6XC9cL3RvcHBlbmFmZGFubWFyay5ka1wvd3AtY29udGVudFwvdXBsb2Fkc1wvMjAyNlwvMDJcL1J1dGhzLUhvdGVsLXJlc3RhdXJhbnQtMzAweDMwMC0xLmpwZyIsInNsaWRlc2hvdyI6IjcyMTFjM2YwIn0%3D\">\n\t\t\t\t\t<div class=\"e-gallery-image elementor-gallery-item__image\" data-thumbnail=\"https:\/\/i0.wp.com\/toppenafdanmark.dk\/wp-content\/uploads\/2026\/02\/Ruths-Hotel-restaurant-300x300-1.jpg?fit=300%2C300&amp;ssl=1\" data-width=\"300\" data-height=\"300\" aria-label=\"\" role=\"img\" ><\/div>\n\t\t\t\t\t\t\t\t\t\t\t<div class=\"elementor-gallery-item__overlay\"><\/div>\n\t\t\t\t\t\t\t\t\t\t\t\t\t\t<\/a>\n\t\t\t\t\t\t\t<a class=\"e-gallery-item elementor-gallery-item elementor-animated-content\" href=\"https:\/\/i0.wp.com\/toppenafdanmark.dk\/wp-content\/uploads\/2026\/02\/Ruths-Hotel-laekkerier-300x300-1.jpg?fit=300%2C300&#038;ssl=1\" data-elementor-open-lightbox=\"yes\" data-elementor-lightbox-slideshow=\"7211c3f0\" data-elementor-lightbox-title=\"Ruths Hotel l\u00e6kkerier 300x300\" data-e-action-hash=\"#elementor-action%3Aaction%3Dlightbox%26settings%3DeyJpZCI6OTIwMCwidXJsIjoiaHR0cHM6XC9cL3RvcHBlbmFmZGFubWFyay5ka1wvd3AtY29udGVudFwvdXBsb2Fkc1wvMjAyNlwvMDJcL1J1dGhzLUhvdGVsLWxhZWtrZXJpZXItMzAweDMwMC0xLmpwZyIsInNsaWRlc2hvdyI6IjcyMTFjM2YwIn0%3D\">\n\t\t\t\t\t<div class=\"e-gallery-image elementor-gallery-item__image\" data-thumbnail=\"https:\/\/i0.wp.com\/toppenafdanmark.dk\/wp-content\/uploads\/2026\/02\/Ruths-Hotel-laekkerier-300x300-1.jpg?fit=300%2C300&amp;ssl=1\" data-width=\"300\" data-height=\"300\" aria-label=\"\" role=\"img\" ><\/div>\n\t\t\t\t\t\t\t\t\t\t\t<div class=\"elementor-gallery-item__overlay\"><\/div>\n\t\t\t\t\t\t\t\t\t\t\t\t\t\t<\/a>\n\t\t\t\t\t\t\t<a class=\"e-gallery-item elementor-gallery-item elementor-animated-content\" href=\"https:\/\/i0.wp.com\/toppenafdanmark.dk\/wp-content\/uploads\/2026\/02\/RuthsHotel-terasse-300x300-1.jpg?fit=300%2C300&#038;ssl=1\" data-elementor-open-lightbox=\"yes\" data-elementor-lightbox-slideshow=\"7211c3f0\" data-elementor-lightbox-title=\"RuthsHotel terasse 300x300\" data-e-action-hash=\"#elementor-action%3Aaction%3Dlightbox%26settings%3DeyJpZCI6OTE5OCwidXJsIjoiaHR0cHM6XC9cL3RvcHBlbmFmZGFubWFyay5ka1wvd3AtY29udGVudFwvdXBsb2Fkc1wvMjAyNlwvMDJcL1J1dGhzSG90ZWwtdGVyYXNzZS0zMDB4MzAwLTEuanBnIiwic2xpZGVzaG93IjoiNzIxMWMzZjAifQ%3D%3D\">\n\t\t\t\t\t<div class=\"e-gallery-image elementor-gallery-item__image\" data-thumbnail=\"https:\/\/i0.wp.com\/toppenafdanmark.dk\/wp-content\/uploads\/2026\/02\/RuthsHotel-terasse-300x300-1.jpg?fit=300%2C300&amp;ssl=1\" data-width=\"300\" data-height=\"300\" aria-label=\"\" role=\"img\" ><\/div>\n\t\t\t\t\t\t\t\t\t\t\t<div class=\"elementor-gallery-item__overlay\"><\/div>\n\t\t\t\t\t\t\t\t\t\t\t\t\t\t<\/a>\n\t\t\t\t\t\t\t<a class=\"e-gallery-item elementor-gallery-item elementor-animated-content\" href=\"https:\/\/i0.wp.com\/toppenafdanmark.dk\/wp-content\/uploads\/2026\/02\/Ruths-Hotel-vin-serveres-300x300-1.jpg?fit=300%2C300&#038;ssl=1\" data-elementor-open-lightbox=\"yes\" data-elementor-lightbox-slideshow=\"7211c3f0\" data-elementor-lightbox-title=\"Ruths Hotel vin serveres 300x300\" data-e-action-hash=\"#elementor-action%3Aaction%3Dlightbox%26settings%3DeyJpZCI6OTIwNiwidXJsIjoiaHR0cHM6XC9cL3RvcHBlbmFmZGFubWFyay5ka1wvd3AtY29udGVudFwvdXBsb2Fkc1wvMjAyNlwvMDJcL1J1dGhzLUhvdGVsLXZpbi1zZXJ2ZXJlcy0zMDB4MzAwLTEuanBnIiwic2xpZGVzaG93IjoiNzIxMWMzZjAifQ%3D%3D\">\n\t\t\t\t\t<div class=\"e-gallery-image elementor-gallery-item__image\" data-thumbnail=\"https:\/\/i0.wp.com\/toppenafdanmark.dk\/wp-content\/uploads\/2026\/02\/Ruths-Hotel-vin-serveres-300x300-1.jpg?fit=300%2C300&amp;ssl=1\" data-width=\"300\" data-height=\"300\" aria-label=\"\" role=\"img\" ><\/div>\n\t\t\t\t\t\t\t\t\t\t\t<div class=\"elementor-gallery-item__overlay\"><\/div>\n\t\t\t\t\t\t\t\t\t\t\t\t\t\t<\/a>\n\t\t\t\t\t<\/div>\n\t\t\t\t\t<\/div>\n\t\t\t\t<\/div>\n\t\t\t\t\t<\/div>\n\t\t\t\t<\/div>\n\t\t\t\t<\/div>","protected":false},"excerpt":{"rendered":"<p>Ruths Hotel Historisk badehotel i Gl. Skagen Ruths Hotel, grundlagt i 1904, er et sandt ikon i Gammel Skagen, elsket for sin klassiske badehotelstemning, personlige service og h\u00f8je standard. Med [&hellip;]<\/p>\n","protected":false},"author":266444215,"featured_media":4363,"parent":0,"menu_order":0,"comment_status":"closed","ping_status":"closed","template":"","meta":{"_crdt_document":"","jetpack_post_was_ever_published":false,"footnotes":""},"folder":[1386],"class_list":["post-4352","page","type-page","status-publish","has-post-thumbnail","hentry"],"jetpack_sharing_enabled":true,"jetpack_shortlink":"https:\/\/wp.me\/PgDlef-18c","_links":{"self":[{"href":"https:\/\/toppenafdanmark.dk\/de\/wp-json\/wp\/v2\/pages\/4352","targetHints":{"allow":["GET"]}}],"collection":[{"href":"https:\/\/toppenafdanmark.dk\/de\/wp-json\/wp\/v2\/pages"}],"about":[{"href":"https:\/\/toppenafdanmark.dk\/de\/wp-json\/wp\/v2\/types\/page"}],"author":[{"embeddable":true,"href":"https:\/\/toppenafdanmark.dk\/de\/wp-json\/wp\/v2\/users\/266444215"}],"replies":[{"embeddable":true,"href":"https:\/\/toppenafdanmark.dk\/de\/wp-json\/wp\/v2\/comments?post=4352"}],"version-history":[{"count":19,"href":"https:\/\/toppenafdanmark.dk\/de\/wp-json\/wp\/v2\/pages\/4352\/revisions"}],"predecessor-version":[{"id":9215,"href":"https:\/\/toppenafdanmark.dk\/de\/wp-json\/wp\/v2\/pages\/4352\/revisions\/9215"}],"wp:featuredmedia":[{"embeddable":true,"href":"https:\/\/toppenafdanmark.dk\/de\/wp-json\/wp\/v2\/media\/4363"}],"wp:attachment":[{"href":"https:\/\/toppenafdanmark.dk\/de\/wp-json\/wp\/v2\/media?parent=4352"}],"wp:term":[{"taxonomy":"folder","embeddable":true,"href":"https:\/\/toppenafdanmark.dk\/de\/wp-json\/wp\/v2\/folder?post=4352"}],"curies":[{"name":"wp","href":"https:\/\/api.w.org\/{rel}","templated":true}]}}