{"id":4450,"date":"2025-08-14T10:02:21","date_gmt":"2025-08-14T08:02:21","guid":{"rendered":"https:\/\/toppenafdanmark.dk\/?page_id=4450"},"modified":"2025-10-15T08:31:20","modified_gmt":"2025-10-15T06:31:20","slug":"skagen-fiskerestaurant","status":"publish","type":"page","link":"https:\/\/toppenafdanmark.dk\/de\/skagen-fiskerestaurant\/","title":{"rendered":"Fischrestaurant Skagen"},"content":{"rendered":"<div data-elementor-type=\"wp-page\" data-elementor-id=\"4450\" class=\"elementor elementor-4450\" data-elementor-post-type=\"page\">\n\t\t\t\t<div class=\"elementor-element elementor-element-186268d e-con-full e-flex e-con e-parent\" data-id=\"186268d\" data-element_type=\"container\" data-e-type=\"container\" data-settings=\"{&quot;background_background&quot;:&quot;classic&quot;}\">\n\t\t<div class=\"elementor-element elementor-element-293ab4e9 e-con-full elementor-hidden-mobile e-flex e-con e-child\" data-id=\"293ab4e9\" data-element_type=\"container\" data-e-type=\"container\" data-settings=\"{&quot;background_background&quot;:&quot;classic&quot;}\">\n\t\t\t\t<\/div>\n\t\t<div class=\"elementor-element elementor-element-31410bf8 e-con-full e-flex e-con e-child\" data-id=\"31410bf8\" data-element_type=\"container\" data-e-type=\"container\" data-settings=\"{&quot;background_background&quot;:&quot;classic&quot;}\">\n\t\t\t\t<\/div>\n\t\t<div class=\"elementor-element elementor-element-684074ac e-con-full elementor-hidden-mobile e-flex e-con e-child\" data-id=\"684074ac\" data-element_type=\"container\" data-e-type=\"container\" data-settings=\"{&quot;background_background&quot;:&quot;classic&quot;}\">\n\t\t\t\t<\/div>\n\t\t\t\t<\/div>\n\t\t\t\t<section class=\"elementor-section elementor-top-section elementor-element elementor-element-1ef16f85 elementor-section-boxed elementor-section-height-default elementor-section-height-default\" data-id=\"1ef16f85\" data-element_type=\"section\" data-e-type=\"section\">\n\t\t\t\t\t\t<div class=\"elementor-container elementor-column-gap-no\">\n\t\t\t\t\t<div class=\"elementor-column elementor-col-100 elementor-top-column elementor-element elementor-element-3371639b\" data-id=\"3371639b\" data-element_type=\"column\" data-e-type=\"column\">\n\t\t\t<div class=\"elementor-widget-wrap elementor-element-populated\">\n\t\t\t\t\t\t<div class=\"elementor-element elementor-element-527c7735 elementor-widget elementor-widget-heading\" data-id=\"527c7735\" data-element_type=\"widget\" data-e-type=\"widget\" data-widget_type=\"heading.default\">\n\t\t\t\t<div class=\"elementor-widget-container\">\n\t\t\t\t\t<h2 class=\"elementor-heading-title elementor-size-default\">Fischrestaurant Skagen<\/h2>\t\t\t\t<\/div>\n\t\t\t\t<\/div>\n\t\t\t\t<div class=\"elementor-element elementor-element-3e6871b1 elementor-widget-divider--view-line elementor-widget elementor-widget-divider\" data-id=\"3e6871b1\" data-element_type=\"widget\" data-e-type=\"widget\" data-widget_type=\"divider.default\">\n\t\t\t\t<div class=\"elementor-widget-container\">\n\t\t\t\t\t\t\t<div class=\"elementor-divider\">\n\t\t\t<span class=\"elementor-divider-separator\">\n\t\t\t\t\t\t<\/span>\n\t\t<\/div>\n\t\t\t\t\t\t<\/div>\n\t\t\t\t<\/div>\n\t\t\t\t<div class=\"elementor-element elementor-element-2afe1ba2 elementor-widget elementor-widget-text-editor\" data-id=\"2afe1ba2\" data-element_type=\"widget\" data-e-type=\"widget\" data-widget_type=\"text-editor.default\">\n\t\t\t\t<div class=\"elementor-widget-container\">\n\t\t\t\t\t\t\t\t\t<h4>Auf dem Gipfel von D\u00e4nemark im Jachthafen<\/h4><p>Das Skagen Fiskerestaurant liegt direkt am Yachthafen in Skagen. In den legend\u00e4ren rot gestrichenen Fischspeichern, die vom Architekten Thorvald Bindesb\u00f8ll entworfen wurden, ist das Restaurant seit 50 Jahren untergebracht, mit Blick auf den Hafen von Skagen in der ersten Reihe, Sand auf den B\u00f6den und immer fangfrischem Fisch auf der Speisekarte. Jeden Sommer gibt es Unterhaltung mit Live-Musik.<\/p><p>\u00a0<\/p>\t\t\t\t\t\t\t\t<\/div>\n\t\t\t\t<\/div>\n\t\t\t\t<section class=\"elementor-section elementor-inner-section elementor-element elementor-element-2452f9fd elementor-section-boxed elementor-section-height-default elementor-section-height-default\" data-id=\"2452f9fd\" data-element_type=\"section\" data-e-type=\"section\">\n\t\t\t\t\t\t<div class=\"elementor-container elementor-column-gap-no\">\n\t\t\t\t\t<div class=\"elementor-column elementor-col-50 elementor-inner-column elementor-element elementor-element-2803b5f\" data-id=\"2803b5f\" data-element_type=\"column\" data-e-type=\"column\">\n\t\t\t<div class=\"elementor-widget-wrap elementor-element-populated\">\n\t\t\t\t\t\t<div class=\"elementor-element elementor-element-7597ab14 elementor-widget elementor-widget-image\" data-id=\"7597ab14\" data-element_type=\"widget\" data-e-type=\"widget\" data-widget_type=\"image.default\">\n\t\t\t\t<div class=\"elementor-widget-container\">\n\t\t\t\t\t\t\t\t\t\t\t\t\t\t\t<img fetchpriority=\"high\" decoding=\"async\" data-attachment-id=\"4459\" data-permalink=\"https:\/\/toppenafdanmark.dk\/de\/skagen-fiskerestaurant\/1024-x-1024-skagen-fiskerestaurant-6\/\" data-orig-file=\"https:\/\/i0.wp.com\/toppenafdanmark.dk\/wp-content\/uploads\/2025\/08\/1024-x-1024-Skagen-fiskerestaurant-6.webp?fit=1024%2C1024&amp;ssl=1\" data-orig-size=\"1024,1024\" data-comments-opened=\"0\" data-image-meta=\"{&quot;aperture&quot;:&quot;0&quot;,&quot;credit&quot;:&quot;&quot;,&quot;camera&quot;:&quot;&quot;,&quot;caption&quot;:&quot;&quot;,&quot;created_timestamp&quot;:&quot;0&quot;,&quot;copyright&quot;:&quot;&quot;,&quot;focal_length&quot;:&quot;0&quot;,&quot;iso&quot;:&quot;0&quot;,&quot;shutter_speed&quot;:&quot;0&quot;,&quot;title&quot;:&quot;&quot;,&quot;orientation&quot;:&quot;0&quot;}\" data-image-title=\"1024 x 1024 Skagen fiskerestaurant 6\" data-image-description=\"\" data-image-caption=\"\" data-large-file=\"https:\/\/i0.wp.com\/toppenafdanmark.dk\/wp-content\/uploads\/2025\/08\/1024-x-1024-Skagen-fiskerestaurant-6.webp?fit=800%2C800&amp;ssl=1\" width=\"800\" height=\"800\" src=\"https:\/\/i0.wp.com\/toppenafdanmark.dk\/wp-content\/uploads\/2025\/08\/1024-x-1024-Skagen-fiskerestaurant-6.webp?fit=800%2C800&amp;ssl=1\" class=\"attachment-large size-large wp-image-4459\" alt=\"\" srcset=\"https:\/\/i0.wp.com\/toppenafdanmark.dk\/wp-content\/uploads\/2025\/08\/1024-x-1024-Skagen-fiskerestaurant-6.webp?w=1024&amp;ssl=1 1024w, https:\/\/i0.wp.com\/toppenafdanmark.dk\/wp-content\/uploads\/2025\/08\/1024-x-1024-Skagen-fiskerestaurant-6.webp?resize=300%2C300&amp;ssl=1 300w, https:\/\/i0.wp.com\/toppenafdanmark.dk\/wp-content\/uploads\/2025\/08\/1024-x-1024-Skagen-fiskerestaurant-6.webp?resize=150%2C150&amp;ssl=1 150w, https:\/\/i0.wp.com\/toppenafdanmark.dk\/wp-content\/uploads\/2025\/08\/1024-x-1024-Skagen-fiskerestaurant-6.webp?resize=768%2C768&amp;ssl=1 768w, https:\/\/i0.wp.com\/toppenafdanmark.dk\/wp-content\/uploads\/2025\/08\/1024-x-1024-Skagen-fiskerestaurant-6.webp?resize=12%2C12&amp;ssl=1 12w\" sizes=\"(max-width: 800px) 100vw, 800px\" \/>\t\t\t\t\t\t\t\t\t\t\t\t\t\t\t<\/div>\n\t\t\t\t<\/div>\n\t\t\t\t\t<\/div>\n\t\t<\/div>\n\t\t\t\t<div class=\"elementor-column elementor-col-50 elementor-inner-column elementor-element elementor-element-13abf0c7\" data-id=\"13abf0c7\" data-element_type=\"column\" data-e-type=\"column\">\n\t\t\t<div class=\"elementor-widget-wrap elementor-element-populated\">\n\t\t\t\t\t\t<div class=\"elementor-element elementor-element-1138e1b6 elementor-widget elementor-widget-image\" data-id=\"1138e1b6\" data-element_type=\"widget\" data-e-type=\"widget\" data-widget_type=\"image.default\">\n\t\t\t\t<div class=\"elementor-widget-container\">\n\t\t\t\t\t\t\t\t\t\t\t\t\t\t\t<img decoding=\"async\" data-attachment-id=\"4458\" data-permalink=\"https:\/\/toppenafdanmark.dk\/de\/skagen-fiskerestaurant\/1024-x-1024-skagen-fiskerestaurant-4\/\" data-orig-file=\"https:\/\/i0.wp.com\/toppenafdanmark.dk\/wp-content\/uploads\/2025\/08\/1024-x-1024-Skagen-Fiskerestaurant-4.webp?fit=1024%2C1024&amp;ssl=1\" data-orig-size=\"1024,1024\" data-comments-opened=\"0\" data-image-meta=\"{&quot;aperture&quot;:&quot;0&quot;,&quot;credit&quot;:&quot;&quot;,&quot;camera&quot;:&quot;&quot;,&quot;caption&quot;:&quot;&quot;,&quot;created_timestamp&quot;:&quot;0&quot;,&quot;copyright&quot;:&quot;&quot;,&quot;focal_length&quot;:&quot;0&quot;,&quot;iso&quot;:&quot;0&quot;,&quot;shutter_speed&quot;:&quot;0&quot;,&quot;title&quot;:&quot;&quot;,&quot;orientation&quot;:&quot;0&quot;}\" data-image-title=\"1024 x 1024 Skagen Fiskerestaurant 4\" data-image-description=\"\" data-image-caption=\"\" data-large-file=\"https:\/\/i0.wp.com\/toppenafdanmark.dk\/wp-content\/uploads\/2025\/08\/1024-x-1024-Skagen-Fiskerestaurant-4.webp?fit=800%2C800&amp;ssl=1\" width=\"800\" height=\"800\" src=\"https:\/\/i0.wp.com\/toppenafdanmark.dk\/wp-content\/uploads\/2025\/08\/1024-x-1024-Skagen-Fiskerestaurant-4.webp?fit=800%2C800&amp;ssl=1\" class=\"attachment-large size-large wp-image-4458\" alt=\"Tallerken med frisk laks, tilberedt med lokale r\u00e5varer, serveret p\u00e5 Skagen Fiskerestaurant\" srcset=\"https:\/\/i0.wp.com\/toppenafdanmark.dk\/wp-content\/uploads\/2025\/08\/1024-x-1024-Skagen-Fiskerestaurant-4.webp?w=1024&amp;ssl=1 1024w, https:\/\/i0.wp.com\/toppenafdanmark.dk\/wp-content\/uploads\/2025\/08\/1024-x-1024-Skagen-Fiskerestaurant-4.webp?resize=300%2C300&amp;ssl=1 300w, https:\/\/i0.wp.com\/toppenafdanmark.dk\/wp-content\/uploads\/2025\/08\/1024-x-1024-Skagen-Fiskerestaurant-4.webp?resize=150%2C150&amp;ssl=1 150w, https:\/\/i0.wp.com\/toppenafdanmark.dk\/wp-content\/uploads\/2025\/08\/1024-x-1024-Skagen-Fiskerestaurant-4.webp?resize=768%2C768&amp;ssl=1 768w, https:\/\/i0.wp.com\/toppenafdanmark.dk\/wp-content\/uploads\/2025\/08\/1024-x-1024-Skagen-Fiskerestaurant-4.webp?resize=12%2C12&amp;ssl=1 12w\" sizes=\"(max-width: 800px) 100vw, 800px\" \/>\t\t\t\t\t\t\t\t\t\t\t\t\t\t\t<\/div>\n\t\t\t\t<\/div>\n\t\t\t\t\t<\/div>\n\t\t<\/div>\n\t\t\t\t\t<\/div>\n\t\t<\/section>\n\t\t\t\t<div class=\"elementor-element elementor-element-11b513b1 elementor-widget elementor-widget-text-editor\" data-id=\"11b513b1\" data-element_type=\"widget\" data-e-type=\"widget\" data-widget_type=\"text-editor.default\">\n\t\t\t\t<div class=\"elementor-widget-container\">\n\t\t\t\t\t\t\t\t\t<h4>Gem\u00fctliche Hafenatmosph\u00e4re und Sitzpl\u00e4tze im Freien<\/h4><p data-start=\"544\" data-end=\"890\">Die gem\u00fctliche Atmosph\u00e4re des Yachthafens wird \u00fcber die gro\u00dfe, beliebte Terrasse mit Platz f\u00fcr 150 G\u00e4ste direkt ins Barstuen gebracht. Hier k\u00f6nnen Sie alles genie\u00dfen, von Fischfrikadellen mit extra leckeren Beilagen \u00fcber den Klassiker \"Skagen Rev\" bis hin zu gro\u00dfen Meeresfr\u00fcchte-Platten mit der M\u00f6glichkeit, schwarzen Hummer zu w\u00e4hlen.<\/p><p data-start=\"544\" data-end=\"890\">Zum Essen werden lokales Bier und Bjesk von Skagen Bjeskeri serviert - nach dem Motto: \"Kein Mittagessen im Fisken, ohne den Bjesk zu probieren\". Alles wird von Grund auf mit frischen, lokalen Zutaten zubereitet. Wie der Name schon sagt, stehen Meeresfr\u00fcchte - aus den Gew\u00e4ssern vor der T\u00fcr - im Mittelpunkt der Speisekarte.\u00a0<\/p><p>\u00a0<\/p>\t\t\t\t\t\t\t\t<\/div>\n\t\t\t\t<\/div>\n\t\t\t\t<div class=\"elementor-element elementor-element-5614f688 elementor-widget-divider--view-line elementor-widget elementor-widget-divider\" data-id=\"5614f688\" data-element_type=\"widget\" data-e-type=\"widget\" data-widget_type=\"divider.default\">\n\t\t\t\t<div class=\"elementor-widget-container\">\n\t\t\t\t\t\t\t<div class=\"elementor-divider\">\n\t\t\t<span class=\"elementor-divider-separator\">\n\t\t\t\t\t\t<\/span>\n\t\t<\/div>\n\t\t\t\t\t\t<\/div>\n\t\t\t\t<\/div>\n\t\t\t\t<div class=\"elementor-element elementor-element-5fed4129 elementor-widget elementor-widget-text-editor\" data-id=\"5fed4129\" data-element_type=\"widget\" data-e-type=\"widget\" data-widget_type=\"text-editor.default\">\n\t\t\t\t<div class=\"elementor-widget-container\">\n\t\t\t\t\t\t\t\t\t<p>Skagen Fiskerestaurant| Fiskehuskaj 13 | 9990 Skagen | +45 98 44 35 44 | <a title=\"Fischrestaurant Skagen\" href=\"https:\/\/www.skagenfiskerestaurant.dk\" target=\"_blank\" rel=\"noopener\">www.skagenfiskerestaurant.com<\/a><\/p>\t\t\t\t\t\t\t\t<\/div>\n\t\t\t\t<\/div>\n\t\t\t\t\t<\/div>\n\t\t<\/div>\n\t\t\t\t\t<\/div>\n\t\t<\/section>\n\t\t<div class=\"elementor-element elementor-element-4c2f677a e-flex e-con-boxed e-con e-parent\" data-id=\"4c2f677a\" data-element_type=\"container\" data-e-type=\"container\">\n\t\t\t\t\t<div class=\"e-con-inner\">\n\t\t\t\t<div class=\"elementor-element elementor-element-58c1a59c elementor-widget elementor-widget-gallery\" data-id=\"58c1a59c\" data-element_type=\"widget\" data-e-type=\"widget\" data-settings=\"{&quot;gallery_layout&quot;:&quot;masonry&quot;,&quot;lazyload&quot;:&quot;yes&quot;,&quot;columns&quot;:4,&quot;columns_tablet&quot;:2,&quot;columns_mobile&quot;:1,&quot;gap&quot;:{&quot;unit&quot;:&quot;px&quot;,&quot;size&quot;:10,&quot;sizes&quot;:[]},&quot;gap_tablet&quot;:{&quot;unit&quot;:&quot;px&quot;,&quot;size&quot;:10,&quot;sizes&quot;:[]},&quot;gap_mobile&quot;:{&quot;unit&quot;:&quot;px&quot;,&quot;size&quot;:10,&quot;sizes&quot;:[]},&quot;link_to&quot;:&quot;file&quot;,&quot;overlay_background&quot;:&quot;yes&quot;,&quot;content_hover_animation&quot;:&quot;fade-in&quot;}\" data-widget_type=\"gallery.default\">\n\t\t\t\t<div class=\"elementor-widget-container\">\n\t\t\t\t\t\t\t<div class=\"elementor-gallery__container\">\n\t\t\t\t\t<\/div>\n\t\t\t\t\t<\/div>\n\t\t\t\t<\/div>\n\t\t\t\t\t<\/div>\n\t\t\t\t<\/div>\n\t\t\t\t<\/div>","protected":false},"excerpt":{"rendered":"<p>Skagen Fiskerestaurant P\u00e5 toppen af Danmark ved lystb\u00e5dehavnen Direkte ved lystb\u00e5dehavnen i Skagen finder du Skagen Fiskerestaurant. I de legendariske r\u00f8dmalede fiskepakhuse, tegnet af arkitekt Thorvald Bindesb\u00f8ll, har restauranten haft [&hellip;]<\/p>\n","protected":false},"author":266444217,"featured_media":4454,"parent":0,"menu_order":0,"comment_status":"closed","ping_status":"closed","template":"","meta":{"_crdt_document":"","footnotes":""},"folder":[1387],"class_list":["post-4450","page","type-page","status-publish","has-post-thumbnail","hentry"],"jetpack_sharing_enabled":true,"jetpack_shortlink":"https:\/\/wp.me\/PgDlef-19M","_links":{"self":[{"href":"https:\/\/toppenafdanmark.dk\/de\/wp-json\/wp\/v2\/pages\/4450","targetHints":{"allow":["GET"]}}],"collection":[{"href":"https:\/\/toppenafdanmark.dk\/de\/wp-json\/wp\/v2\/pages"}],"about":[{"href":"https:\/\/toppenafdanmark.dk\/de\/wp-json\/wp\/v2\/types\/page"}],"author":[{"embeddable":true,"href":"https:\/\/toppenafdanmark.dk\/de\/wp-json\/wp\/v2\/users\/266444217"}],"replies":[{"embeddable":true,"href":"https:\/\/toppenafdanmark.dk\/de\/wp-json\/wp\/v2\/comments?post=4450"}],"version-history":[{"count":11,"href":"https:\/\/toppenafdanmark.dk\/de\/wp-json\/wp\/v2\/pages\/4450\/revisions"}],"predecessor-version":[{"id":4477,"href":"https:\/\/toppenafdanmark.dk\/de\/wp-json\/wp\/v2\/pages\/4450\/revisions\/4477"}],"wp:featuredmedia":[{"embeddable":true,"href":"https:\/\/toppenafdanmark.dk\/de\/wp-json\/wp\/v2\/media\/4454"}],"wp:attachment":[{"href":"https:\/\/toppenafdanmark.dk\/de\/wp-json\/wp\/v2\/media?parent=4450"}],"wp:term":[{"taxonomy":"folder","embeddable":true,"href":"https:\/\/toppenafdanmark.dk\/de\/wp-json\/wp\/v2\/folder?post=4450"}],"curies":[{"name":"wp","href":"https:\/\/api.w.org\/{rel}","templated":true}]}}