{"id":4546,"date":"2025-08-20T14:40:10","date_gmt":"2025-08-20T12:40:10","guid":{"rendered":"https:\/\/toppenafdanmark.dk\/?page_id=4546"},"modified":"2026-01-14T15:37:51","modified_gmt":"2026-01-14T14:37:51","slug":"skagen-strand-resort","status":"publish","type":"page","link":"https:\/\/toppenafdanmark.dk\/de\/skagen-strand-resort\/","title":{"rendered":"Skagen Strand Resort"},"content":{"rendered":"<div data-elementor-type=\"wp-page\" data-elementor-id=\"4546\" class=\"elementor elementor-4546\" data-elementor-post-type=\"page\">\n\t\t\t\t<div class=\"elementor-element elementor-element-3461bc70 e-con-full e-flex e-con e-parent\" data-id=\"3461bc70\" data-element_type=\"container\" data-e-type=\"container\" data-settings=\"{&quot;background_background&quot;:&quot;classic&quot;}\">\n\t\t<div class=\"elementor-element elementor-element-d127d27 e-con-full elementor-hidden-mobile e-flex e-con e-child\" data-id=\"d127d27\" data-element_type=\"container\" data-e-type=\"container\" data-settings=\"{&quot;background_background&quot;:&quot;classic&quot;}\">\n\t\t\t\t<\/div>\n\t\t<div class=\"elementor-element elementor-element-7f6d23a0 e-con-full e-flex e-con e-child\" data-id=\"7f6d23a0\" data-element_type=\"container\" data-e-type=\"container\" data-settings=\"{&quot;background_background&quot;:&quot;classic&quot;}\">\n\t\t\t\t<\/div>\n\t\t<div class=\"elementor-element elementor-element-750e9b6b e-con-full elementor-hidden-mobile e-flex e-con e-child\" data-id=\"750e9b6b\" data-element_type=\"container\" data-e-type=\"container\" data-settings=\"{&quot;background_background&quot;:&quot;classic&quot;}\">\n\t\t\t\t<\/div>\n\t\t\t\t<\/div>\n\t\t\t\t<section class=\"elementor-section elementor-top-section elementor-element elementor-element-5755dfb elementor-section-boxed elementor-section-height-default elementor-section-height-default\" data-id=\"5755dfb\" data-element_type=\"section\" data-e-type=\"section\">\n\t\t\t\t\t\t<div class=\"elementor-container elementor-column-gap-no\">\n\t\t\t\t\t<div class=\"elementor-column elementor-col-100 elementor-top-column elementor-element elementor-element-401ac1d\" data-id=\"401ac1d\" data-element_type=\"column\" data-e-type=\"column\">\n\t\t\t<div class=\"elementor-widget-wrap elementor-element-populated\">\n\t\t\t\t\t\t<div class=\"elementor-element elementor-element-79063e24 elementor-widget elementor-widget-heading\" data-id=\"79063e24\" data-element_type=\"widget\" data-e-type=\"widget\" data-widget_type=\"heading.default\">\n\t\t\t\t<div class=\"elementor-widget-container\">\n\t\t\t\t\t<h2 class=\"elementor-heading-title elementor-size-default\">Skagen Strand Resort<\/h2>\t\t\t\t<\/div>\n\t\t\t\t<\/div>\n\t\t\t\t<div class=\"elementor-element elementor-element-435b60d elementor-widget-divider--view-line elementor-widget elementor-widget-divider\" data-id=\"435b60d\" data-element_type=\"widget\" data-e-type=\"widget\" data-widget_type=\"divider.default\">\n\t\t\t\t<div class=\"elementor-widget-container\">\n\t\t\t\t\t\t\t<div class=\"elementor-divider\">\n\t\t\t<span class=\"elementor-divider-separator\">\n\t\t\t\t\t\t<\/span>\n\t\t<\/div>\n\t\t\t\t\t\t<\/div>\n\t\t\t\t<\/div>\n\t\t\t\t<div class=\"elementor-element elementor-element-2a79466d elementor-widget elementor-widget-text-editor\" data-id=\"2a79466d\" data-element_type=\"widget\" data-e-type=\"widget\" data-widget_type=\"text-editor.default\">\n\t\t\t\t<div class=\"elementor-widget-container\">\n\t\t\t\t\t\t\t\t\t<h2>Urlaub in der N\u00e4he von Natur und Sehensw\u00fcrdigkeiten<\/h2><p data-start=\"190\" data-end=\"785\">Das Skagen Strand Resort liegt nur wenige Gehminuten vom breiten Sandstrand von Hulsig entfernt und ist von einer wundersch\u00f6nen D\u00fcnenlandschaft und gesch\u00fctzter Natur umgeben. Hier kann die ganze Familie die frische Seeluft, lange Spazierg\u00e4nge und Radtouren auf den Wegen genie\u00dfen, die das Gebiet mit der Stadt Skagen, R\u00e5bjerg Mile und Grenen verbinden. Die Lage macht das Ferienzentrum zu einem idealen Ausgangspunkt, um die wichtigsten Attraktionen Nordj\u00fctlands zu erleben, egal ob Sie sich f\u00fcr Kunst, Geschichte oder die herrliche Natur interessieren.\u00a0<\/p><p data-start=\"190\" data-end=\"785\">Der Bahnhof liegt direkt vor der Haust\u00fcr, so dass Sie sich auch ohne Auto gut fortbewegen k\u00f6nnen, was Ihren Urlaub noch entspannter und nachhaltiger macht.<\/p>\t\t\t\t\t\t\t\t<\/div>\n\t\t\t\t<\/div>\n\t\t\t\t<section class=\"elementor-section elementor-inner-section elementor-element elementor-element-e84e417 elementor-section-boxed elementor-section-height-default elementor-section-height-default\" data-id=\"e84e417\" data-element_type=\"section\" data-e-type=\"section\">\n\t\t\t\t\t\t<div class=\"elementor-container elementor-column-gap-no\">\n\t\t\t\t\t<div class=\"elementor-column elementor-col-50 elementor-inner-column elementor-element elementor-element-4857796c\" data-id=\"4857796c\" data-element_type=\"column\" data-e-type=\"column\">\n\t\t\t<div class=\"elementor-widget-wrap elementor-element-populated\">\n\t\t\t\t\t\t<div class=\"elementor-element elementor-element-4053fdf elementor-widget elementor-widget-image\" data-id=\"4053fdf\" data-element_type=\"widget\" data-e-type=\"widget\" data-widget_type=\"image.default\">\n\t\t\t\t<div class=\"elementor-widget-container\">\n\t\t\t\t\t\t\t\t\t\t\t\t\t\t\t<img fetchpriority=\"high\" decoding=\"async\" data-attachment-id=\"4553\" data-permalink=\"https:\/\/toppenafdanmark.dk\/de\/skagen-strand-resort\/1024x1024-minigolf\/\" data-orig-file=\"https:\/\/i0.wp.com\/toppenafdanmark.dk\/wp-content\/uploads\/2025\/08\/1024x1024-Minigolf.webp?fit=1024%2C1024&amp;ssl=1\" data-orig-size=\"1024,1024\" data-comments-opened=\"0\" data-image-meta=\"{&quot;aperture&quot;:&quot;0&quot;,&quot;credit&quot;:&quot;&quot;,&quot;camera&quot;:&quot;&quot;,&quot;caption&quot;:&quot;&quot;,&quot;created_timestamp&quot;:&quot;0&quot;,&quot;copyright&quot;:&quot;&quot;,&quot;focal_length&quot;:&quot;0&quot;,&quot;iso&quot;:&quot;0&quot;,&quot;shutter_speed&quot;:&quot;0&quot;,&quot;title&quot;:&quot;&quot;,&quot;orientation&quot;:&quot;0&quot;}\" data-image-title=\"1024&amp;#215;1024 Minigolf\" data-image-description=\"\" data-image-caption=\"\" data-large-file=\"https:\/\/i0.wp.com\/toppenafdanmark.dk\/wp-content\/uploads\/2025\/08\/1024x1024-Minigolf.webp?fit=800%2C800&amp;ssl=1\" width=\"800\" height=\"800\" src=\"https:\/\/i0.wp.com\/toppenafdanmark.dk\/wp-content\/uploads\/2025\/08\/1024x1024-Minigolf.webp?fit=800%2C800&amp;ssl=1\" class=\"attachment-large size-large wp-image-4553\" alt=\"\" srcset=\"https:\/\/i0.wp.com\/toppenafdanmark.dk\/wp-content\/uploads\/2025\/08\/1024x1024-Minigolf.webp?w=1024&amp;ssl=1 1024w, https:\/\/i0.wp.com\/toppenafdanmark.dk\/wp-content\/uploads\/2025\/08\/1024x1024-Minigolf.webp?resize=300%2C300&amp;ssl=1 300w, https:\/\/i0.wp.com\/toppenafdanmark.dk\/wp-content\/uploads\/2025\/08\/1024x1024-Minigolf.webp?resize=150%2C150&amp;ssl=1 150w, https:\/\/i0.wp.com\/toppenafdanmark.dk\/wp-content\/uploads\/2025\/08\/1024x1024-Minigolf.webp?resize=768%2C768&amp;ssl=1 768w, https:\/\/i0.wp.com\/toppenafdanmark.dk\/wp-content\/uploads\/2025\/08\/1024x1024-Minigolf.webp?resize=12%2C12&amp;ssl=1 12w\" sizes=\"(max-width: 800px) 100vw, 800px\" \/>\t\t\t\t\t\t\t\t\t\t\t\t\t\t\t<\/div>\n\t\t\t\t<\/div>\n\t\t\t\t\t<\/div>\n\t\t<\/div>\n\t\t\t\t<div class=\"elementor-column elementor-col-50 elementor-inner-column elementor-element elementor-element-5324aa0f\" data-id=\"5324aa0f\" data-element_type=\"column\" data-e-type=\"column\">\n\t\t\t<div class=\"elementor-widget-wrap elementor-element-populated\">\n\t\t\t\t\t\t<div class=\"elementor-element elementor-element-59010c70 elementor-widget elementor-widget-image\" data-id=\"59010c70\" data-element_type=\"widget\" data-e-type=\"widget\" data-widget_type=\"image.default\">\n\t\t\t\t<div class=\"elementor-widget-container\">\n\t\t\t\t\t\t\t\t\t\t\t\t\t\t\t<img decoding=\"async\" data-attachment-id=\"4554\" data-permalink=\"https:\/\/toppenafdanmark.dk\/de\/skagen-strand-resort\/1024x1024-skovhygge\/\" data-orig-file=\"https:\/\/i0.wp.com\/toppenafdanmark.dk\/wp-content\/uploads\/2025\/08\/1024x1024-Skovhygge.webp?fit=1024%2C1024&amp;ssl=1\" data-orig-size=\"1024,1024\" data-comments-opened=\"0\" data-image-meta=\"{&quot;aperture&quot;:&quot;0&quot;,&quot;credit&quot;:&quot;&quot;,&quot;camera&quot;:&quot;&quot;,&quot;caption&quot;:&quot;&quot;,&quot;created_timestamp&quot;:&quot;0&quot;,&quot;copyright&quot;:&quot;&quot;,&quot;focal_length&quot;:&quot;0&quot;,&quot;iso&quot;:&quot;0&quot;,&quot;shutter_speed&quot;:&quot;0&quot;,&quot;title&quot;:&quot;&quot;,&quot;orientation&quot;:&quot;0&quot;}\" data-image-title=\"1024&amp;#215;1024 Skovhygge\" data-image-description=\"\" data-image-caption=\"\" data-large-file=\"https:\/\/i0.wp.com\/toppenafdanmark.dk\/wp-content\/uploads\/2025\/08\/1024x1024-Skovhygge.webp?fit=800%2C800&amp;ssl=1\" width=\"800\" height=\"800\" src=\"https:\/\/i0.wp.com\/toppenafdanmark.dk\/wp-content\/uploads\/2025\/08\/1024x1024-Skovhygge.webp?fit=800%2C800&amp;ssl=1\" class=\"attachment-large size-large wp-image-4554\" alt=\"\" srcset=\"https:\/\/i0.wp.com\/toppenafdanmark.dk\/wp-content\/uploads\/2025\/08\/1024x1024-Skovhygge.webp?w=1024&amp;ssl=1 1024w, https:\/\/i0.wp.com\/toppenafdanmark.dk\/wp-content\/uploads\/2025\/08\/1024x1024-Skovhygge.webp?resize=300%2C300&amp;ssl=1 300w, https:\/\/i0.wp.com\/toppenafdanmark.dk\/wp-content\/uploads\/2025\/08\/1024x1024-Skovhygge.webp?resize=150%2C150&amp;ssl=1 150w, https:\/\/i0.wp.com\/toppenafdanmark.dk\/wp-content\/uploads\/2025\/08\/1024x1024-Skovhygge.webp?resize=768%2C768&amp;ssl=1 768w, https:\/\/i0.wp.com\/toppenafdanmark.dk\/wp-content\/uploads\/2025\/08\/1024x1024-Skovhygge.webp?resize=12%2C12&amp;ssl=1 12w\" sizes=\"(max-width: 800px) 100vw, 800px\" \/>\t\t\t\t\t\t\t\t\t\t\t\t\t\t\t<\/div>\n\t\t\t\t<\/div>\n\t\t\t\t\t<\/div>\n\t\t<\/div>\n\t\t\t\t\t<\/div>\n\t\t<\/section>\n\t\t\t\t<div class=\"elementor-element elementor-element-312eccdf elementor-widget elementor-widget-text-editor\" data-id=\"312eccdf\" data-element_type=\"widget\" data-e-type=\"widget\" data-widget_type=\"text-editor.default\">\n\t\t\t\t<div class=\"elementor-widget-container\">\n\t\t\t\t\t\t\t\t\t<h2 data-start=\"787\" data-end=\"832\">Aktivit\u00e4ten, Entspannung und Familienspa\u00df<\/h2><p data-start=\"833\" data-end=\"1467\">Im Skagen Strand Resort finden Sie ger\u00e4umige und gut ausgestattete Ferienwohnungen mit privaten Terrassen, die sowohl Privatsph\u00e4re als auch Gemeinschaft bieten. F\u00fcr die Aktiven gibt es ein Schwimmbad, einen Fitnessraum, Tennispl\u00e4tze, Minigolf und Spielpl\u00e4tze, w\u00e4hrend das Wellnesscenter mit Sauna und Dampfbad zum Entspannen einl\u00e4dt. Es ist die perfekte Umgebung f\u00fcr Spa\u00df und Entspannung, und Kinder k\u00f6nnen die vielen angebotenen Aktivit\u00e4ten sicher genie\u00dfen.<\/p><p data-start=\"833\" data-end=\"1467\">Abends k\u00f6nnen Sie mit der Familie in der Ferienwohnung gem\u00fctlich essen oder das Restaurant vor Ort besuchen. Mit anderen Worten: Das Skagen Strand Resort bietet den perfekten Rahmen f\u00fcr einen Urlaub, in dem sowohl Kinder als auch Erwachsene unvergessliche Erlebnisse haben werden.<\/p>\t\t\t\t\t\t\t\t<\/div>\n\t\t\t\t<\/div>\n\t\t\t\t<div class=\"elementor-element elementor-element-d97bb95 elementor-widget-divider--view-line elementor-widget elementor-widget-divider\" data-id=\"d97bb95\" data-element_type=\"widget\" data-e-type=\"widget\" data-widget_type=\"divider.default\">\n\t\t\t\t<div class=\"elementor-widget-container\">\n\t\t\t\t\t\t\t<div class=\"elementor-divider\">\n\t\t\t<span class=\"elementor-divider-separator\">\n\t\t\t\t\t\t<\/span>\n\t\t<\/div>\n\t\t\t\t\t\t<\/div>\n\t\t\t\t<\/div>\n\t\t\t\t<div class=\"elementor-element elementor-element-13c19b84 elementor-widget elementor-widget-text-editor\" data-id=\"13c19b84\" data-element_type=\"widget\" data-e-type=\"widget\" data-widget_type=\"text-editor.default\">\n\t\t\t\t<div class=\"elementor-widget-container\">\n\t\t\t\t\t\t\t\t\t<p>Skagen Strand Resort | Tranevej 108 | 9990 Skagen | +45 98 48 72 22 | <a href=\"https:\/\/www.skagenstrand.dk\/\" target=\"_blank\" rel=\"noopener\">www.skagenstrand.dk<\/a><\/p>\t\t\t\t\t\t\t\t<\/div>\n\t\t\t\t<\/div>\n\t\t\t\t\t<\/div>\n\t\t<\/div>\n\t\t\t\t\t<\/div>\n\t\t<\/section>\n\t\t<div class=\"elementor-element elementor-element-51c38665 e-flex e-con-boxed e-con e-parent\" data-id=\"51c38665\" data-element_type=\"container\" data-e-type=\"container\">\n\t\t\t\t\t<div class=\"e-con-inner\">\n\t\t\t\t<div class=\"elementor-element elementor-element-7a0258d3 elementor-widget elementor-widget-gallery\" data-id=\"7a0258d3\" data-element_type=\"widget\" data-e-type=\"widget\" data-settings=\"{&quot;gallery_layout&quot;:&quot;masonry&quot;,&quot;lazyload&quot;:&quot;yes&quot;,&quot;columns&quot;:4,&quot;columns_tablet&quot;:2,&quot;columns_mobile&quot;:1,&quot;gap&quot;:{&quot;unit&quot;:&quot;px&quot;,&quot;size&quot;:10,&quot;sizes&quot;:[]},&quot;gap_tablet&quot;:{&quot;unit&quot;:&quot;px&quot;,&quot;size&quot;:10,&quot;sizes&quot;:[]},&quot;gap_mobile&quot;:{&quot;unit&quot;:&quot;px&quot;,&quot;size&quot;:10,&quot;sizes&quot;:[]},&quot;link_to&quot;:&quot;file&quot;,&quot;overlay_background&quot;:&quot;yes&quot;,&quot;content_hover_animation&quot;:&quot;fade-in&quot;}\" data-widget_type=\"gallery.default\">\n\t\t\t\t<div class=\"elementor-widget-container\">\n\t\t\t\t\t\t\t<div class=\"elementor-gallery__container\">\n\t\t\t\t\t\t\t<a class=\"e-gallery-item elementor-gallery-item elementor-animated-content\" href=\"https:\/\/i0.wp.com\/toppenafdanmark.dk\/wp-content\/uploads\/2025\/08\/300x300-Skagen-Strand-Feriecenter-set-ovenfra.webp?fit=300%2C300&#038;ssl=1\" data-elementor-open-lightbox=\"yes\" data-elementor-lightbox-slideshow=\"7a0258d3\" data-elementor-lightbox-title=\"300x300 Skagen Strand Feriecenter set ovenfra\" data-e-action-hash=\"#elementor-action%3Aaction%3Dlightbox%26settings%3DeyJpZCI6NDU1NSwidXJsIjoiaHR0cHM6XC9cL3RvcHBlbmFmZGFubWFyay5ka1wvd3AtY29udGVudFwvdXBsb2Fkc1wvMjAyNVwvMDhcLzMwMHgzMDAtU2thZ2VuLVN0cmFuZC1GZXJpZWNlbnRlci1zZXQtb3ZlbmZyYS53ZWJwIiwic2xpZGVzaG93IjoiN2EwMjU4ZDMifQ%3D%3D\">\n\t\t\t\t\t<div class=\"e-gallery-image elementor-gallery-item__image\" data-thumbnail=\"https:\/\/i0.wp.com\/toppenafdanmark.dk\/wp-content\/uploads\/2025\/08\/300x300-Skagen-Strand-Feriecenter-set-ovenfra.webp?fit=300%2C300&amp;ssl=1\" data-width=\"300\" data-height=\"300\" aria-label=\"\" role=\"img\" ><\/div>\n\t\t\t\t\t\t\t\t\t\t\t<div class=\"elementor-gallery-item__overlay\"><\/div>\n\t\t\t\t\t\t\t\t\t\t\t\t\t\t<\/a>\n\t\t\t\t\t\t\t<a class=\"e-gallery-item elementor-gallery-item elementor-animated-content\" href=\"https:\/\/i0.wp.com\/toppenafdanmark.dk\/wp-content\/uploads\/2025\/08\/300x300-Skagen-Strand-Feriecenter-sovevaerelse.webp?fit=300%2C300&#038;ssl=1\" data-elementor-open-lightbox=\"yes\" data-elementor-lightbox-slideshow=\"7a0258d3\" data-elementor-lightbox-title=\"300x300 Skagen Strand Feriecenter sovev\u00e6relse\" data-e-action-hash=\"#elementor-action%3Aaction%3Dlightbox%26settings%3DeyJpZCI6NDU1NiwidXJsIjoiaHR0cHM6XC9cL3RvcHBlbmFmZGFubWFyay5ka1wvd3AtY29udGVudFwvdXBsb2Fkc1wvMjAyNVwvMDhcLzMwMHgzMDAtU2thZ2VuLVN0cmFuZC1GZXJpZWNlbnRlci1zb3ZldmFlcmVsc2Uud2VicCIsInNsaWRlc2hvdyI6IjdhMDI1OGQzIn0%3D\">\n\t\t\t\t\t<div class=\"e-gallery-image elementor-gallery-item__image\" data-thumbnail=\"https:\/\/i0.wp.com\/toppenafdanmark.dk\/wp-content\/uploads\/2025\/08\/300x300-Skagen-Strand-Feriecenter-sovevaerelse.webp?fit=300%2C300&amp;ssl=1\" data-width=\"300\" data-height=\"300\" aria-label=\"\" role=\"img\" ><\/div>\n\t\t\t\t\t\t\t\t\t\t\t<div class=\"elementor-gallery-item__overlay\"><\/div>\n\t\t\t\t\t\t\t\t\t\t\t\t\t\t<\/a>\n\t\t\t\t\t\t\t<a class=\"e-gallery-item elementor-gallery-item elementor-animated-content\" href=\"https:\/\/i0.wp.com\/toppenafdanmark.dk\/wp-content\/uploads\/2025\/08\/300x300-Skagen-Strand-Feriecenter-strand-m-hat-og-briller.webp?fit=300%2C300&#038;ssl=1\" data-elementor-open-lightbox=\"yes\" data-elementor-lightbox-slideshow=\"7a0258d3\" data-elementor-lightbox-title=\"300x300 Skagen Strand Feriecenter strand m hat og briller\" data-e-action-hash=\"#elementor-action%3Aaction%3Dlightbox%26settings%3DeyJpZCI6NDU1NywidXJsIjoiaHR0cHM6XC9cL3RvcHBlbmFmZGFubWFyay5ka1wvd3AtY29udGVudFwvdXBsb2Fkc1wvMjAyNVwvMDhcLzMwMHgzMDAtU2thZ2VuLVN0cmFuZC1GZXJpZWNlbnRlci1zdHJhbmQtbS1oYXQtb2ctYnJpbGxlci53ZWJwIiwic2xpZGVzaG93IjoiN2EwMjU4ZDMifQ%3D%3D\">\n\t\t\t\t\t<div class=\"e-gallery-image elementor-gallery-item__image\" data-thumbnail=\"https:\/\/i0.wp.com\/toppenafdanmark.dk\/wp-content\/uploads\/2025\/08\/300x300-Skagen-Strand-Feriecenter-strand-m-hat-og-briller.webp?fit=300%2C300&amp;ssl=1\" data-width=\"300\" data-height=\"300\" aria-label=\"\" role=\"img\" ><\/div>\n\t\t\t\t\t\t\t\t\t\t\t<div class=\"elementor-gallery-item__overlay\"><\/div>\n\t\t\t\t\t\t\t\t\t\t\t\t\t\t<\/a>\n\t\t\t\t\t\t\t<a class=\"e-gallery-item elementor-gallery-item elementor-animated-content\" href=\"https:\/\/i0.wp.com\/toppenafdanmark.dk\/wp-content\/uploads\/2025\/08\/300x300-Skagen-Strand-Feriecenter-restaurant-stjerneskud.webp?fit=300%2C300&#038;ssl=1\" data-elementor-open-lightbox=\"yes\" data-elementor-lightbox-slideshow=\"7a0258d3\" data-elementor-lightbox-title=\"300x300 Skagen Strand Feriecenter restaurant stjerneskud\" data-e-action-hash=\"#elementor-action%3Aaction%3Dlightbox%26settings%3DeyJpZCI6NDU1OSwidXJsIjoiaHR0cHM6XC9cL3RvcHBlbmFmZGFubWFyay5ka1wvd3AtY29udGVudFwvdXBsb2Fkc1wvMjAyNVwvMDhcLzMwMHgzMDAtU2thZ2VuLVN0cmFuZC1GZXJpZWNlbnRlci1yZXN0YXVyYW50LXN0amVybmVza3VkLndlYnAiLCJzbGlkZXNob3ciOiI3YTAyNThkMyJ9\">\n\t\t\t\t\t<div class=\"e-gallery-image elementor-gallery-item__image\" data-thumbnail=\"https:\/\/i0.wp.com\/toppenafdanmark.dk\/wp-content\/uploads\/2025\/08\/300x300-Skagen-Strand-Feriecenter-restaurant-stjerneskud.webp?fit=300%2C300&amp;ssl=1\" data-width=\"300\" data-height=\"300\" aria-label=\"\" role=\"img\" ><\/div>\n\t\t\t\t\t\t\t\t\t\t\t<div class=\"elementor-gallery-item__overlay\"><\/div>\n\t\t\t\t\t\t\t\t\t\t\t\t\t\t<\/a>\n\t\t\t\t\t\t\t<a class=\"e-gallery-item elementor-gallery-item elementor-animated-content\" href=\"https:\/\/i0.wp.com\/toppenafdanmark.dk\/wp-content\/uploads\/2025\/08\/300x300-Skagen-Strand-Feriecenter-huse-m-terrasse.webp?fit=300%2C300&#038;ssl=1\" data-elementor-open-lightbox=\"yes\" data-elementor-lightbox-slideshow=\"7a0258d3\" data-elementor-lightbox-title=\"300x300 Skagen Strand Feriecenter huse m terrasse\" data-e-action-hash=\"#elementor-action%3Aaction%3Dlightbox%26settings%3DeyJpZCI6NDU2MCwidXJsIjoiaHR0cHM6XC9cL3RvcHBlbmFmZGFubWFyay5ka1wvd3AtY29udGVudFwvdXBsb2Fkc1wvMjAyNVwvMDhcLzMwMHgzMDAtU2thZ2VuLVN0cmFuZC1GZXJpZWNlbnRlci1odXNlLW0tdGVycmFzc2Uud2VicCIsInNsaWRlc2hvdyI6IjdhMDI1OGQzIn0%3D\">\n\t\t\t\t\t<div class=\"e-gallery-image elementor-gallery-item__image\" data-thumbnail=\"https:\/\/i0.wp.com\/toppenafdanmark.dk\/wp-content\/uploads\/2025\/08\/300x300-Skagen-Strand-Feriecenter-huse-m-terrasse.webp?fit=300%2C300&amp;ssl=1\" data-width=\"300\" data-height=\"300\" aria-label=\"\" role=\"img\" ><\/div>\n\t\t\t\t\t\t\t\t\t\t\t<div class=\"elementor-gallery-item__overlay\"><\/div>\n\t\t\t\t\t\t\t\t\t\t\t\t\t\t<\/a>\n\t\t\t\t\t\t\t<a class=\"e-gallery-item elementor-gallery-item elementor-animated-content\" href=\"https:\/\/i0.wp.com\/toppenafdanmark.dk\/wp-content\/uploads\/2025\/08\/300x300-Skagen-Strand-Feriecenter-lejligheder-udefra.webp?fit=300%2C300&#038;ssl=1\" data-elementor-open-lightbox=\"yes\" data-elementor-lightbox-slideshow=\"7a0258d3\" data-elementor-lightbox-title=\"300x300 Skagen Strand Feriecenter lejligheder udefra\" data-e-action-hash=\"#elementor-action%3Aaction%3Dlightbox%26settings%3DeyJpZCI6NDU2MSwidXJsIjoiaHR0cHM6XC9cL3RvcHBlbmFmZGFubWFyay5ka1wvd3AtY29udGVudFwvdXBsb2Fkc1wvMjAyNVwvMDhcLzMwMHgzMDAtU2thZ2VuLVN0cmFuZC1GZXJpZWNlbnRlci1sZWpsaWdoZWRlci11ZGVmcmEud2VicCIsInNsaWRlc2hvdyI6IjdhMDI1OGQzIn0%3D\">\n\t\t\t\t\t<div class=\"e-gallery-image elementor-gallery-item__image\" data-thumbnail=\"https:\/\/i0.wp.com\/toppenafdanmark.dk\/wp-content\/uploads\/2025\/08\/300x300-Skagen-Strand-Feriecenter-lejligheder-udefra.webp?fit=300%2C300&amp;ssl=1\" data-width=\"300\" data-height=\"300\" aria-label=\"\" role=\"img\" ><\/div>\n\t\t\t\t\t\t\t\t\t\t\t<div class=\"elementor-gallery-item__overlay\"><\/div>\n\t\t\t\t\t\t\t\t\t\t\t\t\t\t<\/a>\n\t\t\t\t\t\t\t<a class=\"e-gallery-item elementor-gallery-item elementor-animated-content\" href=\"https:\/\/i0.wp.com\/toppenafdanmark.dk\/wp-content\/uploads\/2025\/08\/300x300-Skagen-Strand-Feriecenter-restaurant-smoerrebroed.webp?fit=300%2C300&#038;ssl=1\" data-elementor-open-lightbox=\"yes\" data-elementor-lightbox-slideshow=\"7a0258d3\" data-elementor-lightbox-title=\"300x300 Skagen Strand Feriecenter restaurant sm\u00f8rrebr\u00f8d\" data-e-action-hash=\"#elementor-action%3Aaction%3Dlightbox%26settings%3DeyJpZCI6NDU1OCwidXJsIjoiaHR0cHM6XC9cL3RvcHBlbmFmZGFubWFyay5ka1wvd3AtY29udGVudFwvdXBsb2Fkc1wvMjAyNVwvMDhcLzMwMHgzMDAtU2thZ2VuLVN0cmFuZC1GZXJpZWNlbnRlci1yZXN0YXVyYW50LXNtb2VycmVicm9lZC53ZWJwIiwic2xpZGVzaG93IjoiN2EwMjU4ZDMifQ%3D%3D\">\n\t\t\t\t\t<div class=\"e-gallery-image elementor-gallery-item__image\" data-thumbnail=\"https:\/\/i0.wp.com\/toppenafdanmark.dk\/wp-content\/uploads\/2025\/08\/300x300-Skagen-Strand-Feriecenter-restaurant-smoerrebroed.webp?fit=300%2C300&amp;ssl=1\" data-width=\"300\" data-height=\"300\" aria-label=\"\" role=\"img\" ><\/div>\n\t\t\t\t\t\t\t\t\t\t\t<div class=\"elementor-gallery-item__overlay\"><\/div>\n\t\t\t\t\t\t\t\t\t\t\t\t\t\t<\/a>\n\t\t\t\t\t\t\t<a class=\"e-gallery-item elementor-gallery-item elementor-animated-content\" href=\"https:\/\/i0.wp.com\/toppenafdanmark.dk\/wp-content\/uploads\/2025\/08\/1024x1024-Fronten-af-feriecenteret.webp?fit=1024%2C1024&#038;ssl=1\" data-elementor-open-lightbox=\"yes\" data-elementor-lightbox-slideshow=\"7a0258d3\" data-elementor-lightbox-title=\"1024x1024 Fronten af feriecenteret\" data-e-action-hash=\"#elementor-action%3Aaction%3Dlightbox%26settings%3DeyJpZCI6NDU0NywidXJsIjoiaHR0cHM6XC9cL3RvcHBlbmFmZGFubWFyay5ka1wvd3AtY29udGVudFwvdXBsb2Fkc1wvMjAyNVwvMDhcLzEwMjR4MTAyNC1Gcm9udGVuLWFmLWZlcmllY2VudGVyZXQud2VicCIsInNsaWRlc2hvdyI6IjdhMDI1OGQzIn0%3D\">\n\t\t\t\t\t<div class=\"e-gallery-image elementor-gallery-item__image\" data-thumbnail=\"https:\/\/i0.wp.com\/toppenafdanmark.dk\/wp-content\/uploads\/2025\/08\/1024x1024-Fronten-af-feriecenteret.webp?fit=300%2C300&amp;ssl=1\" data-width=\"300\" data-height=\"300\" aria-label=\"Skagen Strand Hotel und Feriencenter mit roten D\u00e4chern, Rezeption und Restaurant inmitten der Natur in Skagen.\" role=\"img\" ><\/div>\n\t\t\t\t\t\t\t\t\t\t\t<div class=\"elementor-gallery-item__overlay\"><\/div>\n\t\t\t\t\t\t\t\t\t\t\t\t\t\t<\/a>\n\t\t\t\t\t<\/div>\n\t\t\t\t\t<\/div>\n\t\t\t\t<\/div>\n\t\t\t\t\t<\/div>\n\t\t\t\t<\/div>\n\t\t<div class=\"elementor-element elementor-element-7d76753 e-flex e-con-boxed e-con e-parent\" data-id=\"7d76753\" data-element_type=\"container\" data-e-type=\"container\">\n\t\t\t\t\t<div class=\"e-con-inner\">\n\t\t\t\t\t<\/div>\n\t\t\t\t<\/div>\n\t\t\t\t<\/div>","protected":false},"excerpt":{"rendered":"<p>Skagen Strand Resort Ferie t\u00e6t p\u00e5 natur og attraktioner Skagen Strand Resort ligger kun f\u00e5 minutters gang fra den brede sandstrand ved Hulsig og er omgivet af smukke klitlandskaber og [&hellip;]<\/p>\n","protected":false},"author":266444215,"featured_media":4547,"parent":0,"menu_order":0,"comment_status":"closed","ping_status":"closed","template":"","meta":{"_crdt_document":"","footnotes":""},"folder":[1386],"class_list":["post-4546","page","type-page","status-publish","has-post-thumbnail","hentry"],"jetpack_sharing_enabled":true,"jetpack_shortlink":"https:\/\/wp.me\/PgDlef-1bk","_links":{"self":[{"href":"https:\/\/toppenafdanmark.dk\/de\/wp-json\/wp\/v2\/pages\/4546","targetHints":{"allow":["GET"]}}],"collection":[{"href":"https:\/\/toppenafdanmark.dk\/de\/wp-json\/wp\/v2\/pages"}],"about":[{"href":"https:\/\/toppenafdanmark.dk\/de\/wp-json\/wp\/v2\/types\/page"}],"author":[{"embeddable":true,"href":"https:\/\/toppenafdanmark.dk\/de\/wp-json\/wp\/v2\/users\/266444215"}],"replies":[{"embeddable":true,"href":"https:\/\/toppenafdanmark.dk\/de\/wp-json\/wp\/v2\/comments?post=4546"}],"version-history":[{"count":20,"href":"https:\/\/toppenafdanmark.dk\/de\/wp-json\/wp\/v2\/pages\/4546\/revisions"}],"predecessor-version":[{"id":8118,"href":"https:\/\/toppenafdanmark.dk\/de\/wp-json\/wp\/v2\/pages\/4546\/revisions\/8118"}],"wp:featuredmedia":[{"embeddable":true,"href":"https:\/\/toppenafdanmark.dk\/de\/wp-json\/wp\/v2\/media\/4547"}],"wp:attachment":[{"href":"https:\/\/toppenafdanmark.dk\/de\/wp-json\/wp\/v2\/media?parent=4546"}],"wp:term":[{"taxonomy":"folder","embeddable":true,"href":"https:\/\/toppenafdanmark.dk\/de\/wp-json\/wp\/v2\/folder?post=4546"}],"curies":[{"name":"wp","href":"https:\/\/api.w.org\/{rel}","templated":true}]}}