{"id":5152,"date":"2025-09-04T11:43:38","date_gmt":"2025-09-04T09:43:38","guid":{"rendered":"https:\/\/toppenafdanmark.dk\/?page_id=5152"},"modified":"2025-11-24T10:21:07","modified_gmt":"2025-11-24T09:21:07","slug":"huset-holst","status":"publish","type":"page","link":"https:\/\/toppenafdanmark.dk\/de\/huset-holst\/","title":{"rendered":"Haus Holst"},"content":{"rendered":"<div data-elementor-type=\"wp-page\" data-elementor-id=\"5152\" class=\"elementor elementor-5152\" data-elementor-post-type=\"page\">\n\t\t\t\t<div class=\"elementor-element elementor-element-45859cd6 e-con-full e-flex e-con e-parent\" data-id=\"45859cd6\" data-element_type=\"container\" data-e-type=\"container\" data-settings=\"{&quot;background_background&quot;:&quot;classic&quot;}\">\n\t\t<div class=\"elementor-element elementor-element-7aaba6b2 e-con-full elementor-hidden-mobile e-flex e-con e-child\" data-id=\"7aaba6b2\" data-element_type=\"container\" data-e-type=\"container\" data-settings=\"{&quot;background_background&quot;:&quot;classic&quot;}\">\n\t\t\t\t<\/div>\n\t\t<div class=\"elementor-element elementor-element-4e9dc26a e-con-full e-flex e-con e-child\" data-id=\"4e9dc26a\" data-element_type=\"container\" data-e-type=\"container\" data-settings=\"{&quot;background_background&quot;:&quot;classic&quot;}\">\n\t\t\t\t<\/div>\n\t\t<div class=\"elementor-element elementor-element-1178c0b2 e-con-full elementor-hidden-mobile e-flex e-con e-child\" data-id=\"1178c0b2\" data-element_type=\"container\" data-e-type=\"container\" data-settings=\"{&quot;background_background&quot;:&quot;classic&quot;}\">\n\t\t\t\t<\/div>\n\t\t\t\t<\/div>\n\t\t\t\t<section class=\"elementor-section elementor-top-section elementor-element elementor-element-40bcde1b elementor-section-boxed elementor-section-height-default elementor-section-height-default\" data-id=\"40bcde1b\" data-element_type=\"section\" data-e-type=\"section\">\n\t\t\t\t\t\t<div class=\"elementor-container elementor-column-gap-no\">\n\t\t\t\t\t<div class=\"elementor-column elementor-col-100 elementor-top-column elementor-element elementor-element-2b63023\" data-id=\"2b63023\" data-element_type=\"column\" data-e-type=\"column\">\n\t\t\t<div class=\"elementor-widget-wrap elementor-element-populated\">\n\t\t\t\t\t\t<div class=\"elementor-element elementor-element-56a7b774 elementor-widget elementor-widget-heading\" data-id=\"56a7b774\" data-element_type=\"widget\" data-e-type=\"widget\" data-widget_type=\"heading.default\">\n\t\t\t\t<div class=\"elementor-widget-container\">\n\t\t\t\t\t<h2 class=\"elementor-heading-title elementor-size-default\">Haus Holst<\/h2>\t\t\t\t<\/div>\n\t\t\t\t<\/div>\n\t\t\t\t<div class=\"elementor-element elementor-element-59beb1b elementor-widget-divider--view-line elementor-widget elementor-widget-divider\" data-id=\"59beb1b\" data-element_type=\"widget\" data-e-type=\"widget\" data-widget_type=\"divider.default\">\n\t\t\t\t<div class=\"elementor-widget-container\">\n\t\t\t\t\t\t\t<div class=\"elementor-divider\">\n\t\t\t<span class=\"elementor-divider-separator\">\n\t\t\t\t\t\t<\/span>\n\t\t<\/div>\n\t\t\t\t\t\t<\/div>\n\t\t\t\t<\/div>\n\t\t\t\t<div class=\"elementor-element elementor-element-2e5cacd6 elementor-widget elementor-widget-text-editor\" data-id=\"2e5cacd6\" data-element_type=\"widget\" data-e-type=\"widget\" data-widget_type=\"text-editor.default\">\n\t\t\t\t<div class=\"elementor-widget-container\">\n\t\t\t\t\t\t\t\t\t<h2>Exklusive M\u00f6bel und nordisches Design<\/h2><p>Huset Holst in Skagen ist bekannt f\u00fcr sein breites Sortiment an exklusiven Gartenm\u00f6beln, Einrichtungsgegenst\u00e4nden und Lifestyle-Produkten, die hohe Qualit\u00e4t mit klassischem nordischem Design verbinden. Von eleganten Teakholztischen und bequemen Loungesesseln bis hin zu sch\u00f6nen T\u00f6pfen, Laternen und stilvollen Details, die Ihre Terrasse oder Ihren Garten das ganze Jahr \u00fcber einladend machen.<\/p><p>Das Sortiment wurde sorgf\u00e4ltig ausgew\u00e4hlt, um sowohl zur maritimen Umgebung in Skagen zu passen als auch einen Rahmen f\u00fcr Entspannung, Gem\u00fctlichkeit und Zusammensein zu schaffen. Egal, ob Sie moderne Loungem\u00f6bel, klassische Gartenst\u00fchle oder praktische L\u00f6sungen suchen, Sie k\u00f6nnen sicher sein, dass jedes Produkt mit dem Fokus auf Haltbarkeit und \u00c4sthetik hergestellt wird.<\/p>\t\t\t\t\t\t\t\t<\/div>\n\t\t\t\t<\/div>\n\t\t\t\t<section class=\"elementor-section elementor-inner-section elementor-element elementor-element-532ba28 elementor-section-boxed elementor-section-height-default elementor-section-height-default\" data-id=\"532ba28\" data-element_type=\"section\" data-e-type=\"section\">\n\t\t\t\t\t\t<div class=\"elementor-container elementor-column-gap-no\">\n\t\t\t\t\t<div class=\"elementor-column elementor-col-50 elementor-inner-column elementor-element elementor-element-f1a1240\" data-id=\"f1a1240\" data-element_type=\"column\" data-e-type=\"column\">\n\t\t\t<div class=\"elementor-widget-wrap elementor-element-populated\">\n\t\t\t\t\t\t<div class=\"elementor-element elementor-element-5366d11e elementor-widget elementor-widget-image\" data-id=\"5366d11e\" data-element_type=\"widget\" data-e-type=\"widget\" data-widget_type=\"image.default\">\n\t\t\t\t<div class=\"elementor-widget-container\">\n\t\t\t\t\t\t\t\t\t\t\t\t\t\t\t<img fetchpriority=\"high\" decoding=\"async\" data-attachment-id=\"5156\" data-permalink=\"https:\/\/toppenafdanmark.dk\/de\/huset-holst\/1024x1024-stole-og-baenk\/\" data-orig-file=\"https:\/\/i0.wp.com\/toppenafdanmark.dk\/wp-content\/uploads\/2025\/09\/1024x1024-Stole-og-baenk.webp?fit=1024%2C1024&amp;ssl=1\" data-orig-size=\"1024,1024\" data-comments-opened=\"0\" data-image-meta=\"{&quot;aperture&quot;:&quot;0&quot;,&quot;credit&quot;:&quot;&quot;,&quot;camera&quot;:&quot;&quot;,&quot;caption&quot;:&quot;&quot;,&quot;created_timestamp&quot;:&quot;0&quot;,&quot;copyright&quot;:&quot;&quot;,&quot;focal_length&quot;:&quot;0&quot;,&quot;iso&quot;:&quot;0&quot;,&quot;shutter_speed&quot;:&quot;0&quot;,&quot;title&quot;:&quot;&quot;,&quot;orientation&quot;:&quot;0&quot;}\" data-image-title=\"1024&amp;#215;1024 Stole og b\u00e6nk\" data-image-description=\"\" data-image-caption=\"\" data-large-file=\"https:\/\/i0.wp.com\/toppenafdanmark.dk\/wp-content\/uploads\/2025\/09\/1024x1024-Stole-og-baenk.webp?fit=800%2C800&amp;ssl=1\" width=\"800\" height=\"800\" src=\"https:\/\/i0.wp.com\/toppenafdanmark.dk\/wp-content\/uploads\/2025\/09\/1024x1024-Stole-og-baenk.webp?fit=800%2C800&amp;ssl=1\" class=\"attachment-large size-large wp-image-5156\" alt=\"Indretning hos Huset Holst i Skagen med stilfulde m\u00f8bler, tr\u00e6stole, spisebord og boligtilbeh\u00f8r i skandinavisk design.\" srcset=\"https:\/\/i0.wp.com\/toppenafdanmark.dk\/wp-content\/uploads\/2025\/09\/1024x1024-Stole-og-baenk.webp?w=1024&amp;ssl=1 1024w, https:\/\/i0.wp.com\/toppenafdanmark.dk\/wp-content\/uploads\/2025\/09\/1024x1024-Stole-og-baenk.webp?resize=300%2C300&amp;ssl=1 300w, https:\/\/i0.wp.com\/toppenafdanmark.dk\/wp-content\/uploads\/2025\/09\/1024x1024-Stole-og-baenk.webp?resize=150%2C150&amp;ssl=1 150w, https:\/\/i0.wp.com\/toppenafdanmark.dk\/wp-content\/uploads\/2025\/09\/1024x1024-Stole-og-baenk.webp?resize=768%2C768&amp;ssl=1 768w, https:\/\/i0.wp.com\/toppenafdanmark.dk\/wp-content\/uploads\/2025\/09\/1024x1024-Stole-og-baenk.webp?resize=12%2C12&amp;ssl=1 12w\" sizes=\"(max-width: 800px) 100vw, 800px\" \/>\t\t\t\t\t\t\t\t\t\t\t\t\t\t\t<\/div>\n\t\t\t\t<\/div>\n\t\t\t\t\t<\/div>\n\t\t<\/div>\n\t\t\t\t<div class=\"elementor-column elementor-col-50 elementor-inner-column elementor-element elementor-element-77947212\" data-id=\"77947212\" data-element_type=\"column\" data-e-type=\"column\">\n\t\t\t<div class=\"elementor-widget-wrap elementor-element-populated\">\n\t\t\t\t\t\t<div class=\"elementor-element elementor-element-2704e3d1 elementor-widget elementor-widget-image\" data-id=\"2704e3d1\" data-element_type=\"widget\" data-e-type=\"widget\" data-widget_type=\"image.default\">\n\t\t\t\t<div class=\"elementor-widget-container\">\n\t\t\t\t\t\t\t\t\t\t\t\t\t\t\t<img decoding=\"async\" data-attachment-id=\"5158\" data-permalink=\"https:\/\/toppenafdanmark.dk\/de\/huset-holst\/1024x1024-toiletspande\/\" data-orig-file=\"https:\/\/i0.wp.com\/toppenafdanmark.dk\/wp-content\/uploads\/2025\/09\/1024x1024-Toiletspande.webp?fit=1024%2C1024&amp;ssl=1\" data-orig-size=\"1024,1024\" data-comments-opened=\"0\" data-image-meta=\"{&quot;aperture&quot;:&quot;0&quot;,&quot;credit&quot;:&quot;&quot;,&quot;camera&quot;:&quot;&quot;,&quot;caption&quot;:&quot;&quot;,&quot;created_timestamp&quot;:&quot;0&quot;,&quot;copyright&quot;:&quot;&quot;,&quot;focal_length&quot;:&quot;0&quot;,&quot;iso&quot;:&quot;0&quot;,&quot;shutter_speed&quot;:&quot;0&quot;,&quot;title&quot;:&quot;&quot;,&quot;orientation&quot;:&quot;0&quot;}\" data-image-title=\"1024&amp;#215;1024 Toiletspande\" data-image-description=\"\" data-image-caption=\"\" data-large-file=\"https:\/\/i0.wp.com\/toppenafdanmark.dk\/wp-content\/uploads\/2025\/09\/1024x1024-Toiletspande.webp?fit=800%2C800&amp;ssl=1\" width=\"800\" height=\"800\" src=\"https:\/\/i0.wp.com\/toppenafdanmark.dk\/wp-content\/uploads\/2025\/09\/1024x1024-Toiletspande.webp?fit=800%2C800&amp;ssl=1\" class=\"attachment-large size-large wp-image-5158\" alt=\"\" srcset=\"https:\/\/i0.wp.com\/toppenafdanmark.dk\/wp-content\/uploads\/2025\/09\/1024x1024-Toiletspande.webp?w=1024&amp;ssl=1 1024w, https:\/\/i0.wp.com\/toppenafdanmark.dk\/wp-content\/uploads\/2025\/09\/1024x1024-Toiletspande.webp?resize=300%2C300&amp;ssl=1 300w, https:\/\/i0.wp.com\/toppenafdanmark.dk\/wp-content\/uploads\/2025\/09\/1024x1024-Toiletspande.webp?resize=150%2C150&amp;ssl=1 150w, https:\/\/i0.wp.com\/toppenafdanmark.dk\/wp-content\/uploads\/2025\/09\/1024x1024-Toiletspande.webp?resize=768%2C768&amp;ssl=1 768w, https:\/\/i0.wp.com\/toppenafdanmark.dk\/wp-content\/uploads\/2025\/09\/1024x1024-Toiletspande.webp?resize=12%2C12&amp;ssl=1 12w\" sizes=\"(max-width: 800px) 100vw, 800px\" \/>\t\t\t\t\t\t\t\t\t\t\t\t\t\t\t<\/div>\n\t\t\t\t<\/div>\n\t\t\t\t\t<\/div>\n\t\t<\/div>\n\t\t\t\t\t<\/div>\n\t\t<\/section>\n\t\t\t\t<div class=\"elementor-element elementor-element-177b8632 elementor-widget elementor-widget-text-editor\" data-id=\"177b8632\" data-element_type=\"widget\" data-e-type=\"widget\" data-widget_type=\"text-editor.default\">\n\t\t\t\t<div class=\"elementor-widget-container\">\n\t\t\t\t\t\t\t\t\t<h2>Inspiration f\u00fcr Wohnen und Lifestyle in Skagen<\/h2><p>Das Gesch\u00e4ft bietet nicht nur Gartenm\u00f6bel, sondern auch Einrichtungsgegenst\u00e4nde, Beleuchtung und Kunsthandwerk, die Ihr Zuhause in einen zeitlosen nordischen Look verwandeln k\u00f6nnen. Huset Holst legt sowohl Wert auf Funktionalit\u00e4t als auch auf Design, damit Sie sich ein pers\u00f6nliches Zuhause schaffen k\u00f6nnen, das Ihren Lebensstil widerspiegelt.<\/p><p>In der gem\u00fctlichen Atmosph\u00e4re des Ladens f\u00e4llt es leicht, sich inspirieren zu lassen, und man kann sich bei der Wahl der richtigen M\u00f6bel und Accessoires immer auf professionelle Beratung verlassen. Im Zentrum von Skagen gelegen, ist Huset Holst ein nat\u00fcrliches Ziel f\u00fcr Einheimische und Urlauber, die d\u00e4nisches Design mit Qualit\u00e4t, Komfort und Stil kombinieren m\u00f6chten.<\/p>\t\t\t\t\t\t\t\t<\/div>\n\t\t\t\t<\/div>\n\t\t\t\t<div class=\"elementor-element elementor-element-5a0645e2 elementor-widget-divider--view-line elementor-widget elementor-widget-divider\" data-id=\"5a0645e2\" data-element_type=\"widget\" data-e-type=\"widget\" data-widget_type=\"divider.default\">\n\t\t\t\t<div class=\"elementor-widget-container\">\n\t\t\t\t\t\t\t<div class=\"elementor-divider\">\n\t\t\t<span class=\"elementor-divider-separator\">\n\t\t\t\t\t\t<\/span>\n\t\t<\/div>\n\t\t\t\t\t\t<\/div>\n\t\t\t\t<\/div>\n\t\t\t\t<div class=\"elementor-element elementor-element-666c1905 elementor-widget elementor-widget-text-editor\" data-id=\"666c1905\" data-element_type=\"widget\" data-e-type=\"widget\" data-widget_type=\"text-editor.default\">\n\t\t\t\t<div class=\"elementor-widget-container\">\n\t\t\t\t\t\t\t\t\t<p>Hust Holst | Chr. Xs Vej 16 | 9990 Skagen | +45 98 44 12 77 | <a title=\"Haus Holst\" href=\"https:\/\/www.husetholst.dk\/\" target=\"_blank\" rel=\"noopener\">www.husetholst.dk<\/a><\/p>\t\t\t\t\t\t\t\t<\/div>\n\t\t\t\t<\/div>\n\t\t\t\t\t<\/div>\n\t\t<\/div>\n\t\t\t\t\t<\/div>\n\t\t<\/section>\n\t\t<div class=\"elementor-element elementor-element-75e4cfd4 e-flex e-con-boxed e-con e-parent\" data-id=\"75e4cfd4\" data-element_type=\"container\" data-e-type=\"container\">\n\t\t\t\t\t<div class=\"e-con-inner\">\n\t\t\t\t<div class=\"elementor-element elementor-element-1ee87b28 elementor-widget elementor-widget-gallery\" data-id=\"1ee87b28\" data-element_type=\"widget\" data-e-type=\"widget\" data-settings=\"{&quot;gallery_layout&quot;:&quot;masonry&quot;,&quot;lazyload&quot;:&quot;yes&quot;,&quot;columns&quot;:4,&quot;columns_tablet&quot;:2,&quot;columns_mobile&quot;:1,&quot;gap&quot;:{&quot;unit&quot;:&quot;px&quot;,&quot;size&quot;:10,&quot;sizes&quot;:[]},&quot;gap_tablet&quot;:{&quot;unit&quot;:&quot;px&quot;,&quot;size&quot;:10,&quot;sizes&quot;:[]},&quot;gap_mobile&quot;:{&quot;unit&quot;:&quot;px&quot;,&quot;size&quot;:10,&quot;sizes&quot;:[]},&quot;link_to&quot;:&quot;file&quot;,&quot;overlay_background&quot;:&quot;yes&quot;,&quot;content_hover_animation&quot;:&quot;fade-in&quot;}\" data-widget_type=\"gallery.default\">\n\t\t\t\t<div class=\"elementor-widget-container\">\n\t\t\t\t\t\t\t<div class=\"elementor-gallery__container\">\n\t\t\t\t\t\t\t<a class=\"e-gallery-item elementor-gallery-item elementor-animated-content\" href=\"https:\/\/i0.wp.com\/toppenafdanmark.dk\/wp-content\/uploads\/2025\/09\/300x300-Traestole-og-borde.webp?fit=300%2C300&#038;ssl=1\" data-elementor-open-lightbox=\"yes\" data-elementor-lightbox-slideshow=\"1ee87b28\" data-elementor-lightbox-title=\"300x300 Tr\u00e6stole og borde\" data-e-action-hash=\"#elementor-action%3Aaction%3Dlightbox%26settings%3DeyJpZCI6NTE2MiwidXJsIjoiaHR0cHM6XC9cL3RvcHBlbmFmZGFubWFyay5ka1wvd3AtY29udGVudFwvdXBsb2Fkc1wvMjAyNVwvMDlcLzMwMHgzMDAtVHJhZXN0b2xlLW9nLWJvcmRlLndlYnAiLCJzbGlkZXNob3ciOiIxZWU4N2IyOCJ9\">\n\t\t\t\t\t<div class=\"e-gallery-image elementor-gallery-item__image\" data-thumbnail=\"https:\/\/i0.wp.com\/toppenafdanmark.dk\/wp-content\/uploads\/2025\/09\/300x300-Traestole-og-borde.webp?fit=300%2C300&amp;ssl=1\" data-width=\"300\" data-height=\"300\" aria-label=\"\" role=\"img\" ><\/div>\n\t\t\t\t\t\t\t\t\t\t\t<div class=\"elementor-gallery-item__overlay\"><\/div>\n\t\t\t\t\t\t\t\t\t\t\t\t\t\t<\/a>\n\t\t\t\t\t\t\t<a class=\"e-gallery-item elementor-gallery-item elementor-animated-content\" href=\"https:\/\/i0.wp.com\/toppenafdanmark.dk\/wp-content\/uploads\/2025\/09\/300x300-Laenestol.webp?fit=300%2C300&#038;ssl=1\" data-elementor-open-lightbox=\"yes\" data-elementor-lightbox-slideshow=\"1ee87b28\" data-elementor-lightbox-title=\"300x300 L\u00e6nestol\" data-e-action-hash=\"#elementor-action%3Aaction%3Dlightbox%26settings%3DeyJpZCI6NTE2OSwidXJsIjoiaHR0cHM6XC9cL3RvcHBlbmFmZGFubWFyay5ka1wvd3AtY29udGVudFwvdXBsb2Fkc1wvMjAyNVwvMDlcLzMwMHgzMDAtTGFlbmVzdG9sLndlYnAiLCJzbGlkZXNob3ciOiIxZWU4N2IyOCJ9\">\n\t\t\t\t\t<div class=\"e-gallery-image elementor-gallery-item__image\" data-thumbnail=\"https:\/\/i0.wp.com\/toppenafdanmark.dk\/wp-content\/uploads\/2025\/09\/300x300-Laenestol.webp?fit=300%2C300&amp;ssl=1\" data-width=\"300\" data-height=\"300\" aria-label=\"\" role=\"img\" ><\/div>\n\t\t\t\t\t\t\t\t\t\t\t<div class=\"elementor-gallery-item__overlay\"><\/div>\n\t\t\t\t\t\t\t\t\t\t\t\t\t\t<\/a>\n\t\t\t\t\t\t\t<a class=\"e-gallery-item elementor-gallery-item elementor-animated-content\" href=\"https:\/\/i0.wp.com\/toppenafdanmark.dk\/wp-content\/uploads\/2025\/09\/300x300-traekasser.webp?fit=300%2C300&#038;ssl=1\" data-elementor-open-lightbox=\"yes\" data-elementor-lightbox-slideshow=\"1ee87b28\" data-elementor-lightbox-title=\"300x300 tr\u00e6kasser\" data-e-action-hash=\"#elementor-action%3Aaction%3Dlightbox%26settings%3DeyJpZCI6NTE2MywidXJsIjoiaHR0cHM6XC9cL3RvcHBlbmFmZGFubWFyay5ka1wvd3AtY29udGVudFwvdXBsb2Fkc1wvMjAyNVwvMDlcLzMwMHgzMDAtdHJhZWthc3Nlci53ZWJwIiwic2xpZGVzaG93IjoiMWVlODdiMjgifQ%3D%3D\">\n\t\t\t\t\t<div class=\"e-gallery-image elementor-gallery-item__image\" data-thumbnail=\"https:\/\/i0.wp.com\/toppenafdanmark.dk\/wp-content\/uploads\/2025\/09\/300x300-traekasser.webp?fit=300%2C300&amp;ssl=1\" data-width=\"300\" data-height=\"300\" aria-label=\"\" role=\"img\" ><\/div>\n\t\t\t\t\t\t\t\t\t\t\t<div class=\"elementor-gallery-item__overlay\"><\/div>\n\t\t\t\t\t\t\t\t\t\t\t\t\t\t<\/a>\n\t\t\t\t\t\t\t<a class=\"e-gallery-item elementor-gallery-item elementor-animated-content\" href=\"https:\/\/i0.wp.com\/toppenafdanmark.dk\/wp-content\/uploads\/2025\/09\/300x300-Lampe.webp?fit=300%2C300&#038;ssl=1\" data-elementor-open-lightbox=\"yes\" data-elementor-lightbox-slideshow=\"1ee87b28\" data-elementor-lightbox-title=\"300x300 Lampe\" data-e-action-hash=\"#elementor-action%3Aaction%3Dlightbox%26settings%3DeyJpZCI6NTE2NywidXJsIjoiaHR0cHM6XC9cL3RvcHBlbmFmZGFubWFyay5ka1wvd3AtY29udGVudFwvdXBsb2Fkc1wvMjAyNVwvMDlcLzMwMHgzMDAtTGFtcGUud2VicCIsInNsaWRlc2hvdyI6IjFlZTg3YjI4In0%3D\">\n\t\t\t\t\t<div class=\"e-gallery-image elementor-gallery-item__image\" data-thumbnail=\"https:\/\/i0.wp.com\/toppenafdanmark.dk\/wp-content\/uploads\/2025\/09\/300x300-Lampe.webp?fit=300%2C300&amp;ssl=1\" data-width=\"300\" data-height=\"300\" aria-label=\"\" role=\"img\" ><\/div>\n\t\t\t\t\t\t\t\t\t\t\t<div class=\"elementor-gallery-item__overlay\"><\/div>\n\t\t\t\t\t\t\t\t\t\t\t\t\t\t<\/a>\n\t\t\t\t\t\t\t<a class=\"e-gallery-item elementor-gallery-item elementor-animated-content\" href=\"https:\/\/i0.wp.com\/toppenafdanmark.dk\/wp-content\/uploads\/2025\/09\/300x300-Bakke-med-drikkelse.webp?fit=300%2C300&#038;ssl=1\" data-elementor-open-lightbox=\"yes\" data-elementor-lightbox-slideshow=\"1ee87b28\" data-elementor-lightbox-title=\"300x300 Bakke med drikkelse\" data-e-action-hash=\"#elementor-action%3Aaction%3Dlightbox%26settings%3DeyJpZCI6NTE2NCwidXJsIjoiaHR0cHM6XC9cL3RvcHBlbmFmZGFubWFyay5ka1wvd3AtY29udGVudFwvdXBsb2Fkc1wvMjAyNVwvMDlcLzMwMHgzMDAtQmFra2UtbWVkLWRyaWtrZWxzZS53ZWJwIiwic2xpZGVzaG93IjoiMWVlODdiMjgifQ%3D%3D\">\n\t\t\t\t\t<div class=\"e-gallery-image elementor-gallery-item__image\" data-thumbnail=\"https:\/\/i0.wp.com\/toppenafdanmark.dk\/wp-content\/uploads\/2025\/09\/300x300-Bakke-med-drikkelse.webp?fit=300%2C300&amp;ssl=1\" data-width=\"300\" data-height=\"300\" aria-label=\"\" role=\"img\" ><\/div>\n\t\t\t\t\t\t\t\t\t\t\t<div class=\"elementor-gallery-item__overlay\"><\/div>\n\t\t\t\t\t\t\t\t\t\t\t\t\t\t<\/a>\n\t\t\t\t\t\t\t<a class=\"e-gallery-item elementor-gallery-item elementor-animated-content\" href=\"https:\/\/i0.wp.com\/toppenafdanmark.dk\/wp-content\/uploads\/2025\/09\/300x300-Bygning-udefra.webp?fit=300%2C300&#038;ssl=1\" data-elementor-open-lightbox=\"yes\" data-elementor-lightbox-slideshow=\"1ee87b28\" data-elementor-lightbox-title=\"300x300 Bygning udefra\" data-e-action-hash=\"#elementor-action%3Aaction%3Dlightbox%26settings%3DeyJpZCI6NTE2NSwidXJsIjoiaHR0cHM6XC9cL3RvcHBlbmFmZGFubWFyay5ka1wvd3AtY29udGVudFwvdXBsb2Fkc1wvMjAyNVwvMDlcLzMwMHgzMDAtQnlnbmluZy11ZGVmcmEud2VicCIsInNsaWRlc2hvdyI6IjFlZTg3YjI4In0%3D\">\n\t\t\t\t\t<div class=\"e-gallery-image elementor-gallery-item__image\" data-thumbnail=\"https:\/\/i0.wp.com\/toppenafdanmark.dk\/wp-content\/uploads\/2025\/09\/300x300-Bygning-udefra.webp?fit=300%2C300&amp;ssl=1\" data-width=\"300\" data-height=\"300\" aria-label=\"\" role=\"img\" ><\/div>\n\t\t\t\t\t\t\t\t\t\t\t<div class=\"elementor-gallery-item__overlay\"><\/div>\n\t\t\t\t\t\t\t\t\t\t\t\t\t\t<\/a>\n\t\t\t\t\t\t\t<a class=\"e-gallery-item elementor-gallery-item elementor-animated-content\" href=\"https:\/\/i0.wp.com\/toppenafdanmark.dk\/wp-content\/uploads\/2025\/09\/300x300-Indretning-borde-og-stole.webp?fit=300%2C300&#038;ssl=1\" data-elementor-open-lightbox=\"yes\" data-elementor-lightbox-slideshow=\"1ee87b28\" data-elementor-lightbox-title=\"300x300 Indretning borde og stole\" data-e-action-hash=\"#elementor-action%3Aaction%3Dlightbox%26settings%3DeyJpZCI6NTE2NiwidXJsIjoiaHR0cHM6XC9cL3RvcHBlbmFmZGFubWFyay5ka1wvd3AtY29udGVudFwvdXBsb2Fkc1wvMjAyNVwvMDlcLzMwMHgzMDAtSW5kcmV0bmluZy1ib3JkZS1vZy1zdG9sZS53ZWJwIiwic2xpZGVzaG93IjoiMWVlODdiMjgifQ%3D%3D\">\n\t\t\t\t\t<div class=\"e-gallery-image elementor-gallery-item__image\" data-thumbnail=\"https:\/\/i0.wp.com\/toppenafdanmark.dk\/wp-content\/uploads\/2025\/09\/300x300-Indretning-borde-og-stole.webp?fit=300%2C300&amp;ssl=1\" data-width=\"300\" data-height=\"300\" aria-label=\"\" role=\"img\" ><\/div>\n\t\t\t\t\t\t\t\t\t\t\t<div class=\"elementor-gallery-item__overlay\"><\/div>\n\t\t\t\t\t\t\t\t\t\t\t\t\t\t<\/a>\n\t\t\t\t\t\t\t<a class=\"e-gallery-item elementor-gallery-item elementor-animated-content\" href=\"https:\/\/i0.wp.com\/toppenafdanmark.dk\/wp-content\/uploads\/2025\/09\/300x300-Lamper.webp?fit=300%2C300&#038;ssl=1\" data-elementor-open-lightbox=\"yes\" data-elementor-lightbox-slideshow=\"1ee87b28\" data-elementor-lightbox-title=\"300x300 Lamper\" data-e-action-hash=\"#elementor-action%3Aaction%3Dlightbox%26settings%3DeyJpZCI6NTE2OCwidXJsIjoiaHR0cHM6XC9cL3RvcHBlbmFmZGFubWFyay5ka1wvd3AtY29udGVudFwvdXBsb2Fkc1wvMjAyNVwvMDlcLzMwMHgzMDAtTGFtcGVyLndlYnAiLCJzbGlkZXNob3ciOiIxZWU4N2IyOCJ9\">\n\t\t\t\t\t<div class=\"e-gallery-image elementor-gallery-item__image\" data-thumbnail=\"https:\/\/i0.wp.com\/toppenafdanmark.dk\/wp-content\/uploads\/2025\/09\/300x300-Lamper.webp?fit=300%2C300&amp;ssl=1\" data-width=\"300\" data-height=\"300\" aria-label=\"\" role=\"img\" ><\/div>\n\t\t\t\t\t\t\t\t\t\t\t<div class=\"elementor-gallery-item__overlay\"><\/div>\n\t\t\t\t\t\t\t\t\t\t\t\t\t\t<\/a>\n\t\t\t\t\t<\/div>\n\t\t\t\t\t<\/div>\n\t\t\t\t<\/div>\n\t\t\t\t\t<\/div>\n\t\t\t\t<\/div>\n\t\t\t\t<\/div>","protected":false},"excerpt":{"rendered":"<p>Huset Holst Eksklusive m\u00f8bler og nordisk design Huset Holst i Skagen er kendt for sit brede udvalg af eksklusive havem\u00f8bler, interi\u00f8r og livsstilsprodukter, der kombinerer h\u00f8j kvalitet med klassisk nordisk [&hellip;]<\/p>\n","protected":false},"author":266444215,"featured_media":5154,"parent":0,"menu_order":0,"comment_status":"closed","ping_status":"closed","template":"","meta":{"_crdt_document":"","jetpack_post_was_ever_published":false,"footnotes":""},"folder":[1385],"class_list":["post-5152","page","type-page","status-publish","has-post-thumbnail","hentry"],"jetpack_sharing_enabled":true,"jetpack_shortlink":"https:\/\/wp.me\/PgDlef-1l6","_links":{"self":[{"href":"https:\/\/toppenafdanmark.dk\/de\/wp-json\/wp\/v2\/pages\/5152","targetHints":{"allow":["GET"]}}],"collection":[{"href":"https:\/\/toppenafdanmark.dk\/de\/wp-json\/wp\/v2\/pages"}],"about":[{"href":"https:\/\/toppenafdanmark.dk\/de\/wp-json\/wp\/v2\/types\/page"}],"author":[{"embeddable":true,"href":"https:\/\/toppenafdanmark.dk\/de\/wp-json\/wp\/v2\/users\/266444215"}],"replies":[{"embeddable":true,"href":"https:\/\/toppenafdanmark.dk\/de\/wp-json\/wp\/v2\/comments?post=5152"}],"version-history":[{"count":11,"href":"https:\/\/toppenafdanmark.dk\/de\/wp-json\/wp\/v2\/pages\/5152\/revisions"}],"predecessor-version":[{"id":5178,"href":"https:\/\/toppenafdanmark.dk\/de\/wp-json\/wp\/v2\/pages\/5152\/revisions\/5178"}],"wp:featuredmedia":[{"embeddable":true,"href":"https:\/\/toppenafdanmark.dk\/de\/wp-json\/wp\/v2\/media\/5154"}],"wp:attachment":[{"href":"https:\/\/toppenafdanmark.dk\/de\/wp-json\/wp\/v2\/media?parent=5152"}],"wp:term":[{"taxonomy":"folder","embeddable":true,"href":"https:\/\/toppenafdanmark.dk\/de\/wp-json\/wp\/v2\/folder?post=5152"}],"curies":[{"name":"wp","href":"https:\/\/api.w.org\/{rel}","templated":true}]}}