{"id":5661,"date":"2025-09-16T12:49:49","date_gmt":"2025-09-16T10:49:49","guid":{"rendered":"https:\/\/toppenafdanmark.dk\/?page_id=5661"},"modified":"2025-10-15T08:47:46","modified_gmt":"2025-10-15T06:47:46","slug":"restaurant-asia","status":"publish","type":"page","link":"https:\/\/toppenafdanmark.dk\/de\/restaurant-asia\/","title":{"rendered":"Restaurant Asien"},"content":{"rendered":"<div data-elementor-type=\"wp-page\" data-elementor-id=\"5661\" class=\"elementor elementor-5661\" data-elementor-post-type=\"page\">\n\t\t\t\t<div class=\"elementor-element elementor-element-64894d27 e-con-full e-flex e-con e-parent\" data-id=\"64894d27\" data-element_type=\"container\" data-e-type=\"container\" data-settings=\"{&quot;background_background&quot;:&quot;classic&quot;}\">\n\t\t<div class=\"elementor-element elementor-element-191fba61 e-con-full elementor-hidden-mobile e-flex e-con e-child\" data-id=\"191fba61\" data-element_type=\"container\" data-e-type=\"container\" data-settings=\"{&quot;background_background&quot;:&quot;classic&quot;}\">\n\t\t\t\t<\/div>\n\t\t<div class=\"elementor-element elementor-element-be733c1 e-con-full elementor-hidden-mobile e-flex e-con e-child\" data-id=\"be733c1\" data-element_type=\"container\" data-e-type=\"container\" data-settings=\"{&quot;background_background&quot;:&quot;classic&quot;}\">\n\t\t\t\t<\/div>\n\t\t<div class=\"elementor-element elementor-element-2c101205 e-con-full e-flex e-con e-child\" data-id=\"2c101205\" data-element_type=\"container\" data-e-type=\"container\" data-settings=\"{&quot;background_background&quot;:&quot;classic&quot;}\">\n\t\t\t\t<\/div>\n\t\t\t\t<\/div>\n\t\t\t\t<section class=\"elementor-section elementor-top-section elementor-element elementor-element-69e73a10 elementor-section-boxed elementor-section-height-default elementor-section-height-default\" data-id=\"69e73a10\" data-element_type=\"section\" data-e-type=\"section\">\n\t\t\t\t\t\t<div class=\"elementor-container elementor-column-gap-no\">\n\t\t\t\t\t<div class=\"elementor-column elementor-col-100 elementor-top-column elementor-element elementor-element-195d75e7\" data-id=\"195d75e7\" data-element_type=\"column\" data-e-type=\"column\">\n\t\t\t<div class=\"elementor-widget-wrap elementor-element-populated\">\n\t\t\t\t\t\t<div class=\"elementor-element elementor-element-f8869c3 elementor-widget elementor-widget-heading\" data-id=\"f8869c3\" data-element_type=\"widget\" data-e-type=\"widget\" data-widget_type=\"heading.default\">\n\t\t\t\t<div class=\"elementor-widget-container\">\n\t\t\t\t\t<h2 class=\"elementor-heading-title elementor-size-default\">Restaurant Asien<\/h2>\t\t\t\t<\/div>\n\t\t\t\t<\/div>\n\t\t\t\t<div class=\"elementor-element elementor-element-76117f98 elementor-widget-divider--view-line elementor-widget elementor-widget-divider\" data-id=\"76117f98\" data-element_type=\"widget\" data-e-type=\"widget\" data-widget_type=\"divider.default\">\n\t\t\t\t<div class=\"elementor-widget-container\">\n\t\t\t\t\t\t\t<div class=\"elementor-divider\">\n\t\t\t<span class=\"elementor-divider-separator\">\n\t\t\t\t\t\t<\/span>\n\t\t<\/div>\n\t\t\t\t\t\t<\/div>\n\t\t\t\t<\/div>\n\t\t\t\t<div class=\"elementor-element elementor-element-eb6f60d elementor-widget elementor-widget-text-editor\" data-id=\"eb6f60d\" data-element_type=\"widget\" data-e-type=\"widget\" data-widget_type=\"text-editor.default\">\n\t\t\t\t<div class=\"elementor-widget-container\">\n\t\t\t\t\t\t\t\t\t<h4>Ein asiatisches Buffet-Erlebnis im Herzen von Skagen<\/h4><p>Das Restaurant Asia Skagen liegt zentral am Sankt Laurentii Vej und bietet sowohl zum Mittag- als auch zum Abendessen ein reichhaltiges All-you-can-eat-Buffet mit chinesischen Spezialit\u00e4ten und Sushi. Wenn Sie lieber zu Hause essen m\u00f6chten, k\u00f6nnen Sie das sch\u00f6ne <em data-start=\"961\" data-end=\"971\">zum Mitnehmen<\/em>-Men\u00fcs, darunter chinesische Gerichte und Sushi, oder bestellen Sie f\u00fcr festliche Anl\u00e4sse das \"Diner transportable\". Das Restaurant bietet auch ein \u00c0-la-carte-Men\u00fc, so dass f\u00fcr jeden Geschmack etwas dabei ist. Mit \u00d6ffnungszeiten von 11:00 bis 22:30 Uhr an jedem Tag der Woche und der M\u00f6glichkeit, einen Tisch zu reservieren, ist es einfach, Zeit zu finden, um gutes Essen in ruhiger Umgebung zu genie\u00dfen.<\/p>\t\t\t\t\t\t\t\t<\/div>\n\t\t\t\t<\/div>\n\t\t\t\t<section class=\"elementor-section elementor-inner-section elementor-element elementor-element-5552529f elementor-section-boxed elementor-section-height-default elementor-section-height-default\" data-id=\"5552529f\" data-element_type=\"section\" data-e-type=\"section\">\n\t\t\t\t\t\t<div class=\"elementor-container elementor-column-gap-no\">\n\t\t\t\t\t<div class=\"elementor-column elementor-col-50 elementor-inner-column elementor-element elementor-element-480de165\" data-id=\"480de165\" data-element_type=\"column\" data-e-type=\"column\">\n\t\t\t<div class=\"elementor-widget-wrap elementor-element-populated\">\n\t\t\t\t\t\t<div class=\"elementor-element elementor-element-5c590794 elementor-widget elementor-widget-image\" data-id=\"5c590794\" data-element_type=\"widget\" data-e-type=\"widget\" data-widget_type=\"image.default\">\n\t\t\t\t<div class=\"elementor-widget-container\">\n\t\t\t\t\t\t\t\t\t\t\t\t\t\t\t<img fetchpriority=\"high\" decoding=\"async\" data-attachment-id=\"5667\" data-permalink=\"https:\/\/toppenafdanmark.dk\/de\/restaurant-asia\/1024x1024-restaurant-asia-1\/\" data-orig-file=\"https:\/\/i0.wp.com\/toppenafdanmark.dk\/wp-content\/uploads\/2025\/09\/1024X1024-Restaurant-Asia-1.webp?fit=1024%2C1024&amp;ssl=1\" data-orig-size=\"1024,1024\" data-comments-opened=\"0\" data-image-meta=\"{&quot;aperture&quot;:&quot;0&quot;,&quot;credit&quot;:&quot;&quot;,&quot;camera&quot;:&quot;&quot;,&quot;caption&quot;:&quot;&quot;,&quot;created_timestamp&quot;:&quot;0&quot;,&quot;copyright&quot;:&quot;&quot;,&quot;focal_length&quot;:&quot;0&quot;,&quot;iso&quot;:&quot;0&quot;,&quot;shutter_speed&quot;:&quot;0&quot;,&quot;title&quot;:&quot;&quot;,&quot;orientation&quot;:&quot;0&quot;}\" data-image-title=\"1024X1024 Restaurant Asia 1\" data-image-description=\"\" data-image-caption=\"\" data-large-file=\"https:\/\/i0.wp.com\/toppenafdanmark.dk\/wp-content\/uploads\/2025\/09\/1024X1024-Restaurant-Asia-1.webp?fit=800%2C800&amp;ssl=1\" width=\"800\" height=\"800\" src=\"https:\/\/i0.wp.com\/toppenafdanmark.dk\/wp-content\/uploads\/2025\/09\/1024X1024-Restaurant-Asia-1.webp?fit=800%2C800&amp;ssl=1\" class=\"attachment-large size-large wp-image-5667\" alt=\"Kok arrangerer frisklavet sushi med nigiri og maki hos Restaurant Asia Skagen\" srcset=\"https:\/\/i0.wp.com\/toppenafdanmark.dk\/wp-content\/uploads\/2025\/09\/1024X1024-Restaurant-Asia-1.webp?w=1024&amp;ssl=1 1024w, https:\/\/i0.wp.com\/toppenafdanmark.dk\/wp-content\/uploads\/2025\/09\/1024X1024-Restaurant-Asia-1.webp?resize=300%2C300&amp;ssl=1 300w, https:\/\/i0.wp.com\/toppenafdanmark.dk\/wp-content\/uploads\/2025\/09\/1024X1024-Restaurant-Asia-1.webp?resize=150%2C150&amp;ssl=1 150w, https:\/\/i0.wp.com\/toppenafdanmark.dk\/wp-content\/uploads\/2025\/09\/1024X1024-Restaurant-Asia-1.webp?resize=768%2C768&amp;ssl=1 768w, https:\/\/i0.wp.com\/toppenafdanmark.dk\/wp-content\/uploads\/2025\/09\/1024X1024-Restaurant-Asia-1.webp?resize=12%2C12&amp;ssl=1 12w\" sizes=\"(max-width: 800px) 100vw, 800px\" \/>\t\t\t\t\t\t\t\t\t\t\t\t\t\t\t<\/div>\n\t\t\t\t<\/div>\n\t\t\t\t\t<\/div>\n\t\t<\/div>\n\t\t\t\t<div class=\"elementor-column elementor-col-50 elementor-inner-column elementor-element elementor-element-5d94f762\" data-id=\"5d94f762\" data-element_type=\"column\" data-e-type=\"column\">\n\t\t\t<div class=\"elementor-widget-wrap elementor-element-populated\">\n\t\t\t\t\t\t<div class=\"elementor-element elementor-element-1c5a5422 elementor-widget elementor-widget-image\" data-id=\"1c5a5422\" data-element_type=\"widget\" data-e-type=\"widget\" data-widget_type=\"image.default\">\n\t\t\t\t<div class=\"elementor-widget-container\">\n\t\t\t\t\t\t\t\t\t\t\t\t\t\t\t<img decoding=\"async\" data-attachment-id=\"5671\" data-permalink=\"https:\/\/toppenafdanmark.dk\/de\/restaurant-asia\/1024x1024-restaurant-asia-3-3-2\/\" data-orig-file=\"https:\/\/i0.wp.com\/toppenafdanmark.dk\/wp-content\/uploads\/2025\/09\/1024X1024-Restaurant-Asia-3-3-1.webp?fit=1024%2C1024&amp;ssl=1\" data-orig-size=\"1024,1024\" data-comments-opened=\"0\" data-image-meta=\"{&quot;aperture&quot;:&quot;0&quot;,&quot;credit&quot;:&quot;&quot;,&quot;camera&quot;:&quot;&quot;,&quot;caption&quot;:&quot;&quot;,&quot;created_timestamp&quot;:&quot;0&quot;,&quot;copyright&quot;:&quot;&quot;,&quot;focal_length&quot;:&quot;0&quot;,&quot;iso&quot;:&quot;0&quot;,&quot;shutter_speed&quot;:&quot;0&quot;,&quot;title&quot;:&quot;&quot;,&quot;orientation&quot;:&quot;0&quot;}\" data-image-title=\"1024X1024 Restaurant Asia 3 (3)\" data-image-description=\"\" data-image-caption=\"\" data-large-file=\"https:\/\/i0.wp.com\/toppenafdanmark.dk\/wp-content\/uploads\/2025\/09\/1024X1024-Restaurant-Asia-3-3-1.webp?fit=800%2C800&amp;ssl=1\" width=\"800\" height=\"800\" src=\"https:\/\/i0.wp.com\/toppenafdanmark.dk\/wp-content\/uploads\/2025\/09\/1024X1024-Restaurant-Asia-3-3-1.webp?fit=800%2C800&amp;ssl=1\" class=\"attachment-large size-large wp-image-5671\" alt=\"Stor buffet med sushi, varme retter og tilbeh\u00f8r hos Restaurant Asia Skagen\" srcset=\"https:\/\/i0.wp.com\/toppenafdanmark.dk\/wp-content\/uploads\/2025\/09\/1024X1024-Restaurant-Asia-3-3-1.webp?w=1024&amp;ssl=1 1024w, https:\/\/i0.wp.com\/toppenafdanmark.dk\/wp-content\/uploads\/2025\/09\/1024X1024-Restaurant-Asia-3-3-1.webp?resize=300%2C300&amp;ssl=1 300w, https:\/\/i0.wp.com\/toppenafdanmark.dk\/wp-content\/uploads\/2025\/09\/1024X1024-Restaurant-Asia-3-3-1.webp?resize=150%2C150&amp;ssl=1 150w, https:\/\/i0.wp.com\/toppenafdanmark.dk\/wp-content\/uploads\/2025\/09\/1024X1024-Restaurant-Asia-3-3-1.webp?resize=768%2C768&amp;ssl=1 768w, https:\/\/i0.wp.com\/toppenafdanmark.dk\/wp-content\/uploads\/2025\/09\/1024X1024-Restaurant-Asia-3-3-1.webp?resize=12%2C12&amp;ssl=1 12w\" sizes=\"(max-width: 800px) 100vw, 800px\" \/>\t\t\t\t\t\t\t\t\t\t\t\t\t\t\t<\/div>\n\t\t\t\t<\/div>\n\t\t\t\t\t<\/div>\n\t\t<\/div>\n\t\t\t\t\t<\/div>\n\t\t<\/section>\n\t\t\t\t<div class=\"elementor-element elementor-element-41524061 elementor-widget elementor-widget-text-editor\" data-id=\"41524061\" data-element_type=\"widget\" data-e-type=\"widget\" data-widget_type=\"text-editor.default\">\n\t\t\t\t<div class=\"elementor-widget-container\">\n\t\t\t\t\t\t\t\t\t<h4>Perfekt f\u00fcr Familie, Freunde und festliche Anl\u00e4sse<\/h4><p>Das Restaurant Asia Skagen ist nicht nur ein Ort f\u00fcr ein k\u00f6stliches Buffet - es ist auch ideal f\u00fcr gesellige und festliche Anl\u00e4sse. Der transportable Diner macht es leicht, den Hunger f\u00fcr eine Firmenfeier, einen Geburtstag oder eine Konfirmation zu stillen, mit extra Sushi gegen einen kleinen Aufpreis. F\u00fcr die Tage, an denen die Zeit knapp ist, gibt es etwas zum Mitnehmen, aber auch die M\u00f6glichkeit, die ganze Familie zu einer warmen Mahlzeit mit einer gro\u00dfen Auswahl an asiatischen Geschmacksrichtungen einzuladen. Qualit\u00e4t, Quantit\u00e4t und guter Service machen das Restaurant zu einer sicheren Wahl, wenn es um leckeres Essen und eine gem\u00fctliche Atmosph\u00e4re geht.<\/p>\t\t\t\t\t\t\t\t<\/div>\n\t\t\t\t<\/div>\n\t\t\t\t<div class=\"elementor-element elementor-element-4d2fb05e elementor-widget-divider--view-line elementor-widget elementor-widget-divider\" data-id=\"4d2fb05e\" data-element_type=\"widget\" data-e-type=\"widget\" data-widget_type=\"divider.default\">\n\t\t\t\t<div class=\"elementor-widget-container\">\n\t\t\t\t\t\t\t<div class=\"elementor-divider\">\n\t\t\t<span class=\"elementor-divider-separator\">\n\t\t\t\t\t\t<\/span>\n\t\t<\/div>\n\t\t\t\t\t\t<\/div>\n\t\t\t\t<\/div>\n\t\t\t\t<div class=\"elementor-element elementor-element-c9bc680 elementor-widget elementor-widget-text-editor\" data-id=\"c9bc680\" data-element_type=\"widget\" data-e-type=\"widget\" data-widget_type=\"text-editor.default\">\n\t\t\t\t<div class=\"elementor-widget-container\">\n\t\t\t\t\t\t\t\t\t<p>Restaurant Asia | Sankt Laurentii Vej 63A | 9990 Skagen | +45 98 98 98 88 88 00 | <a title=\"restaurantasiaskagen.dk\" href=\"https:\/\/www.restaurantasiaskagen.dk\/\" target=\"_blank\" rel=\"noopener\">www.restaurantasiaskagen.dk<\/a><\/p>\t\t\t\t\t\t\t\t<\/div>\n\t\t\t\t<\/div>\n\t\t\t\t\t<\/div>\n\t\t<\/div>\n\t\t\t\t\t<\/div>\n\t\t<\/section>\n\t\t<div class=\"elementor-element elementor-element-30addb27 e-flex e-con-boxed e-con e-parent\" data-id=\"30addb27\" data-element_type=\"container\" data-e-type=\"container\">\n\t\t\t\t\t<div class=\"e-con-inner\">\n\t\t\t\t<div class=\"elementor-element elementor-element-2cc64c27 elementor-widget elementor-widget-gallery\" data-id=\"2cc64c27\" data-element_type=\"widget\" data-e-type=\"widget\" data-settings=\"{&quot;gallery_layout&quot;:&quot;masonry&quot;,&quot;lazyload&quot;:&quot;yes&quot;,&quot;columns&quot;:4,&quot;columns_tablet&quot;:2,&quot;columns_mobile&quot;:1,&quot;gap&quot;:{&quot;unit&quot;:&quot;px&quot;,&quot;size&quot;:10,&quot;sizes&quot;:[]},&quot;gap_tablet&quot;:{&quot;unit&quot;:&quot;px&quot;,&quot;size&quot;:10,&quot;sizes&quot;:[]},&quot;gap_mobile&quot;:{&quot;unit&quot;:&quot;px&quot;,&quot;size&quot;:10,&quot;sizes&quot;:[]},&quot;link_to&quot;:&quot;file&quot;,&quot;overlay_background&quot;:&quot;yes&quot;,&quot;content_hover_animation&quot;:&quot;fade-in&quot;}\" data-widget_type=\"gallery.default\">\n\t\t\t\t<div class=\"elementor-widget-container\">\n\t\t\t\t\t\t\t<div class=\"elementor-gallery__container\">\n\t\t\t\t\t\t\t<a class=\"e-gallery-item elementor-gallery-item elementor-animated-content\" href=\"https:\/\/i0.wp.com\/toppenafdanmark.dk\/wp-content\/uploads\/2025\/09\/Restaurant-Asia-Small-7.webp?fit=300%2C300&#038;ssl=1\" data-elementor-open-lightbox=\"yes\" data-elementor-lightbox-slideshow=\"2cc64c27\" data-elementor-lightbox-title=\"Restaurant Asia Small 7\" data-e-action-hash=\"#elementor-action%3Aaction%3Dlightbox%26settings%3DeyJpZCI6NTY3NSwidXJsIjoiaHR0cHM6XC9cL3RvcHBlbmFmZGFubWFyay5ka1wvd3AtY29udGVudFwvdXBsb2Fkc1wvMjAyNVwvMDlcL1Jlc3RhdXJhbnQtQXNpYS1TbWFsbC03LndlYnAiLCJzbGlkZXNob3ciOiIyY2M2NGMyNyJ9\">\n\t\t\t\t\t<div class=\"e-gallery-image elementor-gallery-item__image\" data-thumbnail=\"https:\/\/i0.wp.com\/toppenafdanmark.dk\/wp-content\/uploads\/2025\/09\/Restaurant-Asia-Small-7.webp?fit=300%2C300&amp;ssl=1\" data-width=\"300\" data-height=\"300\" aria-label=\"\" role=\"img\" ><\/div>\n\t\t\t\t\t\t\t\t\t\t\t<div class=\"elementor-gallery-item__overlay\"><\/div>\n\t\t\t\t\t\t\t\t\t\t\t\t\t\t<\/a>\n\t\t\t\t\t\t\t<a class=\"e-gallery-item elementor-gallery-item elementor-animated-content\" href=\"https:\/\/i0.wp.com\/toppenafdanmark.dk\/wp-content\/uploads\/2025\/09\/Restaurant-Asia-Small-3.webp?fit=300%2C300&#038;ssl=1\" data-elementor-open-lightbox=\"yes\" data-elementor-lightbox-slideshow=\"2cc64c27\" data-elementor-lightbox-title=\"Restaurant Asia Small 3\" data-e-action-hash=\"#elementor-action%3Aaction%3Dlightbox%26settings%3DeyJpZCI6NTY3NiwidXJsIjoiaHR0cHM6XC9cL3RvcHBlbmFmZGFubWFyay5ka1wvd3AtY29udGVudFwvdXBsb2Fkc1wvMjAyNVwvMDlcL1Jlc3RhdXJhbnQtQXNpYS1TbWFsbC0zLndlYnAiLCJzbGlkZXNob3ciOiIyY2M2NGMyNyJ9\">\n\t\t\t\t\t<div class=\"e-gallery-image elementor-gallery-item__image\" data-thumbnail=\"https:\/\/i0.wp.com\/toppenafdanmark.dk\/wp-content\/uploads\/2025\/09\/Restaurant-Asia-Small-3.webp?fit=300%2C300&amp;ssl=1\" data-width=\"300\" data-height=\"300\" aria-label=\"\" role=\"img\" ><\/div>\n\t\t\t\t\t\t\t\t\t\t\t<div class=\"elementor-gallery-item__overlay\"><\/div>\n\t\t\t\t\t\t\t\t\t\t\t\t\t\t<\/a>\n\t\t\t\t\t\t\t<a class=\"e-gallery-item elementor-gallery-item elementor-animated-content\" href=\"https:\/\/i0.wp.com\/toppenafdanmark.dk\/wp-content\/uploads\/2025\/09\/Restaurant-Asia-Small-4.webp?fit=300%2C300&#038;ssl=1\" data-elementor-open-lightbox=\"yes\" data-elementor-lightbox-slideshow=\"2cc64c27\" data-elementor-lightbox-title=\"Restaurant Asia Small 4\" data-e-action-hash=\"#elementor-action%3Aaction%3Dlightbox%26settings%3DeyJpZCI6NTY3NywidXJsIjoiaHR0cHM6XC9cL3RvcHBlbmFmZGFubWFyay5ka1wvd3AtY29udGVudFwvdXBsb2Fkc1wvMjAyNVwvMDlcL1Jlc3RhdXJhbnQtQXNpYS1TbWFsbC00LndlYnAiLCJzbGlkZXNob3ciOiIyY2M2NGMyNyJ9\">\n\t\t\t\t\t<div class=\"e-gallery-image elementor-gallery-item__image\" data-thumbnail=\"https:\/\/i0.wp.com\/toppenafdanmark.dk\/wp-content\/uploads\/2025\/09\/Restaurant-Asia-Small-4.webp?fit=300%2C300&amp;ssl=1\" data-width=\"300\" data-height=\"300\" aria-label=\"\" role=\"img\" ><\/div>\n\t\t\t\t\t\t\t\t\t\t\t<div class=\"elementor-gallery-item__overlay\"><\/div>\n\t\t\t\t\t\t\t\t\t\t\t\t\t\t<\/a>\n\t\t\t\t\t\t\t<a class=\"e-gallery-item elementor-gallery-item elementor-animated-content\" href=\"https:\/\/i0.wp.com\/toppenafdanmark.dk\/wp-content\/uploads\/2025\/09\/Restaurant-Asia-Small-5.webp?fit=300%2C300&#038;ssl=1\" data-elementor-open-lightbox=\"yes\" data-elementor-lightbox-slideshow=\"2cc64c27\" data-elementor-lightbox-title=\"Restaurant Asia Small 5\" data-e-action-hash=\"#elementor-action%3Aaction%3Dlightbox%26settings%3DeyJpZCI6NTY3OCwidXJsIjoiaHR0cHM6XC9cL3RvcHBlbmFmZGFubWFyay5ka1wvd3AtY29udGVudFwvdXBsb2Fkc1wvMjAyNVwvMDlcL1Jlc3RhdXJhbnQtQXNpYS1TbWFsbC01LndlYnAiLCJzbGlkZXNob3ciOiIyY2M2NGMyNyJ9\">\n\t\t\t\t\t<div class=\"e-gallery-image elementor-gallery-item__image\" data-thumbnail=\"https:\/\/i0.wp.com\/toppenafdanmark.dk\/wp-content\/uploads\/2025\/09\/Restaurant-Asia-Small-5.webp?fit=300%2C300&amp;ssl=1\" data-width=\"300\" data-height=\"300\" aria-label=\"\" role=\"img\" ><\/div>\n\t\t\t\t\t\t\t\t\t\t\t<div class=\"elementor-gallery-item__overlay\"><\/div>\n\t\t\t\t\t\t\t\t\t\t\t\t\t\t<\/a>\n\t\t\t\t\t\t\t<a class=\"e-gallery-item elementor-gallery-item elementor-animated-content\" href=\"https:\/\/i0.wp.com\/toppenafdanmark.dk\/wp-content\/uploads\/2025\/09\/Restaurant-Asia-Small-1.webp?fit=300%2C300&#038;ssl=1\" data-elementor-open-lightbox=\"yes\" data-elementor-lightbox-slideshow=\"2cc64c27\" data-elementor-lightbox-title=\"Restaurant Asia Small 1\" data-e-action-hash=\"#elementor-action%3Aaction%3Dlightbox%26settings%3DeyJpZCI6NTY3OSwidXJsIjoiaHR0cHM6XC9cL3RvcHBlbmFmZGFubWFyay5ka1wvd3AtY29udGVudFwvdXBsb2Fkc1wvMjAyNVwvMDlcL1Jlc3RhdXJhbnQtQXNpYS1TbWFsbC0xLndlYnAiLCJzbGlkZXNob3ciOiIyY2M2NGMyNyJ9\">\n\t\t\t\t\t<div class=\"e-gallery-image elementor-gallery-item__image\" data-thumbnail=\"https:\/\/i0.wp.com\/toppenafdanmark.dk\/wp-content\/uploads\/2025\/09\/Restaurant-Asia-Small-1.webp?fit=300%2C300&amp;ssl=1\" data-width=\"300\" data-height=\"300\" aria-label=\"\" role=\"img\" ><\/div>\n\t\t\t\t\t\t\t\t\t\t\t<div class=\"elementor-gallery-item__overlay\"><\/div>\n\t\t\t\t\t\t\t\t\t\t\t\t\t\t<\/a>\n\t\t\t\t\t\t\t<a class=\"e-gallery-item elementor-gallery-item elementor-animated-content\" href=\"https:\/\/i0.wp.com\/toppenafdanmark.dk\/wp-content\/uploads\/2025\/09\/Restaurant-Asia-Small-2.webp?fit=300%2C300&#038;ssl=1\" data-elementor-open-lightbox=\"yes\" data-elementor-lightbox-slideshow=\"2cc64c27\" data-elementor-lightbox-title=\"Restaurant Asia Small 2\" data-e-action-hash=\"#elementor-action%3Aaction%3Dlightbox%26settings%3DeyJpZCI6NTY4MCwidXJsIjoiaHR0cHM6XC9cL3RvcHBlbmFmZGFubWFyay5ka1wvd3AtY29udGVudFwvdXBsb2Fkc1wvMjAyNVwvMDlcL1Jlc3RhdXJhbnQtQXNpYS1TbWFsbC0yLndlYnAiLCJzbGlkZXNob3ciOiIyY2M2NGMyNyJ9\">\n\t\t\t\t\t<div class=\"e-gallery-image elementor-gallery-item__image\" data-thumbnail=\"https:\/\/i0.wp.com\/toppenafdanmark.dk\/wp-content\/uploads\/2025\/09\/Restaurant-Asia-Small-2.webp?fit=300%2C300&amp;ssl=1\" data-width=\"300\" data-height=\"300\" aria-label=\"\" role=\"img\" ><\/div>\n\t\t\t\t\t\t\t\t\t\t\t<div class=\"elementor-gallery-item__overlay\"><\/div>\n\t\t\t\t\t\t\t\t\t\t\t\t\t\t<\/a>\n\t\t\t\t\t<\/div>\n\t\t\t\t\t<\/div>\n\t\t\t\t<\/div>\n\t\t\t\t\t<\/div>\n\t\t\t\t<\/div>\n\t\t\t\t<\/div>","protected":false},"excerpt":{"rendered":"<p>Restaurant Asia En asiatisk buffetoplevelse i hjertet af Skagen Restaurant Asia Skagen ligger centralt p\u00e5 Sankt Laurentii Vej og byder p\u00e5 en rig all-you-can-eat buffet med kinesiske specialiteter og sushi [&hellip;]<\/p>\n","protected":false},"author":266444217,"featured_media":5666,"parent":0,"menu_order":0,"comment_status":"closed","ping_status":"closed","template":"","meta":{"_crdt_document":"","footnotes":""},"folder":[1387],"class_list":["post-5661","page","type-page","status-publish","has-post-thumbnail","hentry"],"jetpack_sharing_enabled":true,"jetpack_shortlink":"https:\/\/wp.me\/PgDlef-1tj","_links":{"self":[{"href":"https:\/\/toppenafdanmark.dk\/de\/wp-json\/wp\/v2\/pages\/5661","targetHints":{"allow":["GET"]}}],"collection":[{"href":"https:\/\/toppenafdanmark.dk\/de\/wp-json\/wp\/v2\/pages"}],"about":[{"href":"https:\/\/toppenafdanmark.dk\/de\/wp-json\/wp\/v2\/types\/page"}],"author":[{"embeddable":true,"href":"https:\/\/toppenafdanmark.dk\/de\/wp-json\/wp\/v2\/users\/266444217"}],"replies":[{"embeddable":true,"href":"https:\/\/toppenafdanmark.dk\/de\/wp-json\/wp\/v2\/comments?post=5661"}],"version-history":[{"count":10,"href":"https:\/\/toppenafdanmark.dk\/de\/wp-json\/wp\/v2\/pages\/5661\/revisions"}],"predecessor-version":[{"id":5685,"href":"https:\/\/toppenafdanmark.dk\/de\/wp-json\/wp\/v2\/pages\/5661\/revisions\/5685"}],"wp:featuredmedia":[{"embeddable":true,"href":"https:\/\/toppenafdanmark.dk\/de\/wp-json\/wp\/v2\/media\/5666"}],"wp:attachment":[{"href":"https:\/\/toppenafdanmark.dk\/de\/wp-json\/wp\/v2\/media?parent=5661"}],"wp:term":[{"taxonomy":"folder","embeddable":true,"href":"https:\/\/toppenafdanmark.dk\/de\/wp-json\/wp\/v2\/folder?post=5661"}],"curies":[{"name":"wp","href":"https:\/\/api.w.org\/{rel}","templated":true}]}}