{"id":3147,"date":"2025-07-16T14:03:21","date_gmt":"2025-07-16T12:03:21","guid":{"rendered":"https:\/\/toppenafdanmark.dk\/?page_id=3147"},"modified":"2025-07-16T14:19:30","modified_gmt":"2025-07-16T12:19:30","slug":"turisthotellet-bb-hotel-frederikshavn","status":"publish","type":"page","link":"https:\/\/toppenafdanmark.dk\/en\/turisthotellet-bb-hotel-frederikshavn\/","title":{"rendered":"The tourist hotel BB Hotel Frederikshavn"},"content":{"rendered":"<div data-elementor-type=\"wp-page\" data-elementor-id=\"3147\" class=\"elementor elementor-3147\" data-elementor-post-type=\"page\">\n\t\t\t\t<div class=\"elementor-element elementor-element-37aeadc2 e-con-full e-flex e-con e-parent\" data-id=\"37aeadc2\" data-element_type=\"container\" data-e-type=\"container\" data-settings=\"{&quot;background_background&quot;:&quot;classic&quot;}\">\n\t\t<div class=\"elementor-element elementor-element-5f198f12 e-con-full e-flex e-con e-child\" data-id=\"5f198f12\" data-element_type=\"container\" data-e-type=\"container\" data-settings=\"{&quot;background_background&quot;:&quot;classic&quot;}\">\n\t\t\t\t<\/div>\n\t\t<div class=\"elementor-element elementor-element-6c4a1156 e-con-full elementor-hidden-mobile e-flex e-con e-child\" data-id=\"6c4a1156\" data-element_type=\"container\" data-e-type=\"container\" data-settings=\"{&quot;background_background&quot;:&quot;classic&quot;}\">\n\t\t\t\t<\/div>\n\t\t<div class=\"elementor-element elementor-element-2b2d99c6 e-con-full elementor-hidden-mobile e-flex e-con e-child\" data-id=\"2b2d99c6\" data-element_type=\"container\" data-e-type=\"container\" data-settings=\"{&quot;background_background&quot;:&quot;classic&quot;}\">\n\t\t\t\t<\/div>\n\t\t\t\t<\/div>\n\t\t\t\t<section class=\"elementor-section elementor-top-section elementor-element elementor-element-3d00954c elementor-section-boxed elementor-section-height-default elementor-section-height-default\" data-id=\"3d00954c\" data-element_type=\"section\" data-e-type=\"section\">\n\t\t\t\t\t\t<div class=\"elementor-container elementor-column-gap-no\">\n\t\t\t\t\t<div class=\"elementor-column elementor-col-100 elementor-top-column elementor-element elementor-element-10bc1569\" data-id=\"10bc1569\" data-element_type=\"column\" data-e-type=\"column\">\n\t\t\t<div class=\"elementor-widget-wrap elementor-element-populated\">\n\t\t\t\t\t\t<div class=\"elementor-element elementor-element-21e9ae99 elementor-widget elementor-widget-heading\" data-id=\"21e9ae99\" data-element_type=\"widget\" data-e-type=\"widget\" data-widget_type=\"heading.default\">\n\t\t\t\t<div class=\"elementor-widget-container\">\n\t\t\t\t\t<h2 class=\"elementor-heading-title elementor-size-default\">The tourist hotel BB Hotel Frederikshavn<\/h2>\t\t\t\t<\/div>\n\t\t\t\t<\/div>\n\t\t\t\t<div class=\"elementor-element elementor-element-2955e826 elementor-widget-divider--view-line elementor-widget elementor-widget-divider\" data-id=\"2955e826\" data-element_type=\"widget\" data-e-type=\"widget\" data-widget_type=\"divider.default\">\n\t\t\t\t<div class=\"elementor-widget-container\">\n\t\t\t\t\t\t\t<div class=\"elementor-divider\">\n\t\t\t<span class=\"elementor-divider-separator\">\n\t\t\t\t\t\t<\/span>\n\t\t<\/div>\n\t\t\t\t\t\t<\/div>\n\t\t\t\t<\/div>\n\t\t\t\t<div class=\"elementor-element elementor-element-7dd2b51a elementor-widget elementor-widget-text-editor\" data-id=\"7dd2b51a\" data-element_type=\"widget\" data-e-type=\"widget\" data-widget_type=\"text-editor.default\">\n\t\t\t\t<div class=\"elementor-widget-container\">\n\t\t\t\t\t\t\t\t\t<h4><strong>BB Hotel Frederikshavn - central location close to ferries and city life<\/strong><\/h4><p>Are you looking for a central hotel in Frederikshavn with great facilities and attractive prices? Then BB Hotel Frederikshavn is the obvious choice. The hotel is located in the heart of the city, just a few minutes' walk from the pedestrian street and the ferry terminal - perfect for both holidaymakers and travellers heading to L\u00e6s\u00f8, Norway or Sweden.<\/p><p><strong>Comfortable accommodation in the centre of Frederikshavn<\/strong><\/p><p>BB Hotel Frederikshavn, also known as Turisthotellet, is newly renovated and offers modern facilities in a classic setting. Here you get a good and cheap accommodation in high quality. The hotel has 17 bright rooms, all with private bathroom and toilet and TV. There are hypoallergenic bed linen on all beds, and of course free Wi-Fi.<\/p><p>As a guest at the hotel you get free parking, and if you are travelling by ferry, you can use the cheap long-term parking close to the harbour - just a 6-10 minute walk from the terminal. Perfect if you're planning a trip to e.g. L\u00e6s\u00f8 or Hirsholmene.<\/p>\t\t\t\t\t\t\t\t<\/div>\n\t\t\t\t<\/div>\n\t\t\t\t<section class=\"elementor-section elementor-inner-section elementor-element elementor-element-ea18df7 elementor-section-boxed elementor-section-height-default elementor-section-height-default\" data-id=\"ea18df7\" data-element_type=\"section\" data-e-type=\"section\">\n\t\t\t\t\t\t<div class=\"elementor-container elementor-column-gap-no\">\n\t\t\t\t\t<div class=\"elementor-column elementor-col-50 elementor-inner-column elementor-element elementor-element-7e6f41b3\" data-id=\"7e6f41b3\" data-element_type=\"column\" data-e-type=\"column\">\n\t\t\t<div class=\"elementor-widget-wrap elementor-element-populated\">\n\t\t\t\t\t\t<div class=\"elementor-element elementor-element-76527c8 elementor-widget elementor-widget-image\" data-id=\"76527c8\" data-element_type=\"widget\" data-e-type=\"widget\" data-widget_type=\"image.default\">\n\t\t\t\t<div class=\"elementor-widget-container\">\n\t\t\t\t\t\t\t\t\t\t\t\t\t\t\t<img fetchpriority=\"high\" decoding=\"async\" data-attachment-id=\"3160\" data-permalink=\"https:\/\/toppenafdanmark.dk\/en\/turisthotellet-bb-hotel-frederikshavn\/1024-x-1024-turisthotellet-frederikshavn-bb-hotels-aeg-til-morgenmad\/\" data-orig-file=\"https:\/\/i0.wp.com\/toppenafdanmark.dk\/wp-content\/uploads\/2025\/07\/1024-x-1024-Turisthotellet-Frederikshavn-BB-Hotels-aeg-til-morgenmad.jpg?fit=1024%2C1024&amp;ssl=1\" data-orig-size=\"1024,1024\" data-comments-opened=\"0\" data-image-meta=\"{&quot;aperture&quot;:&quot;3.5&quot;,&quot;credit&quot;:&quot;Verner Kjaersgaard&quot;,&quot;camera&quot;:&quot;ILCA-99M2&quot;,&quot;caption&quot;:&quot;&quot;,&quot;created_timestamp&quot;:&quot;0&quot;,&quot;copyright&quot;:&quot;vk@zorum.dk&quot;,&quot;focal_length&quot;:&quot;70&quot;,&quot;iso&quot;:&quot;1600&quot;,&quot;shutter_speed&quot;:&quot;0.0028571428571429&quot;,&quot;title&quot;:&quot;&quot;,&quot;orientation&quot;:&quot;1&quot;}\" data-image-title=\"1024 x 1024 Turisthotellet Frederikshavn BB Hotels \u00e6g til morgenmad\" data-image-description=\"\" data-image-caption=\"\" data-medium-file=\"https:\/\/i0.wp.com\/toppenafdanmark.dk\/wp-content\/uploads\/2025\/07\/1024-x-1024-Turisthotellet-Frederikshavn-BB-Hotels-aeg-til-morgenmad.jpg?fit=300%2C300&amp;ssl=1\" data-large-file=\"https:\/\/i0.wp.com\/toppenafdanmark.dk\/wp-content\/uploads\/2025\/07\/1024-x-1024-Turisthotellet-Frederikshavn-BB-Hotels-aeg-til-morgenmad.jpg?fit=800%2C800&amp;ssl=1\" width=\"800\" height=\"800\" src=\"https:\/\/i0.wp.com\/toppenafdanmark.dk\/wp-content\/uploads\/2025\/07\/1024-x-1024-Turisthotellet-Frederikshavn-BB-Hotels-aeg-til-morgenmad.jpg?fit=800%2C800&amp;ssl=1\" class=\"attachment-large size-large wp-image-3160\" alt=\"Nyd en dejlig morgenmad p\u00e5 Turisthotellet BB Hotel Frederikshavn\" srcset=\"https:\/\/i0.wp.com\/toppenafdanmark.dk\/wp-content\/uploads\/2025\/07\/1024-x-1024-Turisthotellet-Frederikshavn-BB-Hotels-aeg-til-morgenmad.jpg?w=1024&amp;ssl=1 1024w, https:\/\/i0.wp.com\/toppenafdanmark.dk\/wp-content\/uploads\/2025\/07\/1024-x-1024-Turisthotellet-Frederikshavn-BB-Hotels-aeg-til-morgenmad.jpg?resize=300%2C300&amp;ssl=1 300w, https:\/\/i0.wp.com\/toppenafdanmark.dk\/wp-content\/uploads\/2025\/07\/1024-x-1024-Turisthotellet-Frederikshavn-BB-Hotels-aeg-til-morgenmad.jpg?resize=150%2C150&amp;ssl=1 150w, https:\/\/i0.wp.com\/toppenafdanmark.dk\/wp-content\/uploads\/2025\/07\/1024-x-1024-Turisthotellet-Frederikshavn-BB-Hotels-aeg-til-morgenmad.jpg?resize=768%2C768&amp;ssl=1 768w, https:\/\/i0.wp.com\/toppenafdanmark.dk\/wp-content\/uploads\/2025\/07\/1024-x-1024-Turisthotellet-Frederikshavn-BB-Hotels-aeg-til-morgenmad.jpg?resize=12%2C12&amp;ssl=1 12w\" sizes=\"(max-width: 800px) 100vw, 800px\" \/>\t\t\t\t\t\t\t\t\t\t\t\t\t\t\t<\/div>\n\t\t\t\t<\/div>\n\t\t\t\t\t<\/div>\n\t\t<\/div>\n\t\t\t\t<div class=\"elementor-column elementor-col-50 elementor-inner-column elementor-element elementor-element-496be5cb\" data-id=\"496be5cb\" data-element_type=\"column\" data-e-type=\"column\">\n\t\t\t<div class=\"elementor-widget-wrap elementor-element-populated\">\n\t\t\t\t\t\t<div class=\"elementor-element elementor-element-2cca433f elementor-widget elementor-widget-image\" data-id=\"2cca433f\" data-element_type=\"widget\" data-e-type=\"widget\" data-widget_type=\"image.default\">\n\t\t\t\t<div class=\"elementor-widget-container\">\n\t\t\t\t\t\t\t\t\t\t\t\t\t\t\t<img decoding=\"async\" data-attachment-id=\"3158\" data-permalink=\"https:\/\/toppenafdanmark.dk\/en\/turisthotellet-bb-hotel-frederikshavn\/1024-x-1024-turisthotellet-frederikshavn-bb-hotels-koekken\/\" data-orig-file=\"https:\/\/i0.wp.com\/toppenafdanmark.dk\/wp-content\/uploads\/2025\/07\/1024-x-1024-Turisthotellet-Frederikshavn-BB-Hotels-koekken.jpg?fit=1024%2C1024&amp;ssl=1\" data-orig-size=\"1024,1024\" data-comments-opened=\"0\" data-image-meta=\"{&quot;aperture&quot;:&quot;8&quot;,&quot;credit&quot;:&quot;&quot;,&quot;camera&quot;:&quot;ILCE-6600&quot;,&quot;caption&quot;:&quot;&quot;,&quot;created_timestamp&quot;:&quot;1691493312&quot;,&quot;copyright&quot;:&quot;&quot;,&quot;focal_length&quot;:&quot;15&quot;,&quot;iso&quot;:&quot;200&quot;,&quot;shutter_speed&quot;:&quot;0.4&quot;,&quot;title&quot;:&quot;&quot;,&quot;orientation&quot;:&quot;1&quot;}\" data-image-title=\"1024 x 1024 Turisthotellet Frederikshavn BB Hotels k\u00f8kken\" data-image-description=\"\" data-image-caption=\"\" data-medium-file=\"https:\/\/i0.wp.com\/toppenafdanmark.dk\/wp-content\/uploads\/2025\/07\/1024-x-1024-Turisthotellet-Frederikshavn-BB-Hotels-koekken.jpg?fit=300%2C300&amp;ssl=1\" data-large-file=\"https:\/\/i0.wp.com\/toppenafdanmark.dk\/wp-content\/uploads\/2025\/07\/1024-x-1024-Turisthotellet-Frederikshavn-BB-Hotels-koekken.jpg?fit=800%2C800&amp;ssl=1\" width=\"800\" height=\"800\" src=\"https:\/\/i0.wp.com\/toppenafdanmark.dk\/wp-content\/uploads\/2025\/07\/1024-x-1024-Turisthotellet-Frederikshavn-BB-Hotels-koekken.jpg?fit=800%2C800&amp;ssl=1\" class=\"attachment-large size-large wp-image-3158\" alt=\"Dejligt k\u00f8kken til eget brug p\u00e5 Turisthotellet BB Hotel Frederikshavn\" srcset=\"https:\/\/i0.wp.com\/toppenafdanmark.dk\/wp-content\/uploads\/2025\/07\/1024-x-1024-Turisthotellet-Frederikshavn-BB-Hotels-koekken.jpg?w=1024&amp;ssl=1 1024w, https:\/\/i0.wp.com\/toppenafdanmark.dk\/wp-content\/uploads\/2025\/07\/1024-x-1024-Turisthotellet-Frederikshavn-BB-Hotels-koekken.jpg?resize=300%2C300&amp;ssl=1 300w, https:\/\/i0.wp.com\/toppenafdanmark.dk\/wp-content\/uploads\/2025\/07\/1024-x-1024-Turisthotellet-Frederikshavn-BB-Hotels-koekken.jpg?resize=150%2C150&amp;ssl=1 150w, https:\/\/i0.wp.com\/toppenafdanmark.dk\/wp-content\/uploads\/2025\/07\/1024-x-1024-Turisthotellet-Frederikshavn-BB-Hotels-koekken.jpg?resize=768%2C768&amp;ssl=1 768w, https:\/\/i0.wp.com\/toppenafdanmark.dk\/wp-content\/uploads\/2025\/07\/1024-x-1024-Turisthotellet-Frederikshavn-BB-Hotels-koekken.jpg?resize=12%2C12&amp;ssl=1 12w\" sizes=\"(max-width: 800px) 100vw, 800px\" \/>\t\t\t\t\t\t\t\t\t\t\t\t\t\t\t<\/div>\n\t\t\t\t<\/div>\n\t\t\t\t\t<\/div>\n\t\t<\/div>\n\t\t\t\t\t<\/div>\n\t\t<\/section>\n\t\t\t\t<div class=\"elementor-element elementor-element-528e44de elementor-widget elementor-widget-text-editor\" data-id=\"528e44de\" data-element_type=\"widget\" data-e-type=\"widget\" data-widget_type=\"text-editor.default\">\n\t\t\t\t<div class=\"elementor-widget-container\">\n\t\t\t\t\t\t\t\t\t<h4><strong>Ideal base for adventures in North Jutland<\/strong><\/h4><p>Frederikshavn is also known as \"The Little City\" and there is always something to do here - whatever the season. You can go shopping, visit museums, enjoy a concert or spend a relaxing day at the popular Palm Beach. In addition, BB Hotel Frederikshavn is an ideal starting point for excursions in North Jutland.<\/p><p>Visit Grenen - Denmark's northernmost point - just 40 kilometres away. On the way you can experience natural phenomena such as R\u00e5bjerg Mile and the Sanded Church. You'll drive through beautiful, untouched nature and the open landscape of the Jutland moors.<\/p><p><strong>Breakfast and facilities<\/strong><\/p><p>Start your day with a delicious breakfast buffet for only DKK 60 per person. Served daily from 06:30 to 09:30, the buffet includes freshly baked bread, croissants, eggs, cheese, jam, yoghurt, muesli, juice and much more. Coffee and tea are free 24 hours a day for all guests.<\/p><p>The hotel canteen also has a guest fridge and a microwave, which can be freely used during your stay.<\/p><p><strong>Child-friendly and flexible<\/strong><\/p><p>BB Hotel Frederikshavn is a child-friendly hotel where children under the age of 5 stay for free in their parents' bed. If you need a cot, you can rent one for only DKK 200 per room.<\/p><p>You can book your stay with confidence - free cancellation is possible until 12:00 noon the day before arrival.<\/p>\t\t\t\t\t\t\t\t<\/div>\n\t\t\t\t<\/div>\n\t\t\t\t<div class=\"elementor-element elementor-element-7ee83057 elementor-widget-divider--view-line elementor-widget elementor-widget-divider\" data-id=\"7ee83057\" data-element_type=\"widget\" data-e-type=\"widget\" data-widget_type=\"divider.default\">\n\t\t\t\t<div class=\"elementor-widget-container\">\n\t\t\t\t\t\t\t<div class=\"elementor-divider\">\n\t\t\t<span class=\"elementor-divider-separator\">\n\t\t\t\t\t\t<\/span>\n\t\t<\/div>\n\t\t\t\t\t\t<\/div>\n\t\t\t\t<\/div>\n\t\t\t\t<div class=\"elementor-element elementor-element-4f3afa6d elementor-widget elementor-widget-text-editor\" data-id=\"4f3afa6d\" data-element_type=\"widget\" data-e-type=\"widget\" data-widget_type=\"text-editor.default\">\n\t\t\t\t<div class=\"elementor-widget-container\">\n\t\t\t\t\t\t\t\t\t<p>Turisthotellet BB Hotel Frederikshavn | Margrethevej 5 | 9900 Frederikshavn | +45 70 22 55 30 | <a href=\"https:\/\/www.bbhotels.dk\/hotel-frederikshavn\/\" target=\"_blank\" rel=\"noopener\">www.bbhotelfrederikshavn.dk<\/a><\/p>\t\t\t\t\t\t\t\t<\/div>\n\t\t\t\t<\/div>\n\t\t\t\t\t<\/div>\n\t\t<\/div>\n\t\t\t\t\t<\/div>\n\t\t<\/section>\n\t\t<div class=\"elementor-element elementor-element-4bc9d2ea e-flex e-con-boxed e-con e-parent\" data-id=\"4bc9d2ea\" data-element_type=\"container\" data-e-type=\"container\">\n\t\t\t\t\t<div class=\"e-con-inner\">\n\t\t\t\t<div class=\"elementor-element elementor-element-12134a72 elementor-widget elementor-widget-gallery\" data-id=\"12134a72\" data-element_type=\"widget\" data-e-type=\"widget\" data-settings=\"{&quot;gallery_layout&quot;:&quot;masonry&quot;,&quot;lazyload&quot;:&quot;yes&quot;,&quot;columns&quot;:4,&quot;columns_tablet&quot;:2,&quot;columns_mobile&quot;:1,&quot;gap&quot;:{&quot;unit&quot;:&quot;px&quot;,&quot;size&quot;:10,&quot;sizes&quot;:[]},&quot;gap_tablet&quot;:{&quot;unit&quot;:&quot;px&quot;,&quot;size&quot;:10,&quot;sizes&quot;:[]},&quot;gap_mobile&quot;:{&quot;unit&quot;:&quot;px&quot;,&quot;size&quot;:10,&quot;sizes&quot;:[]},&quot;link_to&quot;:&quot;file&quot;,&quot;overlay_background&quot;:&quot;yes&quot;,&quot;content_hover_animation&quot;:&quot;fade-in&quot;}\" data-widget_type=\"gallery.default\">\n\t\t\t\t<div class=\"elementor-widget-container\">\n\t\t\t\t\t\t\t<div class=\"elementor-gallery__container\">\n\t\t\t\t\t\t\t<a class=\"e-gallery-item elementor-gallery-item elementor-animated-content\" href=\"https:\/\/i0.wp.com\/toppenafdanmark.dk\/wp-content\/uploads\/2025\/07\/300-x-300-Turisthotellet-Frederikshavn-BB-Hotels-udefra-med-blomster-1.jpg?fit=300%2C300&#038;ssl=1\" data-elementor-open-lightbox=\"yes\" data-elementor-lightbox-slideshow=\"12134a72\" data-elementor-lightbox-title=\"300 x 300 Turisthotellet Frederikshavn BB Hotels udefra med blomster\" data-e-action-hash=\"#elementor-action%3Aaction%3Dlightbox%26settings%3DeyJpZCI6MzE3OCwidXJsIjoiaHR0cHM6XC9cL3RvcHBlbmFmZGFubWFyay5ka1wvd3AtY29udGVudFwvdXBsb2Fkc1wvMjAyNVwvMDdcLzMwMC14LTMwMC1UdXJpc3Rob3RlbGxldC1GcmVkZXJpa3NoYXZuLUJCLUhvdGVscy11ZGVmcmEtbWVkLWJsb21zdGVyLTEuanBnIiwic2xpZGVzaG93IjoiMTIxMzRhNzIifQ%3D%3D\">\n\t\t\t\t\t<div class=\"e-gallery-image elementor-gallery-item__image\" data-thumbnail=\"https:\/\/i0.wp.com\/toppenafdanmark.dk\/wp-content\/uploads\/2025\/07\/300-x-300-Turisthotellet-Frederikshavn-BB-Hotels-udefra-med-blomster-1.jpg?fit=300%2C300&amp;ssl=1\" data-width=\"300\" data-height=\"300\" aria-label=\"\" role=\"img\" ><\/div>\n\t\t\t\t\t\t\t\t\t\t\t<div class=\"elementor-gallery-item__overlay\"><\/div>\n\t\t\t\t\t\t\t\t\t\t\t\t\t\t<\/a>\n\t\t\t\t\t\t\t<a class=\"e-gallery-item elementor-gallery-item elementor-animated-content\" href=\"https:\/\/i0.wp.com\/toppenafdanmark.dk\/wp-content\/uploads\/2025\/07\/300-x-300-Turisthotellet-Frederikshavn-BB-Hotels-dobbeltvaerelse-med-stue-1.jpg?fit=300%2C300&#038;ssl=1\" data-elementor-open-lightbox=\"yes\" data-elementor-lightbox-slideshow=\"12134a72\" data-elementor-lightbox-title=\"300 x 300 Turisthotellet Frederikshavn BB Hotels dobbeltv\u00e6relse med stue\" data-e-action-hash=\"#elementor-action%3Aaction%3Dlightbox%26settings%3DeyJpZCI6MzE3MywidXJsIjoiaHR0cHM6XC9cL3RvcHBlbmFmZGFubWFyay5ka1wvd3AtY29udGVudFwvdXBsb2Fkc1wvMjAyNVwvMDdcLzMwMC14LTMwMC1UdXJpc3Rob3RlbGxldC1GcmVkZXJpa3NoYXZuLUJCLUhvdGVscy1kb2JiZWx0dmFlcmVsc2UtbWVkLXN0dWUtMS5qcGciLCJzbGlkZXNob3ciOiIxMjEzNGE3MiJ9\">\n\t\t\t\t\t<div class=\"e-gallery-image elementor-gallery-item__image\" data-thumbnail=\"https:\/\/i0.wp.com\/toppenafdanmark.dk\/wp-content\/uploads\/2025\/07\/300-x-300-Turisthotellet-Frederikshavn-BB-Hotels-dobbeltvaerelse-med-stue-1.jpg?fit=300%2C300&amp;ssl=1\" data-width=\"300\" data-height=\"300\" aria-label=\"\" role=\"img\" ><\/div>\n\t\t\t\t\t\t\t\t\t\t\t<div class=\"elementor-gallery-item__overlay\"><\/div>\n\t\t\t\t\t\t\t\t\t\t\t\t\t\t<\/a>\n\t\t\t\t\t\t\t<a class=\"e-gallery-item elementor-gallery-item elementor-animated-content\" href=\"https:\/\/i0.wp.com\/toppenafdanmark.dk\/wp-content\/uploads\/2025\/07\/300-x-300-Turisthotellet-Frederikshavn-BB-Hotels-dobbeltvaerelse-1.jpg?fit=300%2C300&#038;ssl=1\" data-elementor-open-lightbox=\"yes\" data-elementor-lightbox-slideshow=\"12134a72\" data-elementor-lightbox-title=\"300 x 300 Turisthotellet Frederikshavn BB Hotels dobbeltv\u00e6relse\" data-e-action-hash=\"#elementor-action%3Aaction%3Dlightbox%26settings%3DeyJpZCI6MzE3NCwidXJsIjoiaHR0cHM6XC9cL3RvcHBlbmFmZGFubWFyay5ka1wvd3AtY29udGVudFwvdXBsb2Fkc1wvMjAyNVwvMDdcLzMwMC14LTMwMC1UdXJpc3Rob3RlbGxldC1GcmVkZXJpa3NoYXZuLUJCLUhvdGVscy1kb2JiZWx0dmFlcmVsc2UtMS5qcGciLCJzbGlkZXNob3ciOiIxMjEzNGE3MiJ9\">\n\t\t\t\t\t<div class=\"e-gallery-image elementor-gallery-item__image\" data-thumbnail=\"https:\/\/i0.wp.com\/toppenafdanmark.dk\/wp-content\/uploads\/2025\/07\/300-x-300-Turisthotellet-Frederikshavn-BB-Hotels-dobbeltvaerelse-1.jpg?fit=300%2C300&amp;ssl=1\" data-width=\"300\" data-height=\"300\" aria-label=\"\" role=\"img\" ><\/div>\n\t\t\t\t\t\t\t\t\t\t\t<div class=\"elementor-gallery-item__overlay\"><\/div>\n\t\t\t\t\t\t\t\t\t\t\t\t\t\t<\/a>\n\t\t\t\t\t\t\t<a class=\"e-gallery-item elementor-gallery-item elementor-animated-content\" href=\"https:\/\/i0.wp.com\/toppenafdanmark.dk\/wp-content\/uploads\/2025\/07\/300-x-300-Turisthotellet-Frederikshavn-BB-Hotels-lejlighed-koekken-1.jpg?fit=300%2C300&#038;ssl=1\" data-elementor-open-lightbox=\"yes\" data-elementor-lightbox-slideshow=\"12134a72\" data-elementor-lightbox-title=\"300 x 300 Turisthotellet Frederikshavn BB Hotels lejlighed k\u00f8kken\" data-e-action-hash=\"#elementor-action%3Aaction%3Dlightbox%26settings%3DeyJpZCI6MzE3NSwidXJsIjoiaHR0cHM6XC9cL3RvcHBlbmFmZGFubWFyay5ka1wvd3AtY29udGVudFwvdXBsb2Fkc1wvMjAyNVwvMDdcLzMwMC14LTMwMC1UdXJpc3Rob3RlbGxldC1GcmVkZXJpa3NoYXZuLUJCLUhvdGVscy1sZWpsaWdoZWQta29la2tlbi0xLmpwZyIsInNsaWRlc2hvdyI6IjEyMTM0YTcyIn0%3D\">\n\t\t\t\t\t<div class=\"e-gallery-image elementor-gallery-item__image\" data-thumbnail=\"https:\/\/i0.wp.com\/toppenafdanmark.dk\/wp-content\/uploads\/2025\/07\/300-x-300-Turisthotellet-Frederikshavn-BB-Hotels-lejlighed-koekken-1.jpg?fit=300%2C300&amp;ssl=1\" data-width=\"300\" data-height=\"300\" aria-label=\"\" role=\"img\" ><\/div>\n\t\t\t\t\t\t\t\t\t\t\t<div class=\"elementor-gallery-item__overlay\"><\/div>\n\t\t\t\t\t\t\t\t\t\t\t\t\t\t<\/a>\n\t\t\t\t\t\t\t<a class=\"e-gallery-item elementor-gallery-item elementor-animated-content\" href=\"https:\/\/i0.wp.com\/toppenafdanmark.dk\/wp-content\/uploads\/2025\/07\/300-x-300-Turisthotellet-Frederikshavn-BB-Hotels-lejlighed-stue-1.jpg?fit=300%2C300&#038;ssl=1\" data-elementor-open-lightbox=\"yes\" data-elementor-lightbox-slideshow=\"12134a72\" data-elementor-lightbox-title=\"300 x 300 Turisthotellet Frederikshavn BB Hotels lejlighed stue\" data-e-action-hash=\"#elementor-action%3Aaction%3Dlightbox%26settings%3DeyJpZCI6MzE3NiwidXJsIjoiaHR0cHM6XC9cL3RvcHBlbmFmZGFubWFyay5ka1wvd3AtY29udGVudFwvdXBsb2Fkc1wvMjAyNVwvMDdcLzMwMC14LTMwMC1UdXJpc3Rob3RlbGxldC1GcmVkZXJpa3NoYXZuLUJCLUhvdGVscy1sZWpsaWdoZWQtc3R1ZS0xLmpwZyIsInNsaWRlc2hvdyI6IjEyMTM0YTcyIn0%3D\">\n\t\t\t\t\t<div class=\"e-gallery-image elementor-gallery-item__image\" data-thumbnail=\"https:\/\/i0.wp.com\/toppenafdanmark.dk\/wp-content\/uploads\/2025\/07\/300-x-300-Turisthotellet-Frederikshavn-BB-Hotels-lejlighed-stue-1.jpg?fit=300%2C300&amp;ssl=1\" data-width=\"300\" data-height=\"300\" aria-label=\"\" role=\"img\" ><\/div>\n\t\t\t\t\t\t\t\t\t\t\t<div class=\"elementor-gallery-item__overlay\"><\/div>\n\t\t\t\t\t\t\t\t\t\t\t\t\t\t<\/a>\n\t\t\t\t\t\t\t<a class=\"e-gallery-item elementor-gallery-item elementor-animated-content\" href=\"https:\/\/i0.wp.com\/toppenafdanmark.dk\/wp-content\/uploads\/2025\/07\/300-x-300-Turisthotellet-Frederikshavn-BB-Hotels-laenestol-1.jpg?fit=300%2C300&#038;ssl=1\" data-elementor-open-lightbox=\"yes\" data-elementor-lightbox-slideshow=\"12134a72\" data-elementor-lightbox-title=\"300 x 300 Turisthotellet Frederikshavn BB Hotels l\u00e6nestol\" data-e-action-hash=\"#elementor-action%3Aaction%3Dlightbox%26settings%3DeyJpZCI6MzE3NywidXJsIjoiaHR0cHM6XC9cL3RvcHBlbmFmZGFubWFyay5ka1wvd3AtY29udGVudFwvdXBsb2Fkc1wvMjAyNVwvMDdcLzMwMC14LTMwMC1UdXJpc3Rob3RlbGxldC1GcmVkZXJpa3NoYXZuLUJCLUhvdGVscy1sYWVuZXN0b2wtMS5qcGciLCJzbGlkZXNob3ciOiIxMjEzNGE3MiJ9\">\n\t\t\t\t\t<div class=\"e-gallery-image elementor-gallery-item__image\" data-thumbnail=\"https:\/\/i0.wp.com\/toppenafdanmark.dk\/wp-content\/uploads\/2025\/07\/300-x-300-Turisthotellet-Frederikshavn-BB-Hotels-laenestol-1.jpg?fit=300%2C300&amp;ssl=1\" data-width=\"300\" data-height=\"300\" aria-label=\"\" role=\"img\" ><\/div>\n\t\t\t\t\t\t\t\t\t\t\t<div class=\"elementor-gallery-item__overlay\"><\/div>\n\t\t\t\t\t\t\t\t\t\t\t\t\t\t<\/a>\n\t\t\t\t\t\t\t<a class=\"e-gallery-item elementor-gallery-item elementor-animated-content\" href=\"https:\/\/i0.wp.com\/toppenafdanmark.dk\/wp-content\/uploads\/2025\/07\/300-x-300-Turisthotellet-Frederikshavn-BB-Hotels-vaerelse-med-to-enkeltsenge-1.jpg?fit=300%2C300&#038;ssl=1\" data-elementor-open-lightbox=\"yes\" data-elementor-lightbox-slideshow=\"12134a72\" data-elementor-lightbox-title=\"300 x 300 Turisthotellet Frederikshavn BB Hotels v\u00e6relse med to enkeltsenge\" data-e-action-hash=\"#elementor-action%3Aaction%3Dlightbox%26settings%3DeyJpZCI6MzE3OSwidXJsIjoiaHR0cHM6XC9cL3RvcHBlbmFmZGFubWFyay5ka1wvd3AtY29udGVudFwvdXBsb2Fkc1wvMjAyNVwvMDdcLzMwMC14LTMwMC1UdXJpc3Rob3RlbGxldC1GcmVkZXJpa3NoYXZuLUJCLUhvdGVscy12YWVyZWxzZS1tZWQtdG8tZW5rZWx0c2VuZ2UtMS5qcGciLCJzbGlkZXNob3ciOiIxMjEzNGE3MiJ9\">\n\t\t\t\t\t<div class=\"e-gallery-image elementor-gallery-item__image\" data-thumbnail=\"https:\/\/i0.wp.com\/toppenafdanmark.dk\/wp-content\/uploads\/2025\/07\/300-x-300-Turisthotellet-Frederikshavn-BB-Hotels-vaerelse-med-to-enkeltsenge-1.jpg?fit=300%2C300&amp;ssl=1\" data-width=\"300\" data-height=\"300\" aria-label=\"\" role=\"img\" ><\/div>\n\t\t\t\t\t\t\t\t\t\t\t<div class=\"elementor-gallery-item__overlay\"><\/div>\n\t\t\t\t\t\t\t\t\t\t\t\t\t\t<\/a>\n\t\t\t\t\t\t\t<a class=\"e-gallery-item elementor-gallery-item elementor-animated-content\" href=\"https:\/\/i0.wp.com\/toppenafdanmark.dk\/wp-content\/uploads\/2025\/07\/300-x-300-Turisthotellet-Frederikshavn-BB-Hotels-badevaerelse-med-roede-klinker-1.jpg?fit=300%2C300&#038;ssl=1\" data-elementor-open-lightbox=\"yes\" data-elementor-lightbox-slideshow=\"12134a72\" data-elementor-lightbox-title=\"300 x 300 Turisthotellet Frederikshavn BB Hotels badev\u00e6relse med r\u00f8de klinker\" data-e-action-hash=\"#elementor-action%3Aaction%3Dlightbox%26settings%3DeyJpZCI6MzE3MiwidXJsIjoiaHR0cHM6XC9cL3RvcHBlbmFmZGFubWFyay5ka1wvd3AtY29udGVudFwvdXBsb2Fkc1wvMjAyNVwvMDdcLzMwMC14LTMwMC1UdXJpc3Rob3RlbGxldC1GcmVkZXJpa3NoYXZuLUJCLUhvdGVscy1iYWRldmFlcmVsc2UtbWVkLXJvZWRlLWtsaW5rZXItMS5qcGciLCJzbGlkZXNob3ciOiIxMjEzNGE3MiJ9\">\n\t\t\t\t\t<div class=\"e-gallery-image elementor-gallery-item__image\" data-thumbnail=\"https:\/\/i0.wp.com\/toppenafdanmark.dk\/wp-content\/uploads\/2025\/07\/300-x-300-Turisthotellet-Frederikshavn-BB-Hotels-badevaerelse-med-roede-klinker-1.jpg?fit=300%2C300&amp;ssl=1\" data-width=\"300\" data-height=\"300\" aria-label=\"\" role=\"img\" ><\/div>\n\t\t\t\t\t\t\t\t\t\t\t<div class=\"elementor-gallery-item__overlay\"><\/div>\n\t\t\t\t\t\t\t\t\t\t\t\t\t\t<\/a>\n\t\t\t\t\t<\/div>\n\t\t\t\t\t<\/div>\n\t\t\t\t<\/div>\n\t\t\t\t\t<\/div>\n\t\t\t\t<\/div>\n\t\t\t\t<\/div>","protected":false},"excerpt":{"rendered":"<p>Turisthotellet BB Hotel Frederikshavn BB Hotel Frederikshavn \u2013 central beliggenhed t\u00e6t p\u00e5 f\u00e6rger og byliv Leder du efter et centralt hotel i Frederikshavn med gode faciliteter og attraktive priser? S\u00e5 [&hellip;]<\/p>\n","protected":false},"author":266444216,"featured_media":3156,"parent":0,"menu_order":0,"comment_status":"closed","ping_status":"closed","template":"","meta":{"_crdt_document":"","jetpack_post_was_ever_published":false,"footnotes":""},"folder":[1386],"class_list":["post-3147","page","type-page","status-publish","has-post-thumbnail","hentry"],"jetpack_sharing_enabled":true,"jetpack_shortlink":"https:\/\/wp.me\/PgDlef-OL","_links":{"self":[{"href":"https:\/\/toppenafdanmark.dk\/en\/wp-json\/wp\/v2\/pages\/3147","targetHints":{"allow":["GET"]}}],"collection":[{"href":"https:\/\/toppenafdanmark.dk\/en\/wp-json\/wp\/v2\/pages"}],"about":[{"href":"https:\/\/toppenafdanmark.dk\/en\/wp-json\/wp\/v2\/types\/page"}],"author":[{"embeddable":true,"href":"https:\/\/toppenafdanmark.dk\/en\/wp-json\/wp\/v2\/users\/266444216"}],"replies":[{"embeddable":true,"href":"https:\/\/toppenafdanmark.dk\/en\/wp-json\/wp\/v2\/comments?post=3147"}],"version-history":[{"count":16,"href":"https:\/\/toppenafdanmark.dk\/en\/wp-json\/wp\/v2\/pages\/3147\/revisions"}],"predecessor-version":[{"id":3190,"href":"https:\/\/toppenafdanmark.dk\/en\/wp-json\/wp\/v2\/pages\/3147\/revisions\/3190"}],"wp:featuredmedia":[{"embeddable":true,"href":"https:\/\/toppenafdanmark.dk\/en\/wp-json\/wp\/v2\/media\/3156"}],"wp:attachment":[{"href":"https:\/\/toppenafdanmark.dk\/en\/wp-json\/wp\/v2\/media?parent=3147"}],"wp:term":[{"taxonomy":"folder","embeddable":true,"href":"https:\/\/toppenafdanmark.dk\/en\/wp-json\/wp\/v2\/folder?post=3147"}],"curies":[{"name":"wp","href":"https:\/\/api.w.org\/{rel}","templated":true}]}}