{"id":5686,"date":"2025-09-18T12:01:36","date_gmt":"2025-09-18T10:01:36","guid":{"rendered":"https:\/\/toppenafdanmark.dk\/?page_id=5686"},"modified":"2026-01-16T14:04:34","modified_gmt":"2026-01-16T13:04:34","slug":"restaurant-moby-dick","status":"publish","type":"page","link":"https:\/\/toppenafdanmark.dk\/en\/restaurant-moby-dick\/","title":{"rendered":"Moby Dick Restaurant"},"content":{"rendered":"<div data-elementor-type=\"wp-page\" data-elementor-id=\"5686\" class=\"elementor elementor-5686\" data-elementor-post-type=\"page\">\n\t\t\t\t<div class=\"elementor-element elementor-element-752e46ae e-con-full e-flex e-con e-parent\" data-id=\"752e46ae\" data-element_type=\"container\" data-e-type=\"container\" data-settings=\"{&quot;background_background&quot;:&quot;classic&quot;}\">\n\t\t<div class=\"elementor-element elementor-element-246cbdbb e-con-full elementor-hidden-mobile e-flex e-con e-child\" data-id=\"246cbdbb\" data-element_type=\"container\" data-e-type=\"container\" data-settings=\"{&quot;background_background&quot;:&quot;classic&quot;}\">\n\t\t\t\t<\/div>\n\t\t<div class=\"elementor-element elementor-element-69d2eae1 e-con-full e-flex e-con e-child\" data-id=\"69d2eae1\" data-element_type=\"container\" data-e-type=\"container\" data-settings=\"{&quot;background_background&quot;:&quot;classic&quot;}\">\n\t\t\t\t<\/div>\n\t\t<div class=\"elementor-element elementor-element-72535f7e e-con-full elementor-hidden-mobile e-flex e-con e-child\" data-id=\"72535f7e\" data-element_type=\"container\" data-e-type=\"container\" data-settings=\"{&quot;background_background&quot;:&quot;classic&quot;}\">\n\t\t\t\t<\/div>\n\t\t\t\t<\/div>\n\t\t\t\t<section class=\"elementor-section elementor-top-section elementor-element elementor-element-4d5c2422 elementor-section-boxed elementor-section-height-default elementor-section-height-default\" data-id=\"4d5c2422\" data-element_type=\"section\" data-e-type=\"section\">\n\t\t\t\t\t\t<div class=\"elementor-container elementor-column-gap-no\">\n\t\t\t\t\t<div class=\"elementor-column elementor-col-100 elementor-top-column elementor-element elementor-element-596ec22e\" data-id=\"596ec22e\" data-element_type=\"column\" data-e-type=\"column\">\n\t\t\t<div class=\"elementor-widget-wrap elementor-element-populated\">\n\t\t\t\t\t\t<div class=\"elementor-element elementor-element-4f4563c5 elementor-widget elementor-widget-heading\" data-id=\"4f4563c5\" data-element_type=\"widget\" data-e-type=\"widget\" data-widget_type=\"heading.default\">\n\t\t\t\t<div class=\"elementor-widget-container\">\n\t\t\t\t\t<h2 class=\"elementor-heading-title elementor-size-default\">Moby Dick Restaurant<\/h2>\t\t\t\t<\/div>\n\t\t\t\t<\/div>\n\t\t\t\t<div class=\"elementor-element elementor-element-36b7716f elementor-widget-divider--view-line elementor-widget elementor-widget-divider\" data-id=\"36b7716f\" data-element_type=\"widget\" data-e-type=\"widget\" data-widget_type=\"divider.default\">\n\t\t\t\t<div class=\"elementor-widget-container\">\n\t\t\t\t\t\t\t<div class=\"elementor-divider\">\n\t\t\t<span class=\"elementor-divider-separator\">\n\t\t\t\t\t\t<\/span>\n\t\t<\/div>\n\t\t\t\t\t\t<\/div>\n\t\t\t\t<\/div>\n\t\t\t\t<div class=\"elementor-element elementor-element-678b3e4 elementor-widget elementor-widget-text-editor\" data-id=\"678b3e4\" data-element_type=\"widget\" data-e-type=\"widget\" data-widget_type=\"text-editor.default\">\n\t\t\t\t<div class=\"elementor-widget-container\">\n\t\t\t\t\t\t\t\t\t<h4>Hjemmelavet kvalitet og maritim atmosf\u00e6re i hjertet af Frederikshavn<\/h4><p>Hos Moby Dick m\u00e6rker du straks den afslappede, maritime stemning og det personlige engagement. Restauranten er kendt for sit alsidige a la carte-k\u00f8kken, men har ogs\u00e5 stor erfaring med selskaber, buffeter og skr\u00e6ddersyede menuer. Hver m\u00e5ned pr\u00e6senteres en ny menu tilpasset \u00e5rstiden, og der er altid et velsmagende vegetarisk alternativ. Tapasanretningerne er en s\u00e6rlig specialitet, ideelle til at dele og nyde i godt selskab.<\/p><p>Kombinationen af hjemmelavet mad, varme omgivelser og Dorthes personlige touch g\u00f8r Moby Dick til et oplagt valg, hvad enten du leder efter en romantisk middag, et festligt selskab eller en hyggelig aften med vennerne. Gl\u00e6d dig til en uforglemmelig oplevelse, hvor kvalitet og g\u00e6stfrihed g\u00e5r h\u00e5nd i h\u00e5nd.<\/p>\t\t\t\t\t\t\t\t<\/div>\n\t\t\t\t<\/div>\n\t\t\t\t<section class=\"elementor-section elementor-inner-section elementor-element elementor-element-74e3ecde elementor-section-boxed elementor-section-height-default elementor-section-height-default\" data-id=\"74e3ecde\" data-element_type=\"section\" data-e-type=\"section\">\n\t\t\t\t\t\t<div class=\"elementor-container elementor-column-gap-no\">\n\t\t\t\t\t<div class=\"elementor-column elementor-col-50 elementor-inner-column elementor-element elementor-element-6d398af8\" data-id=\"6d398af8\" data-element_type=\"column\" data-e-type=\"column\">\n\t\t\t<div class=\"elementor-widget-wrap elementor-element-populated\">\n\t\t\t\t\t\t<div class=\"elementor-element elementor-element-3955a19e elementor-widget elementor-widget-image\" data-id=\"3955a19e\" data-element_type=\"widget\" data-e-type=\"widget\" data-widget_type=\"image.default\">\n\t\t\t\t<div class=\"elementor-widget-container\">\n\t\t\t\t\t\t\t\t\t\t\t\t\t\t\t<img fetchpriority=\"high\" decoding=\"async\" data-attachment-id=\"5764\" data-permalink=\"https:\/\/toppenafdanmark.dk\/en\/restaurant-moby-dick\/1024x1024_moby_dick_5\/\" data-orig-file=\"https:\/\/i0.wp.com\/toppenafdanmark.dk\/wp-content\/uploads\/2025\/09\/1024X1024_Moby_Dick_5.webp?fit=1024%2C1024&amp;ssl=1\" data-orig-size=\"1024,1024\" data-comments-opened=\"0\" data-image-meta=\"{&quot;aperture&quot;:&quot;0&quot;,&quot;credit&quot;:&quot;&quot;,&quot;camera&quot;:&quot;&quot;,&quot;caption&quot;:&quot;&quot;,&quot;created_timestamp&quot;:&quot;0&quot;,&quot;copyright&quot;:&quot;&quot;,&quot;focal_length&quot;:&quot;0&quot;,&quot;iso&quot;:&quot;0&quot;,&quot;shutter_speed&quot;:&quot;0&quot;,&quot;title&quot;:&quot;&quot;,&quot;orientation&quot;:&quot;0&quot;}\" data-image-title=\"1024X1024_Moby_Dick_5\" data-image-description=\"\" data-image-caption=\"\" data-large-file=\"https:\/\/i0.wp.com\/toppenafdanmark.dk\/wp-content\/uploads\/2025\/09\/1024X1024_Moby_Dick_5.webp?fit=800%2C800&amp;ssl=1\" width=\"800\" height=\"800\" src=\"https:\/\/i0.wp.com\/toppenafdanmark.dk\/wp-content\/uploads\/2025\/09\/1024X1024_Moby_Dick_5.webp?fit=800%2C800&amp;ssl=1\" class=\"attachment-large size-large wp-image-5764\" alt=\"Rustik indretning p\u00e5 Restaurant Moby Dick i Frederikshavn med d\u00e6kkede borde og maritim stemning\" srcset=\"https:\/\/i0.wp.com\/toppenafdanmark.dk\/wp-content\/uploads\/2025\/09\/1024X1024_Moby_Dick_5.webp?w=1024&amp;ssl=1 1024w, https:\/\/i0.wp.com\/toppenafdanmark.dk\/wp-content\/uploads\/2025\/09\/1024X1024_Moby_Dick_5.webp?resize=300%2C300&amp;ssl=1 300w, https:\/\/i0.wp.com\/toppenafdanmark.dk\/wp-content\/uploads\/2025\/09\/1024X1024_Moby_Dick_5.webp?resize=150%2C150&amp;ssl=1 150w, https:\/\/i0.wp.com\/toppenafdanmark.dk\/wp-content\/uploads\/2025\/09\/1024X1024_Moby_Dick_5.webp?resize=768%2C768&amp;ssl=1 768w, https:\/\/i0.wp.com\/toppenafdanmark.dk\/wp-content\/uploads\/2025\/09\/1024X1024_Moby_Dick_5.webp?resize=12%2C12&amp;ssl=1 12w\" sizes=\"(max-width: 800px) 100vw, 800px\" \/>\t\t\t\t\t\t\t\t\t\t\t\t\t\t\t<\/div>\n\t\t\t\t<\/div>\n\t\t\t\t\t<\/div>\n\t\t<\/div>\n\t\t\t\t<div class=\"elementor-column elementor-col-50 elementor-inner-column elementor-element elementor-element-6160017d\" data-id=\"6160017d\" data-element_type=\"column\" data-e-type=\"column\">\n\t\t\t<div class=\"elementor-widget-wrap elementor-element-populated\">\n\t\t\t\t\t\t<div class=\"elementor-element elementor-element-2b612368 elementor-widget elementor-widget-image\" data-id=\"2b612368\" data-element_type=\"widget\" data-e-type=\"widget\" data-widget_type=\"image.default\">\n\t\t\t\t<div class=\"elementor-widget-container\">\n\t\t\t\t\t\t\t\t\t\t\t\t\t\t\t<img decoding=\"async\" data-attachment-id=\"5768\" data-permalink=\"https:\/\/toppenafdanmark.dk\/en\/restaurant-moby-dick\/1024x1024_moby_dick_4\/\" data-orig-file=\"https:\/\/i0.wp.com\/toppenafdanmark.dk\/wp-content\/uploads\/2025\/09\/1024X1024_Moby_Dick_4.webp?fit=1024%2C1024&amp;ssl=1\" data-orig-size=\"1024,1024\" data-comments-opened=\"0\" data-image-meta=\"{&quot;aperture&quot;:&quot;0&quot;,&quot;credit&quot;:&quot;&quot;,&quot;camera&quot;:&quot;&quot;,&quot;caption&quot;:&quot;&quot;,&quot;created_timestamp&quot;:&quot;0&quot;,&quot;copyright&quot;:&quot;&quot;,&quot;focal_length&quot;:&quot;0&quot;,&quot;iso&quot;:&quot;0&quot;,&quot;shutter_speed&quot;:&quot;0&quot;,&quot;title&quot;:&quot;&quot;,&quot;orientation&quot;:&quot;0&quot;}\" data-image-title=\"1024X1024_Moby_Dick_4\" data-image-description=\"\" data-image-caption=\"\" data-large-file=\"https:\/\/i0.wp.com\/toppenafdanmark.dk\/wp-content\/uploads\/2025\/09\/1024X1024_Moby_Dick_4.webp?fit=800%2C800&amp;ssl=1\" width=\"800\" height=\"800\" src=\"https:\/\/i0.wp.com\/toppenafdanmark.dk\/wp-content\/uploads\/2025\/09\/1024X1024_Moby_Dick_4.webp?fit=800%2C800&amp;ssl=1\" class=\"attachment-large size-large wp-image-5768\" alt=\"Restaurant Moby Dicks facade i Frederikshavn med skilt, gul bygning og parkerede biler\" srcset=\"https:\/\/i0.wp.com\/toppenafdanmark.dk\/wp-content\/uploads\/2025\/09\/1024X1024_Moby_Dick_4.webp?w=1024&amp;ssl=1 1024w, https:\/\/i0.wp.com\/toppenafdanmark.dk\/wp-content\/uploads\/2025\/09\/1024X1024_Moby_Dick_4.webp?resize=300%2C300&amp;ssl=1 300w, https:\/\/i0.wp.com\/toppenafdanmark.dk\/wp-content\/uploads\/2025\/09\/1024X1024_Moby_Dick_4.webp?resize=150%2C150&amp;ssl=1 150w, https:\/\/i0.wp.com\/toppenafdanmark.dk\/wp-content\/uploads\/2025\/09\/1024X1024_Moby_Dick_4.webp?resize=768%2C768&amp;ssl=1 768w, https:\/\/i0.wp.com\/toppenafdanmark.dk\/wp-content\/uploads\/2025\/09\/1024X1024_Moby_Dick_4.webp?resize=12%2C12&amp;ssl=1 12w\" sizes=\"(max-width: 800px) 100vw, 800px\" \/>\t\t\t\t\t\t\t\t\t\t\t\t\t\t\t<\/div>\n\t\t\t\t<\/div>\n\t\t\t\t\t<\/div>\n\t\t<\/div>\n\t\t\t\t\t<\/div>\n\t\t<\/section>\n\t\t\t\t<div class=\"elementor-element elementor-element-3e9d44b0 elementor-widget elementor-widget-text-editor\" data-id=\"3e9d44b0\" data-element_type=\"widget\" data-e-type=\"widget\" data-widget_type=\"text-editor.default\">\n\t\t\t\t<div class=\"elementor-widget-container\">\n\t\t\t\t\t\t\t\t\t<h4 data-start=\"468\" data-end=\"550\">Velkommen til et sk\u00f8nt \u00e5ndehul med sj\u00e6l, charme og hjertet p\u00e5 det rette sted<\/h4><p data-start=\"551\" data-end=\"1300\">Restaurant Moby Dick i Frederikshavn er mere end blot et sted at spise \u2013 det er en oplevelse fyldt med sj\u00e6l, varme og en maritim charme, der straks f\u00e5r dig til at f\u00f8le dig hjemme. Her serveres god, hjemmelavet mad tilberedt af de bedste r\u00e5varer, med stor respekt for danske klassikere og \u00e5rstidens smage.<\/p><p data-start=\"551\" data-end=\"1300\">Dorthe Hansen, tidligere skibskok, har siden 2009 st\u00e5et bag roret og skabt en restaurant, hvor hendes erfaring fra havet afspejles i b\u00e5de atmosf\u00e6re og menukort. Uanset om du v\u00e6lger m\u00e5nedens s\u00e6rlige menu, en vegetarisk ret eller en tapasanretning, kan du forvente k\u00e6rlighed p\u00e5 tallerkenen og n\u00f8je udvalgte vine.<\/p><p data-start=\"551\" data-end=\"1300\">Hos Moby Dick f\u00e5r du en spiseoplevelse, der emmer af passion og kvalitet \u2013 perfekt til b\u00e5de hverdagsmiddage og s\u00e6rlige lejligheder.<\/p>\t\t\t\t\t\t\t\t<\/div>\n\t\t\t\t<\/div>\n\t\t\t\t<div class=\"elementor-element elementor-element-8e87556 elementor-widget-divider--view-line elementor-widget elementor-widget-divider\" data-id=\"8e87556\" data-element_type=\"widget\" data-e-type=\"widget\" data-widget_type=\"divider.default\">\n\t\t\t\t<div class=\"elementor-widget-container\">\n\t\t\t\t\t\t\t<div class=\"elementor-divider\">\n\t\t\t<span class=\"elementor-divider-separator\">\n\t\t\t\t\t\t<\/span>\n\t\t<\/div>\n\t\t\t\t\t\t<\/div>\n\t\t\t\t<\/div>\n\t\t\t\t<div class=\"elementor-element elementor-element-47685b51 elementor-widget elementor-widget-text-editor\" data-id=\"47685b51\" data-element_type=\"widget\" data-e-type=\"widget\" data-widget_type=\"text-editor.default\">\n\t\t\t\t<div class=\"elementor-widget-container\">\n\t\t\t\t\t\t\t\t\t<p>Moby Dick | Boensgade 6 | 9900 Frederikshavn | +45 98 43 40 17 | <a title=\"Moby Dick\" href=\"https:\/\/www.mobydick-frederikshavn.dk\/\" target=\"_blank\" rel=\"noopener\">www.mobydick-frederikshavn.dk<\/a><\/p>\t\t\t\t\t\t\t\t<\/div>\n\t\t\t\t<\/div>\n\t\t\t\t\t<\/div>\n\t\t<\/div>\n\t\t\t\t\t<\/div>\n\t\t<\/section>\n\t\t<div class=\"elementor-element elementor-element-b9bc8a1 e-flex e-con-boxed e-con e-parent\" data-id=\"b9bc8a1\" data-element_type=\"container\" data-e-type=\"container\">\n\t\t\t\t\t<div class=\"e-con-inner\">\n\t\t\t\t<div class=\"elementor-element elementor-element-4d9432d9 elementor-widget elementor-widget-gallery\" data-id=\"4d9432d9\" data-element_type=\"widget\" data-e-type=\"widget\" data-settings=\"{&quot;gallery_layout&quot;:&quot;masonry&quot;,&quot;lazyload&quot;:&quot;yes&quot;,&quot;columns&quot;:4,&quot;columns_tablet&quot;:2,&quot;columns_mobile&quot;:1,&quot;gap&quot;:{&quot;unit&quot;:&quot;px&quot;,&quot;size&quot;:10,&quot;sizes&quot;:[]},&quot;gap_tablet&quot;:{&quot;unit&quot;:&quot;px&quot;,&quot;size&quot;:10,&quot;sizes&quot;:[]},&quot;gap_mobile&quot;:{&quot;unit&quot;:&quot;px&quot;,&quot;size&quot;:10,&quot;sizes&quot;:[]},&quot;link_to&quot;:&quot;file&quot;,&quot;overlay_background&quot;:&quot;yes&quot;,&quot;content_hover_animation&quot;:&quot;fade-in&quot;}\" data-widget_type=\"gallery.default\">\n\t\t\t\t<div class=\"elementor-widget-container\">\n\t\t\t\t\t\t\t<div class=\"elementor-gallery__container\">\n\t\t\t\t\t\t\t<a class=\"e-gallery-item elementor-gallery-item elementor-animated-content\" href=\"https:\/\/i0.wp.com\/toppenafdanmark.dk\/wp-content\/uploads\/2025\/09\/300x300_Moby_Dick_2.webp?fit=300%2C300&#038;ssl=1\" data-elementor-open-lightbox=\"yes\" data-elementor-lightbox-slideshow=\"4d9432d9\" data-elementor-lightbox-title=\"300x300_Moby_Dick_2\" data-e-action-hash=\"#elementor-action%3Aaction%3Dlightbox%26settings%3DeyJpZCI6NTc4NSwidXJsIjoiaHR0cHM6XC9cL3RvcHBlbmFmZGFubWFyay5ka1wvd3AtY29udGVudFwvdXBsb2Fkc1wvMjAyNVwvMDlcLzMwMHgzMDBfTW9ieV9EaWNrXzIud2VicCIsInNsaWRlc2hvdyI6IjRkOTQzMmQ5In0%3D\">\n\t\t\t\t\t<div class=\"e-gallery-image elementor-gallery-item__image\" data-thumbnail=\"https:\/\/i0.wp.com\/toppenafdanmark.dk\/wp-content\/uploads\/2025\/09\/300x300_Moby_Dick_2.webp?fit=300%2C300&amp;ssl=1\" data-width=\"300\" data-height=\"300\" aria-label=\"\" role=\"img\" ><\/div>\n\t\t\t\t\t\t\t\t\t\t\t<div class=\"elementor-gallery-item__overlay\"><\/div>\n\t\t\t\t\t\t\t\t\t\t\t\t\t\t<\/a>\n\t\t\t\t\t\t\t<a class=\"e-gallery-item elementor-gallery-item elementor-animated-content\" href=\"https:\/\/i0.wp.com\/toppenafdanmark.dk\/wp-content\/uploads\/2025\/09\/300x300_Moby_Dick_3.webp?fit=300%2C300&#038;ssl=1\" data-elementor-open-lightbox=\"yes\" data-elementor-lightbox-slideshow=\"4d9432d9\" data-elementor-lightbox-title=\"300x300_Moby_Dick_3\" data-e-action-hash=\"#elementor-action%3Aaction%3Dlightbox%26settings%3DeyJpZCI6NTc4NiwidXJsIjoiaHR0cHM6XC9cL3RvcHBlbmFmZGFubWFyay5ka1wvd3AtY29udGVudFwvdXBsb2Fkc1wvMjAyNVwvMDlcLzMwMHgzMDBfTW9ieV9EaWNrXzMud2VicCIsInNsaWRlc2hvdyI6IjRkOTQzMmQ5In0%3D\">\n\t\t\t\t\t<div class=\"e-gallery-image elementor-gallery-item__image\" data-thumbnail=\"https:\/\/i0.wp.com\/toppenafdanmark.dk\/wp-content\/uploads\/2025\/09\/300x300_Moby_Dick_3.webp?fit=300%2C300&amp;ssl=1\" data-width=\"300\" data-height=\"300\" aria-label=\"\" role=\"img\" ><\/div>\n\t\t\t\t\t\t\t\t\t\t\t<div class=\"elementor-gallery-item__overlay\"><\/div>\n\t\t\t\t\t\t\t\t\t\t\t\t\t\t<\/a>\n\t\t\t\t\t\t\t<a class=\"e-gallery-item elementor-gallery-item elementor-animated-content\" href=\"https:\/\/i0.wp.com\/toppenafdanmark.dk\/wp-content\/uploads\/2026\/01\/Moby-Dick-c-300x300-galleri.jpg?fit=300%2C300&#038;ssl=1\" data-elementor-open-lightbox=\"yes\" data-elementor-lightbox-slideshow=\"4d9432d9\" data-elementor-lightbox-title=\"Moby Dick c 300x300 galleri\" data-e-action-hash=\"#elementor-action%3Aaction%3Dlightbox%26settings%3DeyJpZCI6ODI5NywidXJsIjoiaHR0cHM6XC9cL3RvcHBlbmFmZGFubWFyay5ka1wvd3AtY29udGVudFwvdXBsb2Fkc1wvMjAyNlwvMDFcL01vYnktRGljay1jLTMwMHgzMDAtZ2FsbGVyaS5qcGciLCJzbGlkZXNob3ciOiI0ZDk0MzJkOSJ9\">\n\t\t\t\t\t<div class=\"e-gallery-image elementor-gallery-item__image\" data-thumbnail=\"https:\/\/i0.wp.com\/toppenafdanmark.dk\/wp-content\/uploads\/2026\/01\/Moby-Dick-c-300x300-galleri.jpg?fit=300%2C300&amp;ssl=1\" data-width=\"300\" data-height=\"300\" aria-label=\"\" role=\"img\" ><\/div>\n\t\t\t\t\t\t\t\t\t\t\t<div class=\"elementor-gallery-item__overlay\"><\/div>\n\t\t\t\t\t\t\t\t\t\t\t\t\t\t<\/a>\n\t\t\t\t\t\t\t<a class=\"e-gallery-item elementor-gallery-item elementor-animated-content\" href=\"https:\/\/i0.wp.com\/toppenafdanmark.dk\/wp-content\/uploads\/2025\/09\/300x300_Moby_Dick_4.webp?fit=300%2C300&#038;ssl=1\" data-elementor-open-lightbox=\"yes\" data-elementor-lightbox-slideshow=\"4d9432d9\" data-elementor-lightbox-title=\"300x300_Moby_Dick_4\" data-e-action-hash=\"#elementor-action%3Aaction%3Dlightbox%26settings%3DeyJpZCI6NTc4NywidXJsIjoiaHR0cHM6XC9cL3RvcHBlbmFmZGFubWFyay5ka1wvd3AtY29udGVudFwvdXBsb2Fkc1wvMjAyNVwvMDlcLzMwMHgzMDBfTW9ieV9EaWNrXzQud2VicCIsInNsaWRlc2hvdyI6IjRkOTQzMmQ5In0%3D\">\n\t\t\t\t\t<div class=\"e-gallery-image elementor-gallery-item__image\" data-thumbnail=\"https:\/\/i0.wp.com\/toppenafdanmark.dk\/wp-content\/uploads\/2025\/09\/300x300_Moby_Dick_4.webp?fit=300%2C300&amp;ssl=1\" data-width=\"300\" data-height=\"300\" aria-label=\"\" role=\"img\" ><\/div>\n\t\t\t\t\t\t\t\t\t\t\t<div class=\"elementor-gallery-item__overlay\"><\/div>\n\t\t\t\t\t\t\t\t\t\t\t\t\t\t<\/a>\n\t\t\t\t\t\t\t<a class=\"e-gallery-item elementor-gallery-item elementor-animated-content\" href=\"https:\/\/i0.wp.com\/toppenafdanmark.dk\/wp-content\/uploads\/2026\/01\/Moby-Dick-a-300x300-galleri.jpg?fit=300%2C300&#038;ssl=1\" data-elementor-open-lightbox=\"yes\" data-elementor-lightbox-slideshow=\"4d9432d9\" data-elementor-lightbox-title=\"Moby Dick a 300x300 galleri\" data-e-action-hash=\"#elementor-action%3Aaction%3Dlightbox%26settings%3DeyJpZCI6ODI5NSwidXJsIjoiaHR0cHM6XC9cL3RvcHBlbmFmZGFubWFyay5ka1wvd3AtY29udGVudFwvdXBsb2Fkc1wvMjAyNlwvMDFcL01vYnktRGljay1hLTMwMHgzMDAtZ2FsbGVyaS5qcGciLCJzbGlkZXNob3ciOiI0ZDk0MzJkOSJ9\">\n\t\t\t\t\t<div class=\"e-gallery-image elementor-gallery-item__image\" data-thumbnail=\"https:\/\/i0.wp.com\/toppenafdanmark.dk\/wp-content\/uploads\/2026\/01\/Moby-Dick-a-300x300-galleri.jpg?fit=300%2C300&amp;ssl=1\" data-width=\"300\" data-height=\"300\" aria-label=\"\" role=\"img\" ><\/div>\n\t\t\t\t\t\t\t\t\t\t\t<div class=\"elementor-gallery-item__overlay\"><\/div>\n\t\t\t\t\t\t\t\t\t\t\t\t\t\t<\/a>\n\t\t\t\t\t\t\t<a class=\"e-gallery-item elementor-gallery-item elementor-animated-content\" href=\"https:\/\/i0.wp.com\/toppenafdanmark.dk\/wp-content\/uploads\/2026\/01\/Moby-Dick-b-300x300-galleri.jpg?fit=300%2C300&#038;ssl=1\" data-elementor-open-lightbox=\"yes\" data-elementor-lightbox-slideshow=\"4d9432d9\" data-elementor-lightbox-title=\"Moby Dick b 300x300 galleri\" data-e-action-hash=\"#elementor-action%3Aaction%3Dlightbox%26settings%3DeyJpZCI6ODI5NiwidXJsIjoiaHR0cHM6XC9cL3RvcHBlbmFmZGFubWFyay5ka1wvd3AtY29udGVudFwvdXBsb2Fkc1wvMjAyNlwvMDFcL01vYnktRGljay1iLTMwMHgzMDAtZ2FsbGVyaS5qcGciLCJzbGlkZXNob3ciOiI0ZDk0MzJkOSJ9\">\n\t\t\t\t\t<div class=\"e-gallery-image elementor-gallery-item__image\" data-thumbnail=\"https:\/\/i0.wp.com\/toppenafdanmark.dk\/wp-content\/uploads\/2026\/01\/Moby-Dick-b-300x300-galleri.jpg?fit=300%2C300&amp;ssl=1\" data-width=\"300\" data-height=\"300\" aria-label=\"\" role=\"img\" ><\/div>\n\t\t\t\t\t\t\t\t\t\t\t<div class=\"elementor-gallery-item__overlay\"><\/div>\n\t\t\t\t\t\t\t\t\t\t\t\t\t\t<\/a>\n\t\t\t\t\t<\/div>\n\t\t\t\t\t<\/div>\n\t\t\t\t<\/div>\n\t\t\t\t\t<\/div>\n\t\t\t\t<\/div>\n\t\t\t\t<\/div>","protected":false},"excerpt":{"rendered":"<p>Restaurant Moby Dick Hjemmelavet kvalitet og maritim atmosf\u00e6re i hjertet af Frederikshavn Hos Moby Dick m\u00e6rker du straks den afslappede, maritime stemning og det personlige engagement. Restauranten er kendt for [&hellip;]<\/p>\n","protected":false},"author":266444217,"featured_media":5768,"parent":0,"menu_order":0,"comment_status":"closed","ping_status":"closed","template":"","meta":{"_crdt_document":"","footnotes":""},"folder":[1387],"class_list":["post-5686","page","type-page","status-publish","has-post-thumbnail","hentry"],"jetpack_sharing_enabled":true,"jetpack_shortlink":"https:\/\/wp.me\/PgDlef-1tI","_links":{"self":[{"href":"https:\/\/toppenafdanmark.dk\/en\/wp-json\/wp\/v2\/pages\/5686","targetHints":{"allow":["GET"]}}],"collection":[{"href":"https:\/\/toppenafdanmark.dk\/en\/wp-json\/wp\/v2\/pages"}],"about":[{"href":"https:\/\/toppenafdanmark.dk\/en\/wp-json\/wp\/v2\/types\/page"}],"author":[{"embeddable":true,"href":"https:\/\/toppenafdanmark.dk\/en\/wp-json\/wp\/v2\/users\/266444217"}],"replies":[{"embeddable":true,"href":"https:\/\/toppenafdanmark.dk\/en\/wp-json\/wp\/v2\/comments?post=5686"}],"version-history":[{"count":11,"href":"https:\/\/toppenafdanmark.dk\/en\/wp-json\/wp\/v2\/pages\/5686\/revisions"}],"predecessor-version":[{"id":8306,"href":"https:\/\/toppenafdanmark.dk\/en\/wp-json\/wp\/v2\/pages\/5686\/revisions\/8306"}],"wp:featuredmedia":[{"embeddable":true,"href":"https:\/\/toppenafdanmark.dk\/en\/wp-json\/wp\/v2\/media\/5768"}],"wp:attachment":[{"href":"https:\/\/toppenafdanmark.dk\/en\/wp-json\/wp\/v2\/media?parent=5686"}],"wp:term":[{"taxonomy":"folder","embeddable":true,"href":"https:\/\/toppenafdanmark.dk\/en\/wp-json\/wp\/v2\/folder?post=5686"}],"curies":[{"name":"wp","href":"https:\/\/api.w.org\/{rel}","templated":true}]}}