{"id":5991,"date":"2025-10-06T11:03:20","date_gmt":"2025-10-06T09:03:20","guid":{"rendered":"https:\/\/toppenafdanmark.dk\/?page_id=5991"},"modified":"2025-10-08T13:26:04","modified_gmt":"2025-10-08T11:26:04","slug":"jerrys-restaurant-bryghus","status":"publish","type":"page","link":"https:\/\/toppenafdanmark.dk\/en\/jerrys-restaurant-bryghus\/","title":{"rendered":"Jerry's Restaurant &amp; Brewery"},"content":{"rendered":"<div data-elementor-type=\"wp-page\" data-elementor-id=\"5991\" class=\"elementor elementor-5991\" data-elementor-post-type=\"page\">\n\t\t\t\t<div class=\"elementor-element elementor-element-40a0c92a e-con-full e-flex e-con e-parent\" data-id=\"40a0c92a\" data-element_type=\"container\" data-e-type=\"container\" data-settings=\"{&quot;background_background&quot;:&quot;classic&quot;}\">\n\t\t<div class=\"elementor-element elementor-element-7da8f0c0 e-con-full elementor-hidden-mobile e-flex e-con e-child\" data-id=\"7da8f0c0\" data-element_type=\"container\" data-e-type=\"container\" data-settings=\"{&quot;background_background&quot;:&quot;classic&quot;}\">\n\t\t\t\t<\/div>\n\t\t<div class=\"elementor-element elementor-element-675fa049 e-con-full e-flex e-con e-child\" data-id=\"675fa049\" data-element_type=\"container\" data-e-type=\"container\" data-settings=\"{&quot;background_background&quot;:&quot;classic&quot;}\">\n\t\t\t\t<\/div>\n\t\t<div class=\"elementor-element elementor-element-56cab0b2 e-con-full elementor-hidden-mobile e-flex e-con e-child\" data-id=\"56cab0b2\" data-element_type=\"container\" data-e-type=\"container\" data-settings=\"{&quot;background_background&quot;:&quot;classic&quot;}\">\n\t\t\t\t<\/div>\n\t\t\t\t<\/div>\n\t\t\t\t<section class=\"elementor-section elementor-top-section elementor-element elementor-element-5ed41ea elementor-section-boxed elementor-section-height-default elementor-section-height-default\" data-id=\"5ed41ea\" data-element_type=\"section\" data-e-type=\"section\">\n\t\t\t\t\t\t<div class=\"elementor-container elementor-column-gap-no\">\n\t\t\t\t\t<div class=\"elementor-column elementor-col-100 elementor-top-column elementor-element elementor-element-32424d20\" data-id=\"32424d20\" data-element_type=\"column\" data-e-type=\"column\">\n\t\t\t<div class=\"elementor-widget-wrap elementor-element-populated\">\n\t\t\t\t\t\t<div class=\"elementor-element elementor-element-2c95db09 elementor-widget elementor-widget-heading\" data-id=\"2c95db09\" data-element_type=\"widget\" data-e-type=\"widget\" data-widget_type=\"heading.default\">\n\t\t\t\t<div class=\"elementor-widget-container\">\n\t\t\t\t\t<h2 class=\"elementor-heading-title elementor-size-default\">Jerry's Restaurant &amp; Brewery<\/h2>\t\t\t\t<\/div>\n\t\t\t\t<\/div>\n\t\t\t\t<div class=\"elementor-element elementor-element-21982666 elementor-widget-divider--view-line elementor-widget elementor-widget-divider\" data-id=\"21982666\" data-element_type=\"widget\" data-e-type=\"widget\" data-widget_type=\"divider.default\">\n\t\t\t\t<div class=\"elementor-widget-container\">\n\t\t\t\t\t\t\t<div class=\"elementor-divider\">\n\t\t\t<span class=\"elementor-divider-separator\">\n\t\t\t\t\t\t<\/span>\n\t\t<\/div>\n\t\t\t\t\t\t<\/div>\n\t\t\t\t<\/div>\n\t\t\t\t<div class=\"elementor-element elementor-element-203981bd elementor-widget elementor-widget-text-editor\" data-id=\"203981bd\" data-element_type=\"widget\" data-e-type=\"widget\" data-widget_type=\"text-editor.default\">\n\t\t\t\t<div class=\"elementor-widget-container\">\n\t\t\t\t\t\t\t\t\t<h4>Taste the experience at Jerry's Restaurant - real barbecue atmosphere in Frederikshavn<\/h4><p>Jerry's Restaurant &amp; Brewhouse is all about good food and great atmosphere. The menu offers everything from classic American burgers with juicy meat and melted cheese to tender spare ribs, freshly made salads and crispy fries. Everything is made from scratch with quality ingredients and there is no compromise on flavour.<\/p><p>The restaurant is buzzing with life and the rustic decor with wood, brass and warm colours creates a cosy atmosphere where families, friends and couples feel at home. Enjoy a hearty meal for lunch or treat yourself to a nice dinner and a glass of home-brewed beer for dinner.<\/p><p>Jerry's is not just an eatery - it's a place where you get an experience that tastes of both quality and love for American cuisine in the centre of Frederikshavn.<\/p>\t\t\t\t\t\t\t\t<\/div>\n\t\t\t\t<\/div>\n\t\t\t\t<section class=\"elementor-section elementor-inner-section elementor-element elementor-element-670ba023 elementor-section-boxed elementor-section-height-default elementor-section-height-default\" data-id=\"670ba023\" data-element_type=\"section\" data-e-type=\"section\">\n\t\t\t\t\t\t<div class=\"elementor-container elementor-column-gap-no\">\n\t\t\t\t\t<div class=\"elementor-column elementor-col-50 elementor-inner-column elementor-element elementor-element-5c88a3e\" data-id=\"5c88a3e\" data-element_type=\"column\" data-e-type=\"column\">\n\t\t\t<div class=\"elementor-widget-wrap elementor-element-populated\">\n\t\t\t\t\t\t<div class=\"elementor-element elementor-element-585fc6f3 elementor-widget elementor-widget-image\" data-id=\"585fc6f3\" data-element_type=\"widget\" data-e-type=\"widget\" data-widget_type=\"image.default\">\n\t\t\t\t<div class=\"elementor-widget-container\">\n\t\t\t\t\t\t\t\t\t\t\t\t\t\t\t<img fetchpriority=\"high\" decoding=\"async\" data-attachment-id=\"5995\" data-permalink=\"https:\/\/toppenafdanmark.dk\/en\/jerrys-restaurant-bryghus\/1024x1024-jerrys-og-bryghuset-frederikshavn-burger-m-hostile-hot-sauce\/\" data-orig-file=\"https:\/\/i0.wp.com\/toppenafdanmark.dk\/wp-content\/uploads\/2025\/10\/1024x1024-Jerrys-og-Bryghuset-Frederikshavn-burger-m-hostile-hot-sauce.webp?fit=1024%2C1024&amp;ssl=1\" data-orig-size=\"1024,1024\" data-comments-opened=\"0\" data-image-meta=\"{&quot;aperture&quot;:&quot;0&quot;,&quot;credit&quot;:&quot;&quot;,&quot;camera&quot;:&quot;&quot;,&quot;caption&quot;:&quot;&quot;,&quot;created_timestamp&quot;:&quot;0&quot;,&quot;copyright&quot;:&quot;&quot;,&quot;focal_length&quot;:&quot;0&quot;,&quot;iso&quot;:&quot;0&quot;,&quot;shutter_speed&quot;:&quot;0&quot;,&quot;title&quot;:&quot;&quot;,&quot;orientation&quot;:&quot;0&quot;}\" data-image-title=\"1024&amp;#215;1024 Jerrys og Bryghuset Frederikshavn burger m hostile hot sauce\" data-image-description=\"\" data-image-caption=\"\" data-medium-file=\"https:\/\/i0.wp.com\/toppenafdanmark.dk\/wp-content\/uploads\/2025\/10\/1024x1024-Jerrys-og-Bryghuset-Frederikshavn-burger-m-hostile-hot-sauce.webp?fit=300%2C300&amp;ssl=1\" data-large-file=\"https:\/\/i0.wp.com\/toppenafdanmark.dk\/wp-content\/uploads\/2025\/10\/1024x1024-Jerrys-og-Bryghuset-Frederikshavn-burger-m-hostile-hot-sauce.webp?fit=800%2C800&amp;ssl=1\" width=\"800\" height=\"800\" src=\"https:\/\/i0.wp.com\/toppenafdanmark.dk\/wp-content\/uploads\/2025\/10\/1024x1024-Jerrys-og-Bryghuset-Frederikshavn-burger-m-hostile-hot-sauce.webp?fit=800%2C800&amp;ssl=1\" class=\"attachment-large size-large wp-image-5995\" alt=\"Jerry\u2019s Burgers fra Jerry\u2019s Restaurant &amp; Bryghus i Frederikshavn serveret med den hjemmelavede Hostile Hot Sauce og spr\u00f8de kartoffelb\u00e5de.\" srcset=\"https:\/\/i0.wp.com\/toppenafdanmark.dk\/wp-content\/uploads\/2025\/10\/1024x1024-Jerrys-og-Bryghuset-Frederikshavn-burger-m-hostile-hot-sauce.webp?w=1024&amp;ssl=1 1024w, https:\/\/i0.wp.com\/toppenafdanmark.dk\/wp-content\/uploads\/2025\/10\/1024x1024-Jerrys-og-Bryghuset-Frederikshavn-burger-m-hostile-hot-sauce.webp?resize=300%2C300&amp;ssl=1 300w, https:\/\/i0.wp.com\/toppenafdanmark.dk\/wp-content\/uploads\/2025\/10\/1024x1024-Jerrys-og-Bryghuset-Frederikshavn-burger-m-hostile-hot-sauce.webp?resize=150%2C150&amp;ssl=1 150w, https:\/\/i0.wp.com\/toppenafdanmark.dk\/wp-content\/uploads\/2025\/10\/1024x1024-Jerrys-og-Bryghuset-Frederikshavn-burger-m-hostile-hot-sauce.webp?resize=768%2C768&amp;ssl=1 768w, https:\/\/i0.wp.com\/toppenafdanmark.dk\/wp-content\/uploads\/2025\/10\/1024x1024-Jerrys-og-Bryghuset-Frederikshavn-burger-m-hostile-hot-sauce.webp?resize=12%2C12&amp;ssl=1 12w\" sizes=\"(max-width: 800px) 100vw, 800px\" \/>\t\t\t\t\t\t\t\t\t\t\t\t\t\t\t<\/div>\n\t\t\t\t<\/div>\n\t\t\t\t\t<\/div>\n\t\t<\/div>\n\t\t\t\t<div class=\"elementor-column elementor-col-50 elementor-inner-column elementor-element elementor-element-1793566f\" data-id=\"1793566f\" data-element_type=\"column\" data-e-type=\"column\">\n\t\t\t<div class=\"elementor-widget-wrap elementor-element-populated\">\n\t\t\t\t\t\t<div class=\"elementor-element elementor-element-55d25a05 elementor-widget elementor-widget-image\" data-id=\"55d25a05\" data-element_type=\"widget\" data-e-type=\"widget\" data-widget_type=\"image.default\">\n\t\t\t\t<div class=\"elementor-widget-container\">\n\t\t\t\t\t\t\t\t\t\t\t\t\t\t\t<img decoding=\"async\" data-attachment-id=\"5997\" data-permalink=\"https:\/\/toppenafdanmark.dk\/en\/jerrys-restaurant-bryghus\/1024x1024-jerrys-og-bryghuset-frederikshavn-burger1\/\" data-orig-file=\"https:\/\/i0.wp.com\/toppenafdanmark.dk\/wp-content\/uploads\/2025\/10\/1024x1024-Jerrys-og-Bryghuset-Frederikshavn-burger1.webp?fit=1024%2C1024&amp;ssl=1\" data-orig-size=\"1024,1024\" data-comments-opened=\"0\" data-image-meta=\"{&quot;aperture&quot;:&quot;0&quot;,&quot;credit&quot;:&quot;&quot;,&quot;camera&quot;:&quot;&quot;,&quot;caption&quot;:&quot;&quot;,&quot;created_timestamp&quot;:&quot;0&quot;,&quot;copyright&quot;:&quot;&quot;,&quot;focal_length&quot;:&quot;0&quot;,&quot;iso&quot;:&quot;0&quot;,&quot;shutter_speed&quot;:&quot;0&quot;,&quot;title&quot;:&quot;&quot;,&quot;orientation&quot;:&quot;0&quot;}\" data-image-title=\"1024&amp;#215;1024 Jerrys og Bryghuset Frederikshavn burger1\" data-image-description=\"\" data-image-caption=\"\" data-medium-file=\"https:\/\/i0.wp.com\/toppenafdanmark.dk\/wp-content\/uploads\/2025\/10\/1024x1024-Jerrys-og-Bryghuset-Frederikshavn-burger1.webp?fit=300%2C300&amp;ssl=1\" data-large-file=\"https:\/\/i0.wp.com\/toppenafdanmark.dk\/wp-content\/uploads\/2025\/10\/1024x1024-Jerrys-og-Bryghuset-Frederikshavn-burger1.webp?fit=800%2C800&amp;ssl=1\" width=\"800\" height=\"800\" src=\"https:\/\/i0.wp.com\/toppenafdanmark.dk\/wp-content\/uploads\/2025\/10\/1024x1024-Jerrys-og-Bryghuset-Frederikshavn-burger1.webp?fit=800%2C800&amp;ssl=1\" class=\"attachment-large size-large wp-image-5997\" alt=\"Saftig burger fra Jerry\u2019s Restaurant &amp; Bryghus i Frederikshavn toppet med krydret k\u00f8dfyld og jalape\u00f1os, serveret med spr\u00f8de pommes frites og friske gr\u00f8ntsager.\" srcset=\"https:\/\/i0.wp.com\/toppenafdanmark.dk\/wp-content\/uploads\/2025\/10\/1024x1024-Jerrys-og-Bryghuset-Frederikshavn-burger1.webp?w=1024&amp;ssl=1 1024w, https:\/\/i0.wp.com\/toppenafdanmark.dk\/wp-content\/uploads\/2025\/10\/1024x1024-Jerrys-og-Bryghuset-Frederikshavn-burger1.webp?resize=300%2C300&amp;ssl=1 300w, https:\/\/i0.wp.com\/toppenafdanmark.dk\/wp-content\/uploads\/2025\/10\/1024x1024-Jerrys-og-Bryghuset-Frederikshavn-burger1.webp?resize=150%2C150&amp;ssl=1 150w, https:\/\/i0.wp.com\/toppenafdanmark.dk\/wp-content\/uploads\/2025\/10\/1024x1024-Jerrys-og-Bryghuset-Frederikshavn-burger1.webp?resize=768%2C768&amp;ssl=1 768w, https:\/\/i0.wp.com\/toppenafdanmark.dk\/wp-content\/uploads\/2025\/10\/1024x1024-Jerrys-og-Bryghuset-Frederikshavn-burger1.webp?resize=12%2C12&amp;ssl=1 12w\" sizes=\"(max-width: 800px) 100vw, 800px\" \/>\t\t\t\t\t\t\t\t\t\t\t\t\t\t\t<\/div>\n\t\t\t\t<\/div>\n\t\t\t\t\t<\/div>\n\t\t<\/div>\n\t\t\t\t\t<\/div>\n\t\t<\/section>\n\t\t\t\t<div class=\"elementor-element elementor-element-27768f92 elementor-widget elementor-widget-text-editor\" data-id=\"27768f92\" data-element_type=\"widget\" data-e-type=\"widget\" data-widget_type=\"text-editor.default\">\n\t\t\t\t<div class=\"elementor-widget-container\">\n\t\t\t\t\t\t\t\t\t<h4>Brewed with passion - Jerry's own microbrewery in Frederikshavn<\/h4><p>Behind the cosy restaurant is a true microbrewery where Jerry's Brewhouse brews its own beer with love and care. They use steam brewing, a classic method that ensures even heating and a round, balanced flavour in each brew.<\/p><p>From light, refreshing lagers to dark ales with depth and character, all brewed on site and served straight from the tap, so your beer is always fresh.<\/p><p>Jerry's microbrewery has become a hub for locals and visitors alike who appreciate craftsmanship and quality. It's not just about drinking beer - it's about savouring it, experiencing the difference and feeling the passion behind every drop.<\/p>\t\t\t\t\t\t\t\t<\/div>\n\t\t\t\t<\/div>\n\t\t\t\t<div class=\"elementor-element elementor-element-31e21944 elementor-widget-divider--view-line elementor-widget elementor-widget-divider\" data-id=\"31e21944\" data-element_type=\"widget\" data-e-type=\"widget\" data-widget_type=\"divider.default\">\n\t\t\t\t<div class=\"elementor-widget-container\">\n\t\t\t\t\t\t\t<div class=\"elementor-divider\">\n\t\t\t<span class=\"elementor-divider-separator\">\n\t\t\t\t\t\t<\/span>\n\t\t<\/div>\n\t\t\t\t\t\t<\/div>\n\t\t\t\t<\/div>\n\t\t\t\t<div class=\"elementor-element elementor-element-7880e3b2 elementor-widget elementor-widget-text-editor\" data-id=\"7880e3b2\" data-element_type=\"widget\" data-e-type=\"widget\" data-widget_type=\"text-editor.default\">\n\t\t\t\t<div class=\"elementor-widget-container\">\n\t\t\t\t\t\t\t\t\t<p>Jerry's Restaurant and Brewery | Amaliegade 2 | 9900 Frederikshavn | +45 98 42 86 00 | <a title=\"Jerry&#039;s Restaurant and Brewery\" href=\"https:\/\/www.jerrys.dk\/\" target=\"_blank\" rel=\"noopener\">www.jerrys.dk<\/a><\/p>\t\t\t\t\t\t\t\t<\/div>\n\t\t\t\t<\/div>\n\t\t\t\t\t<\/div>\n\t\t<\/div>\n\t\t\t\t\t<\/div>\n\t\t<\/section>\n\t\t<div class=\"elementor-element elementor-element-221cc2b7 e-flex e-con-boxed e-con e-parent\" data-id=\"221cc2b7\" data-element_type=\"container\" data-e-type=\"container\">\n\t\t\t\t\t<div class=\"e-con-inner\">\n\t\t\t\t<div class=\"elementor-element elementor-element-3ab6b725 elementor-widget elementor-widget-gallery\" data-id=\"3ab6b725\" data-element_type=\"widget\" data-e-type=\"widget\" data-settings=\"{&quot;gallery_layout&quot;:&quot;masonry&quot;,&quot;lazyload&quot;:&quot;yes&quot;,&quot;columns&quot;:4,&quot;columns_tablet&quot;:2,&quot;columns_mobile&quot;:1,&quot;gap&quot;:{&quot;unit&quot;:&quot;px&quot;,&quot;size&quot;:10,&quot;sizes&quot;:[]},&quot;gap_tablet&quot;:{&quot;unit&quot;:&quot;px&quot;,&quot;size&quot;:10,&quot;sizes&quot;:[]},&quot;gap_mobile&quot;:{&quot;unit&quot;:&quot;px&quot;,&quot;size&quot;:10,&quot;sizes&quot;:[]},&quot;link_to&quot;:&quot;file&quot;,&quot;overlay_background&quot;:&quot;yes&quot;,&quot;content_hover_animation&quot;:&quot;fade-in&quot;}\" data-widget_type=\"gallery.default\">\n\t\t\t\t<div class=\"elementor-widget-container\">\n\t\t\t\t\t\t\t<div class=\"elementor-gallery__container\">\n\t\t\t\t\t\t\t<a class=\"e-gallery-item elementor-gallery-item elementor-animated-content\" href=\"https:\/\/i0.wp.com\/toppenafdanmark.dk\/wp-content\/uploads\/2025\/10\/300x300-Jerrys-og-Bryghuset-Frederikshavn-flaeskestegsburger.webp?fit=300%2C300&#038;ssl=1\" data-elementor-open-lightbox=\"yes\" data-elementor-lightbox-slideshow=\"3ab6b725\" data-elementor-lightbox-title=\"300x300 Jerrys og Bryghuset Frederikshavn fl\u00e6skestegsburger\" data-e-action-hash=\"#elementor-action%3Aaction%3Dlightbox%26settings%3DeyJpZCI6NTk5OSwidXJsIjoiaHR0cHM6XC9cL3RvcHBlbmFmZGFubWFyay5ka1wvd3AtY29udGVudFwvdXBsb2Fkc1wvMjAyNVwvMTBcLzMwMHgzMDAtSmVycnlzLW9nLUJyeWdodXNldC1GcmVkZXJpa3NoYXZuLWZsYWVza2VzdGVnc2J1cmdlci53ZWJwIiwic2xpZGVzaG93IjoiM2FiNmI3MjUifQ%3D%3D\">\n\t\t\t\t\t<div class=\"e-gallery-image elementor-gallery-item__image\" data-thumbnail=\"https:\/\/i0.wp.com\/toppenafdanmark.dk\/wp-content\/uploads\/2025\/10\/300x300-Jerrys-og-Bryghuset-Frederikshavn-flaeskestegsburger.webp?fit=300%2C300&amp;ssl=1\" data-width=\"300\" data-height=\"300\" aria-label=\"\" role=\"img\" ><\/div>\n\t\t\t\t\t\t\t\t\t\t\t<div class=\"elementor-gallery-item__overlay\"><\/div>\n\t\t\t\t\t\t\t\t\t\t\t\t\t\t<\/a>\n\t\t\t\t\t\t\t<a class=\"e-gallery-item elementor-gallery-item elementor-animated-content\" href=\"https:\/\/i0.wp.com\/toppenafdanmark.dk\/wp-content\/uploads\/2025\/10\/300x300-Jerrys-og-Bryghuset-Frederikshavn-indendoers.webp?fit=300%2C300&#038;ssl=1\" data-elementor-open-lightbox=\"yes\" data-elementor-lightbox-slideshow=\"3ab6b725\" data-elementor-lightbox-title=\"300x300 Jerrys og Bryghuset Frederikshavn indend\u00f8rs\" data-e-action-hash=\"#elementor-action%3Aaction%3Dlightbox%26settings%3DeyJpZCI6NjAwMCwidXJsIjoiaHR0cHM6XC9cL3RvcHBlbmFmZGFubWFyay5ka1wvd3AtY29udGVudFwvdXBsb2Fkc1wvMjAyNVwvMTBcLzMwMHgzMDAtSmVycnlzLW9nLUJyeWdodXNldC1GcmVkZXJpa3NoYXZuLWluZGVuZG9lcnMud2VicCIsInNsaWRlc2hvdyI6IjNhYjZiNzI1In0%3D\">\n\t\t\t\t\t<div class=\"e-gallery-image elementor-gallery-item__image\" data-thumbnail=\"https:\/\/i0.wp.com\/toppenafdanmark.dk\/wp-content\/uploads\/2025\/10\/300x300-Jerrys-og-Bryghuset-Frederikshavn-indendoers.webp?fit=300%2C300&amp;ssl=1\" data-width=\"300\" data-height=\"300\" aria-label=\"\" role=\"img\" ><\/div>\n\t\t\t\t\t\t\t\t\t\t\t<div class=\"elementor-gallery-item__overlay\"><\/div>\n\t\t\t\t\t\t\t\t\t\t\t\t\t\t<\/a>\n\t\t\t\t\t\t\t<a class=\"e-gallery-item elementor-gallery-item elementor-animated-content\" href=\"https:\/\/i0.wp.com\/toppenafdanmark.dk\/wp-content\/uploads\/2025\/10\/300x300-Jerrys-og-Bryghuset-Frederikshavn-interioer.webp?fit=300%2C300&#038;ssl=1\" data-elementor-open-lightbox=\"yes\" data-elementor-lightbox-slideshow=\"3ab6b725\" data-elementor-lightbox-title=\"300x300 Jerrys og Bryghuset Frederikshavn interi\u00f8r\" data-e-action-hash=\"#elementor-action%3Aaction%3Dlightbox%26settings%3DeyJpZCI6NjAwMSwidXJsIjoiaHR0cHM6XC9cL3RvcHBlbmFmZGFubWFyay5ka1wvd3AtY29udGVudFwvdXBsb2Fkc1wvMjAyNVwvMTBcLzMwMHgzMDAtSmVycnlzLW9nLUJyeWdodXNldC1GcmVkZXJpa3NoYXZuLWludGVyaW9lci53ZWJwIiwic2xpZGVzaG93IjoiM2FiNmI3MjUifQ%3D%3D\">\n\t\t\t\t\t<div class=\"e-gallery-image elementor-gallery-item__image\" data-thumbnail=\"https:\/\/i0.wp.com\/toppenafdanmark.dk\/wp-content\/uploads\/2025\/10\/300x300-Jerrys-og-Bryghuset-Frederikshavn-interioer.webp?fit=300%2C300&amp;ssl=1\" data-width=\"300\" data-height=\"300\" aria-label=\"\" role=\"img\" ><\/div>\n\t\t\t\t\t\t\t\t\t\t\t<div class=\"elementor-gallery-item__overlay\"><\/div>\n\t\t\t\t\t\t\t\t\t\t\t\t\t\t<\/a>\n\t\t\t\t\t\t\t<a class=\"e-gallery-item elementor-gallery-item elementor-animated-content\" href=\"https:\/\/i0.wp.com\/toppenafdanmark.dk\/wp-content\/uploads\/2025\/10\/300x300-Jerrys-og-Bryghuset-Frederikshavn-taco-og-carne.webp?fit=300%2C300&#038;ssl=1\" data-elementor-open-lightbox=\"yes\" data-elementor-lightbox-slideshow=\"3ab6b725\" data-elementor-lightbox-title=\"300x300 Jerrys og Bryghuset Frederikshavn taco og carne\" data-e-action-hash=\"#elementor-action%3Aaction%3Dlightbox%26settings%3DeyJpZCI6NjAwMiwidXJsIjoiaHR0cHM6XC9cL3RvcHBlbmFmZGFubWFyay5ka1wvd3AtY29udGVudFwvdXBsb2Fkc1wvMjAyNVwvMTBcLzMwMHgzMDAtSmVycnlzLW9nLUJyeWdodXNldC1GcmVkZXJpa3NoYXZuLXRhY28tb2ctY2FybmUud2VicCIsInNsaWRlc2hvdyI6IjNhYjZiNzI1In0%3D\">\n\t\t\t\t\t<div class=\"e-gallery-image elementor-gallery-item__image\" data-thumbnail=\"https:\/\/i0.wp.com\/toppenafdanmark.dk\/wp-content\/uploads\/2025\/10\/300x300-Jerrys-og-Bryghuset-Frederikshavn-taco-og-carne.webp?fit=300%2C300&amp;ssl=1\" data-width=\"300\" data-height=\"300\" aria-label=\"\" role=\"img\" ><\/div>\n\t\t\t\t\t\t\t\t\t\t\t<div class=\"elementor-gallery-item__overlay\"><\/div>\n\t\t\t\t\t\t\t\t\t\t\t\t\t\t<\/a>\n\t\t\t\t\t\t\t<a class=\"e-gallery-item elementor-gallery-item elementor-animated-content\" href=\"https:\/\/i0.wp.com\/toppenafdanmark.dk\/wp-content\/uploads\/2025\/10\/300x300-Jerrys-og-Bryghuset-Frederikshavn-brunch.webp?fit=300%2C300&#038;ssl=1\" data-elementor-open-lightbox=\"yes\" data-elementor-lightbox-slideshow=\"3ab6b725\" data-elementor-lightbox-title=\"300x300 Jerrys og Bryghuset Frederikshavn brunch\" data-e-action-hash=\"#elementor-action%3Aaction%3Dlightbox%26settings%3DeyJpZCI6NjAwMywidXJsIjoiaHR0cHM6XC9cL3RvcHBlbmFmZGFubWFyay5ka1wvd3AtY29udGVudFwvdXBsb2Fkc1wvMjAyNVwvMTBcLzMwMHgzMDAtSmVycnlzLW9nLUJyeWdodXNldC1GcmVkZXJpa3NoYXZuLWJydW5jaC53ZWJwIiwic2xpZGVzaG93IjoiM2FiNmI3MjUifQ%3D%3D\">\n\t\t\t\t\t<div class=\"e-gallery-image elementor-gallery-item__image\" data-thumbnail=\"https:\/\/i0.wp.com\/toppenafdanmark.dk\/wp-content\/uploads\/2025\/10\/300x300-Jerrys-og-Bryghuset-Frederikshavn-brunch.webp?fit=300%2C300&amp;ssl=1\" data-width=\"300\" data-height=\"300\" aria-label=\"\" role=\"img\" ><\/div>\n\t\t\t\t\t\t\t\t\t\t\t<div class=\"elementor-gallery-item__overlay\"><\/div>\n\t\t\t\t\t\t\t\t\t\t\t\t\t\t<\/a>\n\t\t\t\t\t\t\t<a class=\"e-gallery-item elementor-gallery-item elementor-animated-content\" href=\"https:\/\/i0.wp.com\/toppenafdanmark.dk\/wp-content\/uploads\/2025\/10\/300x300-Jerrys-og-Bryghuset-Frederikshavn-burger.webp?fit=300%2C300&#038;ssl=1\" data-elementor-open-lightbox=\"yes\" data-elementor-lightbox-slideshow=\"3ab6b725\" data-elementor-lightbox-title=\"300x300 Jerrys og Bryghuset Frederikshavn burger\" data-e-action-hash=\"#elementor-action%3Aaction%3Dlightbox%26settings%3DeyJpZCI6NjAwNCwidXJsIjoiaHR0cHM6XC9cL3RvcHBlbmFmZGFubWFyay5ka1wvd3AtY29udGVudFwvdXBsb2Fkc1wvMjAyNVwvMTBcLzMwMHgzMDAtSmVycnlzLW9nLUJyeWdodXNldC1GcmVkZXJpa3NoYXZuLWJ1cmdlci53ZWJwIiwic2xpZGVzaG93IjoiM2FiNmI3MjUifQ%3D%3D\">\n\t\t\t\t\t<div class=\"e-gallery-image elementor-gallery-item__image\" data-thumbnail=\"https:\/\/i0.wp.com\/toppenafdanmark.dk\/wp-content\/uploads\/2025\/10\/300x300-Jerrys-og-Bryghuset-Frederikshavn-burger.webp?fit=300%2C300&amp;ssl=1\" data-width=\"300\" data-height=\"300\" aria-label=\"\" role=\"img\" ><\/div>\n\t\t\t\t\t\t\t\t\t\t\t<div class=\"elementor-gallery-item__overlay\"><\/div>\n\t\t\t\t\t\t\t\t\t\t\t\t\t\t<\/a>\n\t\t\t\t\t\t\t<a class=\"e-gallery-item elementor-gallery-item elementor-animated-content\" href=\"https:\/\/i0.wp.com\/toppenafdanmark.dk\/wp-content\/uploads\/2025\/10\/300x300-Jerrys-og-Bryghuset-Frederikshavn-drinks.webp?fit=300%2C300&#038;ssl=1\" data-elementor-open-lightbox=\"yes\" data-elementor-lightbox-slideshow=\"3ab6b725\" data-elementor-lightbox-title=\"300x300 Jerrys og Bryghuset Frederikshavn drinks\" data-e-action-hash=\"#elementor-action%3Aaction%3Dlightbox%26settings%3DeyJpZCI6NjAwNSwidXJsIjoiaHR0cHM6XC9cL3RvcHBlbmFmZGFubWFyay5ka1wvd3AtY29udGVudFwvdXBsb2Fkc1wvMjAyNVwvMTBcLzMwMHgzMDAtSmVycnlzLW9nLUJyeWdodXNldC1GcmVkZXJpa3NoYXZuLWRyaW5rcy53ZWJwIiwic2xpZGVzaG93IjoiM2FiNmI3MjUifQ%3D%3D\">\n\t\t\t\t\t<div class=\"e-gallery-image elementor-gallery-item__image\" data-thumbnail=\"https:\/\/i0.wp.com\/toppenafdanmark.dk\/wp-content\/uploads\/2025\/10\/300x300-Jerrys-og-Bryghuset-Frederikshavn-drinks.webp?fit=300%2C300&amp;ssl=1\" data-width=\"300\" data-height=\"300\" aria-label=\"\" role=\"img\" ><\/div>\n\t\t\t\t\t\t\t\t\t\t\t<div class=\"elementor-gallery-item__overlay\"><\/div>\n\t\t\t\t\t\t\t\t\t\t\t\t\t\t<\/a>\n\t\t\t\t\t\t\t<a class=\"e-gallery-item elementor-gallery-item elementor-animated-content\" href=\"https:\/\/i0.wp.com\/toppenafdanmark.dk\/wp-content\/uploads\/2025\/10\/300x300-Jerrys-og-Bryghuset-Frederikshavn-facade.webp?fit=300%2C300&#038;ssl=1\" data-elementor-open-lightbox=\"yes\" data-elementor-lightbox-slideshow=\"3ab6b725\" data-elementor-lightbox-title=\"300x300 Jerrys og Bryghuset Frederikshavn facade\" data-e-action-hash=\"#elementor-action%3Aaction%3Dlightbox%26settings%3DeyJpZCI6NjAwNywidXJsIjoiaHR0cHM6XC9cL3RvcHBlbmFmZGFubWFyay5ka1wvd3AtY29udGVudFwvdXBsb2Fkc1wvMjAyNVwvMTBcLzMwMHgzMDAtSmVycnlzLW9nLUJyeWdodXNldC1GcmVkZXJpa3NoYXZuLWZhY2FkZS53ZWJwIiwic2xpZGVzaG93IjoiM2FiNmI3MjUifQ%3D%3D\">\n\t\t\t\t\t<div class=\"e-gallery-image elementor-gallery-item__image\" data-thumbnail=\"https:\/\/i0.wp.com\/toppenafdanmark.dk\/wp-content\/uploads\/2025\/10\/300x300-Jerrys-og-Bryghuset-Frederikshavn-facade.webp?fit=300%2C300&amp;ssl=1\" data-width=\"300\" data-height=\"300\" aria-label=\"\" role=\"img\" ><\/div>\n\t\t\t\t\t\t\t\t\t\t\t<div class=\"elementor-gallery-item__overlay\"><\/div>\n\t\t\t\t\t\t\t\t\t\t\t\t\t\t<\/a>\n\t\t\t\t\t<\/div>\n\t\t\t\t\t<\/div>\n\t\t\t\t<\/div>\n\t\t\t\t\t<\/div>\n\t\t\t\t<\/div>\n\t\t\t\t<\/div>","protected":false},"excerpt":{"rendered":"<p>Jerry\u2019s Restaurant &amp; Bryghus Smag oplevelsen p\u00e5 Jerry\u2019s Restaurant \u2013 \u00e6gte grillstemning i Frederikshavn Hos Jerry\u2019s Restaurant &amp; Bryghus handler det om god mad og god stemning. Menuen byder p\u00e5 [&hellip;]<\/p>\n","protected":false},"author":266444217,"featured_media":5995,"parent":0,"menu_order":0,"comment_status":"closed","ping_status":"closed","template":"","meta":{"_crdt_document":"","jetpack_post_was_ever_published":false,"footnotes":""},"folder":[1387],"class_list":["post-5991","page","type-page","status-publish","has-post-thumbnail","hentry"],"jetpack_sharing_enabled":true,"jetpack_shortlink":"https:\/\/wp.me\/PgDlef-1yD","_links":{"self":[{"href":"https:\/\/toppenafdanmark.dk\/en\/wp-json\/wp\/v2\/pages\/5991","targetHints":{"allow":["GET"]}}],"collection":[{"href":"https:\/\/toppenafdanmark.dk\/en\/wp-json\/wp\/v2\/pages"}],"about":[{"href":"https:\/\/toppenafdanmark.dk\/en\/wp-json\/wp\/v2\/types\/page"}],"author":[{"embeddable":true,"href":"https:\/\/toppenafdanmark.dk\/en\/wp-json\/wp\/v2\/users\/266444217"}],"replies":[{"embeddable":true,"href":"https:\/\/toppenafdanmark.dk\/en\/wp-json\/wp\/v2\/comments?post=5991"}],"version-history":[{"count":13,"href":"https:\/\/toppenafdanmark.dk\/en\/wp-json\/wp\/v2\/pages\/5991\/revisions"}],"predecessor-version":[{"id":6020,"href":"https:\/\/toppenafdanmark.dk\/en\/wp-json\/wp\/v2\/pages\/5991\/revisions\/6020"}],"wp:featuredmedia":[{"embeddable":true,"href":"https:\/\/toppenafdanmark.dk\/en\/wp-json\/wp\/v2\/media\/5995"}],"wp:attachment":[{"href":"https:\/\/toppenafdanmark.dk\/en\/wp-json\/wp\/v2\/media?parent=5991"}],"wp:term":[{"taxonomy":"folder","embeddable":true,"href":"https:\/\/toppenafdanmark.dk\/en\/wp-json\/wp\/v2\/folder?post=5991"}],"curies":[{"name":"wp","href":"https:\/\/api.w.org\/{rel}","templated":true}]}}