{"id":6219,"date":"2025-10-15T13:05:52","date_gmt":"2025-10-15T11:05:52","guid":{"rendered":"https:\/\/toppenafdanmark.dk\/?page_id=6219"},"modified":"2025-11-24T09:40:03","modified_gmt":"2025-11-24T08:40:03","slug":"det-graa-fyr","status":"publish","type":"page","link":"https:\/\/toppenafdanmark.dk\/en\/det-graa-fyr\/","title":{"rendered":"The Grey Lighthouse"},"content":{"rendered":"<div data-elementor-type=\"wp-page\" data-elementor-id=\"6219\" class=\"elementor elementor-6219\" data-elementor-post-type=\"page\">\n\t\t\t\t<div class=\"elementor-element elementor-element-7709ba53 e-con-full e-flex e-con e-parent\" data-id=\"7709ba53\" data-element_type=\"container\" data-e-type=\"container\" data-settings=\"{&quot;background_background&quot;:&quot;classic&quot;}\">\n\t\t<div class=\"elementor-element elementor-element-43cd2294 e-con-full elementor-hidden-mobile e-flex e-con e-child\" data-id=\"43cd2294\" data-element_type=\"container\" data-e-type=\"container\" data-settings=\"{&quot;background_background&quot;:&quot;classic&quot;}\">\n\t\t\t\t<\/div>\n\t\t<div class=\"elementor-element elementor-element-39227f6b e-con-full e-flex e-con e-child\" data-id=\"39227f6b\" data-element_type=\"container\" data-e-type=\"container\" data-settings=\"{&quot;background_background&quot;:&quot;classic&quot;}\">\n\t\t\t\t<\/div>\n\t\t<div class=\"elementor-element elementor-element-6a52fa55 e-con-full elementor-hidden-mobile e-flex e-con e-child\" data-id=\"6a52fa55\" data-element_type=\"container\" data-e-type=\"container\" data-settings=\"{&quot;background_background&quot;:&quot;classic&quot;}\">\n\t\t\t\t<\/div>\n\t\t\t\t<\/div>\n\t\t\t\t<section class=\"elementor-section elementor-top-section elementor-element elementor-element-470f4a2f elementor-section-boxed elementor-section-height-default elementor-section-height-default\" data-id=\"470f4a2f\" data-element_type=\"section\" data-e-type=\"section\">\n\t\t\t\t\t\t<div class=\"elementor-container elementor-column-gap-no\">\n\t\t\t\t\t<div class=\"elementor-column elementor-col-100 elementor-top-column elementor-element elementor-element-35c97949\" data-id=\"35c97949\" data-element_type=\"column\" data-e-type=\"column\">\n\t\t\t<div class=\"elementor-widget-wrap elementor-element-populated\">\n\t\t\t\t\t\t<div class=\"elementor-element elementor-element-19436ed3 elementor-widget elementor-widget-heading\" data-id=\"19436ed3\" data-element_type=\"widget\" data-e-type=\"widget\" data-widget_type=\"heading.default\">\n\t\t\t\t<div class=\"elementor-widget-container\">\n\t\t\t\t\t<h2 class=\"elementor-heading-title elementor-size-default\">The Grey Lighthouse<\/h2>\t\t\t\t<\/div>\n\t\t\t\t<\/div>\n\t\t\t\t<div class=\"elementor-element elementor-element-75205df8 elementor-widget-divider--view-line elementor-widget elementor-widget-divider\" data-id=\"75205df8\" data-element_type=\"widget\" data-e-type=\"widget\" data-widget_type=\"divider.default\">\n\t\t\t\t<div class=\"elementor-widget-container\">\n\t\t\t\t\t\t\t<div class=\"elementor-divider\">\n\t\t\t<span class=\"elementor-divider-separator\">\n\t\t\t\t\t\t<\/span>\n\t\t<\/div>\n\t\t\t\t\t\t<\/div>\n\t\t\t\t<\/div>\n\t\t\t\t<div class=\"elementor-element elementor-element-35ae038d elementor-widget elementor-widget-text-editor\" data-id=\"35ae038d\" data-element_type=\"widget\" data-e-type=\"widget\" data-widget_type=\"text-editor.default\">\n\t\t\t\t<div class=\"elementor-widget-container\">\n\t\t\t\t\t\t\t\t\t<h4>Historie, t\u00e5rn og udsigt<\/h4><p data-start=\"162\" data-end=\"533\">Det Gr\u00e5 Fyr i Skagen blev opf\u00f8rt i 1858 efter tegning af arkitekten N. S. Nebelong og erstattede det tidligere hvide fyr. Med en h\u00f8jde p\u00e5 46 meter er det Danmarks n\u00e6sth\u00f8jeste fyrt\u00e5rn og har i mere end 160 \u00e5r vist vej for skibstrafikken omkring Skagen Odde og Kattegat. Fyrets arkitektur er enkel og robust, bygget i blank mursten uden maling \u2013 heraf navnet Det Gr\u00e5 Fyr.<\/p><p data-start=\"535\" data-end=\"960\">I dag kan bes\u00f8gende tage turen op ad de 210 trin til toppen af t\u00e5rnet og nyde den storsl\u00e5ede panoramaudsigt over Skagen, Grenen og de to have, der m\u00f8des ved Danmarks nordligste punkt. I fyrmesterboligen fort\u00e6lles historien om fyrets byggeri, tekniske udvikling og rolle gennem tiderne. Her f\u00e5r man indblik i b\u00e5de s\u00f8fartens og omr\u00e5dets historie, og man fornemmer stadig den stemning, som har pr\u00e6get stedet siden 1800-tallet.<\/p><p data-start=\"962\" data-end=\"1274\">Efter en omfattende restaurering st\u00e5r Det Gr\u00e5 Fyr i dag som et fredet kulturhistorisk monument og et moderne bes\u00f8gscenter. Fyret er \u00e5bent for g\u00e6ster det meste af \u00e5ret, og et bes\u00f8g p\u00e5 toppen er en uforglemmelig oplevelse, hvor man kan se s\u00e5 langt, \u00f8jet r\u00e6kker \u2013 ud over hav, klitter og Skagens enest\u00e5ende natur.<\/p>\t\t\t\t\t\t\t\t<\/div>\n\t\t\t\t<\/div>\n\t\t\t\t<section class=\"elementor-section elementor-inner-section elementor-element elementor-element-220d6f04 elementor-section-boxed elementor-section-height-default elementor-section-height-default\" data-id=\"220d6f04\" data-element_type=\"section\" data-e-type=\"section\">\n\t\t\t\t\t\t<div class=\"elementor-container elementor-column-gap-no\">\n\t\t\t\t\t<div class=\"elementor-column elementor-col-50 elementor-inner-column elementor-element elementor-element-1bc907\" data-id=\"1bc907\" data-element_type=\"column\" data-e-type=\"column\">\n\t\t\t<div class=\"elementor-widget-wrap elementor-element-populated\">\n\t\t\t\t\t\t<div class=\"elementor-element elementor-element-1be9bc4e elementor-widget elementor-widget-image\" data-id=\"1be9bc4e\" data-element_type=\"widget\" data-e-type=\"widget\" data-widget_type=\"image.default\">\n\t\t\t\t<div class=\"elementor-widget-container\">\n\t\t\t\t\t\t\t\t\t\t\t\t\t\t\t<img fetchpriority=\"high\" decoding=\"async\" data-attachment-id=\"6224\" data-permalink=\"https:\/\/toppenafdanmark.dk\/en\/det-graa-fyr\/det-graa-fyr-1024x1024-1\/\" data-orig-file=\"https:\/\/i0.wp.com\/toppenafdanmark.dk\/wp-content\/uploads\/2025\/10\/Det-Graa-Fyr-1024x1024-1.webp?fit=1024%2C1024&amp;ssl=1\" data-orig-size=\"1024,1024\" data-comments-opened=\"0\" data-image-meta=\"{&quot;aperture&quot;:&quot;0&quot;,&quot;credit&quot;:&quot;&quot;,&quot;camera&quot;:&quot;&quot;,&quot;caption&quot;:&quot;&quot;,&quot;created_timestamp&quot;:&quot;0&quot;,&quot;copyright&quot;:&quot;&quot;,&quot;focal_length&quot;:&quot;0&quot;,&quot;iso&quot;:&quot;0&quot;,&quot;shutter_speed&quot;:&quot;0&quot;,&quot;title&quot;:&quot;&quot;,&quot;orientation&quot;:&quot;0&quot;}\" data-image-title=\"Det Gr\u00e5 Fyr 1024&amp;#215;1024 1\" data-image-description=\"\" data-image-caption=\"\" data-large-file=\"https:\/\/i0.wp.com\/toppenafdanmark.dk\/wp-content\/uploads\/2025\/10\/Det-Graa-Fyr-1024x1024-1.webp?fit=800%2C800&amp;ssl=1\" width=\"800\" height=\"800\" src=\"https:\/\/i0.wp.com\/toppenafdanmark.dk\/wp-content\/uploads\/2025\/10\/Det-Graa-Fyr-1024x1024-1.webp?fit=800%2C800&amp;ssl=1\" class=\"attachment-large size-large wp-image-6224\" alt=\"Udstilling med udstoppede fugle p\u00e5 Det Gr\u00e5 Fyr i Skagen \u2013 formidling af fugleliv og natur ved Grenen.\" srcset=\"https:\/\/i0.wp.com\/toppenafdanmark.dk\/wp-content\/uploads\/2025\/10\/Det-Graa-Fyr-1024x1024-1.webp?w=1024&amp;ssl=1 1024w, https:\/\/i0.wp.com\/toppenafdanmark.dk\/wp-content\/uploads\/2025\/10\/Det-Graa-Fyr-1024x1024-1.webp?resize=300%2C300&amp;ssl=1 300w, https:\/\/i0.wp.com\/toppenafdanmark.dk\/wp-content\/uploads\/2025\/10\/Det-Graa-Fyr-1024x1024-1.webp?resize=150%2C150&amp;ssl=1 150w, https:\/\/i0.wp.com\/toppenafdanmark.dk\/wp-content\/uploads\/2025\/10\/Det-Graa-Fyr-1024x1024-1.webp?resize=768%2C768&amp;ssl=1 768w, https:\/\/i0.wp.com\/toppenafdanmark.dk\/wp-content\/uploads\/2025\/10\/Det-Graa-Fyr-1024x1024-1.webp?resize=12%2C12&amp;ssl=1 12w\" sizes=\"(max-width: 800px) 100vw, 800px\" \/>\t\t\t\t\t\t\t\t\t\t\t\t\t\t\t<\/div>\n\t\t\t\t<\/div>\n\t\t\t\t\t<\/div>\n\t\t<\/div>\n\t\t\t\t<div class=\"elementor-column elementor-col-50 elementor-inner-column elementor-element elementor-element-d69453\" data-id=\"d69453\" data-element_type=\"column\" data-e-type=\"column\">\n\t\t\t<div class=\"elementor-widget-wrap elementor-element-populated\">\n\t\t\t\t\t\t<div class=\"elementor-element elementor-element-17ca4859 elementor-widget elementor-widget-image\" data-id=\"17ca4859\" data-element_type=\"widget\" data-e-type=\"widget\" data-widget_type=\"image.default\">\n\t\t\t\t<div class=\"elementor-widget-container\">\n\t\t\t\t\t\t\t\t\t\t\t\t\t\t\t<img decoding=\"async\" data-attachment-id=\"6225\" data-permalink=\"https:\/\/toppenafdanmark.dk\/en\/det-graa-fyr\/det-graa-fyr-1024x1024-2\/\" data-orig-file=\"https:\/\/i0.wp.com\/toppenafdanmark.dk\/wp-content\/uploads\/2025\/10\/Det-Graa-Fyr-1024x1024-2.webp?fit=1024%2C1024&amp;ssl=1\" data-orig-size=\"1024,1024\" data-comments-opened=\"0\" data-image-meta=\"{&quot;aperture&quot;:&quot;0&quot;,&quot;credit&quot;:&quot;&quot;,&quot;camera&quot;:&quot;&quot;,&quot;caption&quot;:&quot;&quot;,&quot;created_timestamp&quot;:&quot;0&quot;,&quot;copyright&quot;:&quot;&quot;,&quot;focal_length&quot;:&quot;0&quot;,&quot;iso&quot;:&quot;0&quot;,&quot;shutter_speed&quot;:&quot;0&quot;,&quot;title&quot;:&quot;&quot;,&quot;orientation&quot;:&quot;0&quot;}\" data-image-title=\"Det Gr\u00e5 Fyr 1024&amp;#215;1024 2\" data-image-description=\"\" data-image-caption=\"\" data-large-file=\"https:\/\/i0.wp.com\/toppenafdanmark.dk\/wp-content\/uploads\/2025\/10\/Det-Graa-Fyr-1024x1024-2.webp?fit=800%2C800&amp;ssl=1\" width=\"800\" height=\"800\" src=\"https:\/\/i0.wp.com\/toppenafdanmark.dk\/wp-content\/uploads\/2025\/10\/Det-Graa-Fyr-1024x1024-2.webp?fit=800%2C800&amp;ssl=1\" class=\"attachment-large size-large wp-image-6225\" alt=\"Udsigt fra toppen af Det Gr\u00e5 Fyr i Skagen over stranden og havet \u2013 popul\u00e6r attraktion med panoramaudsigt.\" srcset=\"https:\/\/i0.wp.com\/toppenafdanmark.dk\/wp-content\/uploads\/2025\/10\/Det-Graa-Fyr-1024x1024-2.webp?w=1024&amp;ssl=1 1024w, https:\/\/i0.wp.com\/toppenafdanmark.dk\/wp-content\/uploads\/2025\/10\/Det-Graa-Fyr-1024x1024-2.webp?resize=300%2C300&amp;ssl=1 300w, https:\/\/i0.wp.com\/toppenafdanmark.dk\/wp-content\/uploads\/2025\/10\/Det-Graa-Fyr-1024x1024-2.webp?resize=150%2C150&amp;ssl=1 150w, https:\/\/i0.wp.com\/toppenafdanmark.dk\/wp-content\/uploads\/2025\/10\/Det-Graa-Fyr-1024x1024-2.webp?resize=768%2C768&amp;ssl=1 768w, https:\/\/i0.wp.com\/toppenafdanmark.dk\/wp-content\/uploads\/2025\/10\/Det-Graa-Fyr-1024x1024-2.webp?resize=12%2C12&amp;ssl=1 12w\" sizes=\"(max-width: 800px) 100vw, 800px\" \/>\t\t\t\t\t\t\t\t\t\t\t\t\t\t\t<\/div>\n\t\t\t\t<\/div>\n\t\t\t\t\t<\/div>\n\t\t<\/div>\n\t\t\t\t\t<\/div>\n\t\t<\/section>\n\t\t\t\t<div class=\"elementor-element elementor-element-7086ebf7 elementor-widget elementor-widget-text-editor\" data-id=\"7086ebf7\" data-element_type=\"widget\" data-e-type=\"widget\" data-widget_type=\"text-editor.default\">\n\t\t\t\t<div class=\"elementor-widget-container\">\n\t\t\t\t\t\t\t\t\t<h4>Vingeslag og fugleliv ved Det Gr\u00e5 Fyr<\/h4><p data-start=\"1325\" data-end=\"1669\">Bag murene i fyrmesterboligen gemmer sig et levende formidlingscenter med fokus p\u00e5 fugletr\u00e6k, natur og de mange bevingede g\u00e6ster, der passerer Skagen hvert \u00e5r. Her kan man opleve udstillingen \u201cVingeslag\u201d, hvor lyd, billeder og interaktive elementer fort\u00e6ller historien om fuglenes rejser, deres tilpasninger og det unikke fugleliv ved Grenen.<\/p><p data-start=\"1671\" data-end=\"1981\">Skagen er et af Nordeuropas bedste steder at opleve tr\u00e6kfugle, og hvert for\u00e5r og efter\u00e5r passerer tusindvis af rovfugle, sm\u00e5fugle og havfugle omr\u00e5det. I tilknytning til fyret arbejder Skagen Fuglestation med at observere, registrere og ringm\u00e6rke fugle, og bes\u00f8gende kan ofte f\u00f8lge med i arbejdet p\u00e5 t\u00e6t hold.<\/p><p data-start=\"1983\" data-end=\"2276\">Udstillingen giver b\u00e5de b\u00f8rn og voksne en dybere forst\u00e5else af naturens sammenh\u00e6nge og de kr\u00e6fter, der driver fuglenes imponerende rejser. Det Gr\u00e5 Fyr er i dag et samlingspunkt for naturformidling, viden og oplevelser \u2013 et sted, hvor man kommer t\u00e6t p\u00e5 b\u00e5de himlen, havet og livet mellem dem.<\/p>\t\t\t\t\t\t\t\t<\/div>\n\t\t\t\t<\/div>\n\t\t\t\t<div class=\"elementor-element elementor-element-28f209a4 elementor-widget-divider--view-line elementor-widget elementor-widget-divider\" data-id=\"28f209a4\" data-element_type=\"widget\" data-e-type=\"widget\" data-widget_type=\"divider.default\">\n\t\t\t\t<div class=\"elementor-widget-container\">\n\t\t\t\t\t\t\t<div class=\"elementor-divider\">\n\t\t\t<span class=\"elementor-divider-separator\">\n\t\t\t\t\t\t<\/span>\n\t\t<\/div>\n\t\t\t\t\t\t<\/div>\n\t\t\t\t<\/div>\n\t\t\t\t<div class=\"elementor-element elementor-element-3e452da elementor-widget elementor-widget-text-editor\" data-id=\"3e452da\" data-element_type=\"widget\" data-e-type=\"widget\" data-widget_type=\"text-editor.default\">\n\t\t\t\t<div class=\"elementor-widget-container\">\n\t\t\t\t\t\t\t\t\t<p>Det Gr\u00e5 Fyr | Fyrvej 36 | 9990 Skagen | +45 72 10 90 11 | <a title=\"The Grey Lighthouse\" href=\"https:\/\/www.detgraafyr.dk\/\" target=\"_blank\" rel=\"noopener\">www.detgraafyr.dk<\/a><\/p>\t\t\t\t\t\t\t\t<\/div>\n\t\t\t\t<\/div>\n\t\t\t\t\t<\/div>\n\t\t<\/div>\n\t\t\t\t\t<\/div>\n\t\t<\/section>\n\t\t<div class=\"elementor-element elementor-element-2bb28daf e-flex e-con-boxed e-con e-parent\" data-id=\"2bb28daf\" data-element_type=\"container\" data-e-type=\"container\">\n\t\t\t\t\t<div class=\"e-con-inner\">\n\t\t\t\t<div class=\"elementor-element elementor-element-46f60715 elementor-widget elementor-widget-gallery\" data-id=\"46f60715\" data-element_type=\"widget\" data-e-type=\"widget\" data-settings=\"{&quot;gallery_layout&quot;:&quot;masonry&quot;,&quot;lazyload&quot;:&quot;yes&quot;,&quot;columns&quot;:4,&quot;columns_tablet&quot;:2,&quot;columns_mobile&quot;:1,&quot;gap&quot;:{&quot;unit&quot;:&quot;px&quot;,&quot;size&quot;:10,&quot;sizes&quot;:[]},&quot;gap_tablet&quot;:{&quot;unit&quot;:&quot;px&quot;,&quot;size&quot;:10,&quot;sizes&quot;:[]},&quot;gap_mobile&quot;:{&quot;unit&quot;:&quot;px&quot;,&quot;size&quot;:10,&quot;sizes&quot;:[]},&quot;link_to&quot;:&quot;file&quot;,&quot;overlay_background&quot;:&quot;yes&quot;,&quot;content_hover_animation&quot;:&quot;fade-in&quot;}\" data-widget_type=\"gallery.default\">\n\t\t\t\t<div class=\"elementor-widget-container\">\n\t\t\t\t\t\t\t<div class=\"elementor-gallery__container\">\n\t\t\t\t\t\t\t<a class=\"e-gallery-item elementor-gallery-item elementor-animated-content\" href=\"https:\/\/i0.wp.com\/toppenafdanmark.dk\/wp-content\/uploads\/2025\/10\/Det-graa-fyr-300x300-1.webp?fit=300%2C300&#038;ssl=1\" data-elementor-open-lightbox=\"yes\" data-elementor-lightbox-slideshow=\"46f60715\" data-elementor-lightbox-title=\"Det gr\u00e5 fyr 300x300 1\" data-e-action-hash=\"#elementor-action%3Aaction%3Dlightbox%26settings%3DeyJpZCI6NjIzMCwidXJsIjoiaHR0cHM6XC9cL3RvcHBlbmFmZGFubWFyay5ka1wvd3AtY29udGVudFwvdXBsb2Fkc1wvMjAyNVwvMTBcL0RldC1ncmFhLWZ5ci0zMDB4MzAwLTEud2VicCIsInNsaWRlc2hvdyI6IjQ2ZjYwNzE1In0%3D\">\n\t\t\t\t\t<div class=\"e-gallery-image elementor-gallery-item__image\" data-thumbnail=\"https:\/\/i0.wp.com\/toppenafdanmark.dk\/wp-content\/uploads\/2025\/10\/Det-graa-fyr-300x300-1.webp?fit=300%2C300&amp;ssl=1\" data-width=\"300\" data-height=\"300\" aria-label=\"\" role=\"img\" ><\/div>\n\t\t\t\t\t\t\t\t\t\t\t<div class=\"elementor-gallery-item__overlay\"><\/div>\n\t\t\t\t\t\t\t\t\t\t\t\t\t\t<\/a>\n\t\t\t\t\t\t\t<a class=\"e-gallery-item elementor-gallery-item elementor-animated-content\" href=\"https:\/\/i0.wp.com\/toppenafdanmark.dk\/wp-content\/uploads\/2025\/10\/Det-Graa-Fyr-300x300-2.webp?fit=300%2C300&#038;ssl=1\" data-elementor-open-lightbox=\"yes\" data-elementor-lightbox-slideshow=\"46f60715\" data-elementor-lightbox-title=\"Det Gr\u00e5 Fyr 300x300 2\" data-e-action-hash=\"#elementor-action%3Aaction%3Dlightbox%26settings%3DeyJpZCI6NjIzMSwidXJsIjoiaHR0cHM6XC9cL3RvcHBlbmFmZGFubWFyay5ka1wvd3AtY29udGVudFwvdXBsb2Fkc1wvMjAyNVwvMTBcL0RldC1HcmFhLUZ5ci0zMDB4MzAwLTIud2VicCIsInNsaWRlc2hvdyI6IjQ2ZjYwNzE1In0%3D\">\n\t\t\t\t\t<div class=\"e-gallery-image elementor-gallery-item__image\" data-thumbnail=\"https:\/\/i0.wp.com\/toppenafdanmark.dk\/wp-content\/uploads\/2025\/10\/Det-Graa-Fyr-300x300-2.webp?fit=300%2C300&amp;ssl=1\" data-width=\"300\" data-height=\"300\" aria-label=\"\" role=\"img\" ><\/div>\n\t\t\t\t\t\t\t\t\t\t\t<div class=\"elementor-gallery-item__overlay\"><\/div>\n\t\t\t\t\t\t\t\t\t\t\t\t\t\t<\/a>\n\t\t\t\t\t\t\t<a class=\"e-gallery-item elementor-gallery-item elementor-animated-content\" href=\"https:\/\/i0.wp.com\/toppenafdanmark.dk\/wp-content\/uploads\/2025\/10\/Det-Graa-Fyr-300x300-3.webp?fit=300%2C300&#038;ssl=1\" data-elementor-open-lightbox=\"yes\" data-elementor-lightbox-slideshow=\"46f60715\" data-elementor-lightbox-title=\"Det Gr\u00e5 Fyr 300x300 3\" data-e-action-hash=\"#elementor-action%3Aaction%3Dlightbox%26settings%3DeyJpZCI6NjIyMywidXJsIjoiaHR0cHM6XC9cL3RvcHBlbmFmZGFubWFyay5ka1wvd3AtY29udGVudFwvdXBsb2Fkc1wvMjAyNVwvMTBcL0RldC1HcmFhLUZ5ci0zMDB4MzAwLTMud2VicCIsInNsaWRlc2hvdyI6IjQ2ZjYwNzE1In0%3D\">\n\t\t\t\t\t<div class=\"e-gallery-image elementor-gallery-item__image\" data-thumbnail=\"https:\/\/i0.wp.com\/toppenafdanmark.dk\/wp-content\/uploads\/2025\/10\/Det-Graa-Fyr-300x300-3.webp?fit=300%2C300&amp;ssl=1\" data-width=\"300\" data-height=\"300\" aria-label=\"\" role=\"img\" ><\/div>\n\t\t\t\t\t\t\t\t\t\t\t<div class=\"elementor-gallery-item__overlay\"><\/div>\n\t\t\t\t\t\t\t\t\t\t\t\t\t\t<\/a>\n\t\t\t\t\t\t\t<a class=\"e-gallery-item elementor-gallery-item elementor-animated-content\" href=\"https:\/\/i0.wp.com\/toppenafdanmark.dk\/wp-content\/uploads\/2025\/10\/Skagen-Graa-Fyr-300X300-4.webp?fit=300%2C300&#038;ssl=1\" data-elementor-open-lightbox=\"yes\" data-elementor-lightbox-slideshow=\"46f60715\" data-elementor-lightbox-title=\"Skagen Gr\u00e5 Fyr 300X300 4\" data-e-action-hash=\"#elementor-action%3Aaction%3Dlightbox%26settings%3DeyJpZCI6NjIzMywidXJsIjoiaHR0cHM6XC9cL3RvcHBlbmFmZGFubWFyay5ka1wvd3AtY29udGVudFwvdXBsb2Fkc1wvMjAyNVwvMTBcL1NrYWdlbi1HcmFhLUZ5ci0zMDBYMzAwLTQud2VicCIsInNsaWRlc2hvdyI6IjQ2ZjYwNzE1In0%3D\">\n\t\t\t\t\t<div class=\"e-gallery-image elementor-gallery-item__image\" data-thumbnail=\"https:\/\/i0.wp.com\/toppenafdanmark.dk\/wp-content\/uploads\/2025\/10\/Skagen-Graa-Fyr-300X300-4.webp?fit=300%2C300&amp;ssl=1\" data-width=\"300\" data-height=\"300\" aria-label=\"\" role=\"img\" ><\/div>\n\t\t\t\t\t\t\t\t\t\t\t<div class=\"elementor-gallery-item__overlay\"><\/div>\n\t\t\t\t\t\t\t\t\t\t\t\t\t\t<\/a>\n\t\t\t\t\t<\/div>\n\t\t\t\t\t<\/div>\n\t\t\t\t<\/div>\n\t\t\t\t\t<\/div>\n\t\t\t\t<\/div>\n\t\t\t\t<\/div>","protected":false},"excerpt":{"rendered":"<p>Det Gr\u00e5 Fyr Historie, t\u00e5rn og udsigt Det Gr\u00e5 Fyr i Skagen blev opf\u00f8rt i 1858 efter tegning af arkitekten N. S. Nebelong og erstattede det tidligere hvide fyr. Med [&hellip;]<\/p>\n","protected":false},"author":266444217,"featured_media":6230,"parent":0,"menu_order":0,"comment_status":"closed","ping_status":"closed","template":"","meta":{"_crdt_document":"","footnotes":""},"folder":[1390],"class_list":["post-6219","page","type-page","status-publish","has-post-thumbnail","hentry"],"jetpack_sharing_enabled":true,"jetpack_shortlink":"https:\/\/wp.me\/PgDlef-1Cj","_links":{"self":[{"href":"https:\/\/toppenafdanmark.dk\/en\/wp-json\/wp\/v2\/pages\/6219","targetHints":{"allow":["GET"]}}],"collection":[{"href":"https:\/\/toppenafdanmark.dk\/en\/wp-json\/wp\/v2\/pages"}],"about":[{"href":"https:\/\/toppenafdanmark.dk\/en\/wp-json\/wp\/v2\/types\/page"}],"author":[{"embeddable":true,"href":"https:\/\/toppenafdanmark.dk\/en\/wp-json\/wp\/v2\/users\/266444217"}],"replies":[{"embeddable":true,"href":"https:\/\/toppenafdanmark.dk\/en\/wp-json\/wp\/v2\/comments?post=6219"}],"version-history":[{"count":9,"href":"https:\/\/toppenafdanmark.dk\/en\/wp-json\/wp\/v2\/pages\/6219\/revisions"}],"predecessor-version":[{"id":6238,"href":"https:\/\/toppenafdanmark.dk\/en\/wp-json\/wp\/v2\/pages\/6219\/revisions\/6238"}],"wp:featuredmedia":[{"embeddable":true,"href":"https:\/\/toppenafdanmark.dk\/en\/wp-json\/wp\/v2\/media\/6230"}],"wp:attachment":[{"href":"https:\/\/toppenafdanmark.dk\/en\/wp-json\/wp\/v2\/media?parent=6219"}],"wp:term":[{"taxonomy":"folder","embeddable":true,"href":"https:\/\/toppenafdanmark.dk\/en\/wp-json\/wp\/v2\/folder?post=6219"}],"curies":[{"name":"wp","href":"https:\/\/api.w.org\/{rel}","templated":true}]}}