{"id":6734,"date":"2025-11-10T15:59:35","date_gmt":"2025-11-10T14:59:35","guid":{"rendered":"https:\/\/toppenafdanmark.dk\/?page_id=6734"},"modified":"2026-01-14T12:23:27","modified_gmt":"2026-01-14T11:23:27","slug":"skagen-handelsstandsforening","status":"publish","type":"page","link":"https:\/\/toppenafdanmark.dk\/en\/skagen-handelsstandsforening\/","title":{"rendered":"Skagen Handelsstandsforening"},"content":{"rendered":"<div data-elementor-type=\"wp-page\" data-elementor-id=\"6734\" class=\"elementor elementor-6734\" data-elementor-post-type=\"page\">\n\t\t\t\t<div class=\"elementor-element elementor-element-3d19fec5 e-con-full e-flex e-con e-parent\" data-id=\"3d19fec5\" data-element_type=\"container\" data-e-type=\"container\" data-settings=\"{&quot;background_background&quot;:&quot;classic&quot;}\">\n\t\t<div class=\"elementor-element elementor-element-6395f40c e-con-full elementor-hidden-mobile e-flex e-con e-child\" data-id=\"6395f40c\" data-element_type=\"container\" data-e-type=\"container\" data-settings=\"{&quot;background_background&quot;:&quot;classic&quot;}\">\n\t\t\t\t<\/div>\n\t\t<div class=\"elementor-element elementor-element-114a021e e-con-full e-flex e-con e-child\" data-id=\"114a021e\" data-element_type=\"container\" data-e-type=\"container\" data-settings=\"{&quot;background_background&quot;:&quot;classic&quot;}\">\n\t\t\t\t<\/div>\n\t\t<div class=\"elementor-element elementor-element-97e3cc5 e-con-full elementor-hidden-mobile e-flex e-con e-child\" data-id=\"97e3cc5\" data-element_type=\"container\" data-e-type=\"container\" data-settings=\"{&quot;background_background&quot;:&quot;classic&quot;}\">\n\t\t\t\t<\/div>\n\t\t\t\t<\/div>\n\t\t\t\t<section class=\"elementor-section elementor-top-section elementor-element elementor-element-48e52563 elementor-section-boxed elementor-section-height-default elementor-section-height-default\" data-id=\"48e52563\" data-element_type=\"section\" data-e-type=\"section\">\n\t\t\t\t\t\t<div class=\"elementor-container elementor-column-gap-no\">\n\t\t\t\t\t<div class=\"elementor-column elementor-col-100 elementor-top-column elementor-element elementor-element-10575c5b\" data-id=\"10575c5b\" data-element_type=\"column\" data-e-type=\"column\">\n\t\t\t<div class=\"elementor-widget-wrap elementor-element-populated\">\n\t\t\t\t\t\t<div class=\"elementor-element elementor-element-66b07698 elementor-widget elementor-widget-heading\" data-id=\"66b07698\" data-element_type=\"widget\" data-e-type=\"widget\" data-widget_type=\"heading.default\">\n\t\t\t\t<div class=\"elementor-widget-container\">\n\t\t\t\t\t<h2 class=\"elementor-heading-title elementor-size-default\">Skagen Handelsstandsforening<\/h2>\t\t\t\t<\/div>\n\t\t\t\t<\/div>\n\t\t\t\t<div class=\"elementor-element elementor-element-2a449aa6 elementor-widget-divider--view-line elementor-widget elementor-widget-divider\" data-id=\"2a449aa6\" data-element_type=\"widget\" data-e-type=\"widget\" data-widget_type=\"divider.default\">\n\t\t\t\t<div class=\"elementor-widget-container\">\n\t\t\t\t\t\t\t<div class=\"elementor-divider\">\n\t\t\t<span class=\"elementor-divider-separator\">\n\t\t\t\t\t\t<\/span>\n\t\t<\/div>\n\t\t\t\t\t\t<\/div>\n\t\t\t\t<\/div>\n\t\t\t\t<div class=\"elementor-element elementor-element-7fdeec2c elementor-widget elementor-widget-text-editor\" data-id=\"7fdeec2c\" data-element_type=\"widget\" data-e-type=\"widget\" data-widget_type=\"text-editor.default\">\n\t\t\t\t<div class=\"elementor-widget-container\">\n\t\t\t\t\t\t\t\t\t<h3 data-start=\"76\" data-end=\"95\">Forenet handel og liv i bymidten<\/h3><p data-start=\"96\" data-end=\"589\">Skagen Handelsstandsforening er den lokale erhvervs- og handelsforening, som samler butikker, specialforretninger og handelsdrivende i Skagen med det overordnede m\u00e5l at styrke byens handelsliv, fremme f\u00e6llesskabet blandt medlemmerne og skabe attraktive handelsmilj\u00f8er. Foreningen varetager butikkernes interesser \u2013 b\u00e5de i forhold til bymilj\u00f8, \u00e5bningstider og samarbejde \u2013 og arrangerer gennem \u00e5ret en r\u00e6kke events og kampagner, der bringer liv i bymidten.<\/p><h5 data-start=\"591\" data-end=\"609\">Hvad g\u00f8r vi?<\/h5><ul data-start=\"610\" data-end=\"1273\"><li data-start=\"610\" data-end=\"815\"><p data-start=\"612\" data-end=\"815\">Vi organiserer events for at tiltr\u00e6kke b\u00e5de lokale og bes\u00f8gende \u2013 fx sommer-\u201cOpen By Night\u201d med ekstra \u00e5bne butikker, musik, aktiviteter og stemning i byens gader.\u00a0<\/p><\/li><li data-start=\"816\" data-end=\"1048\"><p data-start=\"818\" data-end=\"1048\">Vi koordinerer \u00e5bningstider, kampagner og medlemsfordele, s\u00e5 handel i Skagen bliver synlig og attraktiv. Foreningens anbefalede \u00e5bningstider er offentliggjort som vejledende for medlemmerne.\u00a0<\/p><\/li><li data-start=\"1049\" data-end=\"1273\"><p data-start=\"1051\" data-end=\"1273\">Vi taler butiks\u2013 og bylivets sag overfor kommunen og andre samarbejdspartnere \u2013 fx om renholdelse, byudvikling og belysning. Med medlemsfremgang styrkes foreningens gennemslagskraft.\u00a0<\/p><\/li><\/ul><h5 data-start=\"1275\" data-end=\"1302\">Hvorfor blive medlem?<\/h5><p data-start=\"1303\" data-end=\"1612\">Som medlem af Skagen Handelsstandsforening bliver du del af byens handelsnetv\u00e6rk \u2013 du f\u00e5r adgang til kampagner, f\u00e6lles markedsf\u00f8ring, samarbejder og sparring med kolleger i lokalomr\u00e5det. Derudover f\u00e5r du medbestemmelse i f\u00e6lles aktiviteter og medvirker til at g\u00f8re Skagen til et endnu st\u00e6rkere handelssted.<\/p>\t\t\t\t\t\t\t\t<\/div>\n\t\t\t\t<\/div>\n\t\t\t\t<section class=\"elementor-section elementor-inner-section elementor-element elementor-element-76d7e8e7 elementor-section-boxed elementor-section-height-default elementor-section-height-default\" data-id=\"76d7e8e7\" data-element_type=\"section\" data-e-type=\"section\">\n\t\t\t\t\t\t<div class=\"elementor-container elementor-column-gap-no\">\n\t\t\t\t\t<div class=\"elementor-column elementor-col-50 elementor-inner-column elementor-element elementor-element-efca3c8\" data-id=\"efca3c8\" data-element_type=\"column\" data-e-type=\"column\">\n\t\t\t<div class=\"elementor-widget-wrap elementor-element-populated\">\n\t\t\t\t\t\t<div class=\"elementor-element elementor-element-dc71f5b elementor-widget elementor-widget-image\" data-id=\"dc71f5b\" data-element_type=\"widget\" data-e-type=\"widget\" data-widget_type=\"image.default\">\n\t\t\t\t<div class=\"elementor-widget-container\">\n\t\t\t\t\t\t\t\t\t\t\t\t\t\t\t<img fetchpriority=\"high\" decoding=\"async\" data-attachment-id=\"6745\" data-permalink=\"https:\/\/toppenafdanmark.dk\/en\/skagen-handelsstandsforening\/skagen-handel-18-1024x1024\/\" data-orig-file=\"https:\/\/i0.wp.com\/toppenafdanmark.dk\/wp-content\/uploads\/2025\/11\/Skagen-Handel-18-1024x1024-1.jpg?fit=1024%2C1024&amp;ssl=1\" data-orig-size=\"1024,1024\" data-comments-opened=\"0\" data-image-meta=\"{&quot;aperture&quot;:&quot;2.8&quot;,&quot;credit&quot;:&quot;&quot;,&quot;camera&quot;:&quot;Canon EOS R5&quot;,&quot;caption&quot;:&quot;&quot;,&quot;created_timestamp&quot;:&quot;1694341004&quot;,&quot;copyright&quot;:&quot;&quot;,&quot;focal_length&quot;:&quot;50&quot;,&quot;iso&quot;:&quot;800&quot;,&quot;shutter_speed&quot;:&quot;0.0015625&quot;,&quot;title&quot;:&quot;&quot;,&quot;orientation&quot;:&quot;1&quot;}\" data-image-title=\"Skagen Handel 18 1024&amp;#215;1024\" data-image-description=\"\" data-image-caption=\"\" data-large-file=\"https:\/\/i0.wp.com\/toppenafdanmark.dk\/wp-content\/uploads\/2025\/11\/Skagen-Handel-18-1024x1024-1.jpg?fit=800%2C800&amp;ssl=1\" width=\"800\" height=\"800\" src=\"https:\/\/i0.wp.com\/toppenafdanmark.dk\/wp-content\/uploads\/2025\/11\/Skagen-Handel-18-1024x1024-1.jpg?fit=800%2C800&amp;ssl=1\" class=\"attachment-large size-large wp-image-6745\" alt=\"\" srcset=\"https:\/\/i0.wp.com\/toppenafdanmark.dk\/wp-content\/uploads\/2025\/11\/Skagen-Handel-18-1024x1024-1.jpg?w=1024&amp;ssl=1 1024w, https:\/\/i0.wp.com\/toppenafdanmark.dk\/wp-content\/uploads\/2025\/11\/Skagen-Handel-18-1024x1024-1.jpg?resize=300%2C300&amp;ssl=1 300w, https:\/\/i0.wp.com\/toppenafdanmark.dk\/wp-content\/uploads\/2025\/11\/Skagen-Handel-18-1024x1024-1.jpg?resize=150%2C150&amp;ssl=1 150w, https:\/\/i0.wp.com\/toppenafdanmark.dk\/wp-content\/uploads\/2025\/11\/Skagen-Handel-18-1024x1024-1.jpg?resize=768%2C768&amp;ssl=1 768w, https:\/\/i0.wp.com\/toppenafdanmark.dk\/wp-content\/uploads\/2025\/11\/Skagen-Handel-18-1024x1024-1.jpg?resize=12%2C12&amp;ssl=1 12w\" sizes=\"(max-width: 800px) 100vw, 800px\" \/>\t\t\t\t\t\t\t\t\t\t\t\t\t\t\t<\/div>\n\t\t\t\t<\/div>\n\t\t\t\t\t<\/div>\n\t\t<\/div>\n\t\t\t\t<div class=\"elementor-column elementor-col-50 elementor-inner-column elementor-element elementor-element-7146b01b\" data-id=\"7146b01b\" data-element_type=\"column\" data-e-type=\"column\">\n\t\t\t<div class=\"elementor-widget-wrap elementor-element-populated\">\n\t\t\t\t\t\t<div class=\"elementor-element elementor-element-75f459e5 elementor-widget elementor-widget-image\" data-id=\"75f459e5\" data-element_type=\"widget\" data-e-type=\"widget\" data-widget_type=\"image.default\">\n\t\t\t\t<div class=\"elementor-widget-container\">\n\t\t\t\t\t\t\t\t\t\t\t\t\t\t\t<img decoding=\"async\" data-attachment-id=\"6744\" data-permalink=\"https:\/\/toppenafdanmark.dk\/en\/skagen-handelsstandsforening\/skagen-handel-17-1024x1024\/\" data-orig-file=\"https:\/\/i0.wp.com\/toppenafdanmark.dk\/wp-content\/uploads\/2025\/11\/Skagen-Handel-17-1024x1024-1.jpg?fit=1024%2C1024&amp;ssl=1\" data-orig-size=\"1024,1024\" data-comments-opened=\"0\" data-image-meta=\"{&quot;aperture&quot;:&quot;5.6&quot;,&quot;credit&quot;:&quot;&quot;,&quot;camera&quot;:&quot;ILCE-7RM2&quot;,&quot;caption&quot;:&quot;&quot;,&quot;created_timestamp&quot;:&quot;1626968888&quot;,&quot;copyright&quot;:&quot;&quot;,&quot;focal_length&quot;:&quot;38&quot;,&quot;iso&quot;:&quot;100&quot;,&quot;shutter_speed&quot;:&quot;0.003125&quot;,&quot;title&quot;:&quot;&quot;,&quot;orientation&quot;:&quot;1&quot;}\" data-image-title=\"Skagen Handel 17 1024&amp;#215;1024\" data-image-description=\"\" data-image-caption=\"\" data-large-file=\"https:\/\/i0.wp.com\/toppenafdanmark.dk\/wp-content\/uploads\/2025\/11\/Skagen-Handel-17-1024x1024-1.jpg?fit=800%2C800&amp;ssl=1\" width=\"800\" height=\"800\" src=\"https:\/\/i0.wp.com\/toppenafdanmark.dk\/wp-content\/uploads\/2025\/11\/Skagen-Handel-17-1024x1024-1.jpg?fit=800%2C800&amp;ssl=1\" class=\"attachment-large size-large wp-image-6744\" alt=\"\" srcset=\"https:\/\/i0.wp.com\/toppenafdanmark.dk\/wp-content\/uploads\/2025\/11\/Skagen-Handel-17-1024x1024-1.jpg?w=1024&amp;ssl=1 1024w, https:\/\/i0.wp.com\/toppenafdanmark.dk\/wp-content\/uploads\/2025\/11\/Skagen-Handel-17-1024x1024-1.jpg?resize=300%2C300&amp;ssl=1 300w, https:\/\/i0.wp.com\/toppenafdanmark.dk\/wp-content\/uploads\/2025\/11\/Skagen-Handel-17-1024x1024-1.jpg?resize=150%2C150&amp;ssl=1 150w, https:\/\/i0.wp.com\/toppenafdanmark.dk\/wp-content\/uploads\/2025\/11\/Skagen-Handel-17-1024x1024-1.jpg?resize=768%2C768&amp;ssl=1 768w, https:\/\/i0.wp.com\/toppenafdanmark.dk\/wp-content\/uploads\/2025\/11\/Skagen-Handel-17-1024x1024-1.jpg?resize=12%2C12&amp;ssl=1 12w\" sizes=\"(max-width: 800px) 100vw, 800px\" \/>\t\t\t\t\t\t\t\t\t\t\t\t\t\t\t<\/div>\n\t\t\t\t<\/div>\n\t\t\t\t\t<\/div>\n\t\t<\/div>\n\t\t\t\t\t<\/div>\n\t\t<\/section>\n\t\t\t\t<div class=\"elementor-element elementor-element-3109e1f5 elementor-widget elementor-widget-text-editor\" data-id=\"3109e1f5\" data-element_type=\"widget\" data-e-type=\"widget\" data-widget_type=\"text-editor.default\">\n\t\t\t\t<div class=\"elementor-widget-container\">\n\t\t\t\t\t\t\t\t\t<h4>For dig der bes\u00f8ger Skagen<\/h4><p data-start=\"1642\" data-end=\"1935\">N\u00e5r du er i Skagen som g\u00e6st, s\u00e5 kan\u00a0 du gl\u00e6de dig til at opleve en by med et aktivt handelsliv \u2013 med butikker der har \u00e5bent l\u00e6ngere p\u00e5 aftener med specielle events, god service og en hyggelig bymidte.<\/p><p data-start=\"1642\" data-end=\"1935\">Handelsstandsforeningen arbejder for at skabe netop den stemning og det liv, der g\u00f8r det v\u00e6rd at tage en tur til Skagen.<\/p><p data-start=\"1642\" data-end=\"1935\">Kom til Skagen &#8211; g\u00f8r en god handel i en af byens mange sp\u00e6ndende butikker &#8211; udvalget er stort, priserne appellerer til alle og du tager hjem fra Skagen med en dejlig oplevelse i bagagen.<\/p>\t\t\t\t\t\t\t\t<\/div>\n\t\t\t\t<\/div>\n\t\t\t\t<div class=\"elementor-element elementor-element-208dad1c elementor-widget-divider--view-line elementor-widget elementor-widget-divider\" data-id=\"208dad1c\" data-element_type=\"widget\" data-e-type=\"widget\" data-widget_type=\"divider.default\">\n\t\t\t\t<div class=\"elementor-widget-container\">\n\t\t\t\t\t\t\t<div class=\"elementor-divider\">\n\t\t\t<span class=\"elementor-divider-separator\">\n\t\t\t\t\t\t<\/span>\n\t\t<\/div>\n\t\t\t\t\t\t<\/div>\n\t\t\t\t<\/div>\n\t\t\t\t<div class=\"elementor-element elementor-element-71c471fd elementor-widget elementor-widget-text-editor\" data-id=\"71c471fd\" data-element_type=\"widget\" data-e-type=\"widget\" data-widget_type=\"text-editor.default\">\n\t\t\t\t<div class=\"elementor-widget-container\">\n\t\t\t\t\t\t\t\t\t<p>Skagen Handelsstandsforening | Sct. Laurentii Vej 63 C | 9990 Skagen |<a href=\"https:\/\/www.skagenhandel.dk\/\" target=\"_blank\" rel=\"noopener\"> www.skagenhandel.dk\/<\/a><\/p>\t\t\t\t\t\t\t\t<\/div>\n\t\t\t\t<\/div>\n\t\t\t\t\t<\/div>\n\t\t<\/div>\n\t\t\t\t\t<\/div>\n\t\t<\/section>\n\t\t<div class=\"elementor-element elementor-element-c0386b9 e-flex e-con-boxed e-con e-parent\" data-id=\"c0386b9\" data-element_type=\"container\" data-e-type=\"container\">\n\t\t\t\t\t<div class=\"e-con-inner\">\n\t\t\t\t<div class=\"elementor-element elementor-element-7deee14 elementor-widget elementor-widget-gallery\" data-id=\"7deee14\" data-element_type=\"widget\" data-e-type=\"widget\" data-settings=\"{&quot;aspect_ratio&quot;:&quot;1:1&quot;,&quot;lazyload&quot;:&quot;yes&quot;,&quot;gallery_layout&quot;:&quot;grid&quot;,&quot;columns&quot;:4,&quot;columns_tablet&quot;:2,&quot;columns_mobile&quot;:1,&quot;gap&quot;:{&quot;unit&quot;:&quot;px&quot;,&quot;size&quot;:10,&quot;sizes&quot;:[]},&quot;gap_tablet&quot;:{&quot;unit&quot;:&quot;px&quot;,&quot;size&quot;:10,&quot;sizes&quot;:[]},&quot;gap_mobile&quot;:{&quot;unit&quot;:&quot;px&quot;,&quot;size&quot;:10,&quot;sizes&quot;:[]},&quot;link_to&quot;:&quot;file&quot;,&quot;overlay_background&quot;:&quot;yes&quot;,&quot;content_hover_animation&quot;:&quot;fade-in&quot;}\" data-widget_type=\"gallery.default\">\n\t\t\t\t<div class=\"elementor-widget-container\">\n\t\t\t\t\t\t\t<div class=\"elementor-gallery__container\">\n\t\t\t\t\t\t\t<a class=\"e-gallery-item elementor-gallery-item elementor-animated-content\" href=\"https:\/\/i0.wp.com\/toppenafdanmark.dk\/wp-content\/uploads\/2026\/01\/Skagen-Handel-aktivitet-300x300-1.jpg?fit=300%2C300&#038;ssl=1\" data-elementor-open-lightbox=\"yes\" data-elementor-lightbox-slideshow=\"7deee14\" data-elementor-lightbox-title=\"Skagen Handel aktivitet 300x300\" data-e-action-hash=\"#elementor-action%3Aaction%3Dlightbox%26settings%3DeyJpZCI6ODA5MSwidXJsIjoiaHR0cHM6XC9cL3RvcHBlbmFmZGFubWFyay5ka1wvd3AtY29udGVudFwvdXBsb2Fkc1wvMjAyNlwvMDFcL1NrYWdlbi1IYW5kZWwtYWt0aXZpdGV0LTMwMHgzMDAtMS5qcGciLCJzbGlkZXNob3ciOiI3ZGVlZTE0In0%3D\">\n\t\t\t\t\t<div class=\"e-gallery-image elementor-gallery-item__image\" data-thumbnail=\"https:\/\/i0.wp.com\/toppenafdanmark.dk\/wp-content\/uploads\/2026\/01\/Skagen-Handel-aktivitet-300x300-1.jpg?fit=300%2C300&amp;ssl=1\" data-width=\"300\" data-height=\"300\" aria-label=\"\" role=\"img\" ><\/div>\n\t\t\t\t\t\t\t\t\t\t\t<div class=\"elementor-gallery-item__overlay\"><\/div>\n\t\t\t\t\t\t\t\t\t\t\t\t\t\t<\/a>\n\t\t\t\t\t\t\t<a class=\"e-gallery-item elementor-gallery-item elementor-animated-content\" href=\"https:\/\/i0.wp.com\/toppenafdanmark.dk\/wp-content\/uploads\/2025\/11\/Skagen-Handel-15-300x300-1.jpg?fit=300%2C300&#038;ssl=1\" data-elementor-open-lightbox=\"yes\" data-elementor-lightbox-slideshow=\"7deee14\" data-elementor-lightbox-title=\"Skagen Handel 15 300x300\" data-e-action-hash=\"#elementor-action%3Aaction%3Dlightbox%26settings%3DeyJpZCI6Njc1OSwidXJsIjoiaHR0cHM6XC9cL3RvcHBlbmFmZGFubWFyay5ka1wvd3AtY29udGVudFwvdXBsb2Fkc1wvMjAyNVwvMTFcL1NrYWdlbi1IYW5kZWwtMTUtMzAweDMwMC0xLmpwZyIsInNsaWRlc2hvdyI6IjdkZWVlMTQifQ%3D%3D\">\n\t\t\t\t\t<div class=\"e-gallery-image elementor-gallery-item__image\" data-thumbnail=\"https:\/\/i0.wp.com\/toppenafdanmark.dk\/wp-content\/uploads\/2025\/11\/Skagen-Handel-15-300x300-1.jpg?fit=300%2C300&amp;ssl=1\" data-width=\"300\" data-height=\"300\" aria-label=\"\" role=\"img\" ><\/div>\n\t\t\t\t\t\t\t\t\t\t\t<div class=\"elementor-gallery-item__overlay\"><\/div>\n\t\t\t\t\t\t\t\t\t\t\t\t\t\t<\/a>\n\t\t\t\t\t\t\t<a class=\"e-gallery-item elementor-gallery-item elementor-animated-content\" href=\"https:\/\/i0.wp.com\/toppenafdanmark.dk\/wp-content\/uploads\/2025\/11\/Skagen-Handel-13-300x300-1.jpg?fit=300%2C300&#038;ssl=1\" data-elementor-open-lightbox=\"yes\" data-elementor-lightbox-slideshow=\"7deee14\" data-elementor-lightbox-title=\"Skagen Handel 13 300x300\" data-e-action-hash=\"#elementor-action%3Aaction%3Dlightbox%26settings%3DeyJpZCI6Njc1NywidXJsIjoiaHR0cHM6XC9cL3RvcHBlbmFmZGFubWFyay5ka1wvd3AtY29udGVudFwvdXBsb2Fkc1wvMjAyNVwvMTFcL1NrYWdlbi1IYW5kZWwtMTMtMzAweDMwMC0xLmpwZyIsInNsaWRlc2hvdyI6IjdkZWVlMTQifQ%3D%3D\">\n\t\t\t\t\t<div class=\"e-gallery-image elementor-gallery-item__image\" data-thumbnail=\"https:\/\/i0.wp.com\/toppenafdanmark.dk\/wp-content\/uploads\/2025\/11\/Skagen-Handel-13-300x300-1.jpg?fit=300%2C300&amp;ssl=1\" data-width=\"300\" data-height=\"300\" aria-label=\"\" role=\"img\" ><\/div>\n\t\t\t\t\t\t\t\t\t\t\t<div class=\"elementor-gallery-item__overlay\"><\/div>\n\t\t\t\t\t\t\t\t\t\t\t\t\t\t<\/a>\n\t\t\t\t\t\t\t<a class=\"e-gallery-item elementor-gallery-item elementor-animated-content\" href=\"https:\/\/i0.wp.com\/toppenafdanmark.dk\/wp-content\/uploads\/2025\/11\/Skagen-Handel-11-300x300-1.jpg?fit=300%2C300&#038;ssl=1\" data-elementor-open-lightbox=\"yes\" data-elementor-lightbox-slideshow=\"7deee14\" data-elementor-lightbox-title=\"Skagen Handel 11 300x300\" data-e-action-hash=\"#elementor-action%3Aaction%3Dlightbox%26settings%3DeyJpZCI6Njc1NiwidXJsIjoiaHR0cHM6XC9cL3RvcHBlbmFmZGFubWFyay5ka1wvd3AtY29udGVudFwvdXBsb2Fkc1wvMjAyNVwvMTFcL1NrYWdlbi1IYW5kZWwtMTEtMzAweDMwMC0xLmpwZyIsInNsaWRlc2hvdyI6IjdkZWVlMTQifQ%3D%3D\">\n\t\t\t\t\t<div class=\"e-gallery-image elementor-gallery-item__image\" data-thumbnail=\"https:\/\/i0.wp.com\/toppenafdanmark.dk\/wp-content\/uploads\/2025\/11\/Skagen-Handel-11-300x300-1.jpg?fit=300%2C300&amp;ssl=1\" data-width=\"300\" data-height=\"300\" aria-label=\"\" role=\"img\" ><\/div>\n\t\t\t\t\t\t\t\t\t\t\t<div class=\"elementor-gallery-item__overlay\"><\/div>\n\t\t\t\t\t\t\t\t\t\t\t\t\t\t<\/a>\n\t\t\t\t\t\t\t<a class=\"e-gallery-item elementor-gallery-item elementor-animated-content\" href=\"https:\/\/i0.wp.com\/toppenafdanmark.dk\/wp-content\/uploads\/2026\/01\/Skagen-Handel-jul-for-boern-300x300-1.jpg?fit=300%2C300&#038;ssl=1\" data-elementor-open-lightbox=\"yes\" data-elementor-lightbox-slideshow=\"7deee14\" data-elementor-lightbox-title=\"Skagen Handel jul for b\u00f8rn 300x300\" data-e-action-hash=\"#elementor-action%3Aaction%3Dlightbox%26settings%3DeyJpZCI6ODA5MiwidXJsIjoiaHR0cHM6XC9cL3RvcHBlbmFmZGFubWFyay5ka1wvd3AtY29udGVudFwvdXBsb2Fkc1wvMjAyNlwvMDFcL1NrYWdlbi1IYW5kZWwtanVsLWZvci1ib2Vybi0zMDB4MzAwLTEuanBnIiwic2xpZGVzaG93IjoiN2RlZWUxNCJ9\">\n\t\t\t\t\t<div class=\"e-gallery-image elementor-gallery-item__image\" data-thumbnail=\"https:\/\/i0.wp.com\/toppenafdanmark.dk\/wp-content\/uploads\/2026\/01\/Skagen-Handel-jul-for-boern-300x300-1.jpg?fit=300%2C300&amp;ssl=1\" data-width=\"300\" data-height=\"300\" aria-label=\"\" role=\"img\" ><\/div>\n\t\t\t\t\t\t\t\t\t\t\t<div class=\"elementor-gallery-item__overlay\"><\/div>\n\t\t\t\t\t\t\t\t\t\t\t\t\t\t<\/a>\n\t\t\t\t\t\t\t<a class=\"e-gallery-item elementor-gallery-item elementor-animated-content\" href=\"https:\/\/i0.wp.com\/toppenafdanmark.dk\/wp-content\/uploads\/2025\/11\/Skagen-Handel-4-300x300-1.jpg?fit=300%2C300&#038;ssl=1\" data-elementor-open-lightbox=\"yes\" data-elementor-lightbox-slideshow=\"7deee14\" data-elementor-lightbox-title=\"Skagen Handel 4 300x300\" data-e-action-hash=\"#elementor-action%3Aaction%3Dlightbox%26settings%3DeyJpZCI6Njc1NSwidXJsIjoiaHR0cHM6XC9cL3RvcHBlbmFmZGFubWFyay5ka1wvd3AtY29udGVudFwvdXBsb2Fkc1wvMjAyNVwvMTFcL1NrYWdlbi1IYW5kZWwtNC0zMDB4MzAwLTEuanBnIiwic2xpZGVzaG93IjoiN2RlZWUxNCJ9\">\n\t\t\t\t\t<div class=\"e-gallery-image elementor-gallery-item__image\" data-thumbnail=\"https:\/\/i0.wp.com\/toppenafdanmark.dk\/wp-content\/uploads\/2025\/11\/Skagen-Handel-4-300x300-1.jpg?fit=300%2C300&amp;ssl=1\" data-width=\"300\" data-height=\"300\" aria-label=\"\" role=\"img\" ><\/div>\n\t\t\t\t\t\t\t\t\t\t\t<div class=\"elementor-gallery-item__overlay\"><\/div>\n\t\t\t\t\t\t\t\t\t\t\t\t\t\t<\/a>\n\t\t\t\t\t\t\t<a class=\"e-gallery-item elementor-gallery-item elementor-animated-content\" href=\"https:\/\/i0.wp.com\/toppenafdanmark.dk\/wp-content\/uploads\/2025\/11\/Skagen-Handel-2-300x300-2.jpg?fit=300%2C300&#038;ssl=1\" data-elementor-open-lightbox=\"yes\" data-elementor-lightbox-slideshow=\"7deee14\" data-elementor-lightbox-title=\"Skagen Handel 2 300x300\" data-e-action-hash=\"#elementor-action%3Aaction%3Dlightbox%26settings%3DeyJpZCI6Njc1NCwidXJsIjoiaHR0cHM6XC9cL3RvcHBlbmFmZGFubWFyay5ka1wvd3AtY29udGVudFwvdXBsb2Fkc1wvMjAyNVwvMTFcL1NrYWdlbi1IYW5kZWwtMi0zMDB4MzAwLTIuanBnIiwic2xpZGVzaG93IjoiN2RlZWUxNCJ9\">\n\t\t\t\t\t<div class=\"e-gallery-image elementor-gallery-item__image\" data-thumbnail=\"https:\/\/i0.wp.com\/toppenafdanmark.dk\/wp-content\/uploads\/2025\/11\/Skagen-Handel-2-300x300-2.jpg?fit=300%2C300&amp;ssl=1\" data-width=\"300\" data-height=\"300\" aria-label=\"\" role=\"img\" ><\/div>\n\t\t\t\t\t\t\t\t\t\t\t<div class=\"elementor-gallery-item__overlay\"><\/div>\n\t\t\t\t\t\t\t\t\t\t\t\t\t\t<\/a>\n\t\t\t\t\t\t\t<a class=\"e-gallery-item elementor-gallery-item elementor-animated-content\" href=\"https:\/\/i0.wp.com\/toppenafdanmark.dk\/wp-content\/uploads\/2025\/11\/Skagen-Handel-14-300x300-1.jpg?fit=300%2C300&#038;ssl=1\" data-elementor-open-lightbox=\"yes\" data-elementor-lightbox-slideshow=\"7deee14\" data-elementor-lightbox-title=\"Skagen Handel 14 300x300\" data-e-action-hash=\"#elementor-action%3Aaction%3Dlightbox%26settings%3DeyJpZCI6Njc1OCwidXJsIjoiaHR0cHM6XC9cL3RvcHBlbmFmZGFubWFyay5ka1wvd3AtY29udGVudFwvdXBsb2Fkc1wvMjAyNVwvMTFcL1NrYWdlbi1IYW5kZWwtMTQtMzAweDMwMC0xLmpwZyIsInNsaWRlc2hvdyI6IjdkZWVlMTQifQ%3D%3D\">\n\t\t\t\t\t<div class=\"e-gallery-image elementor-gallery-item__image\" data-thumbnail=\"https:\/\/i0.wp.com\/toppenafdanmark.dk\/wp-content\/uploads\/2025\/11\/Skagen-Handel-14-300x300-1.jpg?fit=300%2C300&amp;ssl=1\" data-width=\"300\" data-height=\"300\" aria-label=\"\" role=\"img\" ><\/div>\n\t\t\t\t\t\t\t\t\t\t\t<div class=\"elementor-gallery-item__overlay\"><\/div>\n\t\t\t\t\t\t\t\t\t\t\t\t\t\t<\/a>\n\t\t\t\t\t<\/div>\n\t\t\t\t\t<\/div>\n\t\t\t\t<\/div>\n\t\t\t\t\t<\/div>\n\t\t\t\t<\/div>\n\t\t\t\t<\/div>","protected":false},"excerpt":{"rendered":"<p>Skagen Handelsstandsforening Forenet handel og liv i bymidten Skagen Handelsstandsforening er den lokale erhvervs- og handelsforening, som samler butikker, specialforretninger og handelsdrivende i Skagen med det overordnede m\u00e5l at styrke [&hellip;]<\/p>\n","protected":false},"author":266444216,"featured_media":6735,"parent":0,"menu_order":0,"comment_status":"closed","ping_status":"closed","template":"","meta":{"_crdt_document":"","footnotes":""},"folder":[1385],"class_list":["post-6734","page","type-page","status-publish","has-post-thumbnail","hentry"],"jetpack_sharing_enabled":true,"jetpack_shortlink":"https:\/\/wp.me\/PgDlef-1KC","_links":{"self":[{"href":"https:\/\/toppenafdanmark.dk\/en\/wp-json\/wp\/v2\/pages\/6734","targetHints":{"allow":["GET"]}}],"collection":[{"href":"https:\/\/toppenafdanmark.dk\/en\/wp-json\/wp\/v2\/pages"}],"about":[{"href":"https:\/\/toppenafdanmark.dk\/en\/wp-json\/wp\/v2\/types\/page"}],"author":[{"embeddable":true,"href":"https:\/\/toppenafdanmark.dk\/en\/wp-json\/wp\/v2\/users\/266444216"}],"replies":[{"embeddable":true,"href":"https:\/\/toppenafdanmark.dk\/en\/wp-json\/wp\/v2\/comments?post=6734"}],"version-history":[{"count":50,"href":"https:\/\/toppenafdanmark.dk\/en\/wp-json\/wp\/v2\/pages\/6734\/revisions"}],"predecessor-version":[{"id":8095,"href":"https:\/\/toppenafdanmark.dk\/en\/wp-json\/wp\/v2\/pages\/6734\/revisions\/8095"}],"wp:featuredmedia":[{"embeddable":true,"href":"https:\/\/toppenafdanmark.dk\/en\/wp-json\/wp\/v2\/media\/6735"}],"wp:attachment":[{"href":"https:\/\/toppenafdanmark.dk\/en\/wp-json\/wp\/v2\/media?parent=6734"}],"wp:term":[{"taxonomy":"folder","embeddable":true,"href":"https:\/\/toppenafdanmark.dk\/en\/wp-json\/wp\/v2\/folder?post=6734"}],"curies":[{"name":"wp","href":"https:\/\/api.w.org\/{rel}","templated":true}]}}